{"id":6724,"date":"2024-05-16T19:22:12","date_gmt":"2024-05-16T22:22:12","guid":{"rendered":"https:\/\/storagecompat.com\/uy\/?post_type=product&#038;p=6724"},"modified":"2024-05-16T19:23:10","modified_gmt":"2024-05-16T22:23:10","slug":"armarios-porta-pc-fas160100","status":"publish","type":"product","link":"https:\/\/storagecompat.com\/uy\/producto\/armarios-porta-pc-fas160100\/","title":{"rendered":"Armarios Porta PC FAS160100"},"content":{"rendered":"<table style=\"border-collapse: collapse;width: 100%;border-color: #000000;border-style: solid\" border=\"1\">\n<tbody>\n<tr style=\"background-color: #e6e6e6\">\n<td style=\"width: 48.0458%;text-align: center\"><span style=\"color: #000000\"><strong>C\u00f3digo<\/strong><\/span><\/td>\n<td style=\"width: 48.0458%;text-align: center\"><span style=\"color: #000000\"><strong>Dimensiones en cm<\/strong><\/span><\/td>\n<\/tr>\n<tr>\n<td style=\"width: 48.0458%;text-align: center\"><strong>FAS160100<\/strong><\/td>\n<td style=\"width: 48.0458%;text-align: center\">71.7 x 63.5 x 156 h<\/td>\n<\/tr>\n<\/tbody>\n<\/table>\n<p>&nbsp;<\/p>\n<table style=\"border-collapse: collapse;width: 100%;border-color: #000000;border-style: solid;margin-left: auto;margin-right: auto\" border=\"1\">\n<tbody>\n<tr style=\"background-color: #e6e6e6\">\n<td style=\"width: 49.9479%;text-align: center\"><span style=\"color: #000000\"><strong>Caracter\u00edsticas T\u00e9cnicas<\/strong><\/span><\/td>\n<td style=\"width: 49.9479%;text-align: center\"><span style=\"color: #000000\"><strong>Qty<\/strong><\/span><\/td>\n<\/tr>\n<tr>\n<td style=\"width: 49.9479%;text-align: center\">Armario met\u00e1lico<\/td>\n<td style=\"width: 49.9479%;text-align: center\">1<\/td>\n<\/tr>\n<tr>\n<td style=\"width: 49.9479%;text-align: center\">Manija para armario por ta PC<\/td>\n<td style=\"width: 49.9479%;text-align: center\">1<\/td>\n<\/tr>\n<tr>\n<td style=\"width: 49.9479%;text-align: center\">Puerta batiente transparente con marco met\u00e1lico y ventana de policarbonato de alto impacto transparente Anti reflejo 21\u201d.<\/td>\n<td style=\"width: 49.9479%;text-align: center\">`1<\/td>\n<\/tr>\n<tr>\n<td style=\"width: 49.9479%;text-align: center\">Cerradura a cilindro de enganche lateral en la puerta superior.<\/td>\n<td style=\"width: 49.9479%;text-align: center\">1<\/td>\n<\/tr>\n<tr>\n<td style=\"width: 49.9479%;text-align: center\">Puerta de abertura horizontal para el teclado con manija tipo medialuna y cerradura a cilindro de enganche lateral. y sistema de abertura simultanea para puertas inferiores<\/td>\n<td style=\"width: 49.9479%;text-align: center\">1<\/td>\n<\/tr>\n<tr>\n<td style=\"width: 49.9479%;text-align: center\">Puertas batientes met\u00e1licas.<\/td>\n<td style=\"width: 49.9479%;text-align: center\">2<\/td>\n<\/tr>\n<tr>\n<td style=\"width: 49.9479%;text-align: center\">Plano regulable en altura FAS2040 (Dim. 688 x 591 x 38h mm.) Cap. de carga 100 Kg.<\/td>\n<td style=\"width: 49.9479%;text-align: center\">1<\/td>\n<\/tr>\n<tr>\n<td style=\"width: 49.9479%;text-align: center\">Plano de extracci\u00f3n simple para teclado y mouse.<\/td>\n<td style=\"width: 49.9479%;text-align: center\">1<\/td>\n<\/tr>\n<tr>\n<td style=\"width: 49.9479%;text-align: center\">Par de guias telesc\u00f3picas de 40cm (Para plano extra\u00edble).<\/td>\n<td style=\"width: 49.9479%;text-align: center\">1<\/td>\n<\/tr>\n<tr>\n<td style=\"width: 49.9479%;text-align: center\">Sistema para filtrado de aire, compuesto de: Turbina de extracci\u00f3n, rejilla met\u00e1lica para cooler, rejilla de pl\u00e1stico para filtro.<\/td>\n<td style=\"width: 49.9479%;text-align: center\">&#8211;<\/td>\n<\/tr>\n<tr>\n<td style=\"width: 49.9479%;text-align: center\">Tomacorriente m\u00faltiple (5 tomas) con cable.<\/td>\n<td style=\"width: 49.9479%;text-align: center\">1<\/td>\n<\/tr>\n<tr>\n<td style=\"width: 49.9479%;text-align: center\">Llaves incluidas.<\/td>\n<td style=\"width: 49.9479%;text-align: center\">2<\/td>\n<\/tr>\n<tr>\n<td style=\"width: 49.9479%;text-align: center\">Grado de protecci\u00f3n IP 63.<\/td>\n<td style=\"width: 49.9479%;text-align: center\">&#8211;<\/td>\n<\/tr>\n<tr>\n<td style=\"text-align: center;width: 99.8957%\" colspan=\"2\">Pintura a polvo electroest\u00e1tica en horno de 180\u00b0C, seguida de las siguientes fases: Fosfatizaci\u00f3n, enjuagado, secado, aplicaci\u00f3n del polvo electrost\u00e1tico, polimerizaci\u00f3n dentro de horno, espesor de pintura 35 a 80 micrones, tolerancia: \u03b4E 1,0 medido con espectrofot\u00f3metro a esfera 8\u00b0, formula CIE LAB, Oss.: 10\u00b0<\/td>\n<\/tr>\n<\/tbody>\n<\/table>\n<p>&nbsp;<\/p>\n","protected":false},"excerpt":{"rendered":"<p>Gracias a este armario Ud. podr\u00e1 utilizar su pc en ambientes industriales. Los armarios porta computadoras pueden ser dotados de z\u00f3calos para transporte con auto elevador o transpallet hidr\u00e1ulico, ruedas para transporte manual de una m\u00e1quina a otra. El armario Porta PC est\u00e1 equipado con sistema de filtrado constante mediante empleo de presi\u00f3n positiva que evita el acumulamiento de polvo en su interior. Posee sistema visor con vidrio anti-reflejo que proporciona seguridad de guardado de datos y es en s\u00ed mismo una estaci\u00f3n de trabajo en p\u00ede.<\/p>\n","protected":false},"featured_media":6772,"comment_status":"open","ping_status":"closed","template":"","meta":{"_joinchat":[]},"product_cat":[121,113],"product_tag":[],"acf":[],"yoast_head":"<!-- This site is optimized with the Yoast SEO plugin v19.2 - https:\/\/yoast.com\/wordpress\/plugins\/seo\/ -->\n<title>Armarios Porta PC FAS160100 - Storage Compat Uruguay<\/title>\n<meta name=\"robots\" content=\"index, follow, max-snippet:-1, max-image-preview:large, max-video-preview:-1\" \/>\n<link rel=\"canonical\" href=\"https:\/\/storagecompat.com\/uy\/producto\/armarios-porta-pc-fas160100\/\" \/>\n<meta property=\"og:locale\" content=\"es_ES\" \/>\n<meta property=\"og:type\" content=\"article\" \/>\n<meta property=\"og:title\" content=\"Armarios Porta PC FAS160100 - Storage Compat Uruguay\" \/>\n<meta property=\"og:description\" content=\"Gracias a este armario Ud. podr\u00e1 utilizar su pc en ambientes industriales. Los armarios porta computadoras pueden ser dotados de z\u00f3calos para transporte con auto elevador o transpallet hidr\u00e1ulico, ruedas para transporte manual de una m\u00e1quina a otra. El armario Porta PC est\u00e1 equipado con sistema de filtrado constante mediante empleo de presi\u00f3n positiva que evita el acumulamiento de polvo en su interior. Posee sistema visor con vidrio anti-reflejo que proporciona seguridad de guardado de datos y es en s\u00ed mismo una estaci\u00f3n de trabajo en p\u00ede.\" \/>\n<meta property=\"og:url\" content=\"https:\/\/storagecompat.com\/uy\/producto\/armarios-porta-pc-fas160100\/\" \/>\n<meta property=\"og:site_name\" content=\"Storage Compat Uruguay\" \/>\n<meta property=\"article:modified_time\" content=\"2024-05-16T22:23:10+00:00\" \/>\n<meta name=\"author\" content=\"admin\" \/>\n<meta name=\"twitter:card\" content=\"summary_large_image\" \/>\n<meta name=\"twitter:label1\" content=\"Est. reading time\" \/>\n\t<meta name=\"twitter:data1\" content=\"1 minuto\" \/>\n<script type=\"application\/ld+json\" class=\"yoast-schema-graph\">{\"@context\":\"https:\/\/schema.org\",\"@graph\":[{\"@type\":\"WebSite\",\"@id\":\"https:\/\/storagecompat.com\/uy\/#website\",\"url\":\"https:\/\/storagecompat.com\/uy\/\",\"name\":\"Storage Compat Uruguay\",\"description\":\"Bienvenido!\",\"potentialAction\":[{\"@type\":\"SearchAction\",\"target\":{\"@type\":\"EntryPoint\",\"urlTemplate\":\"https:\/\/storagecompat.com\/uy\/?s={search_term_string}\"},\"query-input\":\"required name=search_term_string\"}],\"inLanguage\":\"es-UY\"},{\"@type\":\"ImageObject\",\"inLanguage\":\"es-UY\",\"@id\":\"https:\/\/storagecompat.com\/uy\/producto\/armarios-porta-pc-fas160100\/#primaryimage\",\"url\":\"https:\/\/storagecompat.com\/uy\/wp-content\/uploads\/sites\/21\/2024\/05\/FAS160100-web.png\",\"contentUrl\":\"https:\/\/storagecompat.com\/uy\/wp-content\/uploads\/sites\/21\/2024\/05\/FAS160100-web.png\",\"width\":1080,\"height\":1080},{\"@type\":\"WebPage\",\"@id\":\"https:\/\/storagecompat.com\/uy\/producto\/armarios-porta-pc-fas160100\/#webpage\",\"url\":\"https:\/\/storagecompat.com\/uy\/producto\/armarios-porta-pc-fas160100\/\",\"name\":\"Armarios Porta PC FAS160100 - Storage Compat Uruguay\",\"isPartOf\":{\"@id\":\"https:\/\/storagecompat.com\/uy\/#website\"},\"primaryImageOfPage\":{\"@id\":\"https:\/\/storagecompat.com\/uy\/producto\/armarios-porta-pc-fas160100\/#primaryimage\"},\"datePublished\":\"2024-05-16T22:22:12+00:00\",\"dateModified\":\"2024-05-16T22:23:10+00:00\",\"breadcrumb\":{\"@id\":\"https:\/\/storagecompat.com\/uy\/producto\/armarios-porta-pc-fas160100\/#breadcrumb\"},\"inLanguage\":\"es-UY\",\"potentialAction\":[{\"@type\":\"ReadAction\",\"target\":[\"https:\/\/storagecompat.com\/uy\/producto\/armarios-porta-pc-fas160100\/\"]}]},{\"@type\":\"BreadcrumbList\",\"@id\":\"https:\/\/storagecompat.com\/uy\/producto\/armarios-porta-pc-fas160100\/#breadcrumb\",\"itemListElement\":[{\"@type\":\"ListItem\",\"position\":1,\"name\":\"Portada\",\"item\":\"https:\/\/storagecompat.com\/uy\/\"},{\"@type\":\"ListItem\",\"position\":2,\"name\":\"Productos\",\"item\":\"https:\/\/storagecompat.com\/uy\/productos\/\"},{\"@type\":\"ListItem\",\"position\":3,\"name\":\"Armarios Porta PC FAS160100\"}]}]}<\/script>\n<!-- \/ Yoast SEO plugin. -->","yoast_head_json":{"title":"Armarios Porta PC FAS160100 - Storage Compat Uruguay","robots":{"index":"index","follow":"follow","max-snippet":"max-snippet:-1","max-image-preview":"max-image-preview:large","max-video-preview":"max-video-preview:-1"},"canonical":"https:\/\/storagecompat.com\/uy\/producto\/armarios-porta-pc-fas160100\/","og_locale":"es_ES","og_type":"article","og_title":"Armarios Porta PC FAS160100 - Storage Compat Uruguay","og_description":"Gracias a este armario Ud. podr\u00e1 utilizar su pc en ambientes industriales. Los armarios porta computadoras pueden ser dotados de z\u00f3calos para transporte con auto elevador o transpallet hidr\u00e1ulico, ruedas para transporte manual de una m\u00e1quina a otra. El armario Porta PC est\u00e1 equipado con sistema de filtrado constante mediante empleo de presi\u00f3n positiva que evita el acumulamiento de polvo en su interior. Posee sistema visor con vidrio anti-reflejo que proporciona seguridad de guardado de datos y es en s\u00ed mismo una estaci\u00f3n de trabajo en p\u00ede.","og_url":"https:\/\/storagecompat.com\/uy\/producto\/armarios-porta-pc-fas160100\/","og_site_name":"Storage Compat Uruguay","article_modified_time":"2024-05-16T22:23:10+00:00","author":"admin","twitter_card":"summary_large_image","twitter_misc":{"Est. reading time":"1 minuto"},"schema":{"@context":"https:\/\/schema.org","@graph":[{"@type":"WebSite","@id":"https:\/\/storagecompat.com\/uy\/#website","url":"https:\/\/storagecompat.com\/uy\/","name":"Storage Compat Uruguay","description":"Bienvenido!","potentialAction":[{"@type":"SearchAction","target":{"@type":"EntryPoint","urlTemplate":"https:\/\/storagecompat.com\/uy\/?s={search_term_string}"},"query-input":"required name=search_term_string"}],"inLanguage":"es-UY"},{"@type":"ImageObject","inLanguage":"es-UY","@id":"https:\/\/storagecompat.com\/uy\/producto\/armarios-porta-pc-fas160100\/#primaryimage","url":"https:\/\/storagecompat.com\/uy\/wp-content\/uploads\/sites\/21\/2024\/05\/FAS160100-web.png","contentUrl":"https:\/\/storagecompat.com\/uy\/wp-content\/uploads\/sites\/21\/2024\/05\/FAS160100-web.png","width":1080,"height":1080},{"@type":"WebPage","@id":"https:\/\/storagecompat.com\/uy\/producto\/armarios-porta-pc-fas160100\/#webpage","url":"https:\/\/storagecompat.com\/uy\/producto\/armarios-porta-pc-fas160100\/","name":"Armarios Porta PC FAS160100 - Storage Compat Uruguay","isPartOf":{"@id":"https:\/\/storagecompat.com\/uy\/#website"},"primaryImageOfPage":{"@id":"https:\/\/storagecompat.com\/uy\/producto\/armarios-porta-pc-fas160100\/#primaryimage"},"datePublished":"2024-05-16T22:22:12+00:00","dateModified":"2024-05-16T22:23:10+00:00","breadcrumb":{"@id":"https:\/\/storagecompat.com\/uy\/producto\/armarios-porta-pc-fas160100\/#breadcrumb"},"inLanguage":"es-UY","potentialAction":[{"@type":"ReadAction","target":["https:\/\/storagecompat.com\/uy\/producto\/armarios-porta-pc-fas160100\/"]}]},{"@type":"BreadcrumbList","@id":"https:\/\/storagecompat.com\/uy\/producto\/armarios-porta-pc-fas160100\/#breadcrumb","itemListElement":[{"@type":"ListItem","position":1,"name":"Portada","item":"https:\/\/storagecompat.com\/uy\/"},{"@type":"ListItem","position":2,"name":"Productos","item":"https:\/\/storagecompat.com\/uy\/productos\/"},{"@type":"ListItem","position":3,"name":"Armarios Porta PC FAS160100"}]}]}},"_links":{"self":[{"href":"https:\/\/storagecompat.com\/uy\/wp-json\/wp\/v2\/product\/6724"}],"collection":[{"href":"https:\/\/storagecompat.com\/uy\/wp-json\/wp\/v2\/product"}],"about":[{"href":"https:\/\/storagecompat.com\/uy\/wp-json\/wp\/v2\/types\/product"}],"replies":[{"embeddable":true,"href":"https:\/\/storagecompat.com\/uy\/wp-json\/wp\/v2\/comments?post=6724"}],"wp:featuredmedia":[{"embeddable":true,"href":"https:\/\/storagecompat.com\/uy\/wp-json\/wp\/v2\/media\/6772"}],"wp:attachment":[{"href":"https:\/\/storagecompat.com\/uy\/wp-json\/wp\/v2\/media?parent=6724"}],"wp:term":[{"taxonomy":"product_cat","embeddable":true,"href":"https:\/\/storagecompat.com\/uy\/wp-json\/wp\/v2\/product_cat?post=6724"},{"taxonomy":"product_tag","embeddable":true,"href":"https:\/\/storagecompat.com\/uy\/wp-json\/wp\/v2\/product_tag?post=6724"}],"curies":[{"name":"wp","href":"https:\/\/api.w.org\/{rel}","templated":true}]}}