{"id":6685,"date":"2024-05-16T19:21:04","date_gmt":"2024-05-16T22:21:04","guid":{"rendered":"https:\/\/storagecompat.com\/uy\/?post_type=product&#038;p=6685"},"modified":"2024-05-16T19:22:29","modified_gmt":"2024-05-16T22:22:29","slug":"contenedor-odette-9651a","status":"publish","type":"product","link":"https:\/\/storagecompat.com\/uy\/producto\/contenedor-odette-9651a\/","title":{"rendered":"Contenedor Odette 9651A"},"content":{"rendered":"<table style=\"border-collapse: collapse;width: 100%;border-color: #000000;border-style: solid\" border=\"1\">\n<tbody>\n<tr style=\"background-color: #e6e6e6\">\n<td style=\"width: 48.0458%;text-align: center\"><strong>C\u00f3digo<\/strong><\/td>\n<td style=\"width: 48.0458%;text-align: center\"><strong>Dimensiones en cm<\/strong><\/td>\n<\/tr>\n<tr>\n<td style=\"width: 48.0458%;text-align: center\"><strong>9651A\u00a0<\/strong><\/td>\n<td style=\"width: 48.0458%;text-align: center\"><strong>100 x 40 x 23 h cm.<\/strong><\/td>\n<\/tr>\n<\/tbody>\n<\/table>\n<p>&nbsp;<\/p>\n<table style=\"border-collapse: collapse;width: 100.034%;border-color: #000000;border-style: hidden\" border=\"1\">\n<tbody>\n<tr style=\"background-color: #e6e6e6\">\n<td style=\"width: 49.9479%;text-align: center\"><span style=\"color: #000000\"><strong>Caracter\u00edsticas T\u00e9cnicas<\/strong><\/span><\/td>\n<td style=\"width: 49.9479%;text-align: center\"><span style=\"color: #000000\"><strong>Info. \/ Cant.<\/strong><\/span><\/td>\n<\/tr>\n<tr>\n<td style=\"width: 49.9479%;text-align: center\"><span style=\"color: #34495e\">Color de serie<\/span><\/td>\n<td style=\"width: 49.9479%;text-align: center\"><span style=\"color: #34495e\">Negro<\/span><\/td>\n<\/tr>\n<tr>\n<td style=\"width: 49.9479%;text-align: center\"><span style=\"color: #34495e\">Dimensiones externas en cm.<\/span><\/td>\n<td style=\"width: 49.9479%;text-align: center\"><span style=\"color: #34495e\">100 x 40 x 23 h<\/span><\/td>\n<\/tr>\n<tr>\n<td style=\"width: 49.9479%;text-align: center\"><span style=\"color: #34495e\">Dim. Interna en cm.<\/span><\/td>\n<td style=\"width: 49.9479%;text-align: center\"><span style=\"color: #34495e\">93.5 x 35.5 x 19.7<\/span><\/td>\n<\/tr>\n<tr>\n<td style=\"width: 49.9479%;text-align: center\"><span style=\"color: #34495e\">Capacidad en litros.<\/span><\/td>\n<td style=\"width: 49.9479%;text-align: center\"><span style=\"color: #34495e\">65<\/span><\/td>\n<\/tr>\n<tr>\n<td style=\"width: 49.9479%;text-align: center\"><span style=\"color: #34495e\">Peso gr.<\/span><\/td>\n<td style=\"width: 49.9479%;text-align: center\"><span style=\"color: #34495e\">3500<\/span><\/td>\n<\/tr>\n<tr>\n<td style=\"width: 49.9479%;text-align: center\"><span style=\"color: #34495e\">Fondo interno<\/span><\/td>\n<td style=\"width: 49.9479%;text-align: center\"><span style=\"color: #34495e\">Liso<\/span><\/td>\n<\/tr>\n<tr>\n<td style=\"width: 49.9479%;text-align: center\"><span style=\"color: #34495e\"><span style=\"color: #34495e\">Fondo Externo<\/span><br \/>\n<\/span><\/td>\n<td style=\"width: 49.9479%;text-align: center\"><span style=\"color: #34495e\"><span style=\"color: #34495e\">Reforzado y Cerrado.<\/span><br \/>\n<\/span><\/td>\n<\/tr>\n<tr>\n<td style=\"width: 49.9479%;text-align: center\"><span style=\"color: #34495e\">Pared ext. larga\/corta<\/span><\/td>\n<td style=\"width: 49.9479%;text-align: center\"><span style=\"color: #34495e\">Cerrada<\/span><\/td>\n<\/tr>\n<tr>\n<td style=\"width: 49.9479%;text-align: center\"><span style=\"color: #34495e\">Pared int. larga\/corta<\/span><\/td>\n<td style=\"width: 49.9479%;text-align: center\"><span style=\"color: #34495e\">Liso<\/span><\/td>\n<\/tr>\n<tr>\n<td style=\"width: 49.9479%;text-align: center\"><span style=\"color: #34495e\">Manija<\/span><\/td>\n<td style=\"width: 49.9479%;text-align: center\"><span style=\"color: #34495e\">Cerrada<\/span><\/td>\n<\/tr>\n<tr>\n<td style=\"width: 49.9479%;text-align: center\"><span style=\"color: #34495e\">Amplitud t\u00e9rmica.<\/span><\/td>\n<td style=\"width: 49.9479%;text-align: center\"><span style=\"color: #34495e\">+60 -20 \u00b0C<\/span><\/td>\n<\/tr>\n<tr>\n<td style=\"width: 49.9479%;text-align: center\"><span style=\"color: #34495e\">Materia prima<\/span><\/td>\n<td style=\"width: 49.9479%;text-align: center\"><span style=\"color: #34495e\">Polipropileno Copol\u00edmero ?<\/span><\/td>\n<\/tr>\n<\/tbody>\n<\/table>\n<pre><\/pre>\n","protected":false},"excerpt":{"rendered":"<p>Los contenedores Odette son una soluci\u00f3n confiable y vers\u00e1til de almacenamiento. Ofrecen amplio espacio para organizar tus productos y son ideales para diversas aplicaciones, desde herramientas hasta suministros. A pesar de su capacidad, son ligeros y f\u00e1ciles de transportar.<\/p>\n<p>Fabricados con polipropileno copol\u00edmero reciclado, los contenedores Odette son duraderos y resistentes. Su dise\u00f1o con fondo interno liso y paredes internas lisas facilita la limpieza y protecci\u00f3n de tus productos. Adem\u00e1s, cuentan con manijas cerradas para un agarre c\u00f3modo y seguro.<\/p>\n<p>Gracias a su amplitud t\u00e9rmica de +70 a -20 \u00b0C, son adecuados para diversas condiciones de temperatura, lo que los hace vers\u00e1tiles en diferentes industrias.<\/p>\n","protected":false},"featured_media":6738,"comment_status":"open","ping_status":"closed","template":"","meta":{"_joinchat":[]},"product_cat":[118,149],"product_tag":[],"acf":[],"yoast_head":"<!-- This site is optimized with the Yoast SEO plugin v19.2 - https:\/\/yoast.com\/wordpress\/plugins\/seo\/ -->\n<title>Contenedor Odette 9651A - Storage Compat Uruguay<\/title>\n<meta name=\"robots\" content=\"index, follow, max-snippet:-1, max-image-preview:large, max-video-preview:-1\" \/>\n<link rel=\"canonical\" href=\"https:\/\/storagecompat.com\/uy\/producto\/contenedor-odette-9651a\/\" \/>\n<meta property=\"og:locale\" content=\"es_ES\" \/>\n<meta property=\"og:type\" content=\"article\" \/>\n<meta property=\"og:title\" content=\"Contenedor Odette 9651A - Storage Compat Uruguay\" \/>\n<meta property=\"og:description\" content=\"Los contenedores Odette son una soluci\u00f3n confiable y vers\u00e1til de almacenamiento. Ofrecen amplio espacio para organizar tus productos y son ideales para diversas aplicaciones, desde herramientas hasta suministros. A pesar de su capacidad, son ligeros y f\u00e1ciles de transportar.  Fabricados con polipropileno copol\u00edmero reciclado, los contenedores Odette son duraderos y resistentes. Su dise\u00f1o con fondo interno liso y paredes internas lisas facilita la limpieza y protecci\u00f3n de tus productos. Adem\u00e1s, cuentan con manijas cerradas para un agarre c\u00f3modo y seguro.  Gracias a su amplitud t\u00e9rmica de +70 a -20 \u00b0C, son adecuados para diversas condiciones de temperatura, lo que los hace vers\u00e1tiles en diferentes industrias.\" \/>\n<meta property=\"og:url\" content=\"https:\/\/storagecompat.com\/uy\/producto\/contenedor-odette-9651a\/\" \/>\n<meta property=\"og:site_name\" content=\"Storage Compat Uruguay\" \/>\n<meta property=\"article:modified_time\" content=\"2024-05-16T22:22:29+00:00\" \/>\n<meta name=\"author\" content=\"admin\" \/>\n<meta name=\"twitter:card\" content=\"summary_large_image\" \/>\n<meta name=\"twitter:label1\" content=\"Est. reading time\" \/>\n\t<meta name=\"twitter:data1\" content=\"1 minuto\" \/>\n<script type=\"application\/ld+json\" class=\"yoast-schema-graph\">{\"@context\":\"https:\/\/schema.org\",\"@graph\":[{\"@type\":\"WebSite\",\"@id\":\"https:\/\/storagecompat.com\/uy\/#website\",\"url\":\"https:\/\/storagecompat.com\/uy\/\",\"name\":\"Storage Compat Uruguay\",\"description\":\"Bienvenido!\",\"potentialAction\":[{\"@type\":\"SearchAction\",\"target\":{\"@type\":\"EntryPoint\",\"urlTemplate\":\"https:\/\/storagecompat.com\/uy\/?s={search_term_string}\"},\"query-input\":\"required name=search_term_string\"}],\"inLanguage\":\"es-UY\"},{\"@type\":\"ImageObject\",\"inLanguage\":\"es-UY\",\"@id\":\"https:\/\/storagecompat.com\/uy\/producto\/contenedor-odette-9651a\/#primaryimage\",\"url\":\"https:\/\/storagecompat.com\/uy\/wp-content\/uploads\/sites\/21\/2024\/05\/9651A-2.jpg\",\"contentUrl\":\"https:\/\/storagecompat.com\/uy\/wp-content\/uploads\/sites\/21\/2024\/05\/9651A-2.jpg\",\"width\":1024,\"height\":1024},{\"@type\":\"WebPage\",\"@id\":\"https:\/\/storagecompat.com\/uy\/producto\/contenedor-odette-9651a\/#webpage\",\"url\":\"https:\/\/storagecompat.com\/uy\/producto\/contenedor-odette-9651a\/\",\"name\":\"Contenedor Odette 9651A - Storage Compat Uruguay\",\"isPartOf\":{\"@id\":\"https:\/\/storagecompat.com\/uy\/#website\"},\"primaryImageOfPage\":{\"@id\":\"https:\/\/storagecompat.com\/uy\/producto\/contenedor-odette-9651a\/#primaryimage\"},\"datePublished\":\"2024-05-16T22:21:04+00:00\",\"dateModified\":\"2024-05-16T22:22:29+00:00\",\"breadcrumb\":{\"@id\":\"https:\/\/storagecompat.com\/uy\/producto\/contenedor-odette-9651a\/#breadcrumb\"},\"inLanguage\":\"es-UY\",\"potentialAction\":[{\"@type\":\"ReadAction\",\"target\":[\"https:\/\/storagecompat.com\/uy\/producto\/contenedor-odette-9651a\/\"]}]},{\"@type\":\"BreadcrumbList\",\"@id\":\"https:\/\/storagecompat.com\/uy\/producto\/contenedor-odette-9651a\/#breadcrumb\",\"itemListElement\":[{\"@type\":\"ListItem\",\"position\":1,\"name\":\"Portada\",\"item\":\"https:\/\/storagecompat.com\/uy\/\"},{\"@type\":\"ListItem\",\"position\":2,\"name\":\"Productos\",\"item\":\"https:\/\/storagecompat.com\/uy\/productos\/\"},{\"@type\":\"ListItem\",\"position\":3,\"name\":\"Contenedor Odette 9651A\"}]}]}<\/script>\n<!-- \/ Yoast SEO plugin. -->","yoast_head_json":{"title":"Contenedor Odette 9651A - Storage Compat Uruguay","robots":{"index":"index","follow":"follow","max-snippet":"max-snippet:-1","max-image-preview":"max-image-preview:large","max-video-preview":"max-video-preview:-1"},"canonical":"https:\/\/storagecompat.com\/uy\/producto\/contenedor-odette-9651a\/","og_locale":"es_ES","og_type":"article","og_title":"Contenedor Odette 9651A - Storage Compat Uruguay","og_description":"Los contenedores Odette son una soluci\u00f3n confiable y vers\u00e1til de almacenamiento. Ofrecen amplio espacio para organizar tus productos y son ideales para diversas aplicaciones, desde herramientas hasta suministros. A pesar de su capacidad, son ligeros y f\u00e1ciles de transportar.  Fabricados con polipropileno copol\u00edmero reciclado, los contenedores Odette son duraderos y resistentes. Su dise\u00f1o con fondo interno liso y paredes internas lisas facilita la limpieza y protecci\u00f3n de tus productos. Adem\u00e1s, cuentan con manijas cerradas para un agarre c\u00f3modo y seguro.  Gracias a su amplitud t\u00e9rmica de +70 a -20 \u00b0C, son adecuados para diversas condiciones de temperatura, lo que los hace vers\u00e1tiles en diferentes industrias.","og_url":"https:\/\/storagecompat.com\/uy\/producto\/contenedor-odette-9651a\/","og_site_name":"Storage Compat Uruguay","article_modified_time":"2024-05-16T22:22:29+00:00","author":"admin","twitter_card":"summary_large_image","twitter_misc":{"Est. reading time":"1 minuto"},"schema":{"@context":"https:\/\/schema.org","@graph":[{"@type":"WebSite","@id":"https:\/\/storagecompat.com\/uy\/#website","url":"https:\/\/storagecompat.com\/uy\/","name":"Storage Compat Uruguay","description":"Bienvenido!","potentialAction":[{"@type":"SearchAction","target":{"@type":"EntryPoint","urlTemplate":"https:\/\/storagecompat.com\/uy\/?s={search_term_string}"},"query-input":"required name=search_term_string"}],"inLanguage":"es-UY"},{"@type":"ImageObject","inLanguage":"es-UY","@id":"https:\/\/storagecompat.com\/uy\/producto\/contenedor-odette-9651a\/#primaryimage","url":"https:\/\/storagecompat.com\/uy\/wp-content\/uploads\/sites\/21\/2024\/05\/9651A-2.jpg","contentUrl":"https:\/\/storagecompat.com\/uy\/wp-content\/uploads\/sites\/21\/2024\/05\/9651A-2.jpg","width":1024,"height":1024},{"@type":"WebPage","@id":"https:\/\/storagecompat.com\/uy\/producto\/contenedor-odette-9651a\/#webpage","url":"https:\/\/storagecompat.com\/uy\/producto\/contenedor-odette-9651a\/","name":"Contenedor Odette 9651A - Storage Compat Uruguay","isPartOf":{"@id":"https:\/\/storagecompat.com\/uy\/#website"},"primaryImageOfPage":{"@id":"https:\/\/storagecompat.com\/uy\/producto\/contenedor-odette-9651a\/#primaryimage"},"datePublished":"2024-05-16T22:21:04+00:00","dateModified":"2024-05-16T22:22:29+00:00","breadcrumb":{"@id":"https:\/\/storagecompat.com\/uy\/producto\/contenedor-odette-9651a\/#breadcrumb"},"inLanguage":"es-UY","potentialAction":[{"@type":"ReadAction","target":["https:\/\/storagecompat.com\/uy\/producto\/contenedor-odette-9651a\/"]}]},{"@type":"BreadcrumbList","@id":"https:\/\/storagecompat.com\/uy\/producto\/contenedor-odette-9651a\/#breadcrumb","itemListElement":[{"@type":"ListItem","position":1,"name":"Portada","item":"https:\/\/storagecompat.com\/uy\/"},{"@type":"ListItem","position":2,"name":"Productos","item":"https:\/\/storagecompat.com\/uy\/productos\/"},{"@type":"ListItem","position":3,"name":"Contenedor Odette 9651A"}]}]}},"_links":{"self":[{"href":"https:\/\/storagecompat.com\/uy\/wp-json\/wp\/v2\/product\/6685"}],"collection":[{"href":"https:\/\/storagecompat.com\/uy\/wp-json\/wp\/v2\/product"}],"about":[{"href":"https:\/\/storagecompat.com\/uy\/wp-json\/wp\/v2\/types\/product"}],"replies":[{"embeddable":true,"href":"https:\/\/storagecompat.com\/uy\/wp-json\/wp\/v2\/comments?post=6685"}],"wp:featuredmedia":[{"embeddable":true,"href":"https:\/\/storagecompat.com\/uy\/wp-json\/wp\/v2\/media\/6738"}],"wp:attachment":[{"href":"https:\/\/storagecompat.com\/uy\/wp-json\/wp\/v2\/media?parent=6685"}],"wp:term":[{"taxonomy":"product_cat","embeddable":true,"href":"https:\/\/storagecompat.com\/uy\/wp-json\/wp\/v2\/product_cat?post=6685"},{"taxonomy":"product_tag","embeddable":true,"href":"https:\/\/storagecompat.com\/uy\/wp-json\/wp\/v2\/product_tag?post=6685"}],"curies":[{"name":"wp","href":"https:\/\/api.w.org\/{rel}","templated":true}]}}