{"id":6526,"date":"2024-05-16T19:17:53","date_gmt":"2024-05-16T22:17:53","guid":{"rendered":"https:\/\/storagecompat.com\/uy\/?post_type=product&#038;p=6526"},"modified":"2024-05-16T19:19:25","modified_gmt":"2024-05-16T22:19:25","slug":"gavetas-plasticas-serie-zeus-4a5plz","status":"publish","type":"product","link":"https:\/\/storagecompat.com\/uy\/producto\/gavetas-plasticas-serie-zeus-4a5plz\/","title":{"rendered":"Gavetas pl\u00e1sticas Serie Zeus 4A5PLZ"},"content":{"rendered":"<table style=\"border-collapse: collapse;width: 100%;border-color: #000000;border-style: solid\" border=\"1\">\n<tbody>\n<tr style=\"background-color: #e6e6e6\">\n<td style=\"width: 48.0458%;text-align: center\"><strong>C\u00f3digo<\/strong><\/td>\n<td style=\"width: 48.0458%;text-align: center\"><strong>Dimensiones en cm<\/strong><\/td>\n<\/tr>\n<tr>\n<td style=\"width: 48.0458%;text-align: center\">4A5 PLZ<\/td>\n<td style=\"width: 48.0458%;text-align: center\">500\/450 x 300 x 300 h<\/td>\n<\/tr>\n<\/tbody>\n<\/table>\n<p>&nbsp;<\/p>\n<table style=\"border-collapse: collapse;width: 100.034%;border-color: #000000;border-style: hidden\" border=\"1\">\n<tbody>\n<tr style=\"background-color: #e6e6e6\">\n<td style=\"width: 49.9479%;text-align: center\"><span style=\"color: #000000\"><strong>Caracter\u00edsticas T\u00e9cnicas<\/strong><\/span><\/td>\n<td style=\"width: 49.9479%;text-align: center\"><span style=\"color: #000000\"><strong>Info. \/ Cant.<\/strong><\/span><\/td>\n<\/tr>\n<tr>\n<td style=\"width: 49.9479%;text-align: center\">Color de serie<\/td>\n<td style=\"width: 49.9479%;text-align: center\">Negro, Gris, Rojo, Verde, Azul, Blanco, Amarillo.<\/td>\n<\/tr>\n<tr>\n<td style=\"width: 49.9479%;text-align: center\">Dimensiones externas en cm.<\/td>\n<td style=\"width: 49.9479%;text-align: center\">500\/450x300x300 h<\/td>\n<\/tr>\n<tr>\n<td style=\"width: 49.9479%;text-align: center\">Dim. Interna en cm.<\/td>\n<td style=\"width: 49.9479%;text-align: center\">432x280x284 h<\/td>\n<\/tr>\n<tr>\n<td style=\"width: 49.9479%;text-align: center\">Altura \u00fatil interna en cm.<\/td>\n<td style=\"width: 49.9479%;text-align: center\">295<\/td>\n<\/tr>\n<tr>\n<td style=\"width: 49.9479%;text-align: center\">Altura \u00fatil apilada en cm.<\/td>\n<td style=\"width: 49.9479%;text-align: center\">284<\/td>\n<\/tr>\n<tr>\n<td style=\"width: 49.9479%;text-align: center\">Capacidad en litros.<\/td>\n<td style=\"width: 49.9479%;text-align: center\">42<\/td>\n<\/tr>\n<tr>\n<td style=\"width: 49.9479%;text-align: center\">Cap. de carga Kg.<\/td>\n<td style=\"width: 49.9479%;text-align: center\">35<\/td>\n<\/tr>\n<tr>\n<td style=\"width: 49.9479%;text-align: center\">Peso gr.<\/td>\n<td style=\"width: 49.9479%;text-align: center\">1925<\/td>\n<\/tr>\n<tr>\n<td style=\"width: 49.9479%;text-align: center\">Amplitud t\u00e9rmica.<\/td>\n<td style=\"width: 49.9479%;text-align: center\">+60 -20 \u00b0C<\/td>\n<\/tr>\n<tr>\n<td style=\"width: 49.9479%;text-align: center\">Materia prima<\/td>\n<td style=\"width: 49.9479%;text-align: center\">Polipropileno Copol\u00edmero<\/td>\n<\/tr>\n<\/tbody>\n<\/table>\n<p>&nbsp;<\/p>\n","protected":false},"excerpt":{"rendered":"<p>La serie de contenedores serie ZEUS est\u00e1n fabricados en polipropileno copol\u00edmero. Es la soluci\u00f3n ideal para diferentes problemas de almacenaje, sea en dep\u00f3sitos, l\u00edneas de montaje o talleres. Otorgan la posibilidad de mantener todo ordenado, etiquetado y al alcance de la mano, consiguiendo ahorro en horas hombre de trabajo y por consiguiente competitividad, logrando baja de costos de inventarios.<\/p>\n","protected":false},"featured_media":6602,"comment_status":"open","ping_status":"closed","template":"","meta":{"_joinchat":[]},"product_cat":[118,109,138,146,132],"product_tag":[],"acf":[],"yoast_head":"<!-- This site is optimized with the Yoast SEO plugin v19.2 - https:\/\/yoast.com\/wordpress\/plugins\/seo\/ -->\n<title>Gavetas pl\u00e1sticas Serie Zeus 4A5PLZ - Storage Compat Uruguay<\/title>\n<meta name=\"robots\" content=\"index, follow, max-snippet:-1, max-image-preview:large, max-video-preview:-1\" \/>\n<link rel=\"canonical\" href=\"https:\/\/storagecompat.com\/uy\/producto\/gavetas-plasticas-serie-zeus-4a5plz\/\" \/>\n<meta property=\"og:locale\" content=\"es_ES\" \/>\n<meta property=\"og:type\" content=\"article\" \/>\n<meta property=\"og:title\" content=\"Gavetas pl\u00e1sticas Serie Zeus 4A5PLZ - Storage Compat Uruguay\" \/>\n<meta property=\"og:description\" content=\"La serie de contenedores serie ZEUS est\u00e1n fabricados en polipropileno copol\u00edmero. Es la soluci\u00f3n ideal para diferentes problemas de almacenaje, sea en dep\u00f3sitos, l\u00edneas de montaje o talleres. Otorgan la posibilidad de mantener todo ordenado, etiquetado y al alcance de la mano, consiguiendo ahorro en horas hombre de trabajo y por consiguiente competitividad, logrando baja de costos de inventarios.\" \/>\n<meta property=\"og:url\" content=\"https:\/\/storagecompat.com\/uy\/producto\/gavetas-plasticas-serie-zeus-4a5plz\/\" \/>\n<meta property=\"og:site_name\" content=\"Storage Compat Uruguay\" \/>\n<meta property=\"article:modified_time\" content=\"2024-05-16T22:19:25+00:00\" \/>\n<meta name=\"author\" content=\"admin\" \/>\n<meta name=\"twitter:card\" content=\"summary_large_image\" \/>\n<meta name=\"twitter:label1\" content=\"Est. reading time\" \/>\n\t<meta name=\"twitter:data1\" content=\"1 minuto\" \/>\n<script type=\"application\/ld+json\" class=\"yoast-schema-graph\">{\"@context\":\"https:\/\/schema.org\",\"@graph\":[{\"@type\":\"WebSite\",\"@id\":\"https:\/\/storagecompat.com\/uy\/#website\",\"url\":\"https:\/\/storagecompat.com\/uy\/\",\"name\":\"Storage Compat Uruguay\",\"description\":\"Bienvenido!\",\"potentialAction\":[{\"@type\":\"SearchAction\",\"target\":{\"@type\":\"EntryPoint\",\"urlTemplate\":\"https:\/\/storagecompat.com\/uy\/?s={search_term_string}\"},\"query-input\":\"required name=search_term_string\"}],\"inLanguage\":\"es-UY\"},{\"@type\":\"ImageObject\",\"inLanguage\":\"es-UY\",\"@id\":\"https:\/\/storagecompat.com\/uy\/producto\/gavetas-plasticas-serie-zeus-4a5plz\/#primaryimage\",\"url\":\"https:\/\/storagecompat.com\/uy\/wp-content\/uploads\/sites\/21\/2024\/05\/4a5-PLZ-21.jpg\",\"contentUrl\":\"https:\/\/storagecompat.com\/uy\/wp-content\/uploads\/sites\/21\/2024\/05\/4a5-PLZ-21.jpg\",\"width\":2048,\"height\":1366},{\"@type\":\"WebPage\",\"@id\":\"https:\/\/storagecompat.com\/uy\/producto\/gavetas-plasticas-serie-zeus-4a5plz\/#webpage\",\"url\":\"https:\/\/storagecompat.com\/uy\/producto\/gavetas-plasticas-serie-zeus-4a5plz\/\",\"name\":\"Gavetas pl\u00e1sticas Serie Zeus 4A5PLZ - Storage Compat Uruguay\",\"isPartOf\":{\"@id\":\"https:\/\/storagecompat.com\/uy\/#website\"},\"primaryImageOfPage\":{\"@id\":\"https:\/\/storagecompat.com\/uy\/producto\/gavetas-plasticas-serie-zeus-4a5plz\/#primaryimage\"},\"datePublished\":\"2024-05-16T22:17:53+00:00\",\"dateModified\":\"2024-05-16T22:19:25+00:00\",\"breadcrumb\":{\"@id\":\"https:\/\/storagecompat.com\/uy\/producto\/gavetas-plasticas-serie-zeus-4a5plz\/#breadcrumb\"},\"inLanguage\":\"es-UY\",\"potentialAction\":[{\"@type\":\"ReadAction\",\"target\":[\"https:\/\/storagecompat.com\/uy\/producto\/gavetas-plasticas-serie-zeus-4a5plz\/\"]}]},{\"@type\":\"BreadcrumbList\",\"@id\":\"https:\/\/storagecompat.com\/uy\/producto\/gavetas-plasticas-serie-zeus-4a5plz\/#breadcrumb\",\"itemListElement\":[{\"@type\":\"ListItem\",\"position\":1,\"name\":\"Portada\",\"item\":\"https:\/\/storagecompat.com\/uy\/\"},{\"@type\":\"ListItem\",\"position\":2,\"name\":\"Productos\",\"item\":\"https:\/\/storagecompat.com\/uy\/productos\/\"},{\"@type\":\"ListItem\",\"position\":3,\"name\":\"Gavetas pl\u00e1sticas Serie Zeus 4A5PLZ\"}]}]}<\/script>\n<!-- \/ Yoast SEO plugin. -->","yoast_head_json":{"title":"Gavetas pl\u00e1sticas Serie Zeus 4A5PLZ - Storage Compat Uruguay","robots":{"index":"index","follow":"follow","max-snippet":"max-snippet:-1","max-image-preview":"max-image-preview:large","max-video-preview":"max-video-preview:-1"},"canonical":"https:\/\/storagecompat.com\/uy\/producto\/gavetas-plasticas-serie-zeus-4a5plz\/","og_locale":"es_ES","og_type":"article","og_title":"Gavetas pl\u00e1sticas Serie Zeus 4A5PLZ - Storage Compat Uruguay","og_description":"La serie de contenedores serie ZEUS est\u00e1n fabricados en polipropileno copol\u00edmero. Es la soluci\u00f3n ideal para diferentes problemas de almacenaje, sea en dep\u00f3sitos, l\u00edneas de montaje o talleres. Otorgan la posibilidad de mantener todo ordenado, etiquetado y al alcance de la mano, consiguiendo ahorro en horas hombre de trabajo y por consiguiente competitividad, logrando baja de costos de inventarios.","og_url":"https:\/\/storagecompat.com\/uy\/producto\/gavetas-plasticas-serie-zeus-4a5plz\/","og_site_name":"Storage Compat Uruguay","article_modified_time":"2024-05-16T22:19:25+00:00","author":"admin","twitter_card":"summary_large_image","twitter_misc":{"Est. reading time":"1 minuto"},"schema":{"@context":"https:\/\/schema.org","@graph":[{"@type":"WebSite","@id":"https:\/\/storagecompat.com\/uy\/#website","url":"https:\/\/storagecompat.com\/uy\/","name":"Storage Compat Uruguay","description":"Bienvenido!","potentialAction":[{"@type":"SearchAction","target":{"@type":"EntryPoint","urlTemplate":"https:\/\/storagecompat.com\/uy\/?s={search_term_string}"},"query-input":"required name=search_term_string"}],"inLanguage":"es-UY"},{"@type":"ImageObject","inLanguage":"es-UY","@id":"https:\/\/storagecompat.com\/uy\/producto\/gavetas-plasticas-serie-zeus-4a5plz\/#primaryimage","url":"https:\/\/storagecompat.com\/uy\/wp-content\/uploads\/sites\/21\/2024\/05\/4a5-PLZ-21.jpg","contentUrl":"https:\/\/storagecompat.com\/uy\/wp-content\/uploads\/sites\/21\/2024\/05\/4a5-PLZ-21.jpg","width":2048,"height":1366},{"@type":"WebPage","@id":"https:\/\/storagecompat.com\/uy\/producto\/gavetas-plasticas-serie-zeus-4a5plz\/#webpage","url":"https:\/\/storagecompat.com\/uy\/producto\/gavetas-plasticas-serie-zeus-4a5plz\/","name":"Gavetas pl\u00e1sticas Serie Zeus 4A5PLZ - Storage Compat Uruguay","isPartOf":{"@id":"https:\/\/storagecompat.com\/uy\/#website"},"primaryImageOfPage":{"@id":"https:\/\/storagecompat.com\/uy\/producto\/gavetas-plasticas-serie-zeus-4a5plz\/#primaryimage"},"datePublished":"2024-05-16T22:17:53+00:00","dateModified":"2024-05-16T22:19:25+00:00","breadcrumb":{"@id":"https:\/\/storagecompat.com\/uy\/producto\/gavetas-plasticas-serie-zeus-4a5plz\/#breadcrumb"},"inLanguage":"es-UY","potentialAction":[{"@type":"ReadAction","target":["https:\/\/storagecompat.com\/uy\/producto\/gavetas-plasticas-serie-zeus-4a5plz\/"]}]},{"@type":"BreadcrumbList","@id":"https:\/\/storagecompat.com\/uy\/producto\/gavetas-plasticas-serie-zeus-4a5plz\/#breadcrumb","itemListElement":[{"@type":"ListItem","position":1,"name":"Portada","item":"https:\/\/storagecompat.com\/uy\/"},{"@type":"ListItem","position":2,"name":"Productos","item":"https:\/\/storagecompat.com\/uy\/productos\/"},{"@type":"ListItem","position":3,"name":"Gavetas pl\u00e1sticas Serie Zeus 4A5PLZ"}]}]}},"_links":{"self":[{"href":"https:\/\/storagecompat.com\/uy\/wp-json\/wp\/v2\/product\/6526"}],"collection":[{"href":"https:\/\/storagecompat.com\/uy\/wp-json\/wp\/v2\/product"}],"about":[{"href":"https:\/\/storagecompat.com\/uy\/wp-json\/wp\/v2\/types\/product"}],"replies":[{"embeddable":true,"href":"https:\/\/storagecompat.com\/uy\/wp-json\/wp\/v2\/comments?post=6526"}],"wp:featuredmedia":[{"embeddable":true,"href":"https:\/\/storagecompat.com\/uy\/wp-json\/wp\/v2\/media\/6602"}],"wp:attachment":[{"href":"https:\/\/storagecompat.com\/uy\/wp-json\/wp\/v2\/media?parent=6526"}],"wp:term":[{"taxonomy":"product_cat","embeddable":true,"href":"https:\/\/storagecompat.com\/uy\/wp-json\/wp\/v2\/product_cat?post=6526"},{"taxonomy":"product_tag","embeddable":true,"href":"https:\/\/storagecompat.com\/uy\/wp-json\/wp\/v2\/product_tag?post=6526"}],"curies":[{"name":"wp","href":"https:\/\/api.w.org\/{rel}","templated":true}]}}