{"id":6519,"date":"2024-05-16T19:17:52","date_gmt":"2024-05-16T22:17:52","guid":{"rendered":"https:\/\/storagecompat.com\/uy\/?post_type=product&#038;p=6519"},"modified":"2024-05-16T19:18:12","modified_gmt":"2024-05-16T22:18:12","slug":"organizador-plastico-multibox-rk5016","status":"publish","type":"product","link":"https:\/\/storagecompat.com\/uy\/producto\/organizador-plastico-multibox-rk5016\/","title":{"rendered":"Organizador pl\u00e1stico MULTIBOX RK5016"},"content":{"rendered":"<table style=\"border-collapse: collapse;width: 100%;border-color: #000000;border-style: solid\" border=\"1\">\n<tbody>\n<tr style=\"background-color: #e6e6e6\">\n<td style=\"width: 48.0458%;text-align: center\"><strong>C\u00f3digo<\/strong><\/td>\n<td style=\"width: 48.0458%;text-align: center\"><strong>Dimensiones en cm<\/strong><\/td>\n<\/tr>\n<tr>\n<td style=\"width: 48.0458%;text-align: center\"><span style=\"color: #34495e\">RK5016<\/span><\/td>\n<td style=\"width: 48.0458%;text-align: center\"><span style=\"color: #34495e\">50 x 16 x 10 h. cm.<\/span><\/td>\n<\/tr>\n<\/tbody>\n<\/table>\n<p>&nbsp;<\/p>\n<table style=\"border-collapse: collapse;width: 100.034%;border-color: #000000;border-style: hidden\" border=\"1\">\n<tbody>\n<tr style=\"background-color: #e6e6e6\">\n<td style=\"width: 49.9479%;text-align: center\"><span style=\"color: #000000\"><strong>Caracter\u00edsticas T\u00e9cnicas<\/strong><\/span><\/td>\n<td style=\"width: 49.9479%;text-align: center\"><span style=\"color: #000000\"><strong>Info. \/ Cant.<\/strong><\/span><\/td>\n<\/tr>\n<tr>\n<td style=\"width: 49.9479%;text-align: center\"><span style=\"color: #34495e\">Color de serie<\/span><\/td>\n<td style=\"width: 49.9479%;text-align: center\"><span style=\"color: #34495e\">Azul &#8211; Negro<\/span><\/td>\n<\/tr>\n<tr>\n<td style=\"width: 49.9479%;text-align: center\"><span style=\"color: #34495e\">Dimensiones externas en cm.<\/span><\/td>\n<td style=\"width: 49.9479%;text-align: center\"><span style=\"color: #34495e\">50 x 16 x 10 h cm.<\/span><\/td>\n<\/tr>\n<tr>\n<td style=\"width: 49.9479%;text-align: center\"><span style=\"color: #34495e\">Dim. Interna en cm.<\/span><\/td>\n<td style=\"width: 49.9479%;text-align: center\"><span style=\"color: #34495e\">48.5 x 14.5 x 9 h cm.<\/span><\/td>\n<\/tr>\n<tr>\n<td style=\"width: 49.9479%;text-align: center\"><span style=\"color: #34495e\">Altura \u00fatil interna en cm.<\/span><\/td>\n<td style=\"width: 49.9479%;text-align: center\"><span style=\"color: #34495e\">9.6 cm.<\/span><\/td>\n<\/tr>\n<tr>\n<td style=\"width: 49.9479%;text-align: center\"><span style=\"color: #34495e\">Altura \u00fatil apilada en cm.<\/span><\/td>\n<td style=\"width: 49.9479%;text-align: center\"><span style=\"color: #34495e\">9 cm.<\/span><\/td>\n<\/tr>\n<tr>\n<td style=\"width: 49.9479%;text-align: center\"><span style=\"color: #34495e\">Volumen en litros.<\/span><\/td>\n<td style=\"width: 49.9479%;text-align: center\"><span style=\"color: #34495e\">5.5 Litros<\/span><\/td>\n<\/tr>\n<tr>\n<td style=\"width: 49.9479%;text-align: center\"><span style=\"color: #34495e\">Peso.<\/span><\/td>\n<td style=\"width: 49.9479%;text-align: center\"><span style=\"color: #34495e\">0.54 gr.<\/span><\/td>\n<\/tr>\n<tr>\n<td style=\"width: 49.9479%;text-align: center\"><span style=\"color: #34495e\">Amplitud t\u00e9rmica.<\/span><\/td>\n<td style=\"width: 49.9479%;text-align: center\"><span style=\"color: #34495e\">+60 -20 \u00b0C<\/span><\/td>\n<\/tr>\n<tr>\n<td style=\"width: 49.9479%;text-align: center\"><span style=\"color: #34495e\">Materia prima<\/span><\/td>\n<td style=\"width: 49.9479%;text-align: center\"><span style=\"color: #34495e\">Polipropileno Copol\u00edmero ?<\/span><\/td>\n<\/tr>\n<tr>\n<td style=\"width: 49.9479%;text-align: center\"><span style=\"color: #34495e\">Capacidad de carga.<\/span><\/td>\n<td style=\"width: 49.9479%;text-align: center\"><span style=\"color: #34495e\">7 Kg.<\/span><\/td>\n<\/tr>\n<\/tbody>\n<\/table>\n<p>&nbsp;<\/p>\n","protected":false},"excerpt":{"rendered":"<p>Gavetas pl\u00e1sticas higi\u00e9nicas y apilables. Ideales para colocar en estanter\u00edas. El mejor sistema para garantizar una buena organizaci\u00f3n en caso de disponer de varios tipos de piezas ya que cuanta con la opci\u00f3n de agregar divisorios transversales transparentes para mantener en orden su contenido. La gaveta puede ser provista de etiquetas para la identificaci\u00f3n f\u00e1cil y r\u00e1pida. Adem\u00e1s cuenta con un tope de seguridad para que la caja no se caiga accidentalmente de la estanter\u00eda. Resistentes a \u00e1cidos y lej\u00edas.<\/p>\n","protected":false},"featured_media":6549,"comment_status":"open","ping_status":"closed","template":"","meta":{"_joinchat":[]},"product_cat":[109,131],"product_tag":[],"acf":[],"yoast_head":"<!-- This site is optimized with the Yoast SEO plugin v19.2 - https:\/\/yoast.com\/wordpress\/plugins\/seo\/ -->\n<title>Organizador pl\u00e1stico MULTIBOX RK5016 - Storage Compat Uruguay<\/title>\n<meta name=\"robots\" content=\"index, follow, max-snippet:-1, max-image-preview:large, max-video-preview:-1\" \/>\n<link rel=\"canonical\" href=\"https:\/\/storagecompat.com\/uy\/producto\/organizador-plastico-multibox-rk5016\/\" \/>\n<meta property=\"og:locale\" content=\"es_ES\" \/>\n<meta property=\"og:type\" content=\"article\" \/>\n<meta property=\"og:title\" content=\"Organizador pl\u00e1stico MULTIBOX RK5016 - Storage Compat Uruguay\" \/>\n<meta property=\"og:description\" content=\"Gavetas pl\u00e1sticas higi\u00e9nicas y apilables. Ideales para colocar en estanter\u00edas. El mejor sistema para garantizar una buena organizaci\u00f3n en caso de disponer de varios tipos de piezas ya que cuanta con la opci\u00f3n de agregar divisorios transversales transparentes para mantener en orden su contenido. La gaveta puede ser provista de etiquetas para la identificaci\u00f3n f\u00e1cil y r\u00e1pida. Adem\u00e1s cuenta con un tope de seguridad para que la caja no se caiga accidentalmente de la estanter\u00eda. Resistentes a \u00e1cidos y lej\u00edas.\" \/>\n<meta property=\"og:url\" content=\"https:\/\/storagecompat.com\/uy\/producto\/organizador-plastico-multibox-rk5016\/\" \/>\n<meta property=\"og:site_name\" content=\"Storage Compat Uruguay\" \/>\n<meta property=\"article:modified_time\" content=\"2024-05-16T22:18:12+00:00\" \/>\n<meta name=\"author\" content=\"admin\" \/>\n<meta name=\"twitter:card\" content=\"summary_large_image\" \/>\n<meta name=\"twitter:label1\" content=\"Est. reading time\" \/>\n\t<meta name=\"twitter:data1\" content=\"1 minuto\" \/>\n<script type=\"application\/ld+json\" class=\"yoast-schema-graph\">{\"@context\":\"https:\/\/schema.org\",\"@graph\":[{\"@type\":\"WebSite\",\"@id\":\"https:\/\/storagecompat.com\/uy\/#website\",\"url\":\"https:\/\/storagecompat.com\/uy\/\",\"name\":\"Storage Compat Uruguay\",\"description\":\"Bienvenido!\",\"potentialAction\":[{\"@type\":\"SearchAction\",\"target\":{\"@type\":\"EntryPoint\",\"urlTemplate\":\"https:\/\/storagecompat.com\/uy\/?s={search_term_string}\"},\"query-input\":\"required name=search_term_string\"}],\"inLanguage\":\"es-UY\"},{\"@type\":\"ImageObject\",\"inLanguage\":\"es-UY\",\"@id\":\"https:\/\/storagecompat.com\/uy\/producto\/organizador-plastico-multibox-rk5016\/#primaryimage\",\"url\":\"https:\/\/storagecompat.com\/uy\/wp-content\/uploads\/sites\/21\/2024\/05\/Multibox-RK5016-1-1.jpg\",\"contentUrl\":\"https:\/\/storagecompat.com\/uy\/wp-content\/uploads\/sites\/21\/2024\/05\/Multibox-RK5016-1-1.jpg\",\"width\":2048,\"height\":1365},{\"@type\":\"WebPage\",\"@id\":\"https:\/\/storagecompat.com\/uy\/producto\/organizador-plastico-multibox-rk5016\/#webpage\",\"url\":\"https:\/\/storagecompat.com\/uy\/producto\/organizador-plastico-multibox-rk5016\/\",\"name\":\"Organizador pl\u00e1stico MULTIBOX RK5016 - Storage Compat Uruguay\",\"isPartOf\":{\"@id\":\"https:\/\/storagecompat.com\/uy\/#website\"},\"primaryImageOfPage\":{\"@id\":\"https:\/\/storagecompat.com\/uy\/producto\/organizador-plastico-multibox-rk5016\/#primaryimage\"},\"datePublished\":\"2024-05-16T22:17:52+00:00\",\"dateModified\":\"2024-05-16T22:18:12+00:00\",\"breadcrumb\":{\"@id\":\"https:\/\/storagecompat.com\/uy\/producto\/organizador-plastico-multibox-rk5016\/#breadcrumb\"},\"inLanguage\":\"es-UY\",\"potentialAction\":[{\"@type\":\"ReadAction\",\"target\":[\"https:\/\/storagecompat.com\/uy\/producto\/organizador-plastico-multibox-rk5016\/\"]}]},{\"@type\":\"BreadcrumbList\",\"@id\":\"https:\/\/storagecompat.com\/uy\/producto\/organizador-plastico-multibox-rk5016\/#breadcrumb\",\"itemListElement\":[{\"@type\":\"ListItem\",\"position\":1,\"name\":\"Portada\",\"item\":\"https:\/\/storagecompat.com\/uy\/\"},{\"@type\":\"ListItem\",\"position\":2,\"name\":\"Productos\",\"item\":\"https:\/\/storagecompat.com\/uy\/productos\/\"},{\"@type\":\"ListItem\",\"position\":3,\"name\":\"Organizador pl\u00e1stico MULTIBOX RK5016\"}]}]}<\/script>\n<!-- \/ Yoast SEO plugin. -->","yoast_head_json":{"title":"Organizador pl\u00e1stico MULTIBOX RK5016 - Storage Compat Uruguay","robots":{"index":"index","follow":"follow","max-snippet":"max-snippet:-1","max-image-preview":"max-image-preview:large","max-video-preview":"max-video-preview:-1"},"canonical":"https:\/\/storagecompat.com\/uy\/producto\/organizador-plastico-multibox-rk5016\/","og_locale":"es_ES","og_type":"article","og_title":"Organizador pl\u00e1stico MULTIBOX RK5016 - Storage Compat Uruguay","og_description":"Gavetas pl\u00e1sticas higi\u00e9nicas y apilables. Ideales para colocar en estanter\u00edas. El mejor sistema para garantizar una buena organizaci\u00f3n en caso de disponer de varios tipos de piezas ya que cuanta con la opci\u00f3n de agregar divisorios transversales transparentes para mantener en orden su contenido. La gaveta puede ser provista de etiquetas para la identificaci\u00f3n f\u00e1cil y r\u00e1pida. Adem\u00e1s cuenta con un tope de seguridad para que la caja no se caiga accidentalmente de la estanter\u00eda. Resistentes a \u00e1cidos y lej\u00edas.","og_url":"https:\/\/storagecompat.com\/uy\/producto\/organizador-plastico-multibox-rk5016\/","og_site_name":"Storage Compat Uruguay","article_modified_time":"2024-05-16T22:18:12+00:00","author":"admin","twitter_card":"summary_large_image","twitter_misc":{"Est. reading time":"1 minuto"},"schema":{"@context":"https:\/\/schema.org","@graph":[{"@type":"WebSite","@id":"https:\/\/storagecompat.com\/uy\/#website","url":"https:\/\/storagecompat.com\/uy\/","name":"Storage Compat Uruguay","description":"Bienvenido!","potentialAction":[{"@type":"SearchAction","target":{"@type":"EntryPoint","urlTemplate":"https:\/\/storagecompat.com\/uy\/?s={search_term_string}"},"query-input":"required name=search_term_string"}],"inLanguage":"es-UY"},{"@type":"ImageObject","inLanguage":"es-UY","@id":"https:\/\/storagecompat.com\/uy\/producto\/organizador-plastico-multibox-rk5016\/#primaryimage","url":"https:\/\/storagecompat.com\/uy\/wp-content\/uploads\/sites\/21\/2024\/05\/Multibox-RK5016-1-1.jpg","contentUrl":"https:\/\/storagecompat.com\/uy\/wp-content\/uploads\/sites\/21\/2024\/05\/Multibox-RK5016-1-1.jpg","width":2048,"height":1365},{"@type":"WebPage","@id":"https:\/\/storagecompat.com\/uy\/producto\/organizador-plastico-multibox-rk5016\/#webpage","url":"https:\/\/storagecompat.com\/uy\/producto\/organizador-plastico-multibox-rk5016\/","name":"Organizador pl\u00e1stico MULTIBOX RK5016 - Storage Compat Uruguay","isPartOf":{"@id":"https:\/\/storagecompat.com\/uy\/#website"},"primaryImageOfPage":{"@id":"https:\/\/storagecompat.com\/uy\/producto\/organizador-plastico-multibox-rk5016\/#primaryimage"},"datePublished":"2024-05-16T22:17:52+00:00","dateModified":"2024-05-16T22:18:12+00:00","breadcrumb":{"@id":"https:\/\/storagecompat.com\/uy\/producto\/organizador-plastico-multibox-rk5016\/#breadcrumb"},"inLanguage":"es-UY","potentialAction":[{"@type":"ReadAction","target":["https:\/\/storagecompat.com\/uy\/producto\/organizador-plastico-multibox-rk5016\/"]}]},{"@type":"BreadcrumbList","@id":"https:\/\/storagecompat.com\/uy\/producto\/organizador-plastico-multibox-rk5016\/#breadcrumb","itemListElement":[{"@type":"ListItem","position":1,"name":"Portada","item":"https:\/\/storagecompat.com\/uy\/"},{"@type":"ListItem","position":2,"name":"Productos","item":"https:\/\/storagecompat.com\/uy\/productos\/"},{"@type":"ListItem","position":3,"name":"Organizador pl\u00e1stico MULTIBOX RK5016"}]}]}},"_links":{"self":[{"href":"https:\/\/storagecompat.com\/uy\/wp-json\/wp\/v2\/product\/6519"}],"collection":[{"href":"https:\/\/storagecompat.com\/uy\/wp-json\/wp\/v2\/product"}],"about":[{"href":"https:\/\/storagecompat.com\/uy\/wp-json\/wp\/v2\/types\/product"}],"replies":[{"embeddable":true,"href":"https:\/\/storagecompat.com\/uy\/wp-json\/wp\/v2\/comments?post=6519"}],"wp:featuredmedia":[{"embeddable":true,"href":"https:\/\/storagecompat.com\/uy\/wp-json\/wp\/v2\/media\/6549"}],"wp:attachment":[{"href":"https:\/\/storagecompat.com\/uy\/wp-json\/wp\/v2\/media?parent=6519"}],"wp:term":[{"taxonomy":"product_cat","embeddable":true,"href":"https:\/\/storagecompat.com\/uy\/wp-json\/wp\/v2\/product_cat?post=6519"},{"taxonomy":"product_tag","embeddable":true,"href":"https:\/\/storagecompat.com\/uy\/wp-json\/wp\/v2\/product_tag?post=6519"}],"curies":[{"name":"wp","href":"https:\/\/api.w.org\/{rel}","templated":true}]}}