{"id":6458,"date":"2023-10-03T22:46:23","date_gmt":"2023-10-04T01:46:23","guid":{"rendered":"https:\/\/storagecompat.com\/uy\/?page_id=6458"},"modified":"2024-10-25T09:17:53","modified_gmt":"2024-10-25T12:17:53","slug":"iso9001","status":"publish","type":"page","link":"https:\/\/storagecompat.com\/uy\/iso9001\/","title":{"rendered":"ISO9001"},"content":{"rendered":"<p><div class=\"fusion-fullwidth fullwidth-box fusion-builder-row-1 fusion-flex-container nonhundred-percent-fullwidth non-hundred-percent-height-scrolling fusion-no-small-visibility fusion-no-medium-visibility\" style=\"background-color: 000;background-image:linear-gradient(180deg, #000000 0%,#000000 100%);background-position: center center;background-repeat: no-repeat;border-width: 0px 0px 0px 0px;border-color:var(--awb-color1);border-style:solid;\" ><div class=\"fusion-builder-row fusion-row fusion-flex-align-items-center fusion-flex-justify-content-center\" style=\"max-width:1430px;margin-left: calc(-4% \/ 2 );margin-right: calc(-4% \/ 2 );\"><div class=\"fusion-layout-column fusion_builder_column fusion-builder-column-0 fusion_builder_column_1_1 1_1 fusion-flex-column fusion-flex-align-self-center\"><div class=\"fusion-column-wrapper fusion-flex-justify-content-flex-start fusion-content-layout-column\" style=\"background-position:left top;background-repeat:no-repeat;-webkit-background-size:cover;-moz-background-size:cover;-o-background-size:cover;background-size:cover;padding: 0px 0px 0px 0px;\"><div style=\"text-align:center;\"><style>.fusion-imageframe.imageframe-1{ margin-right : 0px;margin-bottom : 30px;margin-left : 0px;}<\/style><span class=\" fusion-imageframe imageframe-none imageframe-1 hover-type-none\" style=\"max-width:25%;\"><img width=\"763\" height=\"61\" title=\"SC-LOGO-HORICONTAL-AMARILLO\" src=\"https:\/\/storagecompat.com\/uy\/wp-content\/uploads\/sites\/21\/2022\/03\/SC-LOGO-HORICONTAL-AMARILLO.png\" data-orig-src=\"https:\/\/storagecompat.com\/arg\/wp-content\/uploads\/sites\/2\/2022\/03\/SC-LOGO-HORICONTAL-AMARILLO.png\" alt class=\"lazyload img-responsive wp-image-3570\" srcset=\"data:image\/svg+xml,%3Csvg%20xmlns%3D%27http%3A%2F%2Fwww.w3.org%2F2000%2Fsvg%27%20width%3D%27763%27%20height%3D%2761%27%20viewBox%3D%270%200%20763%2061%27%3E%3Crect%20width%3D%27763%27%20height%3D%2761%27%20fill-opacity%3D%220%22%2F%3E%3C%2Fsvg%3E\" data-srcset=\"https:\/\/storagecompat.com\/uy\/wp-content\/uploads\/sites\/21\/2022\/03\/SC-LOGO-HORICONTAL-AMARILLO-200x16.png 200w, https:\/\/storagecompat.com\/uy\/wp-content\/uploads\/sites\/21\/2022\/03\/SC-LOGO-HORICONTAL-AMARILLO-400x32.png 400w, https:\/\/storagecompat.com\/uy\/wp-content\/uploads\/sites\/21\/2022\/03\/SC-LOGO-HORICONTAL-AMARILLO-600x48.png 600w, https:\/\/storagecompat.com\/uy\/wp-content\/uploads\/sites\/21\/2022\/03\/SC-LOGO-HORICONTAL-AMARILLO.png 763w\" data-sizes=\"auto\" data-orig-sizes=\"(max-width: 1024px) 100vw, (max-width: 640px) 100vw, 763px\" \/><\/span><\/div><style type=\"text\/css\">@media only screen and (max-width:1024px) {.fusion-title.fusion-title-1{margin-top:0px!important; margin-right:0px!important;margin-bottom:31px!important;margin-left:0px!important;}}@media only screen and (max-width:640px) {.fusion-title.fusion-title-1{margin-top:0px!important; margin-right:0px!important;margin-bottom:20px!important; margin-left:0px!important;}}<\/style><div class=\"fusion-title title fusion-title-1 fusion-sep-none fusion-title-center fusion-title-text fusion-title-size-two\" style=\"font-size:20px;margin-top:0px;margin-right:0px;margin-bottom:31px;margin-left:0px;\"><div class=\"title-heading-center title-heading-tag fusion-responsive-typography-calculated\" style=\"font-family:&quot;Readex Pro StorageCompat&quot;;font-weight:400;margin:0;font-size:1em;color:var(--awb-color1);--fontSize:20;--minFontSize:20px;line-height:var(--awb-typography4-line-height);\"><center>Certificada bajo la norma <strong style=\"color: #f6b700;\">ISO9001:2015<\/strong><\/center><\/div><\/div><\/div><style type=\"text\/css\">.fusion-body .fusion-builder-column-0{width:100% !important;margin-top : 0px;margin-bottom : 0px;}.fusion-builder-column-0 > .fusion-column-wrapper {padding-top : 0px !important;padding-right : 0px !important;margin-right : 1.92%;padding-bottom : 0px !important;padding-left : 0px !important;margin-left : 1.92%;}@media only screen and (max-width:1024px) {.fusion-body .fusion-builder-column-0{width:100% !important;order : 0;}.fusion-builder-column-0 > .fusion-column-wrapper {margin-right : 1.92%;margin-left : 1.92%;}}@media only screen and (max-width:640px) {.fusion-body .fusion-builder-column-0{width:100% !important;order : 0;}.fusion-builder-column-0 > .fusion-column-wrapper {margin-right : 1.92%;margin-left : 1.92%;}}<\/style><\/div><\/div><style type=\"text\/css\">.fusion-body .fusion-flex-container.fusion-builder-row-1{ padding-top : 12%;margin-top : 0px;padding-right : 0px;padding-bottom : 2%;margin-bottom : 0px;padding-left : 0px;}@media only screen and (max-width:640px) {.fusion-body .fusion-flex-container.fusion-builder-row-1{ padding-top : 75px;padding-bottom : 130px;}}<\/style><\/div><div class=\"fusion-fullwidth fullwidth-box fusion-builder-row-2 fusion-flex-container nonhundred-percent-fullwidth non-hundred-percent-height-scrolling fusion-no-large-visibility\" style=\"background-color: rgba(255,255,255,0);background-image:linear-gradient(180deg, var(--awb-color8) 0%,var(--awb-color8) 100%);background-position: center center;background-repeat: no-repeat;border-width: 0px 0px 0px 0px;border-color:var(--awb-color1);border-style:solid;\" ><div class=\"fusion-builder-row fusion-row fusion-flex-align-items-center fusion-flex-justify-content-center\" style=\"max-width:1430px;margin-left: calc(-4% \/ 2 );margin-right: calc(-4% \/ 2 );\"><div class=\"fusion-layout-column fusion_builder_column fusion-builder-column-1 fusion_builder_column_1_3 1_3 fusion-flex-column fusion-flex-align-self-center\"><div class=\"fusion-column-wrapper fusion-flex-justify-content-flex-start fusion-content-layout-column\" style=\"background-position:left top;background-repeat:no-repeat;-webkit-background-size:cover;-moz-background-size:cover;-o-background-size:cover;background-size:cover;padding: 0px 0px 0px 0px;\"><div style=\"text-align:center;\"><style>.fusion-imageframe.imageframe-2{ margin-top : 20%;margin-right : 0px;margin-bottom : 50px;margin-left : 0px;}<\/style><span class=\" fusion-imageframe imageframe-none imageframe-2 hover-type-none\" style=\"max-width:80%;\"><img width=\"763\" height=\"61\" title=\"SC-LOGO-HORICONTAL-AMARILLO\" src=\"https:\/\/storagecompat.com\/uy\/wp-content\/uploads\/sites\/21\/2022\/03\/SC-LOGO-HORICONTAL-AMARILLO.png\" data-orig-src=\"https:\/\/storagecompat.com\/arg\/wp-content\/uploads\/sites\/2\/2022\/03\/SC-LOGO-HORICONTAL-AMARILLO.png\" alt class=\"lazyload img-responsive wp-image-3570\" srcset=\"data:image\/svg+xml,%3Csvg%20xmlns%3D%27http%3A%2F%2Fwww.w3.org%2F2000%2Fsvg%27%20width%3D%27763%27%20height%3D%2761%27%20viewBox%3D%270%200%20763%2061%27%3E%3Crect%20width%3D%27763%27%20height%3D%2761%27%20fill-opacity%3D%220%22%2F%3E%3C%2Fsvg%3E\" data-srcset=\"https:\/\/storagecompat.com\/uy\/wp-content\/uploads\/sites\/21\/2022\/03\/SC-LOGO-HORICONTAL-AMARILLO-200x16.png 200w, https:\/\/storagecompat.com\/uy\/wp-content\/uploads\/sites\/21\/2022\/03\/SC-LOGO-HORICONTAL-AMARILLO-400x32.png 400w, https:\/\/storagecompat.com\/uy\/wp-content\/uploads\/sites\/21\/2022\/03\/SC-LOGO-HORICONTAL-AMARILLO-600x48.png 600w, https:\/\/storagecompat.com\/uy\/wp-content\/uploads\/sites\/21\/2022\/03\/SC-LOGO-HORICONTAL-AMARILLO.png 763w\" data-sizes=\"auto\" data-orig-sizes=\"(max-width: 1024px) 100vw, (max-width: 640px) 100vw, 600px\" \/><\/span><\/div><style type=\"text\/css\">@media only screen and (max-width:1024px) {.fusion-title.fusion-title-2{margin-top:0px!important; margin-right:0px!important;margin-bottom:31px!important;margin-left:0px!important;}}@media only screen and (max-width:640px) {.fusion-title.fusion-title-2{margin-top:0px!important; margin-right:0px!important;margin-bottom:20px!important; margin-left:0px!important;}}<\/style><div class=\"fusion-title title fusion-title-2 fusion-no-small-visibility fusion-no-large-visibility fusion-sep-none fusion-title-center fusion-title-text fusion-title-size-one\" style=\"font-size:40px;margin-top:0px;margin-right:0px;margin-bottom:31px;margin-left:0px;\"><h1 class=\"title-heading-center fusion-responsive-typography-calculated\" style=\"font-family:&quot;Readex Pro StorageCompat&quot;;font-weight:400;margin:0;font-size:1em;color:var(--awb-color1);--fontSize:40;line-height:var(--awb-typography1-line-height);\"><center>Certificada bajo la norma <strong style=\"color: #f6b700;\">ISO9001:2015<\/strong><\/center><\/h1><\/div><style type=\"text\/css\">@media only screen and (max-width:1024px) {.fusion-title.fusion-title-3{margin-top:0px!important; margin-right:0px!important;margin-bottom:31px!important;margin-left:0px!important;}}@media only screen and (max-width:640px) {.fusion-title.fusion-title-3{margin-top:0px!important; margin-right:0px!important;margin-bottom:20px!important; margin-left:0px!important;}}<\/style><div class=\"fusion-title title fusion-title-3 fusion-no-medium-visibility fusion-no-large-visibility fusion-sep-none fusion-title-center fusion-title-text fusion-title-size-one\" style=\"font-size:40px;margin-top:0px;margin-right:0px;margin-bottom:31px;margin-left:0px;\"><h1 class=\"title-heading-center fusion-responsive-typography-calculated\" style=\"font-family:&quot;Readex Pro StorageCompat&quot;;font-weight:400;margin:0;font-size:1em;color:var(--awb-color1);--fontSize:40;line-height:var(--awb-typography1-line-height);\"><center>Certificada bajo la norma <strong style=\"color: #f6b700;\">ISO9001:2015<\/strong><\/center><\/h1><\/div><\/div><style type=\"text\/css\">.fusion-body .fusion-builder-column-1{width:33.333333333333% !important;margin-top : 0px;margin-bottom : 0px;}.fusion-builder-column-1 > .fusion-column-wrapper {padding-top : 0px !important;padding-right : 0px !important;margin-right : 5.76%;padding-bottom : 0px !important;padding-left : 0px !important;margin-left : 5.76%;}@media only screen and (max-width:1024px) {.fusion-body .fusion-builder-column-1{width:100% !important;order : 0;}.fusion-builder-column-1 > .fusion-column-wrapper {margin-right : 1.92%;margin-left : 1.92%;}}@media only screen and (max-width:640px) {.fusion-body .fusion-builder-column-1{width:100% !important;order : 0;}.fusion-builder-column-1 > .fusion-column-wrapper {margin-right : 1.92%;margin-left : 1.92%;}}<\/style><\/div><\/div><style type=\"text\/css\">.fusion-body .fusion-flex-container.fusion-builder-row-2{ padding-top : 15%;margin-top : 0px;padding-right : 0px;padding-bottom : 0px;margin-bottom : 0px;padding-left : 0px;}@media only screen and (max-width:640px) {.fusion-body .fusion-flex-container.fusion-builder-row-2{ padding-top : 60px;padding-bottom : 130px;}}<\/style><\/div><div class=\"fusion-fullwidth fullwidth-box fusion-builder-row-3 fusion-flex-container nonhundred-percent-fullwidth non-hundred-percent-height-scrolling\" style=\"background-color: rgba(255,255,255,0);background-position: center center;background-repeat: no-repeat;border-width: 0px 0px 0px 0px;border-color:var(--awb-color2);border-style:solid;\" ><div class=\"fusion-builder-row fusion-row fusion-flex-align-items-stretch fusion-flex-justify-content-center\" style=\"max-width:calc( 1375px + 20px );margin-left: calc(-20px \/ 2 );margin-right: calc(-20px \/ 2 );\"><div class=\"fusion-layout-column fusion_builder_column fusion-builder-column-2 fusion-flex-column fusion-flex-align-self-flex-start fusion-column-no-min-height fusion-animated\" data-animationType=\"fadeIn\" data-animationDuration=\"1.0\" data-animationOffset=\"top-into-view\"><div class=\"fusion-column-wrapper fusion-flex-justify-content-center fusion-content-layout-column\" style=\"background-position:left top;background-repeat:no-repeat;-webkit-background-size:cover;-moz-background-size:cover;-o-background-size:cover;background-size:cover;padding: 0px 0px 0px 0px;\"><div class=\"fusion-separator fusion-no-large-visibility\" style=\"align-self: center;margin-left: auto;margin-right: auto;margin-top:5%;width:100%;max-width:70px;\"><\/div><style type=\"text\/css\">@media only screen and (max-width:1024px) {.fusion-title.fusion-title-4{margin-top:0px!important; margin-right:0px!important;margin-bottom:2%!important;margin-left:0px!important;}}@media only screen and (max-width:640px) {.fusion-title.fusion-title-4{margin-top:0px!important; margin-right:0px!important;margin-bottom:20px!important; margin-left:0px!important;}}<\/style><div class=\"fusion-title title fusion-title-4 fusion-sep-none fusion-title-center fusion-title-text fusion-title-size-three testing-groso\" style=\"font-size:30px;margin-top:0px;margin-right:0px;margin-bottom:2%;margin-left:0px;\"><h3 class=\"title-heading-center fusion-responsive-typography-calculated\" style=\"font-family:&quot;Readex Pro StorageCompat&quot;;font-weight:400;margin:0;font-size:1em;letter-spacing:0.1px;text-transform:uppercase;--fontSize:30;line-height:var(--awb-custom_typography_1-line-height);\"><center><strong>CERTIFICACI\u00d3N<\/strong> <strong style=\"color: #f6b700;\">ISO 9001:2015<\/strong><\/center><\/h3><\/div><div class=\"fusion-separator fusion-no-medium-visibility fusion-no-large-visibility\" style=\"align-self: center;margin-left: auto;margin-right: auto;margin-bottom:7%;width:100%;max-width:70px;\"><\/div><div class=\"fusion-text fusion-text-1\" style=\"font-family:&quot;Readex Pro StorageCompat&quot;;font-weight:400;\"><p style=\"text-align: center;\"><span style=\"font-weight: 400;\">En\u00a0<\/span><b>STORAGE COMPAT<\/b><span style=\"font-weight: 400;\"> estamos altamente comprometidos con la calidad, <\/span>hemos obtenido la<b> certificaci\u00f3n ISO 9001:2015<\/b>.<\/p>\n<p style=\"text-align: center;\"><span style=\"font-weight: 400;\">La\u00a0<\/span><b>ISO 9001:2015<\/b><span style=\"font-weight: 400;\">\u00a0es un est\u00e1ndar internacional reconocido que valida nuestro compromiso inquebrantable con la calidad y la mejora continua. Detr\u00e1s de este logro se encuentra un equipo dedicado que trabaja incansablemente para brindar productos pl\u00e1sticos y met\u00e1licos excepcionales dise\u00f1ados para simplificar el orden, la organizaci\u00f3n y el almacenamiento en su vida diaria.<\/span><\/p>\n<p style=\"text-align: center;\"><span style=\"font-weight: 400;\"><strong>La certificaci\u00f3n ISO 9001:2015<\/strong> no es solo un sello en un documento, es un testimonio de nuestro compromiso con\u00a0<\/span><b>la mejora continua\u00a0<\/b><span style=\"font-weight: 400;\">y la b\u00fasqueda incansable de la excelencia en todo lo que hacemos. A medida que avanzamos, reafirmamos nuestro compromiso de proporcionar soluciones que superen sus expectativas y promuevan la calidad en cada aspecto de su vida.<\/span><\/p>\n<\/div><\/div><style type=\"text\/css\">.fusion-body .fusion-builder-column-2{width:85% !important;margin-top : 0px;margin-bottom : 5%;}.fusion-builder-column-2 > .fusion-column-wrapper {padding-top : 0px !important;padding-right : 0px !important;margin-right : 10px;padding-bottom : 0px !important;padding-left : 0px !important;margin-left : 10px;}@media only screen and (max-width:1024px) {.fusion-body .fusion-builder-column-2{width:100% !important;}.fusion-builder-column-2 > .fusion-column-wrapper {margin-right : 10px;margin-left : 10px;}}@media only screen and (max-width:640px) {.fusion-body .fusion-builder-column-2{width:100% !important;}.fusion-builder-column-2 > .fusion-column-wrapper {margin-right : 10px;margin-left : 10px;}}<\/style><\/div><div class=\"fusion-layout-column fusion_builder_column fusion-builder-column-3 fusion_builder_column_1_2 1_2 fusion-flex-column fusion-flex-align-self-center\"><div class=\"fusion-column-wrapper fusion-flex-justify-content-center fusion-content-layout-column\" style=\"background-position:left top;background-repeat:no-repeat;-webkit-background-size:cover;-moz-background-size:cover;-o-background-size:cover;background-size:cover;padding: 0px 0px 0px 0px;\"><div style=\"text-align:center;\"><span class=\" fusion-imageframe imageframe-none imageframe-3 hover-type-none\" style=\"max-width:80%;\"><img width=\"1182\" height=\"426\" title=\"BVCER_SansQR-ISO_9001\" src=\"https:\/\/storagecompat.com\/uy\/wp-content\/uploads\/sites\/21\/2024\/10\/BVCER_SansQR-ISO_9001.png\" data-orig-src=\"https:\/\/storagecompat.com\/uy\/wp-content\/uploads\/sites\/21\/2024\/10\/BVCER_SansQR-ISO_9001.png\" alt class=\"lazyload img-responsive wp-image-6892\" srcset=\"data:image\/svg+xml,%3Csvg%20xmlns%3D%27http%3A%2F%2Fwww.w3.org%2F2000%2Fsvg%27%20width%3D%271182%27%20height%3D%27426%27%20viewBox%3D%270%200%201182%20426%27%3E%3Crect%20width%3D%271182%27%20height%3D%27426%27%20fill-opacity%3D%220%22%2F%3E%3C%2Fsvg%3E\" data-srcset=\"https:\/\/storagecompat.com\/uy\/wp-content\/uploads\/sites\/21\/2024\/10\/BVCER_SansQR-ISO_9001-200x72.png 200w, https:\/\/storagecompat.com\/uy\/wp-content\/uploads\/sites\/21\/2024\/10\/BVCER_SansQR-ISO_9001-400x144.png 400w, https:\/\/storagecompat.com\/uy\/wp-content\/uploads\/sites\/21\/2024\/10\/BVCER_SansQR-ISO_9001-600x216.png 600w, https:\/\/storagecompat.com\/uy\/wp-content\/uploads\/sites\/21\/2024\/10\/BVCER_SansQR-ISO_9001-800x288.png 800w, https:\/\/storagecompat.com\/uy\/wp-content\/uploads\/sites\/21\/2024\/10\/BVCER_SansQR-ISO_9001.png 1182w\" data-sizes=\"auto\" data-orig-sizes=\"(max-width: 1024px) 100vw, (max-width: 640px) 100vw, 800px\" \/><\/span><\/div><\/div><style type=\"text\/css\">.fusion-body .fusion-builder-column-3{width:50% !important;margin-top : 0px;margin-bottom : 8%;}.fusion-builder-column-3 > .fusion-column-wrapper {padding-top : 0 !important;padding-right : 0px !important;margin-right : 10px;padding-bottom : 0px !important;padding-left : 0px !important;margin-left : 10px;}@media only screen and (max-width:1024px) {.fusion-body .fusion-builder-column-3{width:100% !important;order : 0;}.fusion-builder-column-3 > .fusion-column-wrapper {margin-right : 10px;margin-left : 10px;}}@media only screen and (max-width:640px) {.fusion-body .fusion-builder-column-3{width:100% !important;order : 0;}.fusion-builder-column-3 > .fusion-column-wrapper {margin-right : 10px;margin-left : 10px;}}<\/style><\/div><\/div><style type=\"text\/css\">.fusion-body .fusion-flex-container.fusion-builder-row-3{ padding-top : 0px;margin-top : 0px;padding-right : 0px;padding-bottom : 0px;margin-bottom : 0px;padding-left : 0px;}<\/style><\/div><\/p>\n","protected":false},"excerpt":{"rendered":"","protected":false},"author":1,"featured_media":0,"parent":0,"menu_order":0,"comment_status":"closed","ping_status":"closed","template":"100-width.php","meta":{"_joinchat":[]},"acf":[],"yoast_head":"<!-- This site is optimized with the Yoast SEO plugin v19.2 - https:\/\/yoast.com\/wordpress\/plugins\/seo\/ -->\n<title>ISO9001 - Storage Compat Uruguay<\/title>\n<meta name=\"robots\" content=\"index, follow, max-snippet:-1, max-image-preview:large, max-video-preview:-1\" \/>\n<link rel=\"canonical\" href=\"https:\/\/storagecompat.com\/uy\/iso9001\/\" \/>\n<meta property=\"og:locale\" content=\"es_ES\" \/>\n<meta property=\"og:type\" content=\"article\" \/>\n<meta property=\"og:title\" content=\"ISO9001 - Storage Compat Uruguay\" \/>\n<meta property=\"og:url\" content=\"https:\/\/storagecompat.com\/uy\/iso9001\/\" \/>\n<meta property=\"og:site_name\" content=\"Storage Compat Uruguay\" \/>\n<meta property=\"article:modified_time\" content=\"2024-10-25T12:17:53+00:00\" \/>\n<meta name=\"author\" content=\"admin\" \/>\n<meta name=\"twitter:card\" content=\"summary_large_image\" \/>\n<meta name=\"twitter:label1\" content=\"Est. reading time\" \/>\n\t<meta name=\"twitter:data1\" content=\"11 minutos\" \/>\n<script type=\"application\/ld+json\" class=\"yoast-schema-graph\">{\"@context\":\"https:\/\/schema.org\",\"@graph\":[{\"@type\":\"WebSite\",\"@id\":\"https:\/\/storagecompat.com\/uy\/#website\",\"url\":\"https:\/\/storagecompat.com\/uy\/\",\"name\":\"Storage Compat Uruguay\",\"description\":\"Bienvenido!\",\"potentialAction\":[{\"@type\":\"SearchAction\",\"target\":{\"@type\":\"EntryPoint\",\"urlTemplate\":\"https:\/\/storagecompat.com\/uy\/?s={search_term_string}\"},\"query-input\":\"required name=search_term_string\"}],\"inLanguage\":\"es-UY\"},{\"@type\":\"WebPage\",\"@id\":\"https:\/\/storagecompat.com\/uy\/iso9001\/#webpage\",\"url\":\"https:\/\/storagecompat.com\/uy\/iso9001\/\",\"name\":\"ISO9001 - Storage Compat Uruguay\",\"isPartOf\":{\"@id\":\"https:\/\/storagecompat.com\/uy\/#website\"},\"datePublished\":\"2023-10-04T01:46:23+00:00\",\"dateModified\":\"2024-10-25T12:17:53+00:00\",\"breadcrumb\":{\"@id\":\"https:\/\/storagecompat.com\/uy\/iso9001\/#breadcrumb\"},\"inLanguage\":\"es-UY\",\"potentialAction\":[{\"@type\":\"ReadAction\",\"target\":[\"https:\/\/storagecompat.com\/uy\/iso9001\/\"]}]},{\"@type\":\"BreadcrumbList\",\"@id\":\"https:\/\/storagecompat.com\/uy\/iso9001\/#breadcrumb\",\"itemListElement\":[{\"@type\":\"ListItem\",\"position\":1,\"name\":\"Portada\",\"item\":\"https:\/\/storagecompat.com\/uy\/\"},{\"@type\":\"ListItem\",\"position\":2,\"name\":\"ISO9001\"}]}]}<\/script>\n<!-- \/ Yoast SEO plugin. -->","yoast_head_json":{"title":"ISO9001 - Storage Compat Uruguay","robots":{"index":"index","follow":"follow","max-snippet":"max-snippet:-1","max-image-preview":"max-image-preview:large","max-video-preview":"max-video-preview:-1"},"canonical":"https:\/\/storagecompat.com\/uy\/iso9001\/","og_locale":"es_ES","og_type":"article","og_title":"ISO9001 - Storage Compat Uruguay","og_url":"https:\/\/storagecompat.com\/uy\/iso9001\/","og_site_name":"Storage Compat Uruguay","article_modified_time":"2024-10-25T12:17:53+00:00","author":"admin","twitter_card":"summary_large_image","twitter_misc":{"Est. reading time":"11 minutos"},"schema":{"@context":"https:\/\/schema.org","@graph":[{"@type":"WebSite","@id":"https:\/\/storagecompat.com\/uy\/#website","url":"https:\/\/storagecompat.com\/uy\/","name":"Storage Compat Uruguay","description":"Bienvenido!","potentialAction":[{"@type":"SearchAction","target":{"@type":"EntryPoint","urlTemplate":"https:\/\/storagecompat.com\/uy\/?s={search_term_string}"},"query-input":"required name=search_term_string"}],"inLanguage":"es-UY"},{"@type":"WebPage","@id":"https:\/\/storagecompat.com\/uy\/iso9001\/#webpage","url":"https:\/\/storagecompat.com\/uy\/iso9001\/","name":"ISO9001 - Storage Compat Uruguay","isPartOf":{"@id":"https:\/\/storagecompat.com\/uy\/#website"},"datePublished":"2023-10-04T01:46:23+00:00","dateModified":"2024-10-25T12:17:53+00:00","breadcrumb":{"@id":"https:\/\/storagecompat.com\/uy\/iso9001\/#breadcrumb"},"inLanguage":"es-UY","potentialAction":[{"@type":"ReadAction","target":["https:\/\/storagecompat.com\/uy\/iso9001\/"]}]},{"@type":"BreadcrumbList","@id":"https:\/\/storagecompat.com\/uy\/iso9001\/#breadcrumb","itemListElement":[{"@type":"ListItem","position":1,"name":"Portada","item":"https:\/\/storagecompat.com\/uy\/"},{"@type":"ListItem","position":2,"name":"ISO9001"}]}]}},"_links":{"self":[{"href":"https:\/\/storagecompat.com\/uy\/wp-json\/wp\/v2\/pages\/6458"}],"collection":[{"href":"https:\/\/storagecompat.com\/uy\/wp-json\/wp\/v2\/pages"}],"about":[{"href":"https:\/\/storagecompat.com\/uy\/wp-json\/wp\/v2\/types\/page"}],"author":[{"embeddable":true,"href":"https:\/\/storagecompat.com\/uy\/wp-json\/wp\/v2\/users\/1"}],"replies":[{"embeddable":true,"href":"https:\/\/storagecompat.com\/uy\/wp-json\/wp\/v2\/comments?post=6458"}],"version-history":[{"count":3,"href":"https:\/\/storagecompat.com\/uy\/wp-json\/wp\/v2\/pages\/6458\/revisions"}],"predecessor-version":[{"id":6893,"href":"https:\/\/storagecompat.com\/uy\/wp-json\/wp\/v2\/pages\/6458\/revisions\/6893"}],"wp:attachment":[{"href":"https:\/\/storagecompat.com\/uy\/wp-json\/wp\/v2\/media?parent=6458"}],"curies":[{"name":"wp","href":"https:\/\/api.w.org\/{rel}","templated":true}]}}