{"id":7210,"date":"2024-06-27T16:21:00","date_gmt":"2024-06-27T23:21:00","guid":{"rendered":"https:\/\/storagecompat.com\/us\/?post_type=product&#038;p=7210"},"modified":"2024-08-21T08:00:25","modified_gmt":"2024-08-21T15:00:25","slug":"workbench-fbia32801","status":"publish","type":"product","link":"https:\/\/storagecompat.com\/us\/product\/workbench-fbia32801\/","title":{"rendered":"Workbench FBIA32801"},"content":{"rendered":"<table style=\"border-collapse: collapse;width: 100%;border-color: #000000;border-style: solid\" border=\"1\">\n<tbody>\n<tr style=\"background-color: #e6e6e6\">\n<td style=\"width: 48.0458%;text-align: center\"><span style=\"color: #000000\"><strong>Code<\/strong><\/span><\/td>\n<td style=\"width: 48.0458%;text-align: center\"><span style=\"color: #000000\"><strong>Dimensions in cm<\/strong><\/span><\/td>\n<\/tr>\n<tr>\n<td style=\"width: 48.0458%;text-align: center\"><strong>FBIA32801\u00a0<\/strong><\/td>\n<td style=\"width: 48.0458%;text-align: center\">\u00a0130x80x85 cm<\/td>\n<\/tr>\n<\/tbody>\n<\/table>\n<p>&nbsp;<\/p>\n<table style=\"border-collapse: collapse;width: 100.034%;border-color: #000000;border-style: solid\" border=\"1\">\n<tbody>\n<tr style=\"background-color: #e6e6e6\">\n<td style=\"width: 49.9479%;text-align: center\"><span style=\"color: #000000\"><strong>Technical features<\/strong><\/span><\/td>\n<td style=\"width: 49.9479%;text-align: center\"><span style=\"color: #000000\"><strong>Info. \/ Qty.<\/strong><\/span><\/td>\n<\/tr>\n<tr>\n<td style=\"width: 49.9479%;text-align: center\">Metal foot for workbench.<\/td>\n<td style=\"width: 49.9479%;text-align: center\">2<\/td>\n<\/tr>\n<tr>\n<td style=\"width: 49.9479%;text-align: center\">Load-bearing and wear-resistant metal board.<br \/>\n(Depth: 800 mm. Length: 1300 &#8211; Thickness: 40 mm).<\/td>\n<td style=\"width: 49.9479%;text-align: center\">1<\/td>\n<\/tr>\n<tr>\n<td style=\"width: 49.9479%;text-align: center\">Load-bearing capacity.<\/td>\n<td style=\"width: 49.9479%;text-align: center\">1200 Kg.<\/td>\n<\/tr>\n<tr>\n<td style=\"text-align: center;width: 99.8957%\" colspan=\"2\">Electrostatic powder coating in a 180 \u00b0C oven, followed by the following phases: phosphating, rinsing, drying, electrostatic powder application, polymerisation in the oven, paint thickness 35 to 80 microns, tolerance: \u03b4E 1.0 measured with spectrophotometer at 8\u00b0 sphere, formula CIE LAB, Oss.: 10\u00b0.<\/td>\n<\/tr>\n<\/tbody>\n<\/table>\n","protected":false},"excerpt":{"rendered":"<p>Los Bancos de trabajo, han sido estudiados y realizados para satisfacer de manera racional las m\u00e1s variadas demandas del mercado. Los bancos de trabajo pueden ser f\u00e1cilmente transformados, la versatilidad y la gran capacidad de estos bancos de adecuarse a cualquier tipo de exigencia en el \u00e1mbito de producci\u00f3n, del montaje o de las pruebas, est\u00e1 garantizada por su amplia gama de accesorios: ganchos, m\u00e9nsulas, paneles porta herramientas, canaleta el\u00e9ctrica, etc. Los pies est\u00e1n construidos con chapa de acero con orificios en la parte superior para el fijado del plano de trabajo, y en las placas de base para el fijado al piso. Un elemento importante de los bancos de trabajo es la cajonera, producida en varias medias y con diferentes soluciones ya sea por el tipo de cajones como por la subdivisi\u00f3n interna del mismo.<\/p>\n","protected":false},"featured_media":7245,"comment_status":"open","ping_status":"closed","template":"","meta":{"_joinchat":[]},"product_cat":[183,182],"product_tag":[],"acf":[],"yoast_head":"<!-- This site is optimized with the Yoast SEO plugin v19.2 - https:\/\/yoast.com\/wordpress\/plugins\/seo\/ -->\n<title>Workbench FBIA32801 - Storage Compat USA<\/title>\n<meta name=\"robots\" content=\"index, follow, max-snippet:-1, max-image-preview:large, max-video-preview:-1\" \/>\n<link rel=\"canonical\" href=\"https:\/\/storagecompat.com\/us\/product\/workbench-fbia32801\/\" \/>\n<meta property=\"og:locale\" content=\"en_US\" \/>\n<meta property=\"og:type\" content=\"article\" \/>\n<meta property=\"og:title\" content=\"Workbench FBIA32801 - Storage Compat USA\" \/>\n<meta property=\"og:description\" content=\"Los Bancos de trabajo, han sido estudiados y realizados para satisfacer de manera racional las m\u00e1s variadas demandas del mercado. Los bancos de trabajo pueden ser f\u00e1cilmente transformados, la versatilidad y la gran capacidad de estos bancos de adecuarse a cualquier tipo de exigencia en el \u00e1mbito de producci\u00f3n, del montaje o de las pruebas, est\u00e1 garantizada por su amplia gama de accesorios: ganchos, m\u00e9nsulas, paneles porta herramientas, canaleta el\u00e9ctrica, etc. Los pies est\u00e1n construidos con chapa de acero con orificios en la parte superior para el fijado del plano de trabajo, y en las placas de base para el fijado al piso. Un elemento importante de los bancos de trabajo es la cajonera, producida en varias medias y con diferentes soluciones ya sea por el tipo de cajones como por la subdivisi\u00f3n interna del mismo.\" \/>\n<meta property=\"og:url\" content=\"https:\/\/storagecompat.com\/us\/product\/workbench-fbia32801\/\" \/>\n<meta property=\"og:site_name\" content=\"Storage Compat USA\" \/>\n<meta property=\"article:modified_time\" content=\"2024-08-21T15:00:25+00:00\" \/>\n<meta property=\"og:image\" content=\"https:\/\/storagecompat.com\/us\/wp-content\/uploads\/sites\/20\/2024\/06\/FBIA32801.png\" \/>\n\t<meta property=\"og:image:width\" content=\"1080\" \/>\n\t<meta property=\"og:image:height\" content=\"1080\" \/>\n\t<meta property=\"og:image:type\" content=\"image\/png\" \/>\n<meta name=\"author\" content=\"admin\" \/>\n<meta name=\"twitter:card\" content=\"summary_large_image\" \/>\n<meta name=\"twitter:label1\" content=\"Est. reading time\" \/>\n\t<meta name=\"twitter:data1\" content=\"1 minute\" \/>\n<script type=\"application\/ld+json\" class=\"yoast-schema-graph\">{\"@context\":\"https:\/\/schema.org\",\"@graph\":[{\"@type\":\"WebSite\",\"@id\":\"https:\/\/storagecompat.com\/us\/#website\",\"url\":\"https:\/\/storagecompat.com\/us\/\",\"name\":\"Storage Compat USA\",\"description\":\"Welcome\",\"potentialAction\":[{\"@type\":\"SearchAction\",\"target\":{\"@type\":\"EntryPoint\",\"urlTemplate\":\"https:\/\/storagecompat.com\/us\/?s={search_term_string}\"},\"query-input\":\"required name=search_term_string\"}],\"inLanguage\":\"en-US\"},{\"@type\":\"ImageObject\",\"inLanguage\":\"en-US\",\"@id\":\"https:\/\/storagecompat.com\/us\/product\/workbench-fbia32801\/#primaryimage\",\"url\":\"https:\/\/storagecompat.com\/us\/wp-content\/uploads\/sites\/20\/2024\/06\/FBIA32801.png\",\"contentUrl\":\"https:\/\/storagecompat.com\/us\/wp-content\/uploads\/sites\/20\/2024\/06\/FBIA32801.png\",\"width\":1080,\"height\":1080},{\"@type\":\"WebPage\",\"@id\":\"https:\/\/storagecompat.com\/us\/product\/workbench-fbia32801\/#webpage\",\"url\":\"https:\/\/storagecompat.com\/us\/product\/workbench-fbia32801\/\",\"name\":\"Workbench FBIA32801 - Storage Compat USA\",\"isPartOf\":{\"@id\":\"https:\/\/storagecompat.com\/us\/#website\"},\"primaryImageOfPage\":{\"@id\":\"https:\/\/storagecompat.com\/us\/product\/workbench-fbia32801\/#primaryimage\"},\"datePublished\":\"2024-06-27T23:21:00+00:00\",\"dateModified\":\"2024-08-21T15:00:25+00:00\",\"breadcrumb\":{\"@id\":\"https:\/\/storagecompat.com\/us\/product\/workbench-fbia32801\/#breadcrumb\"},\"inLanguage\":\"en-US\",\"potentialAction\":[{\"@type\":\"ReadAction\",\"target\":[\"https:\/\/storagecompat.com\/us\/product\/workbench-fbia32801\/\"]}]},{\"@type\":\"BreadcrumbList\",\"@id\":\"https:\/\/storagecompat.com\/us\/product\/workbench-fbia32801\/#breadcrumb\",\"itemListElement\":[{\"@type\":\"ListItem\",\"position\":1,\"name\":\"Portada\",\"item\":\"https:\/\/storagecompat.com\/us\/\"},{\"@type\":\"ListItem\",\"position\":2,\"name\":\"Products\",\"item\":\"https:\/\/storagecompat.com\/us\/products\/\"},{\"@type\":\"ListItem\",\"position\":3,\"name\":\"Workbench FBIA32801\"}]}]}<\/script>\n<!-- \/ Yoast SEO plugin. -->","yoast_head_json":{"title":"Workbench FBIA32801 - Storage Compat USA","robots":{"index":"index","follow":"follow","max-snippet":"max-snippet:-1","max-image-preview":"max-image-preview:large","max-video-preview":"max-video-preview:-1"},"canonical":"https:\/\/storagecompat.com\/us\/product\/workbench-fbia32801\/","og_locale":"en_US","og_type":"article","og_title":"Workbench FBIA32801 - Storage Compat USA","og_description":"Los Bancos de trabajo, han sido estudiados y realizados para satisfacer de manera racional las m\u00e1s variadas demandas del mercado. Los bancos de trabajo pueden ser f\u00e1cilmente transformados, la versatilidad y la gran capacidad de estos bancos de adecuarse a cualquier tipo de exigencia en el \u00e1mbito de producci\u00f3n, del montaje o de las pruebas, est\u00e1 garantizada por su amplia gama de accesorios: ganchos, m\u00e9nsulas, paneles porta herramientas, canaleta el\u00e9ctrica, etc. Los pies est\u00e1n construidos con chapa de acero con orificios en la parte superior para el fijado del plano de trabajo, y en las placas de base para el fijado al piso. Un elemento importante de los bancos de trabajo es la cajonera, producida en varias medias y con diferentes soluciones ya sea por el tipo de cajones como por la subdivisi\u00f3n interna del mismo.","og_url":"https:\/\/storagecompat.com\/us\/product\/workbench-fbia32801\/","og_site_name":"Storage Compat USA","article_modified_time":"2024-08-21T15:00:25+00:00","og_image":[{"width":1080,"height":1080,"url":"https:\/\/storagecompat.com\/us\/wp-content\/uploads\/sites\/20\/2024\/06\/FBIA32801.png","type":"image\/png"}],"author":"admin","twitter_card":"summary_large_image","twitter_misc":{"Est. reading time":"1 minute"},"schema":{"@context":"https:\/\/schema.org","@graph":[{"@type":"WebSite","@id":"https:\/\/storagecompat.com\/us\/#website","url":"https:\/\/storagecompat.com\/us\/","name":"Storage Compat USA","description":"Welcome","potentialAction":[{"@type":"SearchAction","target":{"@type":"EntryPoint","urlTemplate":"https:\/\/storagecompat.com\/us\/?s={search_term_string}"},"query-input":"required name=search_term_string"}],"inLanguage":"en-US"},{"@type":"ImageObject","inLanguage":"en-US","@id":"https:\/\/storagecompat.com\/us\/product\/workbench-fbia32801\/#primaryimage","url":"https:\/\/storagecompat.com\/us\/wp-content\/uploads\/sites\/20\/2024\/06\/FBIA32801.png","contentUrl":"https:\/\/storagecompat.com\/us\/wp-content\/uploads\/sites\/20\/2024\/06\/FBIA32801.png","width":1080,"height":1080},{"@type":"WebPage","@id":"https:\/\/storagecompat.com\/us\/product\/workbench-fbia32801\/#webpage","url":"https:\/\/storagecompat.com\/us\/product\/workbench-fbia32801\/","name":"Workbench FBIA32801 - Storage Compat USA","isPartOf":{"@id":"https:\/\/storagecompat.com\/us\/#website"},"primaryImageOfPage":{"@id":"https:\/\/storagecompat.com\/us\/product\/workbench-fbia32801\/#primaryimage"},"datePublished":"2024-06-27T23:21:00+00:00","dateModified":"2024-08-21T15:00:25+00:00","breadcrumb":{"@id":"https:\/\/storagecompat.com\/us\/product\/workbench-fbia32801\/#breadcrumb"},"inLanguage":"en-US","potentialAction":[{"@type":"ReadAction","target":["https:\/\/storagecompat.com\/us\/product\/workbench-fbia32801\/"]}]},{"@type":"BreadcrumbList","@id":"https:\/\/storagecompat.com\/us\/product\/workbench-fbia32801\/#breadcrumb","itemListElement":[{"@type":"ListItem","position":1,"name":"Portada","item":"https:\/\/storagecompat.com\/us\/"},{"@type":"ListItem","position":2,"name":"Products","item":"https:\/\/storagecompat.com\/us\/products\/"},{"@type":"ListItem","position":3,"name":"Workbench FBIA32801"}]}]}},"_links":{"self":[{"href":"https:\/\/storagecompat.com\/us\/wp-json\/wp\/v2\/product\/7210"}],"collection":[{"href":"https:\/\/storagecompat.com\/us\/wp-json\/wp\/v2\/product"}],"about":[{"href":"https:\/\/storagecompat.com\/us\/wp-json\/wp\/v2\/types\/product"}],"replies":[{"embeddable":true,"href":"https:\/\/storagecompat.com\/us\/wp-json\/wp\/v2\/comments?post=7210"}],"wp:featuredmedia":[{"embeddable":true,"href":"https:\/\/storagecompat.com\/us\/wp-json\/wp\/v2\/media\/7245"}],"wp:attachment":[{"href":"https:\/\/storagecompat.com\/us\/wp-json\/wp\/v2\/media?parent=7210"}],"wp:term":[{"taxonomy":"product_cat","embeddable":true,"href":"https:\/\/storagecompat.com\/us\/wp-json\/wp\/v2\/product_cat?post=7210"},{"taxonomy":"product_tag","embeddable":true,"href":"https:\/\/storagecompat.com\/us\/wp-json\/wp\/v2\/product_tag?post=7210"}],"curies":[{"name":"wp","href":"https:\/\/api.w.org\/{rel}","templated":true}]}}