{"id":7071,"date":"2024-06-27T16:17:55","date_gmt":"2024-06-27T23:17:55","guid":{"rendered":"https:\/\/storagecompat.com\/us\/?post_type=product&#038;p=7071"},"modified":"2024-06-27T16:18:01","modified_gmt":"2024-06-27T23:18:01","slug":"estanteria-con-gavetas-fed4054","status":"publish","type":"product","link":"https:\/\/storagecompat.com\/us\/product\/estanteria-con-gavetas-fed4054\/","title":{"rendered":"Estanteria con gavetas FED4054"},"content":{"rendered":"<table style=\"border-collapse: collapse;width: 100%;border-color: #000000;border-style: solid\" border=\"1\">\n<tbody>\n<tr style=\"background-color: #e6e6e6\">\n<td style=\"width: 48.0458%;text-align: center\"><strong>C\u00f3digo<\/strong><\/td>\n<td style=\"width: 48.0458%;text-align: center\"><strong>Dimensiones en cm<\/strong><\/td>\n<\/tr>\n<tr>\n<td style=\"width: 48.0458%;text-align: center\"><strong>FED4054<\/strong><\/td>\n<td style=\"width: 48.0458%;text-align: center\">176.5 x 46 x 88.5 h cm<\/td>\n<\/tr>\n<\/tbody>\n<\/table>\n<p>&nbsp;<\/p>\n<table style=\"border-collapse: collapse;width: 100.034%;border-color: #000000;border-style: hidden\" border=\"1\">\n<tbody>\n<tr style=\"background-color: #e6e6e6\">\n<td style=\"width: 50.0522%;text-align: center\"><span style=\"color: #000000\"><strong>Caracter\u00edsticas T\u00e9cnicas<\/strong><\/span><\/td>\n<td style=\"width: 50.0522%;text-align: center\"><span style=\"color: #000000\"><strong>Info. \/ Cant.<\/strong><\/span><\/td>\n<\/tr>\n<tr>\n<td style=\"width: 50.0522%;text-align: center\">Estanteria Modular FED4054<\/td>\n<td style=\"width: 50.0522%;text-align: center\">1<\/td>\n<\/tr>\n<tr>\n<td style=\"width: 50.0522%;text-align: center\">Apilabilidad m\u00e1xima de m\u00f3dulos.<\/td>\n<td style=\"width: 50.0522%;text-align: center\">3<\/td>\n<\/tr>\n<tr>\n<td style=\"width: 50.0522%;text-align: center\">Contenedores pl\u00e1sticos Serie Zeus 4PLZ con travesa\u00f1o (dim. 500\/450x300x200 h.mm. cap. 28 litros)<\/td>\n<td style=\"width: 50.0522%;text-align: center\">20<\/td>\n<\/tr>\n<tr>\n<td style=\"width: 50.0522%;text-align: center\">Materia Prima.<\/td>\n<td style=\"width: 50.0522%;text-align: center\">Chapa Met\u00e1lica<\/td>\n<\/tr>\n<tr>\n<td style=\"width: 50.0522%;text-align: center\">Capacidad de carga maxima de cada contenedor.<\/td>\n<td style=\"width: 50.0522%;text-align: center\">80 Kg.<\/td>\n<\/tr>\n<tr>\n<td style=\"width: 50.0522%;text-align: center\">Capacidad de carga m\u00e1xima de cada bastidor.<\/td>\n<td style=\"width: 50.0522%;text-align: center\">1600 Kg.<\/td>\n<\/tr>\n<tr>\n<td style=\"width: 50.0522%;text-align: center\"><\/td>\n<td style=\"width: 50.0522%;text-align: center\"><\/td>\n<\/tr>\n<tr>\n<td style=\"text-align: center;width: 100.104%\" colspan=\"2\">Pintura a polvo electroest\u00e1tica en horno de 180\u00b0C, seguida de las siguientes fases: Fosfatizaci\u00f3n, enjuagado, secado, aplicaci\u00f3n del polvo electrost\u00e1tico, polimerizaci\u00f3n dentro de horno, espesor de pintura 35 a 80 micrones, tolerancia: \u03b4E 1,0 medido con espectrofot\u00f3metro a esfera 8\u00b0, formula CIE LAB, Oss.: 10\u00b0.<\/td>\n<\/tr>\n<\/tbody>\n<\/table>\n<p>&nbsp;<\/p>\n","protected":false},"excerpt":{"rendered":"<p>M\u00f3dulos de estanter\u00edas Domino con estructura y gu\u00edas met\u00e1licas configurables con cajas pl\u00e1sticas. Fabricadas con chapa de acero perfilada y pintada en color gris RAL7000. Gran resistencia incluso a plena carga. La superposici\u00f3n de las estanter\u00edas y su modularidad permiten una estabilidad de apilado excelente permitiendo la creaci\u00f3n de almacenes de altura o mostradores bajos que se pueden modificar tanto a lo largo como a lo alto en cualquier momento seg\u00fan sus necesidades. Este sistema permite organizar su almac\u00e9n con soluciones personalizadas. El apilado entre ellas a un m\u00e1ximo de 3 m\u00f3dulos de altura. Las cajas pueden ir con etiquetas para asegurar una clasificaci\u00f3n r\u00e1pida y eficaz.<\/p>\n","protected":false},"featured_media":7085,"comment_status":"open","ping_status":"closed","template":"","meta":{"_joinchat":[]},"product_cat":[175,154],"product_tag":[],"acf":[],"yoast_head":"<!-- This site is optimized with the Yoast SEO plugin v19.2 - https:\/\/yoast.com\/wordpress\/plugins\/seo\/ -->\n<title>Estanteria con gavetas FED4054 - Storage Compat USA<\/title>\n<meta name=\"robots\" content=\"index, follow, max-snippet:-1, max-image-preview:large, max-video-preview:-1\" \/>\n<link rel=\"canonical\" href=\"https:\/\/storagecompat.com\/us\/product\/estanteria-con-gavetas-fed4054\/\" \/>\n<meta property=\"og:locale\" content=\"en_US\" \/>\n<meta property=\"og:type\" content=\"article\" \/>\n<meta property=\"og:title\" content=\"Estanteria con gavetas FED4054 - Storage Compat USA\" \/>\n<meta property=\"og:description\" content=\"M\u00f3dulos de estanter\u00edas Domino con estructura y gu\u00edas met\u00e1licas configurables con cajas pl\u00e1sticas. Fabricadas con chapa de acero perfilada y pintada en color gris RAL7000. Gran resistencia incluso a plena carga. La superposici\u00f3n de las estanter\u00edas y su modularidad permiten una estabilidad de apilado excelente permitiendo la creaci\u00f3n de almacenes de altura o mostradores bajos que se pueden modificar tanto a lo largo como a lo alto en cualquier momento seg\u00fan sus necesidades. Este sistema permite organizar su almac\u00e9n con soluciones personalizadas. El apilado entre ellas a un m\u00e1ximo de 3 m\u00f3dulos de altura. Las cajas pueden ir con etiquetas para asegurar una clasificaci\u00f3n r\u00e1pida y eficaz.\" \/>\n<meta property=\"og:url\" content=\"https:\/\/storagecompat.com\/us\/product\/estanteria-con-gavetas-fed4054\/\" \/>\n<meta property=\"og:site_name\" content=\"Storage Compat USA\" \/>\n<meta property=\"article:modified_time\" content=\"2024-06-27T23:18:01+00:00\" \/>\n<meta property=\"og:image\" content=\"https:\/\/storagecompat.com\/us\/wp-content\/uploads\/sites\/20\/2024\/06\/FED4054.png\" \/>\n\t<meta property=\"og:image:width\" content=\"1024\" \/>\n\t<meta property=\"og:image:height\" content=\"1024\" \/>\n\t<meta property=\"og:image:type\" content=\"image\/png\" \/>\n<meta name=\"author\" content=\"admin\" \/>\n<meta name=\"twitter:card\" content=\"summary_large_image\" \/>\n<meta name=\"twitter:label1\" content=\"Est. reading time\" \/>\n\t<meta name=\"twitter:data1\" content=\"1 minute\" \/>\n<script type=\"application\/ld+json\" class=\"yoast-schema-graph\">{\"@context\":\"https:\/\/schema.org\",\"@graph\":[{\"@type\":\"WebSite\",\"@id\":\"https:\/\/storagecompat.com\/us\/#website\",\"url\":\"https:\/\/storagecompat.com\/us\/\",\"name\":\"Storage Compat USA\",\"description\":\"Welcome\",\"potentialAction\":[{\"@type\":\"SearchAction\",\"target\":{\"@type\":\"EntryPoint\",\"urlTemplate\":\"https:\/\/storagecompat.com\/us\/?s={search_term_string}\"},\"query-input\":\"required name=search_term_string\"}],\"inLanguage\":\"en-US\"},{\"@type\":\"ImageObject\",\"inLanguage\":\"en-US\",\"@id\":\"https:\/\/storagecompat.com\/us\/product\/estanteria-con-gavetas-fed4054\/#primaryimage\",\"url\":\"https:\/\/storagecompat.com\/us\/wp-content\/uploads\/sites\/20\/2024\/06\/FED4054.png\",\"contentUrl\":\"https:\/\/storagecompat.com\/us\/wp-content\/uploads\/sites\/20\/2024\/06\/FED4054.png\",\"width\":1024,\"height\":1024},{\"@type\":\"WebPage\",\"@id\":\"https:\/\/storagecompat.com\/us\/product\/estanteria-con-gavetas-fed4054\/#webpage\",\"url\":\"https:\/\/storagecompat.com\/us\/product\/estanteria-con-gavetas-fed4054\/\",\"name\":\"Estanteria con gavetas FED4054 - Storage Compat USA\",\"isPartOf\":{\"@id\":\"https:\/\/storagecompat.com\/us\/#website\"},\"primaryImageOfPage\":{\"@id\":\"https:\/\/storagecompat.com\/us\/product\/estanteria-con-gavetas-fed4054\/#primaryimage\"},\"datePublished\":\"2024-06-27T23:17:55+00:00\",\"dateModified\":\"2024-06-27T23:18:01+00:00\",\"breadcrumb\":{\"@id\":\"https:\/\/storagecompat.com\/us\/product\/estanteria-con-gavetas-fed4054\/#breadcrumb\"},\"inLanguage\":\"en-US\",\"potentialAction\":[{\"@type\":\"ReadAction\",\"target\":[\"https:\/\/storagecompat.com\/us\/product\/estanteria-con-gavetas-fed4054\/\"]}]},{\"@type\":\"BreadcrumbList\",\"@id\":\"https:\/\/storagecompat.com\/us\/product\/estanteria-con-gavetas-fed4054\/#breadcrumb\",\"itemListElement\":[{\"@type\":\"ListItem\",\"position\":1,\"name\":\"Portada\",\"item\":\"https:\/\/storagecompat.com\/us\/\"},{\"@type\":\"ListItem\",\"position\":2,\"name\":\"Products\",\"item\":\"https:\/\/storagecompat.com\/us\/products\/\"},{\"@type\":\"ListItem\",\"position\":3,\"name\":\"Estanteria con gavetas FED4054\"}]}]}<\/script>\n<!-- \/ Yoast SEO plugin. -->","yoast_head_json":{"title":"Estanteria con gavetas FED4054 - Storage Compat USA","robots":{"index":"index","follow":"follow","max-snippet":"max-snippet:-1","max-image-preview":"max-image-preview:large","max-video-preview":"max-video-preview:-1"},"canonical":"https:\/\/storagecompat.com\/us\/product\/estanteria-con-gavetas-fed4054\/","og_locale":"en_US","og_type":"article","og_title":"Estanteria con gavetas FED4054 - Storage Compat USA","og_description":"M\u00f3dulos de estanter\u00edas Domino con estructura y gu\u00edas met\u00e1licas configurables con cajas pl\u00e1sticas. Fabricadas con chapa de acero perfilada y pintada en color gris RAL7000. Gran resistencia incluso a plena carga. La superposici\u00f3n de las estanter\u00edas y su modularidad permiten una estabilidad de apilado excelente permitiendo la creaci\u00f3n de almacenes de altura o mostradores bajos que se pueden modificar tanto a lo largo como a lo alto en cualquier momento seg\u00fan sus necesidades. Este sistema permite organizar su almac\u00e9n con soluciones personalizadas. El apilado entre ellas a un m\u00e1ximo de 3 m\u00f3dulos de altura. Las cajas pueden ir con etiquetas para asegurar una clasificaci\u00f3n r\u00e1pida y eficaz.","og_url":"https:\/\/storagecompat.com\/us\/product\/estanteria-con-gavetas-fed4054\/","og_site_name":"Storage Compat USA","article_modified_time":"2024-06-27T23:18:01+00:00","og_image":[{"width":1024,"height":1024,"url":"https:\/\/storagecompat.com\/us\/wp-content\/uploads\/sites\/20\/2024\/06\/FED4054.png","type":"image\/png"}],"author":"admin","twitter_card":"summary_large_image","twitter_misc":{"Est. reading time":"1 minute"},"schema":{"@context":"https:\/\/schema.org","@graph":[{"@type":"WebSite","@id":"https:\/\/storagecompat.com\/us\/#website","url":"https:\/\/storagecompat.com\/us\/","name":"Storage Compat USA","description":"Welcome","potentialAction":[{"@type":"SearchAction","target":{"@type":"EntryPoint","urlTemplate":"https:\/\/storagecompat.com\/us\/?s={search_term_string}"},"query-input":"required name=search_term_string"}],"inLanguage":"en-US"},{"@type":"ImageObject","inLanguage":"en-US","@id":"https:\/\/storagecompat.com\/us\/product\/estanteria-con-gavetas-fed4054\/#primaryimage","url":"https:\/\/storagecompat.com\/us\/wp-content\/uploads\/sites\/20\/2024\/06\/FED4054.png","contentUrl":"https:\/\/storagecompat.com\/us\/wp-content\/uploads\/sites\/20\/2024\/06\/FED4054.png","width":1024,"height":1024},{"@type":"WebPage","@id":"https:\/\/storagecompat.com\/us\/product\/estanteria-con-gavetas-fed4054\/#webpage","url":"https:\/\/storagecompat.com\/us\/product\/estanteria-con-gavetas-fed4054\/","name":"Estanteria con gavetas FED4054 - Storage Compat USA","isPartOf":{"@id":"https:\/\/storagecompat.com\/us\/#website"},"primaryImageOfPage":{"@id":"https:\/\/storagecompat.com\/us\/product\/estanteria-con-gavetas-fed4054\/#primaryimage"},"datePublished":"2024-06-27T23:17:55+00:00","dateModified":"2024-06-27T23:18:01+00:00","breadcrumb":{"@id":"https:\/\/storagecompat.com\/us\/product\/estanteria-con-gavetas-fed4054\/#breadcrumb"},"inLanguage":"en-US","potentialAction":[{"@type":"ReadAction","target":["https:\/\/storagecompat.com\/us\/product\/estanteria-con-gavetas-fed4054\/"]}]},{"@type":"BreadcrumbList","@id":"https:\/\/storagecompat.com\/us\/product\/estanteria-con-gavetas-fed4054\/#breadcrumb","itemListElement":[{"@type":"ListItem","position":1,"name":"Portada","item":"https:\/\/storagecompat.com\/us\/"},{"@type":"ListItem","position":2,"name":"Products","item":"https:\/\/storagecompat.com\/us\/products\/"},{"@type":"ListItem","position":3,"name":"Estanteria con gavetas FED4054"}]}]}},"_links":{"self":[{"href":"https:\/\/storagecompat.com\/us\/wp-json\/wp\/v2\/product\/7071"}],"collection":[{"href":"https:\/\/storagecompat.com\/us\/wp-json\/wp\/v2\/product"}],"about":[{"href":"https:\/\/storagecompat.com\/us\/wp-json\/wp\/v2\/types\/product"}],"replies":[{"embeddable":true,"href":"https:\/\/storagecompat.com\/us\/wp-json\/wp\/v2\/comments?post=7071"}],"wp:featuredmedia":[{"embeddable":true,"href":"https:\/\/storagecompat.com\/us\/wp-json\/wp\/v2\/media\/7085"}],"wp:attachment":[{"href":"https:\/\/storagecompat.com\/us\/wp-json\/wp\/v2\/media?parent=7071"}],"wp:term":[{"taxonomy":"product_cat","embeddable":true,"href":"https:\/\/storagecompat.com\/us\/wp-json\/wp\/v2\/product_cat?post=7071"},{"taxonomy":"product_tag","embeddable":true,"href":"https:\/\/storagecompat.com\/us\/wp-json\/wp\/v2\/product_tag?post=7071"}],"curies":[{"name":"wp","href":"https:\/\/api.w.org\/{rel}","templated":true}]}}