{"id":7001,"date":"2024-06-27T16:17:43","date_gmt":"2024-06-27T23:17:43","guid":{"rendered":"https:\/\/storagecompat.com\/us\/?post_type=product&#038;p=7001"},"modified":"2024-09-03T11:57:53","modified_gmt":"2024-09-03T18:57:53","slug":"multibox-plastic-organizer-rk5016","status":"publish","type":"product","link":"https:\/\/storagecompat.com\/us\/product\/multibox-plastic-organizer-rk5016\/","title":{"rendered":"MULTIBOX plastic organizer RK5016"},"content":{"rendered":"<table style=\"border-collapse: collapse;width: 100%;border-color: #000000;border-style: solid\" border=\"1\">\n<tbody>\n<tr style=\"background-color: #e6e6e6\">\n<td style=\"width: 48.0458%;text-align: center\"><strong>\u00a0Code<\/strong><\/td>\n<td style=\"width: 48.0458%;text-align: center\"><strong>Dimensions in cm<\/strong><\/td>\n<\/tr>\n<tr>\n<td style=\"width: 48.0458%;text-align: center\"><span style=\"color: #34495e\">RK5016<\/span><\/td>\n<td style=\"width: 48.0458%;text-align: center\"><span style=\"color: #34495e\">50 x 16 x 10 h. cm.<\/span><\/td>\n<\/tr>\n<\/tbody>\n<\/table>\n<p>&nbsp;<\/p>\n<table style=\"border-collapse: collapse;width: 100.034%;border-color: #000000;border-style: hidden\" border=\"1\">\n<tbody>\n<tr style=\"background-color: #e6e6e6\">\n<td style=\"width: 49.9479%;text-align: center\"><strong>Technical features<\/strong><\/td>\n<td style=\"width: 49.9479%;text-align: center\"><span style=\"color: #000000\"><strong>Info. \/ Qty.<\/strong><\/span><\/td>\n<\/tr>\n<tr>\n<td style=\"width: 49.9479%;text-align: center\">Standard color<\/td>\n<td style=\"width: 49.9479%;text-align: center\">Blue &#8211; Black<\/td>\n<\/tr>\n<tr>\n<td style=\"width: 49.9479%;text-align: center\">External dimensions in cm.<\/td>\n<td style=\"width: 49.9479%;text-align: center\"><span style=\"color: #34495e\">50 x 16 x 10 h cm.<\/span><\/td>\n<\/tr>\n<tr>\n<td style=\"width: 49.9479%;text-align: center\">Internal Dim. in cm.<\/td>\n<td style=\"width: 49.9479%;text-align: center\"><span style=\"color: #34495e\">48.5 x 14.5 x 9 h cm.<\/span><\/td>\n<\/tr>\n<tr>\n<td style=\"width: 49.9479%;text-align: center\">Internal usable height in cm.<\/td>\n<td style=\"width: 49.9479%;text-align: center\"><span style=\"color: #34495e\">9.6 cm.<\/span><\/td>\n<\/tr>\n<tr>\n<td style=\"width: 49.9479%;text-align: center\">Usable stacked height in cm.<\/td>\n<td style=\"width: 49.9479%;text-align: center\"><span style=\"color: #34495e\">9 cm.<\/span><\/td>\n<\/tr>\n<tr>\n<td style=\"width: 49.9479%;text-align: center\">Volume in litres.<\/td>\n<td style=\"width: 49.9479%;text-align: center\"><span style=\"color: #34495e\">5.5 Litros<\/span><\/td>\n<\/tr>\n<tr>\n<td style=\"width: 49.9479%;text-align: center\">Weight<\/td>\n<td style=\"width: 49.9479%;text-align: center\"><span style=\"color: #34495e\">0.54 gr.<\/span><\/td>\n<\/tr>\n<tr>\n<td style=\"width: 49.9479%;text-align: center\">Thermal amplitude.<\/td>\n<td style=\"width: 49.9479%;text-align: center\"><span style=\"color: #34495e\">+60 -20 \u00b0C<\/span><\/td>\n<\/tr>\n<tr>\n<td style=\"width: 49.9479%;text-align: center\">Raw material<\/td>\n<td style=\"width: 49.9479%;text-align: center\">Polypropylene Copolymer<\/td>\n<\/tr>\n<tr>\n<td style=\"width: 49.9479%;text-align: center\"><span style=\"color: #34495e\">Load capacity<\/span><\/td>\n<td style=\"width: 49.9479%;text-align: center\"><span style=\"color: #34495e\">7 Kg.<\/span><\/td>\n<\/tr>\n<\/tbody>\n<\/table>\n<p>&nbsp;<\/p>\n","protected":false},"excerpt":{"rendered":"<p>Gavetas pl\u00e1sticas higi\u00e9nicas y apilables. Ideales para colocar en estanter\u00edas. El mejor sistema para garantizar una buena organizaci\u00f3n en caso de disponer de varios tipos de piezas ya que cuanta con la opci\u00f3n de agregar divisorios transversales transparentes para mantener en orden su contenido. La gaveta puede ser provista de etiquetas para la identificaci\u00f3n f\u00e1cil y r\u00e1pida. Adem\u00e1s cuenta con un tope de seguridad para que la caja no se caiga accidentalmente de la estanter\u00eda. Resistentes a \u00e1cidos y lej\u00edas.<\/p>\n","protected":false},"featured_media":6816,"comment_status":"open","ping_status":"closed","template":"","meta":{"_joinchat":[]},"product_cat":[158,157],"product_tag":[],"acf":[],"yoast_head":"<!-- This site is optimized with the Yoast SEO plugin v19.2 - https:\/\/yoast.com\/wordpress\/plugins\/seo\/ -->\n<title>MULTIBOX plastic organizer RK5016 - Storage Compat USA<\/title>\n<meta name=\"robots\" content=\"index, follow, max-snippet:-1, max-image-preview:large, max-video-preview:-1\" \/>\n<link rel=\"canonical\" href=\"https:\/\/storagecompat.com\/us\/product\/multibox-plastic-organizer-rk5016\/\" \/>\n<meta property=\"og:locale\" content=\"en_US\" \/>\n<meta property=\"og:type\" content=\"article\" \/>\n<meta property=\"og:title\" content=\"MULTIBOX plastic organizer RK5016 - Storage Compat USA\" \/>\n<meta property=\"og:description\" content=\"Gavetas pl\u00e1sticas higi\u00e9nicas y apilables. Ideales para colocar en estanter\u00edas. El mejor sistema para garantizar una buena organizaci\u00f3n en caso de disponer de varios tipos de piezas ya que cuanta con la opci\u00f3n de agregar divisorios transversales transparentes para mantener en orden su contenido. La gaveta puede ser provista de etiquetas para la identificaci\u00f3n f\u00e1cil y r\u00e1pida. Adem\u00e1s cuenta con un tope de seguridad para que la caja no se caiga accidentalmente de la estanter\u00eda. Resistentes a \u00e1cidos y lej\u00edas.\" \/>\n<meta property=\"og:url\" content=\"https:\/\/storagecompat.com\/us\/product\/multibox-plastic-organizer-rk5016\/\" \/>\n<meta property=\"og:site_name\" content=\"Storage Compat USA\" \/>\n<meta property=\"article:modified_time\" content=\"2024-09-03T18:57:53+00:00\" \/>\n<meta property=\"og:image\" content=\"https:\/\/storagecompat.com\/us\/wp-content\/uploads\/sites\/20\/2024\/06\/Multibox-RK5016-1-1.jpg\" \/>\n\t<meta property=\"og:image:width\" content=\"2048\" \/>\n\t<meta property=\"og:image:height\" content=\"1365\" \/>\n\t<meta property=\"og:image:type\" content=\"image\/jpeg\" \/>\n<meta name=\"author\" content=\"admin\" \/>\n<meta name=\"twitter:card\" content=\"summary_large_image\" \/>\n<meta name=\"twitter:label1\" content=\"Est. reading time\" \/>\n\t<meta name=\"twitter:data1\" content=\"1 minute\" \/>\n<script type=\"application\/ld+json\" class=\"yoast-schema-graph\">{\"@context\":\"https:\/\/schema.org\",\"@graph\":[{\"@type\":\"WebSite\",\"@id\":\"https:\/\/storagecompat.com\/us\/#website\",\"url\":\"https:\/\/storagecompat.com\/us\/\",\"name\":\"Storage Compat USA\",\"description\":\"Welcome\",\"potentialAction\":[{\"@type\":\"SearchAction\",\"target\":{\"@type\":\"EntryPoint\",\"urlTemplate\":\"https:\/\/storagecompat.com\/us\/?s={search_term_string}\"},\"query-input\":\"required name=search_term_string\"}],\"inLanguage\":\"en-US\"},{\"@type\":\"ImageObject\",\"inLanguage\":\"en-US\",\"@id\":\"https:\/\/storagecompat.com\/us\/product\/multibox-plastic-organizer-rk5016\/#primaryimage\",\"url\":\"https:\/\/storagecompat.com\/us\/wp-content\/uploads\/sites\/20\/2024\/06\/Multibox-RK5016-1-1.jpg\",\"contentUrl\":\"https:\/\/storagecompat.com\/us\/wp-content\/uploads\/sites\/20\/2024\/06\/Multibox-RK5016-1-1.jpg\",\"width\":2048,\"height\":1365},{\"@type\":\"WebPage\",\"@id\":\"https:\/\/storagecompat.com\/us\/product\/multibox-plastic-organizer-rk5016\/#webpage\",\"url\":\"https:\/\/storagecompat.com\/us\/product\/multibox-plastic-organizer-rk5016\/\",\"name\":\"MULTIBOX plastic organizer RK5016 - Storage Compat USA\",\"isPartOf\":{\"@id\":\"https:\/\/storagecompat.com\/us\/#website\"},\"primaryImageOfPage\":{\"@id\":\"https:\/\/storagecompat.com\/us\/product\/multibox-plastic-organizer-rk5016\/#primaryimage\"},\"datePublished\":\"2024-06-27T23:17:43+00:00\",\"dateModified\":\"2024-09-03T18:57:53+00:00\",\"breadcrumb\":{\"@id\":\"https:\/\/storagecompat.com\/us\/product\/multibox-plastic-organizer-rk5016\/#breadcrumb\"},\"inLanguage\":\"en-US\",\"potentialAction\":[{\"@type\":\"ReadAction\",\"target\":[\"https:\/\/storagecompat.com\/us\/product\/multibox-plastic-organizer-rk5016\/\"]}]},{\"@type\":\"BreadcrumbList\",\"@id\":\"https:\/\/storagecompat.com\/us\/product\/multibox-plastic-organizer-rk5016\/#breadcrumb\",\"itemListElement\":[{\"@type\":\"ListItem\",\"position\":1,\"name\":\"Portada\",\"item\":\"https:\/\/storagecompat.com\/us\/\"},{\"@type\":\"ListItem\",\"position\":2,\"name\":\"Products\",\"item\":\"https:\/\/storagecompat.com\/us\/products\/\"},{\"@type\":\"ListItem\",\"position\":3,\"name\":\"MULTIBOX plastic organizer RK5016\"}]}]}<\/script>\n<!-- \/ Yoast SEO plugin. -->","yoast_head_json":{"title":"MULTIBOX plastic organizer RK5016 - Storage Compat USA","robots":{"index":"index","follow":"follow","max-snippet":"max-snippet:-1","max-image-preview":"max-image-preview:large","max-video-preview":"max-video-preview:-1"},"canonical":"https:\/\/storagecompat.com\/us\/product\/multibox-plastic-organizer-rk5016\/","og_locale":"en_US","og_type":"article","og_title":"MULTIBOX plastic organizer RK5016 - Storage Compat USA","og_description":"Gavetas pl\u00e1sticas higi\u00e9nicas y apilables. Ideales para colocar en estanter\u00edas. El mejor sistema para garantizar una buena organizaci\u00f3n en caso de disponer de varios tipos de piezas ya que cuanta con la opci\u00f3n de agregar divisorios transversales transparentes para mantener en orden su contenido. La gaveta puede ser provista de etiquetas para la identificaci\u00f3n f\u00e1cil y r\u00e1pida. Adem\u00e1s cuenta con un tope de seguridad para que la caja no se caiga accidentalmente de la estanter\u00eda. Resistentes a \u00e1cidos y lej\u00edas.","og_url":"https:\/\/storagecompat.com\/us\/product\/multibox-plastic-organizer-rk5016\/","og_site_name":"Storage Compat USA","article_modified_time":"2024-09-03T18:57:53+00:00","og_image":[{"width":2048,"height":1365,"url":"https:\/\/storagecompat.com\/us\/wp-content\/uploads\/sites\/20\/2024\/06\/Multibox-RK5016-1-1.jpg","type":"image\/jpeg"}],"author":"admin","twitter_card":"summary_large_image","twitter_misc":{"Est. reading time":"1 minute"},"schema":{"@context":"https:\/\/schema.org","@graph":[{"@type":"WebSite","@id":"https:\/\/storagecompat.com\/us\/#website","url":"https:\/\/storagecompat.com\/us\/","name":"Storage Compat USA","description":"Welcome","potentialAction":[{"@type":"SearchAction","target":{"@type":"EntryPoint","urlTemplate":"https:\/\/storagecompat.com\/us\/?s={search_term_string}"},"query-input":"required name=search_term_string"}],"inLanguage":"en-US"},{"@type":"ImageObject","inLanguage":"en-US","@id":"https:\/\/storagecompat.com\/us\/product\/multibox-plastic-organizer-rk5016\/#primaryimage","url":"https:\/\/storagecompat.com\/us\/wp-content\/uploads\/sites\/20\/2024\/06\/Multibox-RK5016-1-1.jpg","contentUrl":"https:\/\/storagecompat.com\/us\/wp-content\/uploads\/sites\/20\/2024\/06\/Multibox-RK5016-1-1.jpg","width":2048,"height":1365},{"@type":"WebPage","@id":"https:\/\/storagecompat.com\/us\/product\/multibox-plastic-organizer-rk5016\/#webpage","url":"https:\/\/storagecompat.com\/us\/product\/multibox-plastic-organizer-rk5016\/","name":"MULTIBOX plastic organizer RK5016 - Storage Compat USA","isPartOf":{"@id":"https:\/\/storagecompat.com\/us\/#website"},"primaryImageOfPage":{"@id":"https:\/\/storagecompat.com\/us\/product\/multibox-plastic-organizer-rk5016\/#primaryimage"},"datePublished":"2024-06-27T23:17:43+00:00","dateModified":"2024-09-03T18:57:53+00:00","breadcrumb":{"@id":"https:\/\/storagecompat.com\/us\/product\/multibox-plastic-organizer-rk5016\/#breadcrumb"},"inLanguage":"en-US","potentialAction":[{"@type":"ReadAction","target":["https:\/\/storagecompat.com\/us\/product\/multibox-plastic-organizer-rk5016\/"]}]},{"@type":"BreadcrumbList","@id":"https:\/\/storagecompat.com\/us\/product\/multibox-plastic-organizer-rk5016\/#breadcrumb","itemListElement":[{"@type":"ListItem","position":1,"name":"Portada","item":"https:\/\/storagecompat.com\/us\/"},{"@type":"ListItem","position":2,"name":"Products","item":"https:\/\/storagecompat.com\/us\/products\/"},{"@type":"ListItem","position":3,"name":"MULTIBOX plastic organizer RK5016"}]}]}},"_links":{"self":[{"href":"https:\/\/storagecompat.com\/us\/wp-json\/wp\/v2\/product\/7001"}],"collection":[{"href":"https:\/\/storagecompat.com\/us\/wp-json\/wp\/v2\/product"}],"about":[{"href":"https:\/\/storagecompat.com\/us\/wp-json\/wp\/v2\/types\/product"}],"replies":[{"embeddable":true,"href":"https:\/\/storagecompat.com\/us\/wp-json\/wp\/v2\/comments?post=7001"}],"wp:featuredmedia":[{"embeddable":true,"href":"https:\/\/storagecompat.com\/us\/wp-json\/wp\/v2\/media\/6816"}],"wp:attachment":[{"href":"https:\/\/storagecompat.com\/us\/wp-json\/wp\/v2\/media?parent=7001"}],"wp:term":[{"taxonomy":"product_cat","embeddable":true,"href":"https:\/\/storagecompat.com\/us\/wp-json\/wp\/v2\/product_cat?post=7001"},{"taxonomy":"product_tag","embeddable":true,"href":"https:\/\/storagecompat.com\/us\/wp-json\/wp\/v2\/product_tag?post=7001"}],"curies":[{"name":"wp","href":"https:\/\/api.w.org\/{rel}","templated":true}]}}