{"id":6698,"date":"2024-05-16T17:11:13","date_gmt":"2024-05-16T22:11:13","guid":{"rendered":"https:\/\/storagecompat.com\/pe\/?post_type=product&#038;p=6698"},"modified":"2024-05-16T17:12:31","modified_gmt":"2024-05-16T22:12:31","slug":"armario-persiana-fbl701160","status":"publish","type":"product","link":"https:\/\/storagecompat.com\/pe\/producto\/armario-persiana-fbl701160\/","title":{"rendered":"Armario Persiana FBL701160"},"content":{"rendered":"<table style=\"border-collapse: collapse;width: 100%;border-color: #000000;border-style: solid\" border=\"1\">\n<tbody>\n<tr style=\"background-color: #e6e6e6\">\n<td style=\"width: 48.0458%;text-align: center\"><span style=\"color: #000000\"><strong>C\u00f3digo<\/strong><\/span><\/td>\n<td style=\"width: 48.0458%;text-align: center\"><span style=\"color: #000000\"><strong>Dimensiones en cm<\/strong><\/span><\/td>\n<\/tr>\n<tr>\n<td style=\"width: 48.0458%;text-align: center\"><strong>FBL701160\u00a0<\/strong><\/td>\n<td style=\"width: 48.0458%;text-align: center\"><strong>95 x 21 x 81 cm<\/strong><\/td>\n<\/tr>\n<\/tbody>\n<\/table>\n<p>&nbsp;<\/p>\n<table style=\"border-collapse: collapse;width: 100.034%;border-color: #000000;border-style: solid\" border=\"1\">\n<tbody>\n<tr style=\"background-color: #e6e6e6\">\n<td style=\"width: 49.9479%;text-align: center\"><span style=\"color: #000000\"><strong>Caracter\u00edsticas T\u00e9cnicas<\/strong><\/span><\/td>\n<td style=\"width: 49.9479%;text-align: center\"><span style=\"color: #000000\"><strong>Qty<\/strong><\/span><\/td>\n<\/tr>\n<tr>\n<td style=\"width: 49.9479%;text-align: center\">Persiana para armario.<\/td>\n<td style=\"width: 49.9479%;text-align: center\">1<\/td>\n<\/tr>\n<tr>\n<td style=\"width: 49.9479%;text-align: center\">Manija ergon\u00f3mica<\/td>\n<td style=\"width: 49.9479%;text-align: center\">1<\/td>\n<\/tr>\n<tr>\n<td style=\"width: 49.9479%;text-align: center\">Cerradura a cilindro Serie 45 de enganche lateral.<\/td>\n<td style=\"width: 49.9479%;text-align: center\">1<\/td>\n<\/tr>\n<tr>\n<td style=\"width: 49.9479%;text-align: center\">Panel perforado para armario persiana.<\/td>\n<td style=\"width: 49.9479%;text-align: center\">2<\/td>\n<\/tr>\n<tr>\n<td style=\"width: 49.9479%;text-align: center\">Set de ganchos FULL para 66 herramientas.<\/td>\n<td style=\"width: 49.9479%;text-align: center\">1<\/td>\n<\/tr>\n<tr>\n<td style=\"width: 49.9479%;text-align: center\">Llaves incluidas (pueden solicitarse m\u00e1s unidades de llaves maestra aparte).<\/td>\n<td style=\"width: 49.9479%;text-align: center\">2<\/td>\n<\/tr>\n<tr>\n<td style=\"width: 49.9479%;text-align: center\">Peso total aproximado del Armario.<\/td>\n<td style=\"width: 49.9479%;text-align: center\">32.5 Kg.<\/td>\n<\/tr>\n<tr>\n<td style=\"width: 49.9479%;text-align: center\">Capacidad de carga total.<\/td>\n<td style=\"width: 49.9479%;text-align: center\">50 Kg.<\/td>\n<\/tr>\n<tr>\n<td style=\"text-align: center;width: 99.8957%\" colspan=\"2\">Pintura a polvo electroest\u00e1tica en horno de 180\u00b0C, seguida de las siguientes fases: Fosfatizaci\u00f3n, enjuagado, secado, aplicaci\u00f3n del polvo electrost\u00e1tico, polimerizaci\u00f3n dentro de horno, espesor de pintura 35 a 80 micrones, tolerancia: \u03b4E 1,0 medido con espectrofot\u00f3metro a esfera 8\u00b0, formula CIE LAB, Oss.: 10\u00b0<\/td>\n<\/tr>\n<\/tbody>\n<\/table>\n<p>&nbsp;<\/p>\n","protected":false},"excerpt":{"rendered":"<p>Armario con cierre persiana para amurar a cualquier pared. Est\u00e1n fabricados con ayuda de las m\u00e1s modernas tecnolog\u00edas, empleando materiales de primera calidad; la persiana de seguridad es de alto impacto inviolable y de levantamiento autom\u00e1tico mec\u00e1nico lo cual evita pinzamientos o ca\u00eddas imprevistas. Se adaptan a cada exigencia resolviendo de forma racional el almacenaje de los diferentes materiales o herramientas. Es vers\u00e1til, robusto, con capacidad de incluir paneles perforados e incorporar ganchos para herramientas.<\/p>\n","protected":false},"featured_media":6751,"comment_status":"open","ping_status":"closed","template":"","meta":{"_joinchat":[]},"product_cat":[151,113],"product_tag":[],"acf":[],"yoast_head":"<!-- This site is optimized with the Yoast SEO plugin v19.2 - https:\/\/yoast.com\/wordpress\/plugins\/seo\/ -->\n<title>Armario Persiana FBL701160 - Storage Compat Per\u00fa<\/title>\n<meta name=\"robots\" content=\"index, follow, max-snippet:-1, max-image-preview:large, max-video-preview:-1\" \/>\n<link rel=\"canonical\" href=\"https:\/\/storagecompat.com\/pe\/producto\/armario-persiana-fbl701160\/\" \/>\n<meta property=\"og:locale\" content=\"es_ES\" \/>\n<meta property=\"og:type\" content=\"article\" \/>\n<meta property=\"og:title\" content=\"Armario Persiana FBL701160 - Storage Compat Per\u00fa\" \/>\n<meta property=\"og:description\" content=\"Armario con cierre persiana para amurar a cualquier pared. Est\u00e1n fabricados con ayuda de las m\u00e1s modernas tecnolog\u00edas, empleando materiales de primera calidad; la persiana de seguridad es de alto impacto inviolable y de levantamiento autom\u00e1tico mec\u00e1nico lo cual evita pinzamientos o ca\u00eddas imprevistas. Se adaptan a cada exigencia resolviendo de forma racional el almacenaje de los diferentes materiales o herramientas. Es vers\u00e1til, robusto, con capacidad de incluir paneles perforados e incorporar ganchos para herramientas.\" \/>\n<meta property=\"og:url\" content=\"https:\/\/storagecompat.com\/pe\/producto\/armario-persiana-fbl701160\/\" \/>\n<meta property=\"og:site_name\" content=\"Storage Compat Per\u00fa\" \/>\n<meta property=\"article:modified_time\" content=\"2024-05-16T22:12:31+00:00\" \/>\n<meta name=\"author\" content=\"admin\" \/>\n<meta name=\"twitter:card\" content=\"summary_large_image\" \/>\n<meta name=\"twitter:label1\" content=\"Est. reading time\" \/>\n\t<meta name=\"twitter:data1\" content=\"1 minuto\" \/>\n<script type=\"application\/ld+json\" class=\"yoast-schema-graph\">{\"@context\":\"https:\/\/schema.org\",\"@graph\":[{\"@type\":\"WebSite\",\"@id\":\"https:\/\/storagecompat.com\/pe\/#website\",\"url\":\"https:\/\/storagecompat.com\/pe\/\",\"name\":\"Storage Compat Per\u00fa\",\"description\":\"Bienvenido!\",\"potentialAction\":[{\"@type\":\"SearchAction\",\"target\":{\"@type\":\"EntryPoint\",\"urlTemplate\":\"https:\/\/storagecompat.com\/pe\/?s={search_term_string}\"},\"query-input\":\"required name=search_term_string\"}],\"inLanguage\":\"es\"},{\"@type\":\"ImageObject\",\"inLanguage\":\"es\",\"@id\":\"https:\/\/storagecompat.com\/pe\/producto\/armario-persiana-fbl701160\/#primaryimage\",\"url\":\"https:\/\/storagecompat.com\/pe\/wp-content\/uploads\/sites\/22\/2024\/05\/Armario-persiana-5_1.png\",\"contentUrl\":\"https:\/\/storagecompat.com\/pe\/wp-content\/uploads\/sites\/22\/2024\/05\/Armario-persiana-5_1.png\",\"width\":1024,\"height\":1024},{\"@type\":\"WebPage\",\"@id\":\"https:\/\/storagecompat.com\/pe\/producto\/armario-persiana-fbl701160\/#webpage\",\"url\":\"https:\/\/storagecompat.com\/pe\/producto\/armario-persiana-fbl701160\/\",\"name\":\"Armario Persiana FBL701160 - Storage Compat Per\u00fa\",\"isPartOf\":{\"@id\":\"https:\/\/storagecompat.com\/pe\/#website\"},\"primaryImageOfPage\":{\"@id\":\"https:\/\/storagecompat.com\/pe\/producto\/armario-persiana-fbl701160\/#primaryimage\"},\"datePublished\":\"2024-05-16T22:11:13+00:00\",\"dateModified\":\"2024-05-16T22:12:31+00:00\",\"breadcrumb\":{\"@id\":\"https:\/\/storagecompat.com\/pe\/producto\/armario-persiana-fbl701160\/#breadcrumb\"},\"inLanguage\":\"es\",\"potentialAction\":[{\"@type\":\"ReadAction\",\"target\":[\"https:\/\/storagecompat.com\/pe\/producto\/armario-persiana-fbl701160\/\"]}]},{\"@type\":\"BreadcrumbList\",\"@id\":\"https:\/\/storagecompat.com\/pe\/producto\/armario-persiana-fbl701160\/#breadcrumb\",\"itemListElement\":[{\"@type\":\"ListItem\",\"position\":1,\"name\":\"Portada\",\"item\":\"https:\/\/storagecompat.com\/pe\/\"},{\"@type\":\"ListItem\",\"position\":2,\"name\":\"Productos\",\"item\":\"https:\/\/storagecompat.com\/pe\/productos\/\"},{\"@type\":\"ListItem\",\"position\":3,\"name\":\"Armario Persiana FBL701160\"}]}]}<\/script>\n<!-- \/ Yoast SEO plugin. -->","yoast_head_json":{"title":"Armario Persiana FBL701160 - Storage Compat Per\u00fa","robots":{"index":"index","follow":"follow","max-snippet":"max-snippet:-1","max-image-preview":"max-image-preview:large","max-video-preview":"max-video-preview:-1"},"canonical":"https:\/\/storagecompat.com\/pe\/producto\/armario-persiana-fbl701160\/","og_locale":"es_ES","og_type":"article","og_title":"Armario Persiana FBL701160 - Storage Compat Per\u00fa","og_description":"Armario con cierre persiana para amurar a cualquier pared. Est\u00e1n fabricados con ayuda de las m\u00e1s modernas tecnolog\u00edas, empleando materiales de primera calidad; la persiana de seguridad es de alto impacto inviolable y de levantamiento autom\u00e1tico mec\u00e1nico lo cual evita pinzamientos o ca\u00eddas imprevistas. Se adaptan a cada exigencia resolviendo de forma racional el almacenaje de los diferentes materiales o herramientas. Es vers\u00e1til, robusto, con capacidad de incluir paneles perforados e incorporar ganchos para herramientas.","og_url":"https:\/\/storagecompat.com\/pe\/producto\/armario-persiana-fbl701160\/","og_site_name":"Storage Compat Per\u00fa","article_modified_time":"2024-05-16T22:12:31+00:00","author":"admin","twitter_card":"summary_large_image","twitter_misc":{"Est. reading time":"1 minuto"},"schema":{"@context":"https:\/\/schema.org","@graph":[{"@type":"WebSite","@id":"https:\/\/storagecompat.com\/pe\/#website","url":"https:\/\/storagecompat.com\/pe\/","name":"Storage Compat Per\u00fa","description":"Bienvenido!","potentialAction":[{"@type":"SearchAction","target":{"@type":"EntryPoint","urlTemplate":"https:\/\/storagecompat.com\/pe\/?s={search_term_string}"},"query-input":"required name=search_term_string"}],"inLanguage":"es"},{"@type":"ImageObject","inLanguage":"es","@id":"https:\/\/storagecompat.com\/pe\/producto\/armario-persiana-fbl701160\/#primaryimage","url":"https:\/\/storagecompat.com\/pe\/wp-content\/uploads\/sites\/22\/2024\/05\/Armario-persiana-5_1.png","contentUrl":"https:\/\/storagecompat.com\/pe\/wp-content\/uploads\/sites\/22\/2024\/05\/Armario-persiana-5_1.png","width":1024,"height":1024},{"@type":"WebPage","@id":"https:\/\/storagecompat.com\/pe\/producto\/armario-persiana-fbl701160\/#webpage","url":"https:\/\/storagecompat.com\/pe\/producto\/armario-persiana-fbl701160\/","name":"Armario Persiana FBL701160 - Storage Compat Per\u00fa","isPartOf":{"@id":"https:\/\/storagecompat.com\/pe\/#website"},"primaryImageOfPage":{"@id":"https:\/\/storagecompat.com\/pe\/producto\/armario-persiana-fbl701160\/#primaryimage"},"datePublished":"2024-05-16T22:11:13+00:00","dateModified":"2024-05-16T22:12:31+00:00","breadcrumb":{"@id":"https:\/\/storagecompat.com\/pe\/producto\/armario-persiana-fbl701160\/#breadcrumb"},"inLanguage":"es","potentialAction":[{"@type":"ReadAction","target":["https:\/\/storagecompat.com\/pe\/producto\/armario-persiana-fbl701160\/"]}]},{"@type":"BreadcrumbList","@id":"https:\/\/storagecompat.com\/pe\/producto\/armario-persiana-fbl701160\/#breadcrumb","itemListElement":[{"@type":"ListItem","position":1,"name":"Portada","item":"https:\/\/storagecompat.com\/pe\/"},{"@type":"ListItem","position":2,"name":"Productos","item":"https:\/\/storagecompat.com\/pe\/productos\/"},{"@type":"ListItem","position":3,"name":"Armario Persiana FBL701160"}]}]}},"_links":{"self":[{"href":"https:\/\/storagecompat.com\/pe\/wp-json\/wp\/v2\/product\/6698"}],"collection":[{"href":"https:\/\/storagecompat.com\/pe\/wp-json\/wp\/v2\/product"}],"about":[{"href":"https:\/\/storagecompat.com\/pe\/wp-json\/wp\/v2\/types\/product"}],"replies":[{"embeddable":true,"href":"https:\/\/storagecompat.com\/pe\/wp-json\/wp\/v2\/comments?post=6698"}],"wp:featuredmedia":[{"embeddable":true,"href":"https:\/\/storagecompat.com\/pe\/wp-json\/wp\/v2\/media\/6751"}],"wp:attachment":[{"href":"https:\/\/storagecompat.com\/pe\/wp-json\/wp\/v2\/media?parent=6698"}],"wp:term":[{"taxonomy":"product_cat","embeddable":true,"href":"https:\/\/storagecompat.com\/pe\/wp-json\/wp\/v2\/product_cat?post=6698"},{"taxonomy":"product_tag","embeddable":true,"href":"https:\/\/storagecompat.com\/pe\/wp-json\/wp\/v2\/product_tag?post=6698"}],"curies":[{"name":"wp","href":"https:\/\/api.w.org\/{rel}","templated":true}]}}