{"id":6506,"date":"2024-05-16T17:07:16","date_gmt":"2024-05-16T22:07:16","guid":{"rendered":"https:\/\/storagecompat.com\/pe\/?post_type=product&#038;p=6506"},"modified":"2024-05-16T17:08:11","modified_gmt":"2024-05-16T22:08:11","slug":"gavetas-plasticas-serie-zeus-3plz","status":"publish","type":"product","link":"https:\/\/storagecompat.com\/pe\/producto\/gavetas-plasticas-serie-zeus-3plz\/","title":{"rendered":"Gavetas pl\u00e1sticas Serie Zeus 3PLZ"},"content":{"rendered":"<table style=\"border-collapse: collapse;width: 100%;border-color: #000000;border-style: solid\" border=\"1\">\n<tbody>\n<tr style=\"background-color: #e6e6e6\">\n<td style=\"width: 48.0458%;text-align: center\"><strong>C\u00f3digo<\/strong><\/td>\n<td style=\"width: 48.0458%;text-align: center\"><strong>Dimensiones en cm<\/strong><\/td>\n<\/tr>\n<tr>\n<td style=\"width: 48.0458%;text-align: center\"><strong>3 PLZ<\/strong><\/td>\n<td style=\"width: 48.0458%;text-align: center\"><strong>350\/300 x 200 x 200 h<\/strong><\/td>\n<\/tr>\n<\/tbody>\n<\/table>\n<p>&nbsp;<\/p>\n<table style=\"border-collapse: collapse;width: 100.034%;border-color: #000000;border-style: hidden\" border=\"1\">\n<tbody>\n<tr style=\"background-color: #e6e6e6\">\n<td style=\"width: 49.9479%;text-align: center\"><span style=\"color: #000000\"><strong>Caracter\u00edsticas T\u00e9cnicas<\/strong><\/span><\/td>\n<td style=\"width: 49.9479%;text-align: center\"><span style=\"color: #000000\"><strong>Info. \/ Cant.<\/strong><\/span><\/td>\n<\/tr>\n<tr>\n<td style=\"width: 49.9479%;text-align: center\">Color de serie<\/td>\n<td style=\"width: 49.9479%;text-align: center\">Negro, Gris, Rojo, Verde, Azul, Blanco, Amarillo.<\/td>\n<\/tr>\n<tr>\n<td style=\"width: 49.9479%;text-align: center\">Dimensiones externas en cm.<\/td>\n<td style=\"width: 49.9479%;text-align: center\">350\/300x200x200 h<\/td>\n<\/tr>\n<tr>\n<td style=\"width: 49.9479%;text-align: center\">Dim. Interna en cm.<\/td>\n<td style=\"width: 49.9479%;text-align: center\">278x184x180 h<\/td>\n<\/tr>\n<tr>\n<td style=\"width: 49.9479%;text-align: center\">Altura \u00fatil interna en cm.<\/td>\n<td style=\"width: 49.9479%;text-align: center\">194<\/td>\n<\/tr>\n<tr>\n<td style=\"width: 49.9479%;text-align: center\">Altura \u00fatil apilada en cm.<\/td>\n<td style=\"width: 49.9479%;text-align: center\">180<\/td>\n<\/tr>\n<tr>\n<td style=\"width: 49.9479%;text-align: center\">Capacidad en litros.<\/td>\n<td style=\"width: 49.9479%;text-align: center\">12.5<\/td>\n<\/tr>\n<tr>\n<td style=\"width: 49.9479%;text-align: center\">Cap. de carga Kg.<\/td>\n<td style=\"width: 49.9479%;text-align: center\">20<\/td>\n<\/tr>\n<tr>\n<td style=\"width: 49.9479%;text-align: center\">Peso gr.<\/td>\n<td style=\"width: 49.9479%;text-align: center\">735<\/td>\n<\/tr>\n<tr>\n<td style=\"width: 49.9479%;text-align: center\">Amplitud t\u00e9rmica.<\/td>\n<td style=\"width: 49.9479%;text-align: center\">+60 -20 \u00b0C<\/td>\n<\/tr>\n<tr>\n<td style=\"width: 49.9479%;text-align: center\">Materia prima<\/td>\n<td style=\"width: 49.9479%;text-align: center\">Polipropileno Copol\u00edmero<\/td>\n<\/tr>\n<\/tbody>\n<\/table>\n<p>&nbsp;<\/p>\n","protected":false},"excerpt":{"rendered":"<p>La serie de contenedores serie ZEUS est\u00e1n fabricados en polipropileno copol\u00edmero. Es la soluci\u00f3n ideal para diferentes problemas de almacenaje, sea en dep\u00f3sitos, l\u00edneas de montaje o talleres. Otorgan la posibilidad de mantener todo ordenado, etiquetado y al alcance de la mano, consiguiendo ahorro en horas hombre de trabajo y por consiguiente competitividad, logrando baja de costos de inventarios.<\/p>\n","protected":false},"featured_media":6560,"comment_status":"open","ping_status":"closed","template":"","meta":{"_joinchat":[]},"product_cat":[118,109,138,146,132],"product_tag":[],"acf":[],"yoast_head":"<!-- This site is optimized with the Yoast SEO plugin v19.2 - https:\/\/yoast.com\/wordpress\/plugins\/seo\/ -->\n<title>Gavetas pl\u00e1sticas Serie Zeus 3PLZ - Storage Compat Per\u00fa<\/title>\n<meta name=\"robots\" content=\"index, follow, max-snippet:-1, max-image-preview:large, max-video-preview:-1\" \/>\n<link rel=\"canonical\" href=\"https:\/\/storagecompat.com\/pe\/producto\/gavetas-plasticas-serie-zeus-3plz\/\" \/>\n<meta property=\"og:locale\" content=\"es_ES\" \/>\n<meta property=\"og:type\" content=\"article\" \/>\n<meta property=\"og:title\" content=\"Gavetas pl\u00e1sticas Serie Zeus 3PLZ - Storage Compat Per\u00fa\" \/>\n<meta property=\"og:description\" content=\"La serie de contenedores serie ZEUS est\u00e1n fabricados en polipropileno copol\u00edmero. Es la soluci\u00f3n ideal para diferentes problemas de almacenaje, sea en dep\u00f3sitos, l\u00edneas de montaje o talleres. Otorgan la posibilidad de mantener todo ordenado, etiquetado y al alcance de la mano, consiguiendo ahorro en horas hombre de trabajo y por consiguiente competitividad, logrando baja de costos de inventarios.\" \/>\n<meta property=\"og:url\" content=\"https:\/\/storagecompat.com\/pe\/producto\/gavetas-plasticas-serie-zeus-3plz\/\" \/>\n<meta property=\"og:site_name\" content=\"Storage Compat Per\u00fa\" \/>\n<meta property=\"article:modified_time\" content=\"2024-05-16T22:08:11+00:00\" \/>\n<meta name=\"author\" content=\"admin\" \/>\n<meta name=\"twitter:card\" content=\"summary_large_image\" \/>\n<meta name=\"twitter:label1\" content=\"Est. reading time\" \/>\n\t<meta name=\"twitter:data1\" content=\"1 minuto\" \/>\n<script type=\"application\/ld+json\" class=\"yoast-schema-graph\">{\"@context\":\"https:\/\/schema.org\",\"@graph\":[{\"@type\":\"WebSite\",\"@id\":\"https:\/\/storagecompat.com\/pe\/#website\",\"url\":\"https:\/\/storagecompat.com\/pe\/\",\"name\":\"Storage Compat Per\u00fa\",\"description\":\"Bienvenido!\",\"potentialAction\":[{\"@type\":\"SearchAction\",\"target\":{\"@type\":\"EntryPoint\",\"urlTemplate\":\"https:\/\/storagecompat.com\/pe\/?s={search_term_string}\"},\"query-input\":\"required name=search_term_string\"}],\"inLanguage\":\"es\"},{\"@type\":\"ImageObject\",\"inLanguage\":\"es\",\"@id\":\"https:\/\/storagecompat.com\/pe\/producto\/gavetas-plasticas-serie-zeus-3plz\/#primaryimage\",\"url\":\"https:\/\/storagecompat.com\/pe\/wp-content\/uploads\/sites\/22\/2024\/05\/3plz-Negro.jpg\",\"contentUrl\":\"https:\/\/storagecompat.com\/pe\/wp-content\/uploads\/sites\/22\/2024\/05\/3plz-Negro.jpg\",\"width\":1024,\"height\":1024},{\"@type\":\"WebPage\",\"@id\":\"https:\/\/storagecompat.com\/pe\/producto\/gavetas-plasticas-serie-zeus-3plz\/#webpage\",\"url\":\"https:\/\/storagecompat.com\/pe\/producto\/gavetas-plasticas-serie-zeus-3plz\/\",\"name\":\"Gavetas pl\u00e1sticas Serie Zeus 3PLZ - Storage Compat Per\u00fa\",\"isPartOf\":{\"@id\":\"https:\/\/storagecompat.com\/pe\/#website\"},\"primaryImageOfPage\":{\"@id\":\"https:\/\/storagecompat.com\/pe\/producto\/gavetas-plasticas-serie-zeus-3plz\/#primaryimage\"},\"datePublished\":\"2024-05-16T22:07:16+00:00\",\"dateModified\":\"2024-05-16T22:08:11+00:00\",\"breadcrumb\":{\"@id\":\"https:\/\/storagecompat.com\/pe\/producto\/gavetas-plasticas-serie-zeus-3plz\/#breadcrumb\"},\"inLanguage\":\"es\",\"potentialAction\":[{\"@type\":\"ReadAction\",\"target\":[\"https:\/\/storagecompat.com\/pe\/producto\/gavetas-plasticas-serie-zeus-3plz\/\"]}]},{\"@type\":\"BreadcrumbList\",\"@id\":\"https:\/\/storagecompat.com\/pe\/producto\/gavetas-plasticas-serie-zeus-3plz\/#breadcrumb\",\"itemListElement\":[{\"@type\":\"ListItem\",\"position\":1,\"name\":\"Portada\",\"item\":\"https:\/\/storagecompat.com\/pe\/\"},{\"@type\":\"ListItem\",\"position\":2,\"name\":\"Productos\",\"item\":\"https:\/\/storagecompat.com\/pe\/productos\/\"},{\"@type\":\"ListItem\",\"position\":3,\"name\":\"Gavetas pl\u00e1sticas Serie Zeus 3PLZ\"}]}]}<\/script>\n<!-- \/ Yoast SEO plugin. -->","yoast_head_json":{"title":"Gavetas pl\u00e1sticas Serie Zeus 3PLZ - Storage Compat Per\u00fa","robots":{"index":"index","follow":"follow","max-snippet":"max-snippet:-1","max-image-preview":"max-image-preview:large","max-video-preview":"max-video-preview:-1"},"canonical":"https:\/\/storagecompat.com\/pe\/producto\/gavetas-plasticas-serie-zeus-3plz\/","og_locale":"es_ES","og_type":"article","og_title":"Gavetas pl\u00e1sticas Serie Zeus 3PLZ - Storage Compat Per\u00fa","og_description":"La serie de contenedores serie ZEUS est\u00e1n fabricados en polipropileno copol\u00edmero. Es la soluci\u00f3n ideal para diferentes problemas de almacenaje, sea en dep\u00f3sitos, l\u00edneas de montaje o talleres. Otorgan la posibilidad de mantener todo ordenado, etiquetado y al alcance de la mano, consiguiendo ahorro en horas hombre de trabajo y por consiguiente competitividad, logrando baja de costos de inventarios.","og_url":"https:\/\/storagecompat.com\/pe\/producto\/gavetas-plasticas-serie-zeus-3plz\/","og_site_name":"Storage Compat Per\u00fa","article_modified_time":"2024-05-16T22:08:11+00:00","author":"admin","twitter_card":"summary_large_image","twitter_misc":{"Est. reading time":"1 minuto"},"schema":{"@context":"https:\/\/schema.org","@graph":[{"@type":"WebSite","@id":"https:\/\/storagecompat.com\/pe\/#website","url":"https:\/\/storagecompat.com\/pe\/","name":"Storage Compat Per\u00fa","description":"Bienvenido!","potentialAction":[{"@type":"SearchAction","target":{"@type":"EntryPoint","urlTemplate":"https:\/\/storagecompat.com\/pe\/?s={search_term_string}"},"query-input":"required name=search_term_string"}],"inLanguage":"es"},{"@type":"ImageObject","inLanguage":"es","@id":"https:\/\/storagecompat.com\/pe\/producto\/gavetas-plasticas-serie-zeus-3plz\/#primaryimage","url":"https:\/\/storagecompat.com\/pe\/wp-content\/uploads\/sites\/22\/2024\/05\/3plz-Negro.jpg","contentUrl":"https:\/\/storagecompat.com\/pe\/wp-content\/uploads\/sites\/22\/2024\/05\/3plz-Negro.jpg","width":1024,"height":1024},{"@type":"WebPage","@id":"https:\/\/storagecompat.com\/pe\/producto\/gavetas-plasticas-serie-zeus-3plz\/#webpage","url":"https:\/\/storagecompat.com\/pe\/producto\/gavetas-plasticas-serie-zeus-3plz\/","name":"Gavetas pl\u00e1sticas Serie Zeus 3PLZ - Storage Compat Per\u00fa","isPartOf":{"@id":"https:\/\/storagecompat.com\/pe\/#website"},"primaryImageOfPage":{"@id":"https:\/\/storagecompat.com\/pe\/producto\/gavetas-plasticas-serie-zeus-3plz\/#primaryimage"},"datePublished":"2024-05-16T22:07:16+00:00","dateModified":"2024-05-16T22:08:11+00:00","breadcrumb":{"@id":"https:\/\/storagecompat.com\/pe\/producto\/gavetas-plasticas-serie-zeus-3plz\/#breadcrumb"},"inLanguage":"es","potentialAction":[{"@type":"ReadAction","target":["https:\/\/storagecompat.com\/pe\/producto\/gavetas-plasticas-serie-zeus-3plz\/"]}]},{"@type":"BreadcrumbList","@id":"https:\/\/storagecompat.com\/pe\/producto\/gavetas-plasticas-serie-zeus-3plz\/#breadcrumb","itemListElement":[{"@type":"ListItem","position":1,"name":"Portada","item":"https:\/\/storagecompat.com\/pe\/"},{"@type":"ListItem","position":2,"name":"Productos","item":"https:\/\/storagecompat.com\/pe\/productos\/"},{"@type":"ListItem","position":3,"name":"Gavetas pl\u00e1sticas Serie Zeus 3PLZ"}]}]}},"_links":{"self":[{"href":"https:\/\/storagecompat.com\/pe\/wp-json\/wp\/v2\/product\/6506"}],"collection":[{"href":"https:\/\/storagecompat.com\/pe\/wp-json\/wp\/v2\/product"}],"about":[{"href":"https:\/\/storagecompat.com\/pe\/wp-json\/wp\/v2\/types\/product"}],"replies":[{"embeddable":true,"href":"https:\/\/storagecompat.com\/pe\/wp-json\/wp\/v2\/comments?post=6506"}],"wp:featuredmedia":[{"embeddable":true,"href":"https:\/\/storagecompat.com\/pe\/wp-json\/wp\/v2\/media\/6560"}],"wp:attachment":[{"href":"https:\/\/storagecompat.com\/pe\/wp-json\/wp\/v2\/media?parent=6506"}],"wp:term":[{"taxonomy":"product_cat","embeddable":true,"href":"https:\/\/storagecompat.com\/pe\/wp-json\/wp\/v2\/product_cat?post=6506"},{"taxonomy":"product_tag","embeddable":true,"href":"https:\/\/storagecompat.com\/pe\/wp-json\/wp\/v2\/product_tag?post=6506"}],"curies":[{"name":"wp","href":"https:\/\/api.w.org\/{rel}","templated":true}]}}