{"id":6791,"date":"2024-05-16T16:45:35","date_gmt":"2024-05-16T21:45:35","guid":{"rendered":"https:\/\/storagecompat.com\/mx\/?post_type=product&#038;p=6791"},"modified":"2024-05-16T16:47:03","modified_gmt":"2024-05-16T21:47:03","slug":"banco-de-trabajo-metalico-fccc32814","status":"publish","type":"product","link":"https:\/\/storagecompat.com\/mx\/producto\/banco-de-trabajo-metalico-fccc32814\/","title":{"rendered":"Banco de trabajo Met\u00e1lico FCCC32814"},"content":{"rendered":"<table style=\"border-collapse: collapse;width: 100%;border-color: #000000;border-style: solid\" border=\"1\">\n<tbody>\n<tr style=\"background-color: #e6e6e6\">\n<td style=\"width: 48.0458%;text-align: center\"><span style=\"color: #000000\"><strong>C\u00f3digo<\/strong><\/span><\/td>\n<td style=\"width: 48.0458%;text-align: center\"><span style=\"color: #000000\"><strong>Dimensiones en cm<\/strong><\/span><\/td>\n<\/tr>\n<tr>\n<td style=\"width: 48.0458%;text-align: center\"><strong>FCC C328 14<\/strong><\/td>\n<td style=\"width: 48.0458%;text-align: center\"><strong>1300 x 800 x 2160 h<\/strong><\/td>\n<\/tr>\n<\/tbody>\n<\/table>\n<p>&nbsp;<\/p>\n<table style=\"border-collapse: collapse;width: 100.034%;border-color: #000000;border-style: solid\" border=\"1\">\n<tbody>\n<tr style=\"background-color: #e6e6e6\">\n<td style=\"width: 49.9479%;text-align: center\"><span style=\"color: #000000\"><strong>Caracter\u00edsticas T\u00e9cnicas<\/strong><\/span><\/td>\n<td style=\"width: 49.9479%;text-align: center\"><span style=\"color: #000000\"><strong>Info. \/ Cant.<\/strong><\/span><\/td>\n<\/tr>\n<tr>\n<td style=\"width: 49.9479%;text-align: center\">Plano de trabajo.<\/td>\n<td style=\"width: 49.9479%;text-align: center\">1<\/td>\n<\/tr>\n<tr>\n<td style=\"width: 49.9479%;text-align: center\">2 Ruedas giratorias con freno.<\/td>\n<td style=\"width: 49.9479%;text-align: center\">2<\/td>\n<\/tr>\n<tr>\n<td style=\"width: 49.9479%;text-align: center\">2 Ruedas fijas.<\/td>\n<td style=\"width: 49.9479%;text-align: center\">2<\/td>\n<\/tr>\n<tr>\n<td style=\"width: 49.9479%;text-align: center\">Pie met\u00e1lico.<\/td>\n<td style=\"width: 49.9479%;text-align: center\">2<\/td>\n<\/tr>\n<tr>\n<td style=\"width: 49.9479%;text-align: center\">Travesa\u00f1o estabilizador<\/td>\n<td style=\"width: 49.9479%;text-align: center\">1<\/td>\n<\/tr>\n<tr>\n<td style=\"width: 49.9479%;text-align: center\">Cajonera met\u00e1lica con 3 cajones (de 50mm + 100mm + 150mm) y asta antivuelco.<\/td>\n<td style=\"width: 49.9479%;text-align: center\">1<\/td>\n<\/tr>\n<tr>\n<td style=\"width: 49.9479%;text-align: center\">Armario met\u00e1lico con persiana.<\/td>\n<td style=\"width: 49.9479%;text-align: center\">1<\/td>\n<\/tr>\n<tr>\n<td style=\"width: 49.9479%;text-align: center\">set de ganchos para 66 herramientas (excluye Herramientas).<\/td>\n<td style=\"width: 49.9479%;text-align: center\">1<\/td>\n<\/tr>\n<tr>\n<td style=\"width: 49.9479%;text-align: center\">Columnas matrizadas.<\/td>\n<td style=\"width: 49.9479%;text-align: center\">2<\/td>\n<\/tr>\n<tr>\n<td style=\"width: 49.9479%;text-align: center\">panel perforado.<\/td>\n<td style=\"width: 49.9479%;text-align: center\">1<\/td>\n<\/tr>\n<tr>\n<td style=\"width: 49.9479%;text-align: center\">Luminaria + soporte para luminaria.<\/td>\n<td style=\"width: 49.9479%;text-align: center\">1<\/td>\n<\/tr>\n<tr>\n<td style=\"width: 49.9479%;text-align: center\">Capacidad de carga por kilo.<\/td>\n<td style=\"width: 49.9479%;text-align: center\">220<\/td>\n<\/tr>\n<tr>\n<td style=\"text-align: center;width: 99.8957%\" colspan=\"2\">Pintura a polvo electroest\u00e1tica en horno de 180\u00b0C, seguida de las siguientes fases: Fosfatizaci\u00f3n, enjuagado, secado, aplicaci\u00f3n del polvo electrost\u00e1tico, polimerizaci\u00f3n dentro de horno, espesor de pintura 35 a 80 micrones, tolerancia: \u03b4E 1,0 medido con espectrofot\u00f3metro a esfera 8\u00b0, formula CIE LAB, Oss.: 10\u00b0<\/td>\n<\/tr>\n<\/tbody>\n<\/table>\n<p>&nbsp;<\/p>\n","protected":false},"excerpt":{"rendered":"<p>C\u00f3digo Dimensiones en cm FCC C328 14 1300 x 800 [&hellip;]<\/p>\n","protected":false},"featured_media":6839,"comment_status":"open","ping_status":"closed","template":"","meta":{"_joinchat":[]},"product_cat":[114,124],"product_tag":[],"acf":[],"yoast_head":"<!-- This site is optimized with the Yoast SEO plugin v19.2 - https:\/\/yoast.com\/wordpress\/plugins\/seo\/ -->\n<title>Banco de trabajo Met\u00e1lico FCCC32814 - Storage Compat M\u00e9xico<\/title>\n<meta name=\"robots\" content=\"index, follow, max-snippet:-1, max-image-preview:large, max-video-preview:-1\" \/>\n<link rel=\"canonical\" href=\"https:\/\/storagecompat.com\/mx\/producto\/banco-de-trabajo-metalico-fccc32814\/\" \/>\n<meta property=\"og:locale\" content=\"es_MX\" \/>\n<meta property=\"og:type\" content=\"article\" \/>\n<meta property=\"og:title\" content=\"Banco de trabajo Met\u00e1lico FCCC32814 - Storage Compat M\u00e9xico\" \/>\n<meta property=\"og:description\" content=\"C\u00f3digo Dimensiones en cm FCC C328 14 1300 x 800 [&hellip;]\" \/>\n<meta property=\"og:url\" content=\"https:\/\/storagecompat.com\/mx\/producto\/banco-de-trabajo-metalico-fccc32814\/\" \/>\n<meta property=\"og:site_name\" content=\"Storage Compat M\u00e9xico\" \/>\n<meta property=\"article:modified_time\" content=\"2024-05-16T21:47:03+00:00\" \/>\n<meta name=\"author\" content=\"admin\" \/>\n<meta name=\"twitter:card\" content=\"summary_large_image\" \/>\n<meta name=\"twitter:label1\" content=\"Tiempo de lectura\" \/>\n\t<meta name=\"twitter:data1\" content=\"1 minuto\" \/>\n<script type=\"application\/ld+json\" class=\"yoast-schema-graph\">{\"@context\":\"https:\/\/schema.org\",\"@graph\":[{\"@type\":\"WebSite\",\"@id\":\"https:\/\/storagecompat.com\/mx\/#website\",\"url\":\"https:\/\/storagecompat.com\/mx\/\",\"name\":\"Storage Compat M\u00e9xico\",\"description\":\"Bienvenido!\",\"potentialAction\":[{\"@type\":\"SearchAction\",\"target\":{\"@type\":\"EntryPoint\",\"urlTemplate\":\"https:\/\/storagecompat.com\/mx\/?s={search_term_string}\"},\"query-input\":\"required name=search_term_string\"}],\"inLanguage\":\"es-MX\"},{\"@type\":\"ImageObject\",\"inLanguage\":\"es-MX\",\"@id\":\"https:\/\/storagecompat.com\/mx\/producto\/banco-de-trabajo-metalico-fccc32814\/#primaryimage\",\"url\":\"https:\/\/storagecompat.com\/mx\/wp-content\/uploads\/sites\/19\/2024\/05\/FCCC32814-web.png\",\"contentUrl\":\"https:\/\/storagecompat.com\/mx\/wp-content\/uploads\/sites\/19\/2024\/05\/FCCC32814-web.png\",\"width\":1000,\"height\":1000},{\"@type\":\"WebPage\",\"@id\":\"https:\/\/storagecompat.com\/mx\/producto\/banco-de-trabajo-metalico-fccc32814\/#webpage\",\"url\":\"https:\/\/storagecompat.com\/mx\/producto\/banco-de-trabajo-metalico-fccc32814\/\",\"name\":\"Banco de trabajo Met\u00e1lico FCCC32814 - Storage Compat M\u00e9xico\",\"isPartOf\":{\"@id\":\"https:\/\/storagecompat.com\/mx\/#website\"},\"primaryImageOfPage\":{\"@id\":\"https:\/\/storagecompat.com\/mx\/producto\/banco-de-trabajo-metalico-fccc32814\/#primaryimage\"},\"datePublished\":\"2024-05-16T21:45:35+00:00\",\"dateModified\":\"2024-05-16T21:47:03+00:00\",\"breadcrumb\":{\"@id\":\"https:\/\/storagecompat.com\/mx\/producto\/banco-de-trabajo-metalico-fccc32814\/#breadcrumb\"},\"inLanguage\":\"es-MX\",\"potentialAction\":[{\"@type\":\"ReadAction\",\"target\":[\"https:\/\/storagecompat.com\/mx\/producto\/banco-de-trabajo-metalico-fccc32814\/\"]}]},{\"@type\":\"BreadcrumbList\",\"@id\":\"https:\/\/storagecompat.com\/mx\/producto\/banco-de-trabajo-metalico-fccc32814\/#breadcrumb\",\"itemListElement\":[{\"@type\":\"ListItem\",\"position\":1,\"name\":\"Portada\",\"item\":\"https:\/\/storagecompat.com\/mx\/\"},{\"@type\":\"ListItem\",\"position\":2,\"name\":\"Productos\",\"item\":\"https:\/\/storagecompat.com\/mx\/productos\/\"},{\"@type\":\"ListItem\",\"position\":3,\"name\":\"Banco de trabajo Met\u00e1lico FCCC32814\"}]}]}<\/script>\n<!-- \/ Yoast SEO plugin. -->","yoast_head_json":{"title":"Banco de trabajo Met\u00e1lico FCCC32814 - Storage Compat M\u00e9xico","robots":{"index":"index","follow":"follow","max-snippet":"max-snippet:-1","max-image-preview":"max-image-preview:large","max-video-preview":"max-video-preview:-1"},"canonical":"https:\/\/storagecompat.com\/mx\/producto\/banco-de-trabajo-metalico-fccc32814\/","og_locale":"es_MX","og_type":"article","og_title":"Banco de trabajo Met\u00e1lico FCCC32814 - Storage Compat M\u00e9xico","og_description":"C\u00f3digo Dimensiones en cm FCC C328 14 1300 x 800 [&hellip;]","og_url":"https:\/\/storagecompat.com\/mx\/producto\/banco-de-trabajo-metalico-fccc32814\/","og_site_name":"Storage Compat M\u00e9xico","article_modified_time":"2024-05-16T21:47:03+00:00","author":"admin","twitter_card":"summary_large_image","twitter_misc":{"Tiempo de lectura":"1 minuto"},"schema":{"@context":"https:\/\/schema.org","@graph":[{"@type":"WebSite","@id":"https:\/\/storagecompat.com\/mx\/#website","url":"https:\/\/storagecompat.com\/mx\/","name":"Storage Compat M\u00e9xico","description":"Bienvenido!","potentialAction":[{"@type":"SearchAction","target":{"@type":"EntryPoint","urlTemplate":"https:\/\/storagecompat.com\/mx\/?s={search_term_string}"},"query-input":"required name=search_term_string"}],"inLanguage":"es-MX"},{"@type":"ImageObject","inLanguage":"es-MX","@id":"https:\/\/storagecompat.com\/mx\/producto\/banco-de-trabajo-metalico-fccc32814\/#primaryimage","url":"https:\/\/storagecompat.com\/mx\/wp-content\/uploads\/sites\/19\/2024\/05\/FCCC32814-web.png","contentUrl":"https:\/\/storagecompat.com\/mx\/wp-content\/uploads\/sites\/19\/2024\/05\/FCCC32814-web.png","width":1000,"height":1000},{"@type":"WebPage","@id":"https:\/\/storagecompat.com\/mx\/producto\/banco-de-trabajo-metalico-fccc32814\/#webpage","url":"https:\/\/storagecompat.com\/mx\/producto\/banco-de-trabajo-metalico-fccc32814\/","name":"Banco de trabajo Met\u00e1lico FCCC32814 - Storage Compat M\u00e9xico","isPartOf":{"@id":"https:\/\/storagecompat.com\/mx\/#website"},"primaryImageOfPage":{"@id":"https:\/\/storagecompat.com\/mx\/producto\/banco-de-trabajo-metalico-fccc32814\/#primaryimage"},"datePublished":"2024-05-16T21:45:35+00:00","dateModified":"2024-05-16T21:47:03+00:00","breadcrumb":{"@id":"https:\/\/storagecompat.com\/mx\/producto\/banco-de-trabajo-metalico-fccc32814\/#breadcrumb"},"inLanguage":"es-MX","potentialAction":[{"@type":"ReadAction","target":["https:\/\/storagecompat.com\/mx\/producto\/banco-de-trabajo-metalico-fccc32814\/"]}]},{"@type":"BreadcrumbList","@id":"https:\/\/storagecompat.com\/mx\/producto\/banco-de-trabajo-metalico-fccc32814\/#breadcrumb","itemListElement":[{"@type":"ListItem","position":1,"name":"Portada","item":"https:\/\/storagecompat.com\/mx\/"},{"@type":"ListItem","position":2,"name":"Productos","item":"https:\/\/storagecompat.com\/mx\/productos\/"},{"@type":"ListItem","position":3,"name":"Banco de trabajo Met\u00e1lico FCCC32814"}]}]}},"_links":{"self":[{"href":"https:\/\/storagecompat.com\/mx\/wp-json\/wp\/v2\/product\/6791"}],"collection":[{"href":"https:\/\/storagecompat.com\/mx\/wp-json\/wp\/v2\/product"}],"about":[{"href":"https:\/\/storagecompat.com\/mx\/wp-json\/wp\/v2\/types\/product"}],"replies":[{"embeddable":true,"href":"https:\/\/storagecompat.com\/mx\/wp-json\/wp\/v2\/comments?post=6791"}],"wp:featuredmedia":[{"embeddable":true,"href":"https:\/\/storagecompat.com\/mx\/wp-json\/wp\/v2\/media\/6839"}],"wp:attachment":[{"href":"https:\/\/storagecompat.com\/mx\/wp-json\/wp\/v2\/media?parent=6791"}],"wp:term":[{"taxonomy":"product_cat","embeddable":true,"href":"https:\/\/storagecompat.com\/mx\/wp-json\/wp\/v2\/product_cat?post=6791"},{"taxonomy":"product_tag","embeddable":true,"href":"https:\/\/storagecompat.com\/mx\/wp-json\/wp\/v2\/product_tag?post=6791"}],"curies":[{"name":"wp","href":"https:\/\/api.w.org\/{rel}","templated":true}]}}