{"id":6663,"date":"2024-05-16T16:42:34","date_gmt":"2024-05-16T21:42:34","guid":{"rendered":"https:\/\/storagecompat.com\/mx\/?post_type=product&#038;p=6663"},"modified":"2024-05-16T16:43:40","modified_gmt":"2024-05-16T21:43:40","slug":"armario-de-limpieza-fan120101","status":"publish","type":"product","link":"https:\/\/storagecompat.com\/mx\/producto\/armario-de-limpieza-fan120101\/","title":{"rendered":"Armario de Limpieza FAN120101"},"content":{"rendered":"<table style=\"border-collapse: collapse;width: 100%;border-color: #000000;border-style: solid\" border=\"1\">\n<tbody>\n<tr style=\"background-color: #e6e6e6\">\n<td style=\"width: 48.0458%;text-align: center\"><span style=\"color: #000000\"><strong>C\u00f3digo<\/strong><\/span><\/td>\n<td style=\"width: 48.0458%;text-align: center\"><span style=\"color: #000000\"><strong>Dimensiones en cm<\/strong><\/span><\/td>\n<\/tr>\n<tr>\n<td style=\"width: 48.0458%;text-align: center\"><strong>FAN120101\u00a0<\/strong><\/td>\n<td style=\"width: 48.0458%;text-align: center\">58.5 x 50 x 175 h<\/td>\n<\/tr>\n<\/tbody>\n<\/table>\n<p>&nbsp;<\/p>\n<table style=\"border-collapse: collapse;width: 100%;border-color: #000000;border-style: solid;margin-left: auto;margin-right: auto\" border=\"1\">\n<tbody>\n<tr style=\"background-color: #e6e6e6\">\n<td style=\"width: 49.9479%;text-align: center\"><span style=\"color: #000000\"><strong>Caracter\u00edsticas T\u00e9cnicas<\/strong><\/span><\/td>\n<td style=\"width: 49.9479%;text-align: center\"><span style=\"color: #000000\"><strong>Qty<\/strong><\/span><\/td>\n<\/tr>\n<tr>\n<td style=\"width: 49.9479%;text-align: center\">Armario met\u00e1lico<\/td>\n<td style=\"width: 49.9479%;text-align: center\">1<\/td>\n<\/tr>\n<tr>\n<td style=\"width: 49.9479%;text-align: center\">Puertas batientes met\u00e1licas con im\u00e1n.<\/td>\n<td style=\"width: 49.9479%;text-align: center\">1<\/td>\n<\/tr>\n<tr>\n<td style=\"width: 49.9479%;text-align: center\">Bisagras ocultas anti vand\u00e1licas.<\/td>\n<td style=\"width: 49.9479%;text-align: center\">2<\/td>\n<\/tr>\n<tr>\n<td style=\"width: 49.9479%;text-align: center\">Divisor lateral interno.<\/td>\n<td style=\"width: 49.9479%;text-align: center\">1<\/td>\n<\/tr>\n<tr>\n<td style=\"width: 49.9479%;text-align: center\">Planos de carga interiores de 255mm. de frente fijos<\/td>\n<td style=\"width: 49.9479%;text-align: center\">4<\/td>\n<\/tr>\n<tr>\n<td style=\"width: 49.9479%;text-align: center\">Planos superior de 510 mm. de frente<\/td>\n<td style=\"width: 49.9479%;text-align: center\">1<\/td>\n<\/tr>\n<tr>\n<td style=\"width: 49.9479%;text-align: center\">Cerradura de cierre a tres puntos, superior, inferior y central.<\/td>\n<td style=\"width: 49.9479%;text-align: center\">1<\/td>\n<\/tr>\n<tr>\n<td style=\"width: 49.9479%;text-align: center\">Peso total aproximado del Armario.<\/td>\n<td style=\"width: 49.9479%;text-align: center\">36,7 Kg.<\/td>\n<\/tr>\n<tr>\n<td style=\"width: 49.9479%;text-align: center\">Llaves incluidas<\/td>\n<td style=\"width: 49.9479%;text-align: center\">2<\/td>\n<\/tr>\n<tr>\n<td style=\"text-align: center;width: 99.8957%\" colspan=\"2\">Pintura a polvo electroest\u00e1tica en horno de 180\u00b0C, seguida de las siguientes fases: Fosfatizaci\u00f3n, enjuagado, secado, aplicaci\u00f3n del polvo electrost\u00e1tico, polimerizaci\u00f3n dentro de horno, espesor de pintura 35 a 80 micrones, tolerancia: \u03b4E 1,0 medido con espectrofot\u00f3metro a esfera 8\u00b0, formula CIE LAB, Oss.: 10\u00b0<\/td>\n<\/tr>\n<\/tbody>\n<\/table>\n<p>&nbsp;<\/p>\n","protected":false},"excerpt":{"rendered":"<p>Armario para el guardado de elementos personales. El cuerpo y las puertas se presentan notablemente seguros y muy resistentes. Su nivel de terminaci\u00f3n con una gran robustez lo definen como un producto de una calidad superior a los est\u00e1ndares del mercado. Estos armarios est\u00e1n fabricados con ayuda de las m\u00e1s modernas tecnolog\u00edas y empleando materiales de primera calidad. Est\u00e1n especialmente dise\u00f1ados para el almacenaje, garantizando una perfecta conservaci\u00f3n, tambi\u00e9n facilitando su mantenimiento y garantizando una \u00f3ptima vida \u00fatil los mismos estan preparados para utilizarse en vestuarios con humedad.<\/p>\n","protected":false},"featured_media":6708,"comment_status":"open","ping_status":"closed","template":"","meta":{"_joinchat":[]},"product_cat":[122,113],"product_tag":[],"acf":[],"yoast_head":"<!-- This site is optimized with the Yoast SEO plugin v19.2 - https:\/\/yoast.com\/wordpress\/plugins\/seo\/ -->\n<title>Armario de Limpieza FAN120101 - Storage Compat M\u00e9xico<\/title>\n<meta name=\"robots\" content=\"index, follow, max-snippet:-1, max-image-preview:large, max-video-preview:-1\" \/>\n<link rel=\"canonical\" href=\"https:\/\/storagecompat.com\/mx\/producto\/armario-de-limpieza-fan120101\/\" \/>\n<meta property=\"og:locale\" content=\"es_MX\" \/>\n<meta property=\"og:type\" content=\"article\" \/>\n<meta property=\"og:title\" content=\"Armario de Limpieza FAN120101 - Storage Compat M\u00e9xico\" \/>\n<meta property=\"og:description\" content=\"Armario para el guardado de elementos personales. El cuerpo y las puertas se presentan notablemente seguros y muy resistentes. Su nivel de terminaci\u00f3n con una gran robustez lo definen como un producto de una calidad superior a los est\u00e1ndares del mercado. Estos armarios est\u00e1n fabricados con ayuda de las m\u00e1s modernas tecnolog\u00edas y empleando materiales de primera calidad. Est\u00e1n especialmente dise\u00f1ados para el almacenaje, garantizando una perfecta conservaci\u00f3n, tambi\u00e9n facilitando su mantenimiento y garantizando una \u00f3ptima vida \u00fatil los mismos estan preparados para utilizarse en vestuarios con humedad.\" \/>\n<meta property=\"og:url\" content=\"https:\/\/storagecompat.com\/mx\/producto\/armario-de-limpieza-fan120101\/\" \/>\n<meta property=\"og:site_name\" content=\"Storage Compat M\u00e9xico\" \/>\n<meta property=\"article:modified_time\" content=\"2024-05-16T21:43:40+00:00\" \/>\n<meta name=\"author\" content=\"admin\" \/>\n<meta name=\"twitter:card\" content=\"summary_large_image\" \/>\n<meta name=\"twitter:label1\" content=\"Tiempo de lectura\" \/>\n\t<meta name=\"twitter:data1\" content=\"1 minuto\" \/>\n<script type=\"application\/ld+json\" class=\"yoast-schema-graph\">{\"@context\":\"https:\/\/schema.org\",\"@graph\":[{\"@type\":\"WebSite\",\"@id\":\"https:\/\/storagecompat.com\/mx\/#website\",\"url\":\"https:\/\/storagecompat.com\/mx\/\",\"name\":\"Storage Compat M\u00e9xico\",\"description\":\"Bienvenido!\",\"potentialAction\":[{\"@type\":\"SearchAction\",\"target\":{\"@type\":\"EntryPoint\",\"urlTemplate\":\"https:\/\/storagecompat.com\/mx\/?s={search_term_string}\"},\"query-input\":\"required name=search_term_string\"}],\"inLanguage\":\"es-MX\"},{\"@type\":\"ImageObject\",\"inLanguage\":\"es-MX\",\"@id\":\"https:\/\/storagecompat.com\/mx\/producto\/armario-de-limpieza-fan120101\/#primaryimage\",\"url\":\"https:\/\/storagecompat.com\/mx\/wp-content\/uploads\/sites\/19\/2024\/05\/FAN120101-web.png\",\"contentUrl\":\"https:\/\/storagecompat.com\/mx\/wp-content\/uploads\/sites\/19\/2024\/05\/FAN120101-web.png\",\"width\":1080,\"height\":1080},{\"@type\":\"WebPage\",\"@id\":\"https:\/\/storagecompat.com\/mx\/producto\/armario-de-limpieza-fan120101\/#webpage\",\"url\":\"https:\/\/storagecompat.com\/mx\/producto\/armario-de-limpieza-fan120101\/\",\"name\":\"Armario de Limpieza FAN120101 - Storage Compat M\u00e9xico\",\"isPartOf\":{\"@id\":\"https:\/\/storagecompat.com\/mx\/#website\"},\"primaryImageOfPage\":{\"@id\":\"https:\/\/storagecompat.com\/mx\/producto\/armario-de-limpieza-fan120101\/#primaryimage\"},\"datePublished\":\"2024-05-16T21:42:34+00:00\",\"dateModified\":\"2024-05-16T21:43:40+00:00\",\"breadcrumb\":{\"@id\":\"https:\/\/storagecompat.com\/mx\/producto\/armario-de-limpieza-fan120101\/#breadcrumb\"},\"inLanguage\":\"es-MX\",\"potentialAction\":[{\"@type\":\"ReadAction\",\"target\":[\"https:\/\/storagecompat.com\/mx\/producto\/armario-de-limpieza-fan120101\/\"]}]},{\"@type\":\"BreadcrumbList\",\"@id\":\"https:\/\/storagecompat.com\/mx\/producto\/armario-de-limpieza-fan120101\/#breadcrumb\",\"itemListElement\":[{\"@type\":\"ListItem\",\"position\":1,\"name\":\"Portada\",\"item\":\"https:\/\/storagecompat.com\/mx\/\"},{\"@type\":\"ListItem\",\"position\":2,\"name\":\"Productos\",\"item\":\"https:\/\/storagecompat.com\/mx\/productos\/\"},{\"@type\":\"ListItem\",\"position\":3,\"name\":\"Armario de Limpieza FAN120101\"}]}]}<\/script>\n<!-- \/ Yoast SEO plugin. -->","yoast_head_json":{"title":"Armario de Limpieza FAN120101 - Storage Compat M\u00e9xico","robots":{"index":"index","follow":"follow","max-snippet":"max-snippet:-1","max-image-preview":"max-image-preview:large","max-video-preview":"max-video-preview:-1"},"canonical":"https:\/\/storagecompat.com\/mx\/producto\/armario-de-limpieza-fan120101\/","og_locale":"es_MX","og_type":"article","og_title":"Armario de Limpieza FAN120101 - Storage Compat M\u00e9xico","og_description":"Armario para el guardado de elementos personales. El cuerpo y las puertas se presentan notablemente seguros y muy resistentes. Su nivel de terminaci\u00f3n con una gran robustez lo definen como un producto de una calidad superior a los est\u00e1ndares del mercado. Estos armarios est\u00e1n fabricados con ayuda de las m\u00e1s modernas tecnolog\u00edas y empleando materiales de primera calidad. Est\u00e1n especialmente dise\u00f1ados para el almacenaje, garantizando una perfecta conservaci\u00f3n, tambi\u00e9n facilitando su mantenimiento y garantizando una \u00f3ptima vida \u00fatil los mismos estan preparados para utilizarse en vestuarios con humedad.","og_url":"https:\/\/storagecompat.com\/mx\/producto\/armario-de-limpieza-fan120101\/","og_site_name":"Storage Compat M\u00e9xico","article_modified_time":"2024-05-16T21:43:40+00:00","author":"admin","twitter_card":"summary_large_image","twitter_misc":{"Tiempo de lectura":"1 minuto"},"schema":{"@context":"https:\/\/schema.org","@graph":[{"@type":"WebSite","@id":"https:\/\/storagecompat.com\/mx\/#website","url":"https:\/\/storagecompat.com\/mx\/","name":"Storage Compat M\u00e9xico","description":"Bienvenido!","potentialAction":[{"@type":"SearchAction","target":{"@type":"EntryPoint","urlTemplate":"https:\/\/storagecompat.com\/mx\/?s={search_term_string}"},"query-input":"required name=search_term_string"}],"inLanguage":"es-MX"},{"@type":"ImageObject","inLanguage":"es-MX","@id":"https:\/\/storagecompat.com\/mx\/producto\/armario-de-limpieza-fan120101\/#primaryimage","url":"https:\/\/storagecompat.com\/mx\/wp-content\/uploads\/sites\/19\/2024\/05\/FAN120101-web.png","contentUrl":"https:\/\/storagecompat.com\/mx\/wp-content\/uploads\/sites\/19\/2024\/05\/FAN120101-web.png","width":1080,"height":1080},{"@type":"WebPage","@id":"https:\/\/storagecompat.com\/mx\/producto\/armario-de-limpieza-fan120101\/#webpage","url":"https:\/\/storagecompat.com\/mx\/producto\/armario-de-limpieza-fan120101\/","name":"Armario de Limpieza FAN120101 - Storage Compat M\u00e9xico","isPartOf":{"@id":"https:\/\/storagecompat.com\/mx\/#website"},"primaryImageOfPage":{"@id":"https:\/\/storagecompat.com\/mx\/producto\/armario-de-limpieza-fan120101\/#primaryimage"},"datePublished":"2024-05-16T21:42:34+00:00","dateModified":"2024-05-16T21:43:40+00:00","breadcrumb":{"@id":"https:\/\/storagecompat.com\/mx\/producto\/armario-de-limpieza-fan120101\/#breadcrumb"},"inLanguage":"es-MX","potentialAction":[{"@type":"ReadAction","target":["https:\/\/storagecompat.com\/mx\/producto\/armario-de-limpieza-fan120101\/"]}]},{"@type":"BreadcrumbList","@id":"https:\/\/storagecompat.com\/mx\/producto\/armario-de-limpieza-fan120101\/#breadcrumb","itemListElement":[{"@type":"ListItem","position":1,"name":"Portada","item":"https:\/\/storagecompat.com\/mx\/"},{"@type":"ListItem","position":2,"name":"Productos","item":"https:\/\/storagecompat.com\/mx\/productos\/"},{"@type":"ListItem","position":3,"name":"Armario de Limpieza FAN120101"}]}]}},"_links":{"self":[{"href":"https:\/\/storagecompat.com\/mx\/wp-json\/wp\/v2\/product\/6663"}],"collection":[{"href":"https:\/\/storagecompat.com\/mx\/wp-json\/wp\/v2\/product"}],"about":[{"href":"https:\/\/storagecompat.com\/mx\/wp-json\/wp\/v2\/types\/product"}],"replies":[{"embeddable":true,"href":"https:\/\/storagecompat.com\/mx\/wp-json\/wp\/v2\/comments?post=6663"}],"wp:featuredmedia":[{"embeddable":true,"href":"https:\/\/storagecompat.com\/mx\/wp-json\/wp\/v2\/media\/6708"}],"wp:attachment":[{"href":"https:\/\/storagecompat.com\/mx\/wp-json\/wp\/v2\/media?parent=6663"}],"wp:term":[{"taxonomy":"product_cat","embeddable":true,"href":"https:\/\/storagecompat.com\/mx\/wp-json\/wp\/v2\/product_cat?post=6663"},{"taxonomy":"product_tag","embeddable":true,"href":"https:\/\/storagecompat.com\/mx\/wp-json\/wp\/v2\/product_tag?post=6663"}],"curies":[{"name":"wp","href":"https:\/\/api.w.org\/{rel}","templated":true}]}}