{"id":6504,"date":"2024-05-16T16:39:31","date_gmt":"2024-05-16T21:39:31","guid":{"rendered":"https:\/\/storagecompat.com\/mx\/?post_type=product&#038;p=6504"},"modified":"2024-05-16T16:39:37","modified_gmt":"2024-05-16T21:39:37","slug":"modulo-apilable-fpk9040","status":"publish","type":"product","link":"https:\/\/storagecompat.com\/mx\/producto\/modulo-apilable-fpk9040\/","title":{"rendered":"Modulo Apilable FPK9040"},"content":{"rendered":"<table style=\"border-collapse: collapse;width: 100%;border-color: #000000;border-style: solid\" border=\"1\">\n<tbody>\n<tr style=\"background-color: #e6e6e6\">\n<td style=\"width: 48.0458%;text-align: center\"><strong>C\u00f3digo<\/strong><\/td>\n<td style=\"width: 48.0458%;text-align: center\"><strong>Dimensiones en cm<\/strong><\/td>\n<\/tr>\n<tr>\n<td style=\"width: 48.0458%;text-align: center\"><strong>FPK 9040 00 01<\/strong><\/td>\n<td style=\"width: 48.0458%;text-align: center\"><strong>50 x 40 x 54.5 h<\/strong><\/td>\n<\/tr>\n<\/tbody>\n<\/table>\n<p>&nbsp;<\/p>\n<table style=\"border-collapse: collapse;width: 100.034%;border-color: #000000;border-style: hidden\" border=\"1\">\n<tbody>\n<tr style=\"background-color: #e6e6e6\">\n<td style=\"width: 50.0522%;text-align: center\"><span style=\"color: #000000\"><strong>Caracter\u00edsticas T\u00e9cnicas<\/strong><\/span><\/td>\n<td style=\"width: 50.0522%;text-align: center\"><span style=\"color: #000000\"><strong>Info. \/ Cant.<\/strong><\/span><\/td>\n<\/tr>\n<tr>\n<td style=\"width: 50.0522%;text-align: center\">Dim. externas<\/td>\n<td style=\"width: 50.0522%;text-align: center\">50 x 40 x 54.5 h<\/td>\n<\/tr>\n<tr>\n<td style=\"width: 50.0522%;text-align: center\">Cantidad m\u00e1xima de contenedores<\/td>\n<td style=\"width: 50.0522%;text-align: center\">12 unidades<\/td>\n<\/tr>\n<tr>\n<td style=\"width: 50.0522%;text-align: center\">Para contenedores multibox<\/td>\n<td style=\"width: 50.0522%;text-align: center\">RK4016<\/td>\n<\/tr>\n<tr>\n<td style=\"width: 50.0522%;text-align: center\">Materia Prima<\/td>\n<td style=\"width: 50.0522%;text-align: center\">Chapa met\u00e1lica de 0.7 mm<\/td>\n<\/tr>\n<tr>\n<td style=\"width: 50.0522%;text-align: center\">Peso total aproximado de la estanteria<\/td>\n<td style=\"width: 50.0522%;text-align: center\">10.9 Kg.<\/td>\n<\/tr>\n<tr>\n<td style=\"width: 50.0522%;text-align: center\">color de serie.<\/td>\n<td style=\"width: 50.0522%;text-align: center\">Gris.<\/td>\n<\/tr>\n<tr>\n<td style=\"text-align: center;width: 100.104%\" colspan=\"2\">Pintura a polvo electroest\u00e1tica en horno de 180\u00b0C, seguida de las siguientes fases: Fosfatizaci\u00f3n, enjuagado, secado, aplicaci\u00f3n del polvo electrost\u00e1tico, polimerizaci\u00f3n dentro de horno, espesor de pintura 35 a 80 micrones, tolerancia: \u03b4E 1,0 medido con espectrofot\u00f3metro a esfera 8\u00b0, formula CIE LAB, Oss.: 10\u00b0.<\/td>\n<\/tr>\n<\/tbody>\n<\/table>\n<p>&nbsp;<\/p>\n","protected":false},"excerpt":{"rendered":"<p>Estanter\u00edas modulares FPK apilables para las gavetas pl\u00e1sticas Multibox. La soluci\u00f3n m\u00e1s simple y pr\u00e1ctica para configurar su espacio de trabajo o almacenamiento. Las cajas Multibox se apilan de una manera \u00f3ptima en estos m\u00f3dulos ahorrando espacio. Apilables hasta 4 niveles y con m\u00faltiples configuraciones de tama\u00f1os de caja. Las cajas se deslizan en esta estanter\u00eda gracias su superficie lisa, facilitando la extracci\u00f3n. El modulo est\u00e1 dise\u00f1ado de tal manera para que pueda ser incorporado a las gavetas multibox un sistema de bloqueo que impide que la caja caiga de la estanter\u00eda.<\/p>\n","protected":false},"featured_media":6533,"comment_status":"open","ping_status":"closed","template":"","meta":{"_joinchat":[]},"product_cat":[117,135],"product_tag":[],"acf":[],"yoast_head":"<!-- This site is optimized with the Yoast SEO plugin v19.2 - https:\/\/yoast.com\/wordpress\/plugins\/seo\/ -->\n<title>Modulo Apilable FPK9040 - Storage Compat M\u00e9xico<\/title>\n<meta name=\"robots\" content=\"index, follow, max-snippet:-1, max-image-preview:large, max-video-preview:-1\" \/>\n<link rel=\"canonical\" href=\"https:\/\/storagecompat.com\/mx\/producto\/modulo-apilable-fpk9040\/\" \/>\n<meta property=\"og:locale\" content=\"es_MX\" \/>\n<meta property=\"og:type\" content=\"article\" \/>\n<meta property=\"og:title\" content=\"Modulo Apilable FPK9040 - Storage Compat M\u00e9xico\" \/>\n<meta property=\"og:description\" content=\"Estanter\u00edas modulares FPK apilables para las gavetas pl\u00e1sticas Multibox. La soluci\u00f3n m\u00e1s simple y pr\u00e1ctica para configurar su espacio de trabajo o almacenamiento. Las cajas Multibox se apilan de una manera \u00f3ptima en estos m\u00f3dulos ahorrando espacio. Apilables hasta 4 niveles y con m\u00faltiples configuraciones de tama\u00f1os de caja. Las cajas se deslizan en esta estanter\u00eda gracias su superficie lisa, facilitando la extracci\u00f3n. El modulo est\u00e1 dise\u00f1ado de tal manera para que pueda ser incorporado a las gavetas multibox un sistema de bloqueo que impide que la caja caiga de la estanter\u00eda.\" \/>\n<meta property=\"og:url\" content=\"https:\/\/storagecompat.com\/mx\/producto\/modulo-apilable-fpk9040\/\" \/>\n<meta property=\"og:site_name\" content=\"Storage Compat M\u00e9xico\" \/>\n<meta property=\"article:modified_time\" content=\"2024-05-16T21:39:37+00:00\" \/>\n<meta name=\"author\" content=\"admin\" \/>\n<meta name=\"twitter:card\" content=\"summary_large_image\" \/>\n<meta name=\"twitter:label1\" content=\"Tiempo de lectura\" \/>\n\t<meta name=\"twitter:data1\" content=\"1 minuto\" \/>\n<script type=\"application\/ld+json\" class=\"yoast-schema-graph\">{\"@context\":\"https:\/\/schema.org\",\"@graph\":[{\"@type\":\"WebSite\",\"@id\":\"https:\/\/storagecompat.com\/mx\/#website\",\"url\":\"https:\/\/storagecompat.com\/mx\/\",\"name\":\"Storage Compat M\u00e9xico\",\"description\":\"Bienvenido!\",\"potentialAction\":[{\"@type\":\"SearchAction\",\"target\":{\"@type\":\"EntryPoint\",\"urlTemplate\":\"https:\/\/storagecompat.com\/mx\/?s={search_term_string}\"},\"query-input\":\"required name=search_term_string\"}],\"inLanguage\":\"es-MX\"},{\"@type\":\"ImageObject\",\"inLanguage\":\"es-MX\",\"@id\":\"https:\/\/storagecompat.com\/mx\/producto\/modulo-apilable-fpk9040\/#primaryimage\",\"url\":\"https:\/\/storagecompat.com\/mx\/wp-content\/uploads\/sites\/19\/2024\/05\/fpk9040-fpk9050-fpk9060-negro11-ad91faa97f690366b616753478895493-640-0.jpg\",\"contentUrl\":\"https:\/\/storagecompat.com\/mx\/wp-content\/uploads\/sites\/19\/2024\/05\/fpk9040-fpk9050-fpk9060-negro11-ad91faa97f690366b616753478895493-640-0.jpg\",\"width\":640,\"height\":640},{\"@type\":\"WebPage\",\"@id\":\"https:\/\/storagecompat.com\/mx\/producto\/modulo-apilable-fpk9040\/#webpage\",\"url\":\"https:\/\/storagecompat.com\/mx\/producto\/modulo-apilable-fpk9040\/\",\"name\":\"Modulo Apilable FPK9040 - Storage Compat M\u00e9xico\",\"isPartOf\":{\"@id\":\"https:\/\/storagecompat.com\/mx\/#website\"},\"primaryImageOfPage\":{\"@id\":\"https:\/\/storagecompat.com\/mx\/producto\/modulo-apilable-fpk9040\/#primaryimage\"},\"datePublished\":\"2024-05-16T21:39:31+00:00\",\"dateModified\":\"2024-05-16T21:39:37+00:00\",\"breadcrumb\":{\"@id\":\"https:\/\/storagecompat.com\/mx\/producto\/modulo-apilable-fpk9040\/#breadcrumb\"},\"inLanguage\":\"es-MX\",\"potentialAction\":[{\"@type\":\"ReadAction\",\"target\":[\"https:\/\/storagecompat.com\/mx\/producto\/modulo-apilable-fpk9040\/\"]}]},{\"@type\":\"BreadcrumbList\",\"@id\":\"https:\/\/storagecompat.com\/mx\/producto\/modulo-apilable-fpk9040\/#breadcrumb\",\"itemListElement\":[{\"@type\":\"ListItem\",\"position\":1,\"name\":\"Portada\",\"item\":\"https:\/\/storagecompat.com\/mx\/\"},{\"@type\":\"ListItem\",\"position\":2,\"name\":\"Productos\",\"item\":\"https:\/\/storagecompat.com\/mx\/productos\/\"},{\"@type\":\"ListItem\",\"position\":3,\"name\":\"Modulo Apilable FPK9040\"}]}]}<\/script>\n<!-- \/ Yoast SEO plugin. -->","yoast_head_json":{"title":"Modulo Apilable FPK9040 - Storage Compat M\u00e9xico","robots":{"index":"index","follow":"follow","max-snippet":"max-snippet:-1","max-image-preview":"max-image-preview:large","max-video-preview":"max-video-preview:-1"},"canonical":"https:\/\/storagecompat.com\/mx\/producto\/modulo-apilable-fpk9040\/","og_locale":"es_MX","og_type":"article","og_title":"Modulo Apilable FPK9040 - Storage Compat M\u00e9xico","og_description":"Estanter\u00edas modulares FPK apilables para las gavetas pl\u00e1sticas Multibox. La soluci\u00f3n m\u00e1s simple y pr\u00e1ctica para configurar su espacio de trabajo o almacenamiento. Las cajas Multibox se apilan de una manera \u00f3ptima en estos m\u00f3dulos ahorrando espacio. Apilables hasta 4 niveles y con m\u00faltiples configuraciones de tama\u00f1os de caja. Las cajas se deslizan en esta estanter\u00eda gracias su superficie lisa, facilitando la extracci\u00f3n. El modulo est\u00e1 dise\u00f1ado de tal manera para que pueda ser incorporado a las gavetas multibox un sistema de bloqueo que impide que la caja caiga de la estanter\u00eda.","og_url":"https:\/\/storagecompat.com\/mx\/producto\/modulo-apilable-fpk9040\/","og_site_name":"Storage Compat M\u00e9xico","article_modified_time":"2024-05-16T21:39:37+00:00","author":"admin","twitter_card":"summary_large_image","twitter_misc":{"Tiempo de lectura":"1 minuto"},"schema":{"@context":"https:\/\/schema.org","@graph":[{"@type":"WebSite","@id":"https:\/\/storagecompat.com\/mx\/#website","url":"https:\/\/storagecompat.com\/mx\/","name":"Storage Compat M\u00e9xico","description":"Bienvenido!","potentialAction":[{"@type":"SearchAction","target":{"@type":"EntryPoint","urlTemplate":"https:\/\/storagecompat.com\/mx\/?s={search_term_string}"},"query-input":"required name=search_term_string"}],"inLanguage":"es-MX"},{"@type":"ImageObject","inLanguage":"es-MX","@id":"https:\/\/storagecompat.com\/mx\/producto\/modulo-apilable-fpk9040\/#primaryimage","url":"https:\/\/storagecompat.com\/mx\/wp-content\/uploads\/sites\/19\/2024\/05\/fpk9040-fpk9050-fpk9060-negro11-ad91faa97f690366b616753478895493-640-0.jpg","contentUrl":"https:\/\/storagecompat.com\/mx\/wp-content\/uploads\/sites\/19\/2024\/05\/fpk9040-fpk9050-fpk9060-negro11-ad91faa97f690366b616753478895493-640-0.jpg","width":640,"height":640},{"@type":"WebPage","@id":"https:\/\/storagecompat.com\/mx\/producto\/modulo-apilable-fpk9040\/#webpage","url":"https:\/\/storagecompat.com\/mx\/producto\/modulo-apilable-fpk9040\/","name":"Modulo Apilable FPK9040 - Storage Compat M\u00e9xico","isPartOf":{"@id":"https:\/\/storagecompat.com\/mx\/#website"},"primaryImageOfPage":{"@id":"https:\/\/storagecompat.com\/mx\/producto\/modulo-apilable-fpk9040\/#primaryimage"},"datePublished":"2024-05-16T21:39:31+00:00","dateModified":"2024-05-16T21:39:37+00:00","breadcrumb":{"@id":"https:\/\/storagecompat.com\/mx\/producto\/modulo-apilable-fpk9040\/#breadcrumb"},"inLanguage":"es-MX","potentialAction":[{"@type":"ReadAction","target":["https:\/\/storagecompat.com\/mx\/producto\/modulo-apilable-fpk9040\/"]}]},{"@type":"BreadcrumbList","@id":"https:\/\/storagecompat.com\/mx\/producto\/modulo-apilable-fpk9040\/#breadcrumb","itemListElement":[{"@type":"ListItem","position":1,"name":"Portada","item":"https:\/\/storagecompat.com\/mx\/"},{"@type":"ListItem","position":2,"name":"Productos","item":"https:\/\/storagecompat.com\/mx\/productos\/"},{"@type":"ListItem","position":3,"name":"Modulo Apilable FPK9040"}]}]}},"_links":{"self":[{"href":"https:\/\/storagecompat.com\/mx\/wp-json\/wp\/v2\/product\/6504"}],"collection":[{"href":"https:\/\/storagecompat.com\/mx\/wp-json\/wp\/v2\/product"}],"about":[{"href":"https:\/\/storagecompat.com\/mx\/wp-json\/wp\/v2\/types\/product"}],"replies":[{"embeddable":true,"href":"https:\/\/storagecompat.com\/mx\/wp-json\/wp\/v2\/comments?post=6504"}],"wp:featuredmedia":[{"embeddable":true,"href":"https:\/\/storagecompat.com\/mx\/wp-json\/wp\/v2\/media\/6533"}],"wp:attachment":[{"href":"https:\/\/storagecompat.com\/mx\/wp-json\/wp\/v2\/media?parent=6504"}],"wp:term":[{"taxonomy":"product_cat","embeddable":true,"href":"https:\/\/storagecompat.com\/mx\/wp-json\/wp\/v2\/product_cat?post=6504"},{"taxonomy":"product_tag","embeddable":true,"href":"https:\/\/storagecompat.com\/mx\/wp-json\/wp\/v2\/product_tag?post=6504"}],"curies":[{"name":"wp","href":"https:\/\/api.w.org\/{rel}","templated":true}]}}