{"id":6838,"date":"2024-05-16T09:52:36","date_gmt":"2024-05-16T14:52:36","guid":{"rendered":"https:\/\/storagecompat.com\/ec\/?post_type=product&#038;p=6838"},"modified":"2024-05-16T09:52:37","modified_gmt":"2024-05-16T14:52:37","slug":"banco-de-trabajo-fbia34201","status":"publish","type":"product","link":"https:\/\/storagecompat.com\/ec\/producto\/banco-de-trabajo-fbia34201\/","title":{"rendered":"Banco de Trabajo FBIA34201"},"content":{"rendered":"<table style=\"border-collapse: collapse;width: 100%;border-color: #000000;border-style: solid\" border=\"1\">\n<tbody>\n<tr style=\"background-color: #e6e6e6\">\n<td style=\"width: 48.0458%;text-align: center\"><span style=\"color: #000000\"><strong>C\u00f3digo<\/strong><\/span><\/td>\n<td style=\"width: 48.0458%;text-align: center\"><span style=\"color: #000000\"><strong>Dimensiones en cm<\/strong><\/span><\/td>\n<\/tr>\n<tr>\n<td style=\"width: 48.0458%;text-align: center\"><strong>FBIA34201<\/strong><\/td>\n<td style=\"width: 48.0458%;text-align: center\">150 x 80 x 85 h<\/td>\n<\/tr>\n<\/tbody>\n<\/table>\n<p>&nbsp;<\/p>\n<table style=\"border-collapse: collapse;width: 100.034%;border-color: #000000;border-style: solid\" border=\"1\">\n<tbody>\n<tr style=\"background-color: #e6e6e6\">\n<td style=\"width: 49.9479%;text-align: center\"><span style=\"color: #000000\"><strong>Caracter\u00edsticas T\u00e9cnicas<\/strong><\/span><\/td>\n<td style=\"width: 49.9479%;text-align: center\"><span style=\"color: #000000\"><strong>Info. \/ Cant.<\/strong><\/span><\/td>\n<\/tr>\n<tr>\n<td style=\"width: 49.9479%;text-align: center\">Pie met\u00e1lico para banco de trabajo serie.<\/td>\n<td style=\"width: 49.9479%;text-align: center\">2<\/td>\n<\/tr>\n<tr>\n<td style=\"width: 49.9479%;text-align: center\">Plano de met\u00e1lico, resistente a las cargas y al desgaste. (Profundidad: 800 mm. Longitud: 1500 \u2013 Espesor: 40 mm.).<\/td>\n<td style=\"width: 49.9479%;text-align: center\">1<\/td>\n<\/tr>\n<tr>\n<td style=\"width: 49.9479%;text-align: center\">Capacidad de carga.<\/td>\n<td style=\"width: 49.9479%;text-align: center\">800 Kg.<\/td>\n<\/tr>\n<tr>\n<td style=\"text-align: center;width: 99.8957%\" colspan=\"2\">Pintura a polvo electroest\u00e1tica en horno de 180\u00b0C, seguida de las siguientes fases: Fosfatizaci\u00f3n, enjuagado, secado, aplicaci\u00f3n del polvo electrost\u00e1tico, polimerizaci\u00f3n dentro de horno, espesor de pintura 35 a 80 micrones, tolerancia: \u03b4E 1,0 medido con espectrofot\u00f3metro a esfera 8\u00b0, formula CIE LAB, Oss.: 10\u00b0<\/td>\n<\/tr>\n<\/tbody>\n<\/table>\n","protected":false},"excerpt":{"rendered":"<p>Los Bancos de trabajo, han sido estudiados y realizados para satisfacer de manera racional las m\u00e1s variadas demandas del mercado. Los bancos de trabajo pueden ser f\u00e1cilmente transformados, la versatilidad y la gran capacidad de estos bancos de adecuarse a cualquier tipo de exigencia en el \u00e1mbito de producci\u00f3n, del montaje o de las pruebas, est\u00e1 garantizada por su amplia gama de accesorios: ganchos, m\u00e9nsulas, paneles porta herramientas, canaleta el\u00e9ctrica, etc. Los pies est\u00e1n construidos con chapa de acero con orificios en la parte superior para el fijado del plano de trabajo, y en las placas de base para el fijado al piso. Un elemento importante de los bancos de trabajo es la cajonera, producida en varias medias y con diferentes soluciones ya sea por el tipo de cajones como por la subdivisi\u00f3n interna del mismo.<\/p>\n","protected":false},"featured_media":6839,"comment_status":"open","ping_status":"closed","template":"","meta":{"_joinchat":[]},"product_cat":[124,114],"product_tag":[],"acf":[],"yoast_head":"<!-- This site is optimized with the Yoast SEO plugin v19.2 - https:\/\/yoast.com\/wordpress\/plugins\/seo\/ -->\n<title>Banco de Trabajo FBIA34201 - Storage Compat Ecuador<\/title>\n<meta name=\"robots\" content=\"index, follow, max-snippet:-1, max-image-preview:large, max-video-preview:-1\" \/>\n<link rel=\"canonical\" href=\"https:\/\/storagecompat.com\/ec\/producto\/banco-de-trabajo-fbia34201\/\" \/>\n<meta property=\"og:locale\" content=\"es_ES\" \/>\n<meta property=\"og:type\" content=\"article\" \/>\n<meta property=\"og:title\" content=\"Banco de Trabajo FBIA34201 - Storage Compat Ecuador\" \/>\n<meta property=\"og:description\" content=\"Los Bancos de trabajo, han sido estudiados y realizados para satisfacer de manera racional las m\u00e1s variadas demandas del mercado. Los bancos de trabajo pueden ser f\u00e1cilmente transformados, la versatilidad y la gran capacidad de estos bancos de adecuarse a cualquier tipo de exigencia en el \u00e1mbito de producci\u00f3n, del montaje o de las pruebas, est\u00e1 garantizada por su amplia gama de accesorios: ganchos, m\u00e9nsulas, paneles porta herramientas, canaleta el\u00e9ctrica, etc. Los pies est\u00e1n construidos con chapa de acero con orificios en la parte superior para el fijado del plano de trabajo, y en las placas de base para el fijado al piso. Un elemento importante de los bancos de trabajo es la cajonera, producida en varias medias y con diferentes soluciones ya sea por el tipo de cajones como por la subdivisi\u00f3n interna del mismo.\" \/>\n<meta property=\"og:url\" content=\"https:\/\/storagecompat.com\/ec\/producto\/banco-de-trabajo-fbia34201\/\" \/>\n<meta property=\"og:site_name\" content=\"Storage Compat Ecuador\" \/>\n<meta property=\"article:modified_time\" content=\"2024-05-16T14:52:37+00:00\" \/>\n<meta property=\"og:image\" content=\"https:\/\/storagecompat.com\/ec\/wp-content\/uploads\/sites\/24\/2024\/05\/FBIA34201.png\" \/>\n\t<meta property=\"og:image:width\" content=\"1080\" \/>\n\t<meta property=\"og:image:height\" content=\"1080\" \/>\n\t<meta property=\"og:image:type\" content=\"image\/png\" \/>\n<meta name=\"author\" content=\"sigilfredo\" \/>\n<meta name=\"twitter:card\" content=\"summary_large_image\" \/>\n<meta name=\"twitter:label1\" content=\"Tiempo de lectura\" \/>\n\t<meta name=\"twitter:data1\" content=\"1 minuto\" \/>\n<script type=\"application\/ld+json\" class=\"yoast-schema-graph\">{\"@context\":\"https:\/\/schema.org\",\"@graph\":[{\"@type\":\"WebSite\",\"@id\":\"https:\/\/storagecompat.com\/ec\/#website\",\"url\":\"https:\/\/storagecompat.com\/ec\/\",\"name\":\"Storage Compat Ecuador\",\"description\":\"Bienvenido!\",\"potentialAction\":[{\"@type\":\"SearchAction\",\"target\":{\"@type\":\"EntryPoint\",\"urlTemplate\":\"https:\/\/storagecompat.com\/ec\/?s={search_term_string}\"},\"query-input\":\"required name=search_term_string\"}],\"inLanguage\":\"es\"},{\"@type\":\"ImageObject\",\"inLanguage\":\"es\",\"@id\":\"https:\/\/storagecompat.com\/ec\/producto\/banco-de-trabajo-fbia34201\/#primaryimage\",\"url\":\"https:\/\/storagecompat.com\/ec\/wp-content\/uploads\/sites\/24\/2024\/05\/FBIA34201.png\",\"contentUrl\":\"https:\/\/storagecompat.com\/ec\/wp-content\/uploads\/sites\/24\/2024\/05\/FBIA34201.png\",\"width\":1080,\"height\":1080},{\"@type\":\"WebPage\",\"@id\":\"https:\/\/storagecompat.com\/ec\/producto\/banco-de-trabajo-fbia34201\/#webpage\",\"url\":\"https:\/\/storagecompat.com\/ec\/producto\/banco-de-trabajo-fbia34201\/\",\"name\":\"Banco de Trabajo FBIA34201 - Storage Compat Ecuador\",\"isPartOf\":{\"@id\":\"https:\/\/storagecompat.com\/ec\/#website\"},\"primaryImageOfPage\":{\"@id\":\"https:\/\/storagecompat.com\/ec\/producto\/banco-de-trabajo-fbia34201\/#primaryimage\"},\"datePublished\":\"2024-05-16T14:52:36+00:00\",\"dateModified\":\"2024-05-16T14:52:37+00:00\",\"breadcrumb\":{\"@id\":\"https:\/\/storagecompat.com\/ec\/producto\/banco-de-trabajo-fbia34201\/#breadcrumb\"},\"inLanguage\":\"es\",\"potentialAction\":[{\"@type\":\"ReadAction\",\"target\":[\"https:\/\/storagecompat.com\/ec\/producto\/banco-de-trabajo-fbia34201\/\"]}]},{\"@type\":\"BreadcrumbList\",\"@id\":\"https:\/\/storagecompat.com\/ec\/producto\/banco-de-trabajo-fbia34201\/#breadcrumb\",\"itemListElement\":[{\"@type\":\"ListItem\",\"position\":1,\"name\":\"Portada\",\"item\":\"https:\/\/storagecompat.com\/ec\/\"},{\"@type\":\"ListItem\",\"position\":2,\"name\":\"Productos\",\"item\":\"https:\/\/storagecompat.com\/ec\/productos\/\"},{\"@type\":\"ListItem\",\"position\":3,\"name\":\"Banco de Trabajo FBIA34201\"}]}]}<\/script>\n<!-- \/ Yoast SEO plugin. -->","yoast_head_json":{"title":"Banco de Trabajo FBIA34201 - Storage Compat Ecuador","robots":{"index":"index","follow":"follow","max-snippet":"max-snippet:-1","max-image-preview":"max-image-preview:large","max-video-preview":"max-video-preview:-1"},"canonical":"https:\/\/storagecompat.com\/ec\/producto\/banco-de-trabajo-fbia34201\/","og_locale":"es_ES","og_type":"article","og_title":"Banco de Trabajo FBIA34201 - Storage Compat Ecuador","og_description":"Los Bancos de trabajo, han sido estudiados y realizados para satisfacer de manera racional las m\u00e1s variadas demandas del mercado. Los bancos de trabajo pueden ser f\u00e1cilmente transformados, la versatilidad y la gran capacidad de estos bancos de adecuarse a cualquier tipo de exigencia en el \u00e1mbito de producci\u00f3n, del montaje o de las pruebas, est\u00e1 garantizada por su amplia gama de accesorios: ganchos, m\u00e9nsulas, paneles porta herramientas, canaleta el\u00e9ctrica, etc. Los pies est\u00e1n construidos con chapa de acero con orificios en la parte superior para el fijado del plano de trabajo, y en las placas de base para el fijado al piso. Un elemento importante de los bancos de trabajo es la cajonera, producida en varias medias y con diferentes soluciones ya sea por el tipo de cajones como por la subdivisi\u00f3n interna del mismo.","og_url":"https:\/\/storagecompat.com\/ec\/producto\/banco-de-trabajo-fbia34201\/","og_site_name":"Storage Compat Ecuador","article_modified_time":"2024-05-16T14:52:37+00:00","og_image":[{"width":1080,"height":1080,"url":"https:\/\/storagecompat.com\/ec\/wp-content\/uploads\/sites\/24\/2024\/05\/FBIA34201.png","type":"image\/png"}],"author":"sigilfredo","twitter_card":"summary_large_image","twitter_misc":{"Tiempo de lectura":"1 minuto"},"schema":{"@context":"https:\/\/schema.org","@graph":[{"@type":"WebSite","@id":"https:\/\/storagecompat.com\/ec\/#website","url":"https:\/\/storagecompat.com\/ec\/","name":"Storage Compat Ecuador","description":"Bienvenido!","potentialAction":[{"@type":"SearchAction","target":{"@type":"EntryPoint","urlTemplate":"https:\/\/storagecompat.com\/ec\/?s={search_term_string}"},"query-input":"required name=search_term_string"}],"inLanguage":"es"},{"@type":"ImageObject","inLanguage":"es","@id":"https:\/\/storagecompat.com\/ec\/producto\/banco-de-trabajo-fbia34201\/#primaryimage","url":"https:\/\/storagecompat.com\/ec\/wp-content\/uploads\/sites\/24\/2024\/05\/FBIA34201.png","contentUrl":"https:\/\/storagecompat.com\/ec\/wp-content\/uploads\/sites\/24\/2024\/05\/FBIA34201.png","width":1080,"height":1080},{"@type":"WebPage","@id":"https:\/\/storagecompat.com\/ec\/producto\/banco-de-trabajo-fbia34201\/#webpage","url":"https:\/\/storagecompat.com\/ec\/producto\/banco-de-trabajo-fbia34201\/","name":"Banco de Trabajo FBIA34201 - Storage Compat Ecuador","isPartOf":{"@id":"https:\/\/storagecompat.com\/ec\/#website"},"primaryImageOfPage":{"@id":"https:\/\/storagecompat.com\/ec\/producto\/banco-de-trabajo-fbia34201\/#primaryimage"},"datePublished":"2024-05-16T14:52:36+00:00","dateModified":"2024-05-16T14:52:37+00:00","breadcrumb":{"@id":"https:\/\/storagecompat.com\/ec\/producto\/banco-de-trabajo-fbia34201\/#breadcrumb"},"inLanguage":"es","potentialAction":[{"@type":"ReadAction","target":["https:\/\/storagecompat.com\/ec\/producto\/banco-de-trabajo-fbia34201\/"]}]},{"@type":"BreadcrumbList","@id":"https:\/\/storagecompat.com\/ec\/producto\/banco-de-trabajo-fbia34201\/#breadcrumb","itemListElement":[{"@type":"ListItem","position":1,"name":"Portada","item":"https:\/\/storagecompat.com\/ec\/"},{"@type":"ListItem","position":2,"name":"Productos","item":"https:\/\/storagecompat.com\/ec\/productos\/"},{"@type":"ListItem","position":3,"name":"Banco de Trabajo FBIA34201"}]}]}},"_links":{"self":[{"href":"https:\/\/storagecompat.com\/ec\/wp-json\/wp\/v2\/product\/6838"}],"collection":[{"href":"https:\/\/storagecompat.com\/ec\/wp-json\/wp\/v2\/product"}],"about":[{"href":"https:\/\/storagecompat.com\/ec\/wp-json\/wp\/v2\/types\/product"}],"replies":[{"embeddable":true,"href":"https:\/\/storagecompat.com\/ec\/wp-json\/wp\/v2\/comments?post=6838"}],"wp:featuredmedia":[{"embeddable":true,"href":"https:\/\/storagecompat.com\/ec\/wp-json\/wp\/v2\/media\/6839"}],"wp:attachment":[{"href":"https:\/\/storagecompat.com\/ec\/wp-json\/wp\/v2\/media?parent=6838"}],"wp:term":[{"taxonomy":"product_cat","embeddable":true,"href":"https:\/\/storagecompat.com\/ec\/wp-json\/wp\/v2\/product_cat?post=6838"},{"taxonomy":"product_tag","embeddable":true,"href":"https:\/\/storagecompat.com\/ec\/wp-json\/wp\/v2\/product_tag?post=6838"}],"curies":[{"name":"wp","href":"https:\/\/api.w.org\/{rel}","templated":true}]}}