{"id":6775,"date":"2024-05-15T19:26:54","date_gmt":"2024-05-16T00:26:54","guid":{"rendered":"https:\/\/storagecompat.com\/ec\/?post_type=product&#038;p=6775"},"modified":"2024-05-15T19:26:55","modified_gmt":"2024-05-16T00:26:55","slug":"armario-metalico-faa130052","status":"publish","type":"product","link":"https:\/\/storagecompat.com\/ec\/producto\/armario-metalico-faa130052\/","title":{"rendered":"Armario Metalico FAA130052"},"content":{"rendered":"<table style=\"border-collapse: collapse;width: 100%;border-color: #000000;border-style: solid\" border=\"1\">\n<tbody>\n<tr style=\"background-color: #e6e6e6\">\n<td style=\"width: 48.0458%;text-align: center\"><span style=\"color: #000000\"><strong>C\u00f3digo<\/strong><\/span><\/td>\n<td style=\"width: 48.0458%;text-align: center\"><span style=\"color: #000000\"><strong>Dimensiones en cm<\/strong><\/span><\/td>\n<\/tr>\n<tr>\n<td style=\"width: 48.0458%;text-align: center\"><strong>FAA130052\u00a0<\/strong><\/td>\n<td style=\"width: 48.0458%;text-align: center\">102.3 x 40 x 200 h<\/td>\n<\/tr>\n<\/tbody>\n<\/table>\n<p>&nbsp;<\/p>\n<table style=\"border-collapse: collapse;width: 100.034%;border-color: #000000;border-style: solid\" border=\"1\">\n<tbody>\n<tr style=\"background-color: #e6e6e6\">\n<td style=\"width: 49.9479%;text-align: center\"><span style=\"color: #000000\"><strong>Caracter\u00edsticas T\u00e9cnicas<\/strong><\/span><\/td>\n<td style=\"width: 49.9479%;text-align: center\"><span style=\"color: #000000\"><strong>Qty<\/strong><\/span><\/td>\n<\/tr>\n<tr>\n<td style=\"width: 49.9479%;text-align: center\">Armario met\u00e1lico<\/td>\n<td style=\"width: 49.9479%;text-align: center\">1<\/td>\n<\/tr>\n<tr>\n<td style=\"width: 49.9479%;text-align: center\">Puertas batientes met\u00e1licas con im\u00e1n.<\/td>\n<td style=\"width: 49.9479%;text-align: center\">2<\/td>\n<\/tr>\n<tr>\n<td style=\"width: 49.9479%;text-align: center\">Bisagras ocultas anti vand\u00e1licas.<\/td>\n<td style=\"width: 49.9479%;text-align: center\">4<\/td>\n<\/tr>\n<tr>\n<td style=\"width: 49.9479%;text-align: center\">Planos de carga (de 345 mm de profundidad), sin bulones ni tornillos.<\/td>\n<td style=\"width: 49.9479%;text-align: center\">6<\/td>\n<\/tr>\n<tr>\n<td style=\"width: 49.9479%;text-align: center\">Contenedores 3PLZ con travesa\u00f1o<\/td>\n<td style=\"width: 49.9479%;text-align: center\">28<\/td>\n<\/tr>\n<tr>\n<td style=\"width: 49.9479%;text-align: center\">Cerradura de cierre a tres puntos, superior, inferior y central.<\/td>\n<td style=\"width: 49.9479%;text-align: center\">1<\/td>\n<\/tr>\n<tr>\n<td style=\"width: 49.9479%;text-align: center\">Llaves incluidas<\/td>\n<td style=\"width: 49.9479%;text-align: center\">2<\/td>\n<\/tr>\n<tr>\n<td style=\"width: 49.9479%;text-align: center\">Capacidad de carga total<\/td>\n<td style=\"width: 49.9479%;text-align: center\">800 Kg.<\/td>\n<\/tr>\n<tr>\n<td style=\"text-align: center;width: 99.8957%\" colspan=\"2\">Pintura a polvo electroest\u00e1tica en horno de 180\u00b0C, seguida de las siguientes fases: Fosfatizaci\u00f3n, enjuagado, secado, aplicaci\u00f3n del polvo electrost\u00e1tico, polimerizaci\u00f3n dentro de horno, espesor de pintura 35 a 80 micrones, tolerancia: \u03b4E 1,0 medido con espectrofot\u00f3metro a esfera 8\u00b0, formula CIE LAB, Oss.: 10\u00b0<\/td>\n<\/tr>\n<\/tbody>\n<\/table>\n<h1><\/h1>\n","protected":false},"excerpt":{"rendered":"<p>Armario met\u00e1lico de puertas batientes, fabricado con las m\u00e1s modernas tecnolog\u00edas, empleando materiales de primera calidad. Las puertas batientes vienen con im\u00e1n para que permanezcan cerradas sin necesidad de asegurarlas con llaves. Se adaptan a cada exigencia resolviendo de forma \u00f3ptima el almacenaje de los diferentes materiales.<\/p>\n","protected":false},"featured_media":6776,"comment_status":"open","ping_status":"closed","template":"","meta":{"_joinchat":[]},"product_cat":[120,113],"product_tag":[],"acf":[],"yoast_head":"<!-- This site is optimized with the Yoast SEO plugin v19.2 - https:\/\/yoast.com\/wordpress\/plugins\/seo\/ -->\n<title>Armario Metalico FAA130052 - Storage Compat Ecuador<\/title>\n<meta name=\"robots\" content=\"index, follow, max-snippet:-1, max-image-preview:large, max-video-preview:-1\" \/>\n<link rel=\"canonical\" href=\"https:\/\/storagecompat.com\/ec\/producto\/armario-metalico-faa130052\/\" \/>\n<meta property=\"og:locale\" content=\"es_ES\" \/>\n<meta property=\"og:type\" content=\"article\" \/>\n<meta property=\"og:title\" content=\"Armario Metalico FAA130052 - Storage Compat Ecuador\" \/>\n<meta property=\"og:description\" content=\"Armario met\u00e1lico de puertas batientes, fabricado con las m\u00e1s modernas tecnolog\u00edas, empleando materiales de primera calidad. Las puertas batientes vienen con im\u00e1n para que permanezcan cerradas sin necesidad de asegurarlas con llaves. Se adaptan a cada exigencia resolviendo de forma \u00f3ptima el almacenaje de los diferentes materiales.\" \/>\n<meta property=\"og:url\" content=\"https:\/\/storagecompat.com\/ec\/producto\/armario-metalico-faa130052\/\" \/>\n<meta property=\"og:site_name\" content=\"Storage Compat Ecuador\" \/>\n<meta property=\"article:modified_time\" content=\"2024-05-16T00:26:55+00:00\" \/>\n<meta property=\"og:image\" content=\"https:\/\/storagecompat.com\/ec\/wp-content\/uploads\/sites\/24\/2024\/05\/FAA130052-web.png\" \/>\n\t<meta property=\"og:image:width\" content=\"1080\" \/>\n\t<meta property=\"og:image:height\" content=\"1080\" \/>\n\t<meta property=\"og:image:type\" content=\"image\/png\" \/>\n<meta name=\"author\" content=\"sigilfredo\" \/>\n<meta name=\"twitter:card\" content=\"summary_large_image\" \/>\n<meta name=\"twitter:label1\" content=\"Tiempo de lectura\" \/>\n\t<meta name=\"twitter:data1\" content=\"1 minuto\" \/>\n<script type=\"application\/ld+json\" class=\"yoast-schema-graph\">{\"@context\":\"https:\/\/schema.org\",\"@graph\":[{\"@type\":\"WebSite\",\"@id\":\"https:\/\/storagecompat.com\/ec\/#website\",\"url\":\"https:\/\/storagecompat.com\/ec\/\",\"name\":\"Storage Compat Ecuador\",\"description\":\"Bienvenido!\",\"potentialAction\":[{\"@type\":\"SearchAction\",\"target\":{\"@type\":\"EntryPoint\",\"urlTemplate\":\"https:\/\/storagecompat.com\/ec\/?s={search_term_string}\"},\"query-input\":\"required name=search_term_string\"}],\"inLanguage\":\"es\"},{\"@type\":\"ImageObject\",\"inLanguage\":\"es\",\"@id\":\"https:\/\/storagecompat.com\/ec\/producto\/armario-metalico-faa130052\/#primaryimage\",\"url\":\"https:\/\/storagecompat.com\/ec\/wp-content\/uploads\/sites\/24\/2024\/05\/FAA130052-web.png\",\"contentUrl\":\"https:\/\/storagecompat.com\/ec\/wp-content\/uploads\/sites\/24\/2024\/05\/FAA130052-web.png\",\"width\":1080,\"height\":1080},{\"@type\":\"WebPage\",\"@id\":\"https:\/\/storagecompat.com\/ec\/producto\/armario-metalico-faa130052\/#webpage\",\"url\":\"https:\/\/storagecompat.com\/ec\/producto\/armario-metalico-faa130052\/\",\"name\":\"Armario Metalico FAA130052 - Storage Compat Ecuador\",\"isPartOf\":{\"@id\":\"https:\/\/storagecompat.com\/ec\/#website\"},\"primaryImageOfPage\":{\"@id\":\"https:\/\/storagecompat.com\/ec\/producto\/armario-metalico-faa130052\/#primaryimage\"},\"datePublished\":\"2024-05-16T00:26:54+00:00\",\"dateModified\":\"2024-05-16T00:26:55+00:00\",\"breadcrumb\":{\"@id\":\"https:\/\/storagecompat.com\/ec\/producto\/armario-metalico-faa130052\/#breadcrumb\"},\"inLanguage\":\"es\",\"potentialAction\":[{\"@type\":\"ReadAction\",\"target\":[\"https:\/\/storagecompat.com\/ec\/producto\/armario-metalico-faa130052\/\"]}]},{\"@type\":\"BreadcrumbList\",\"@id\":\"https:\/\/storagecompat.com\/ec\/producto\/armario-metalico-faa130052\/#breadcrumb\",\"itemListElement\":[{\"@type\":\"ListItem\",\"position\":1,\"name\":\"Portada\",\"item\":\"https:\/\/storagecompat.com\/ec\/\"},{\"@type\":\"ListItem\",\"position\":2,\"name\":\"Productos\",\"item\":\"https:\/\/storagecompat.com\/ec\/productos\/\"},{\"@type\":\"ListItem\",\"position\":3,\"name\":\"Armario Metalico FAA130052\"}]}]}<\/script>\n<!-- \/ Yoast SEO plugin. -->","yoast_head_json":{"title":"Armario Metalico FAA130052 - Storage Compat Ecuador","robots":{"index":"index","follow":"follow","max-snippet":"max-snippet:-1","max-image-preview":"max-image-preview:large","max-video-preview":"max-video-preview:-1"},"canonical":"https:\/\/storagecompat.com\/ec\/producto\/armario-metalico-faa130052\/","og_locale":"es_ES","og_type":"article","og_title":"Armario Metalico FAA130052 - Storage Compat Ecuador","og_description":"Armario met\u00e1lico de puertas batientes, fabricado con las m\u00e1s modernas tecnolog\u00edas, empleando materiales de primera calidad. Las puertas batientes vienen con im\u00e1n para que permanezcan cerradas sin necesidad de asegurarlas con llaves. Se adaptan a cada exigencia resolviendo de forma \u00f3ptima el almacenaje de los diferentes materiales.","og_url":"https:\/\/storagecompat.com\/ec\/producto\/armario-metalico-faa130052\/","og_site_name":"Storage Compat Ecuador","article_modified_time":"2024-05-16T00:26:55+00:00","og_image":[{"width":1080,"height":1080,"url":"https:\/\/storagecompat.com\/ec\/wp-content\/uploads\/sites\/24\/2024\/05\/FAA130052-web.png","type":"image\/png"}],"author":"sigilfredo","twitter_card":"summary_large_image","twitter_misc":{"Tiempo de lectura":"1 minuto"},"schema":{"@context":"https:\/\/schema.org","@graph":[{"@type":"WebSite","@id":"https:\/\/storagecompat.com\/ec\/#website","url":"https:\/\/storagecompat.com\/ec\/","name":"Storage Compat Ecuador","description":"Bienvenido!","potentialAction":[{"@type":"SearchAction","target":{"@type":"EntryPoint","urlTemplate":"https:\/\/storagecompat.com\/ec\/?s={search_term_string}"},"query-input":"required name=search_term_string"}],"inLanguage":"es"},{"@type":"ImageObject","inLanguage":"es","@id":"https:\/\/storagecompat.com\/ec\/producto\/armario-metalico-faa130052\/#primaryimage","url":"https:\/\/storagecompat.com\/ec\/wp-content\/uploads\/sites\/24\/2024\/05\/FAA130052-web.png","contentUrl":"https:\/\/storagecompat.com\/ec\/wp-content\/uploads\/sites\/24\/2024\/05\/FAA130052-web.png","width":1080,"height":1080},{"@type":"WebPage","@id":"https:\/\/storagecompat.com\/ec\/producto\/armario-metalico-faa130052\/#webpage","url":"https:\/\/storagecompat.com\/ec\/producto\/armario-metalico-faa130052\/","name":"Armario Metalico FAA130052 - Storage Compat Ecuador","isPartOf":{"@id":"https:\/\/storagecompat.com\/ec\/#website"},"primaryImageOfPage":{"@id":"https:\/\/storagecompat.com\/ec\/producto\/armario-metalico-faa130052\/#primaryimage"},"datePublished":"2024-05-16T00:26:54+00:00","dateModified":"2024-05-16T00:26:55+00:00","breadcrumb":{"@id":"https:\/\/storagecompat.com\/ec\/producto\/armario-metalico-faa130052\/#breadcrumb"},"inLanguage":"es","potentialAction":[{"@type":"ReadAction","target":["https:\/\/storagecompat.com\/ec\/producto\/armario-metalico-faa130052\/"]}]},{"@type":"BreadcrumbList","@id":"https:\/\/storagecompat.com\/ec\/producto\/armario-metalico-faa130052\/#breadcrumb","itemListElement":[{"@type":"ListItem","position":1,"name":"Portada","item":"https:\/\/storagecompat.com\/ec\/"},{"@type":"ListItem","position":2,"name":"Productos","item":"https:\/\/storagecompat.com\/ec\/productos\/"},{"@type":"ListItem","position":3,"name":"Armario Metalico FAA130052"}]}]}},"_links":{"self":[{"href":"https:\/\/storagecompat.com\/ec\/wp-json\/wp\/v2\/product\/6775"}],"collection":[{"href":"https:\/\/storagecompat.com\/ec\/wp-json\/wp\/v2\/product"}],"about":[{"href":"https:\/\/storagecompat.com\/ec\/wp-json\/wp\/v2\/types\/product"}],"replies":[{"embeddable":true,"href":"https:\/\/storagecompat.com\/ec\/wp-json\/wp\/v2\/comments?post=6775"}],"wp:featuredmedia":[{"embeddable":true,"href":"https:\/\/storagecompat.com\/ec\/wp-json\/wp\/v2\/media\/6776"}],"wp:attachment":[{"href":"https:\/\/storagecompat.com\/ec\/wp-json\/wp\/v2\/media?parent=6775"}],"wp:term":[{"taxonomy":"product_cat","embeddable":true,"href":"https:\/\/storagecompat.com\/ec\/wp-json\/wp\/v2\/product_cat?post=6775"},{"taxonomy":"product_tag","embeddable":true,"href":"https:\/\/storagecompat.com\/ec\/wp-json\/wp\/v2\/product_tag?post=6775"}],"curies":[{"name":"wp","href":"https:\/\/api.w.org\/{rel}","templated":true}]}}