{"id":6604,"date":"2024-05-13T14:32:13","date_gmt":"2024-05-13T19:32:13","guid":{"rendered":"https:\/\/storagecompat.com\/ec\/?post_type=product&#038;p=6604"},"modified":"2024-05-14T08:48:16","modified_gmt":"2024-05-14T13:48:16","slug":"carro-metalico-fchp20616","status":"publish","type":"product","link":"https:\/\/storagecompat.com\/ec\/producto\/carro-metalico-fchp20616\/","title":{"rendered":"Carro Met\u00e1lico FCHP20616"},"content":{"rendered":"<table style=\"border-collapse: collapse;width: 100%;border-color: #000000;border-style: solid\" border=\"1\">\n<tbody>\n<tr style=\"background-color: #e6e6e6\">\n<td style=\"width: 48.0458%;text-align: center\"><span style=\"color: #000000\"><strong>C\u00f3digo<\/strong><\/span><\/td>\n<td style=\"width: 48.0458%;text-align: center\"><span style=\"color: #000000\"><strong>Dimensiones en cm<\/strong><\/span><\/td>\n<\/tr>\n<tr>\n<td style=\"width: 48.0458%;text-align: center\"><strong>FCHP20616<\/strong><\/td>\n<td style=\"width: 48.0458%;text-align: center\"><strong>142.5 x 62.5 x 159 h<\/strong><\/td>\n<\/tr>\n<\/tbody>\n<\/table>\n<p>&nbsp;<\/p>\n<table style=\"border-collapse: collapse;width: 100.034%;border-color: #000000;border-style: solid\" border=\"1\">\n<tbody>\n<tr style=\"background-color: #e6e6e6\">\n<td style=\"width: 49.9479%;text-align: center\"><span style=\"color: #000000\"><strong>Caracter\u00edsticas T\u00e9cnicas<\/strong><\/span><\/td>\n<td style=\"width: 49.9479%;text-align: center\"><span style=\"color: #000000\"><strong>Info. \/ Cant.<\/strong><\/span><\/td>\n<\/tr>\n<tr>\n<td style=\"width: 49.9479%;text-align: center\">Ruedas giratorias con freno \u00d8 200 mm. goma standard.<\/td>\n<td style=\"width: 49.9479%;text-align: center\">2<\/td>\n<\/tr>\n<tr>\n<td style=\"width: 49.9479%;text-align: center\">Ruedas fijas \u00d8 200 mm. goma standard.<\/td>\n<td style=\"width: 49.9479%;text-align: center\">2<\/td>\n<\/tr>\n<tr>\n<td style=\"width: 49.9479%;text-align: center\">Planos de carga medidas 1280x610x30 h.mm. para cargas de 100 Kg.<\/td>\n<td style=\"width: 49.9479%;text-align: center\">2<\/td>\n<\/tr>\n<tr>\n<td style=\"width: 49.9479%;text-align: center\">Manija de acero inoxidable (L: 560 mm).<\/td>\n<td style=\"width: 49.9479%;text-align: center\">1<\/td>\n<\/tr>\n<tr>\n<td style=\"width: 49.9479%;text-align: center\">Contenedor pl\u00e1stico serie ATHENA 6422A (60x40x22 h cm)<\/td>\n<td style=\"width: 49.9479%;text-align: center\">9<\/td>\n<\/tr>\n<tr>\n<td style=\"width: 49.9479%;text-align: center\">Capacidad de carga.<\/td>\n<td style=\"width: 49.9479%;text-align: center\">500 Kg.<\/td>\n<\/tr>\n<tr>\n<td style=\"text-align: center;width: 99.8957%\" colspan=\"2\">Pintura a polvo electroest\u00e1tica en horno de 180\u00b0C, seguida de las siguientes fases: Fosfatizaci\u00f3n, enjuagado, secado, aplicaci\u00f3n del polvo electrost\u00e1tico, polimerizaci\u00f3n dentro de horno, espesor de pintura 35 a 80 micrones, tolerancia: \u03b4E 1,0 medido con espectrofot\u00f3metro a esfera 8\u00b0, formula CIE LAB, Oss.: 10\u00b0<\/td>\n<\/tr>\n<\/tbody>\n<\/table>\n<p>&nbsp;<\/p>\n","protected":false},"excerpt":{"rendered":"<p>Carro normalizado Serie Combi. Fabricados y desarrollados por una robusta estructura, montada sobre cuatro ruedas. En m\u00faltiples combinaciones de contenedores y estantes constituyen un peque\u00f1o almac\u00e9n m\u00f3vil. Pueden transportar contenedores pl\u00e1sticos y estantes para la colocaci\u00f3n de materiales diversos.<\/p>\n","protected":false},"featured_media":6605,"comment_status":"open","ping_status":"closed","template":"","meta":{"_joinchat":[]},"product_cat":[116],"product_tag":[],"acf":[],"yoast_head":"<!-- This site is optimized with the Yoast SEO plugin v19.2 - https:\/\/yoast.com\/wordpress\/plugins\/seo\/ -->\n<title>Carro Met\u00e1lico FCHP20616 - Storage Compat Ecuador<\/title>\n<meta name=\"robots\" content=\"index, follow, max-snippet:-1, max-image-preview:large, max-video-preview:-1\" \/>\n<link rel=\"canonical\" href=\"https:\/\/storagecompat.com\/ec\/producto\/carro-metalico-fchp20616\/\" \/>\n<meta property=\"og:locale\" content=\"es_ES\" \/>\n<meta property=\"og:type\" content=\"article\" \/>\n<meta property=\"og:title\" content=\"Carro Met\u00e1lico FCHP20616 - Storage Compat Ecuador\" \/>\n<meta property=\"og:description\" content=\"Carro normalizado Serie Combi. Fabricados y desarrollados por una robusta estructura, montada sobre cuatro ruedas. En m\u00faltiples combinaciones de contenedores y estantes constituyen un peque\u00f1o almac\u00e9n m\u00f3vil. Pueden transportar contenedores pl\u00e1sticos y estantes para la colocaci\u00f3n de materiales diversos.\" \/>\n<meta property=\"og:url\" content=\"https:\/\/storagecompat.com\/ec\/producto\/carro-metalico-fchp20616\/\" \/>\n<meta property=\"og:site_name\" content=\"Storage Compat Ecuador\" \/>\n<meta property=\"article:modified_time\" content=\"2024-05-14T13:48:16+00:00\" \/>\n<meta property=\"og:image\" content=\"https:\/\/storagecompat.com\/ec\/wp-content\/uploads\/sites\/24\/2024\/05\/FCHP20616.png\" \/>\n\t<meta property=\"og:image:width\" content=\"1024\" \/>\n\t<meta property=\"og:image:height\" content=\"1024\" \/>\n\t<meta property=\"og:image:type\" content=\"image\/png\" \/>\n<meta name=\"author\" content=\"sigilfredo\" \/>\n<meta name=\"twitter:card\" content=\"summary_large_image\" \/>\n<meta name=\"twitter:label1\" content=\"Tiempo de lectura\" \/>\n\t<meta name=\"twitter:data1\" content=\"1 minuto\" \/>\n<script type=\"application\/ld+json\" class=\"yoast-schema-graph\">{\"@context\":\"https:\/\/schema.org\",\"@graph\":[{\"@type\":\"WebSite\",\"@id\":\"https:\/\/storagecompat.com\/ec\/#website\",\"url\":\"https:\/\/storagecompat.com\/ec\/\",\"name\":\"Storage Compat Ecuador\",\"description\":\"Bienvenido!\",\"potentialAction\":[{\"@type\":\"SearchAction\",\"target\":{\"@type\":\"EntryPoint\",\"urlTemplate\":\"https:\/\/storagecompat.com\/ec\/?s={search_term_string}\"},\"query-input\":\"required name=search_term_string\"}],\"inLanguage\":\"es\"},{\"@type\":\"ImageObject\",\"inLanguage\":\"es\",\"@id\":\"https:\/\/storagecompat.com\/ec\/producto\/carro-metalico-fchp20616\/#primaryimage\",\"url\":\"https:\/\/storagecompat.com\/ec\/wp-content\/uploads\/sites\/24\/2024\/05\/FCHP20616.png\",\"contentUrl\":\"https:\/\/storagecompat.com\/ec\/wp-content\/uploads\/sites\/24\/2024\/05\/FCHP20616.png\",\"width\":1024,\"height\":1024},{\"@type\":\"WebPage\",\"@id\":\"https:\/\/storagecompat.com\/ec\/producto\/carro-metalico-fchp20616\/#webpage\",\"url\":\"https:\/\/storagecompat.com\/ec\/producto\/carro-metalico-fchp20616\/\",\"name\":\"Carro Met\u00e1lico FCHP20616 - Storage Compat Ecuador\",\"isPartOf\":{\"@id\":\"https:\/\/storagecompat.com\/ec\/#website\"},\"primaryImageOfPage\":{\"@id\":\"https:\/\/storagecompat.com\/ec\/producto\/carro-metalico-fchp20616\/#primaryimage\"},\"datePublished\":\"2024-05-13T19:32:13+00:00\",\"dateModified\":\"2024-05-14T13:48:16+00:00\",\"breadcrumb\":{\"@id\":\"https:\/\/storagecompat.com\/ec\/producto\/carro-metalico-fchp20616\/#breadcrumb\"},\"inLanguage\":\"es\",\"potentialAction\":[{\"@type\":\"ReadAction\",\"target\":[\"https:\/\/storagecompat.com\/ec\/producto\/carro-metalico-fchp20616\/\"]}]},{\"@type\":\"BreadcrumbList\",\"@id\":\"https:\/\/storagecompat.com\/ec\/producto\/carro-metalico-fchp20616\/#breadcrumb\",\"itemListElement\":[{\"@type\":\"ListItem\",\"position\":1,\"name\":\"Portada\",\"item\":\"https:\/\/storagecompat.com\/ec\/\"},{\"@type\":\"ListItem\",\"position\":2,\"name\":\"Productos\",\"item\":\"https:\/\/storagecompat.com\/ec\/productos\/\"},{\"@type\":\"ListItem\",\"position\":3,\"name\":\"Carro Met\u00e1lico FCHP20616\"}]}]}<\/script>\n<!-- \/ Yoast SEO plugin. -->","yoast_head_json":{"title":"Carro Met\u00e1lico FCHP20616 - Storage Compat Ecuador","robots":{"index":"index","follow":"follow","max-snippet":"max-snippet:-1","max-image-preview":"max-image-preview:large","max-video-preview":"max-video-preview:-1"},"canonical":"https:\/\/storagecompat.com\/ec\/producto\/carro-metalico-fchp20616\/","og_locale":"es_ES","og_type":"article","og_title":"Carro Met\u00e1lico FCHP20616 - Storage Compat Ecuador","og_description":"Carro normalizado Serie Combi. Fabricados y desarrollados por una robusta estructura, montada sobre cuatro ruedas. En m\u00faltiples combinaciones de contenedores y estantes constituyen un peque\u00f1o almac\u00e9n m\u00f3vil. Pueden transportar contenedores pl\u00e1sticos y estantes para la colocaci\u00f3n de materiales diversos.","og_url":"https:\/\/storagecompat.com\/ec\/producto\/carro-metalico-fchp20616\/","og_site_name":"Storage Compat Ecuador","article_modified_time":"2024-05-14T13:48:16+00:00","og_image":[{"width":1024,"height":1024,"url":"https:\/\/storagecompat.com\/ec\/wp-content\/uploads\/sites\/24\/2024\/05\/FCHP20616.png","type":"image\/png"}],"author":"sigilfredo","twitter_card":"summary_large_image","twitter_misc":{"Tiempo de lectura":"1 minuto"},"schema":{"@context":"https:\/\/schema.org","@graph":[{"@type":"WebSite","@id":"https:\/\/storagecompat.com\/ec\/#website","url":"https:\/\/storagecompat.com\/ec\/","name":"Storage Compat Ecuador","description":"Bienvenido!","potentialAction":[{"@type":"SearchAction","target":{"@type":"EntryPoint","urlTemplate":"https:\/\/storagecompat.com\/ec\/?s={search_term_string}"},"query-input":"required name=search_term_string"}],"inLanguage":"es"},{"@type":"ImageObject","inLanguage":"es","@id":"https:\/\/storagecompat.com\/ec\/producto\/carro-metalico-fchp20616\/#primaryimage","url":"https:\/\/storagecompat.com\/ec\/wp-content\/uploads\/sites\/24\/2024\/05\/FCHP20616.png","contentUrl":"https:\/\/storagecompat.com\/ec\/wp-content\/uploads\/sites\/24\/2024\/05\/FCHP20616.png","width":1024,"height":1024},{"@type":"WebPage","@id":"https:\/\/storagecompat.com\/ec\/producto\/carro-metalico-fchp20616\/#webpage","url":"https:\/\/storagecompat.com\/ec\/producto\/carro-metalico-fchp20616\/","name":"Carro Met\u00e1lico FCHP20616 - Storage Compat Ecuador","isPartOf":{"@id":"https:\/\/storagecompat.com\/ec\/#website"},"primaryImageOfPage":{"@id":"https:\/\/storagecompat.com\/ec\/producto\/carro-metalico-fchp20616\/#primaryimage"},"datePublished":"2024-05-13T19:32:13+00:00","dateModified":"2024-05-14T13:48:16+00:00","breadcrumb":{"@id":"https:\/\/storagecompat.com\/ec\/producto\/carro-metalico-fchp20616\/#breadcrumb"},"inLanguage":"es","potentialAction":[{"@type":"ReadAction","target":["https:\/\/storagecompat.com\/ec\/producto\/carro-metalico-fchp20616\/"]}]},{"@type":"BreadcrumbList","@id":"https:\/\/storagecompat.com\/ec\/producto\/carro-metalico-fchp20616\/#breadcrumb","itemListElement":[{"@type":"ListItem","position":1,"name":"Portada","item":"https:\/\/storagecompat.com\/ec\/"},{"@type":"ListItem","position":2,"name":"Productos","item":"https:\/\/storagecompat.com\/ec\/productos\/"},{"@type":"ListItem","position":3,"name":"Carro Met\u00e1lico FCHP20616"}]}]}},"_links":{"self":[{"href":"https:\/\/storagecompat.com\/ec\/wp-json\/wp\/v2\/product\/6604"}],"collection":[{"href":"https:\/\/storagecompat.com\/ec\/wp-json\/wp\/v2\/product"}],"about":[{"href":"https:\/\/storagecompat.com\/ec\/wp-json\/wp\/v2\/types\/product"}],"replies":[{"embeddable":true,"href":"https:\/\/storagecompat.com\/ec\/wp-json\/wp\/v2\/comments?post=6604"}],"wp:featuredmedia":[{"embeddable":true,"href":"https:\/\/storagecompat.com\/ec\/wp-json\/wp\/v2\/media\/6605"}],"wp:attachment":[{"href":"https:\/\/storagecompat.com\/ec\/wp-json\/wp\/v2\/media?parent=6604"}],"wp:term":[{"taxonomy":"product_cat","embeddable":true,"href":"https:\/\/storagecompat.com\/ec\/wp-json\/wp\/v2\/product_cat?post=6604"},{"taxonomy":"product_tag","embeddable":true,"href":"https:\/\/storagecompat.com\/ec\/wp-json\/wp\/v2\/product_tag?post=6604"}],"curies":[{"name":"wp","href":"https:\/\/api.w.org\/{rel}","templated":true}]}}