{"id":6825,"date":"2024-05-16T16:05:32","date_gmt":"2024-05-16T21:05:32","guid":{"rendered":"https:\/\/storagecompat.com\/co\/?post_type=product&#038;p=6825"},"modified":"2024-05-16T16:06:51","modified_gmt":"2024-05-16T21:06:51","slug":"banco-de-trabajo-fbia38401","status":"publish","type":"product","link":"https:\/\/storagecompat.com\/co\/producto\/banco-de-trabajo-fbia38401\/","title":{"rendered":"Banco de Trabajo FBIA38401"},"content":{"rendered":"<table style=\"border-collapse: collapse;width: 100%;border-color: #000000;border-style: solid\" border=\"1\">\n<tbody>\n<tr style=\"background-color: #e6e6e6\">\n<td style=\"width: 48.0458%;text-align: center\"><span style=\"color: #000000\"><strong>C\u00f3digo<\/strong><\/span><\/td>\n<td style=\"width: 48.0458%;text-align: center\"><span style=\"color: #000000\"><strong>Dimensiones en cm<\/strong><\/span><\/td>\n<\/tr>\n<tr>\n<td style=\"width: 48.0458%;text-align: center\"><strong>FBIA38401<\/strong><\/td>\n<td style=\"width: 48.0458%;text-align: center\"><strong>250x80x85 cm<\/strong><\/td>\n<\/tr>\n<\/tbody>\n<\/table>\n<p>&nbsp;<\/p>\n<table style=\"border-collapse: collapse;width: 100.034%;border-color: #000000;border-style: solid\" border=\"1\">\n<tbody>\n<tr style=\"background-color: #e6e6e6\">\n<td style=\"width: 49.9479%;text-align: center\"><span style=\"color: #000000\"><strong>Caracter\u00edsticas T\u00e9cnicas<\/strong><\/span><\/td>\n<td style=\"width: 49.9479%;text-align: center\"><span style=\"color: #000000\"><strong>Info. \/ Cant.<\/strong><\/span><\/td>\n<\/tr>\n<tr>\n<td style=\"width: 49.9479%;text-align: center\">Pie met\u00e1lico para banco de trabajo.<\/td>\n<td style=\"width: 49.9479%;text-align: center\">2<\/td>\n<\/tr>\n<tr>\n<td style=\"width: 49.9479%;text-align: center\">Plano de met\u00e1lico, resistente a las cargas y al desgaste. (Profundidad: 800 mm. Longitud: 2500 \u2013 Espesor: 40 mm.).<\/td>\n<td style=\"width: 49.9479%;text-align: center\">1<\/td>\n<\/tr>\n<tr>\n<td style=\"width: 49.9479%;text-align: center\">Capacidad de carga.<\/td>\n<td style=\"width: 49.9479%;text-align: center\">800 Kg.<\/td>\n<\/tr>\n<tr>\n<td style=\"text-align: center;width: 99.8957%\" colspan=\"2\">Pintura a polvo electroest\u00e1tica en horno de 180\u00b0C, seguida de las siguientes fases: Fosfatizaci\u00f3n, enjuagado, secado, aplicaci\u00f3n del polvo electrost\u00e1tico, polimerizaci\u00f3n dentro de horno, espesor de pintura 35 a 80 micrones, tolerancia: \u03b4E 1,0 medido con espectrofot\u00f3metro a esfera 8\u00b0, formula CIE LAB, Oss.: 10\u00b0<\/td>\n<\/tr>\n<\/tbody>\n<\/table>\n","protected":false},"excerpt":{"rendered":"<p>Bancos de trabajo serie &lt;POWERFUL&gt;, han sido estudiados y realizados para satisfacer de manera racional las m\u00e1s variadas demandas del mercado. Los bancos de trabajo pueden ser f\u00e1cilmente transformados, la versatilidad y la gran capacidad de estos bancos de adecuarse a cualquier tipo de exigencia en el \u00e1mbito de producci\u00f3n, del montaje o de las pruebas, est\u00e1 garantizada por su amplia gama de accesorios: ganchos, m\u00e9nsulas, paneles porta herramientas, canaleta el\u00e9ctrica, etc. Los pies est\u00e1n construidos con chapa de acero con orificios en la parte superior para el fijado del plano de trabajo, y en las placas de base para el fijado al piso. Un elemento importante de los bancos de trabajo es la cajonera, producida en varias medias y con diferentes soluciones ya sea por el tipo de cajones como por la subdivisi\u00f3n interna del mismo.<\/p>\n","protected":false},"featured_media":6872,"comment_status":"open","ping_status":"closed","template":"","meta":{"_joinchat":[]},"product_cat":[114,124],"product_tag":[],"acf":[],"yoast_head":"<!-- This site is optimized with the Yoast SEO plugin v19.2 - https:\/\/yoast.com\/wordpress\/plugins\/seo\/ -->\n<title>Banco de Trabajo FBIA38401 - Storage Compat Colombia<\/title>\n<meta name=\"robots\" content=\"index, follow, max-snippet:-1, max-image-preview:large, max-video-preview:-1\" \/>\n<link rel=\"canonical\" href=\"https:\/\/storagecompat.com\/co\/producto\/banco-de-trabajo-fbia38401\/\" \/>\n<meta property=\"og:locale\" content=\"es_ES\" \/>\n<meta property=\"og:type\" content=\"article\" \/>\n<meta property=\"og:title\" content=\"Banco de Trabajo FBIA38401 - Storage Compat Colombia\" \/>\n<meta property=\"og:description\" content=\"Bancos de trabajo serie &lt;POWERFUL&gt;, han sido estudiados y realizados para satisfacer de manera racional las m\u00e1s variadas demandas del mercado. Los bancos de trabajo pueden ser f\u00e1cilmente transformados, la versatilidad y la gran capacidad de estos bancos de adecuarse a cualquier tipo de exigencia en el \u00e1mbito de producci\u00f3n, del montaje o de las pruebas, est\u00e1 garantizada por su amplia gama de accesorios: ganchos, m\u00e9nsulas, paneles porta herramientas, canaleta el\u00e9ctrica, etc. Los pies est\u00e1n construidos con chapa de acero con orificios en la parte superior para el fijado del plano de trabajo, y en las placas de base para el fijado al piso. Un elemento importante de los bancos de trabajo es la cajonera, producida en varias medias y con diferentes soluciones ya sea por el tipo de cajones como por la subdivisi\u00f3n interna del mismo.\" \/>\n<meta property=\"og:url\" content=\"https:\/\/storagecompat.com\/co\/producto\/banco-de-trabajo-fbia38401\/\" \/>\n<meta property=\"og:site_name\" content=\"Storage Compat Colombia\" \/>\n<meta property=\"article:modified_time\" content=\"2024-05-16T21:06:51+00:00\" \/>\n<meta name=\"author\" content=\"admin\" \/>\n<meta name=\"twitter:card\" content=\"summary_large_image\" \/>\n<script type=\"application\/ld+json\" class=\"yoast-schema-graph\">{\"@context\":\"https:\/\/schema.org\",\"@graph\":[{\"@type\":\"WebSite\",\"@id\":\"https:\/\/storagecompat.com\/co\/#website\",\"url\":\"https:\/\/storagecompat.com\/co\/\",\"name\":\"Storage Compat Colombia\",\"description\":\"Bienvenido!\",\"potentialAction\":[{\"@type\":\"SearchAction\",\"target\":{\"@type\":\"EntryPoint\",\"urlTemplate\":\"https:\/\/storagecompat.com\/co\/?s={search_term_string}\"},\"query-input\":\"required name=search_term_string\"}],\"inLanguage\":\"es\"},{\"@type\":\"ImageObject\",\"inLanguage\":\"es\",\"@id\":\"https:\/\/storagecompat.com\/co\/producto\/banco-de-trabajo-fbia38401\/#primaryimage\",\"url\":\"https:\/\/storagecompat.com\/co\/wp-content\/uploads\/sites\/25\/2024\/05\/FBIA38401.png\",\"contentUrl\":\"https:\/\/storagecompat.com\/co\/wp-content\/uploads\/sites\/25\/2024\/05\/FBIA38401.png\",\"width\":1080,\"height\":1080},{\"@type\":\"WebPage\",\"@id\":\"https:\/\/storagecompat.com\/co\/producto\/banco-de-trabajo-fbia38401\/#webpage\",\"url\":\"https:\/\/storagecompat.com\/co\/producto\/banco-de-trabajo-fbia38401\/\",\"name\":\"Banco de Trabajo FBIA38401 - Storage Compat Colombia\",\"isPartOf\":{\"@id\":\"https:\/\/storagecompat.com\/co\/#website\"},\"primaryImageOfPage\":{\"@id\":\"https:\/\/storagecompat.com\/co\/producto\/banco-de-trabajo-fbia38401\/#primaryimage\"},\"datePublished\":\"2024-05-16T21:05:32+00:00\",\"dateModified\":\"2024-05-16T21:06:51+00:00\",\"breadcrumb\":{\"@id\":\"https:\/\/storagecompat.com\/co\/producto\/banco-de-trabajo-fbia38401\/#breadcrumb\"},\"inLanguage\":\"es\",\"potentialAction\":[{\"@type\":\"ReadAction\",\"target\":[\"https:\/\/storagecompat.com\/co\/producto\/banco-de-trabajo-fbia38401\/\"]}]},{\"@type\":\"BreadcrumbList\",\"@id\":\"https:\/\/storagecompat.com\/co\/producto\/banco-de-trabajo-fbia38401\/#breadcrumb\",\"itemListElement\":[{\"@type\":\"ListItem\",\"position\":1,\"name\":\"Portada\",\"item\":\"https:\/\/storagecompat.com\/co\/\"},{\"@type\":\"ListItem\",\"position\":2,\"name\":\"Productos\",\"item\":\"https:\/\/storagecompat.com\/co\/productos\/\"},{\"@type\":\"ListItem\",\"position\":3,\"name\":\"Banco de Trabajo FBIA38401\"}]}]}<\/script>\n<!-- \/ Yoast SEO plugin. -->","yoast_head_json":{"title":"Banco de Trabajo FBIA38401 - Storage Compat Colombia","robots":{"index":"index","follow":"follow","max-snippet":"max-snippet:-1","max-image-preview":"max-image-preview:large","max-video-preview":"max-video-preview:-1"},"canonical":"https:\/\/storagecompat.com\/co\/producto\/banco-de-trabajo-fbia38401\/","og_locale":"es_ES","og_type":"article","og_title":"Banco de Trabajo FBIA38401 - Storage Compat Colombia","og_description":"Bancos de trabajo serie &lt;POWERFUL&gt;, han sido estudiados y realizados para satisfacer de manera racional las m\u00e1s variadas demandas del mercado. Los bancos de trabajo pueden ser f\u00e1cilmente transformados, la versatilidad y la gran capacidad de estos bancos de adecuarse a cualquier tipo de exigencia en el \u00e1mbito de producci\u00f3n, del montaje o de las pruebas, est\u00e1 garantizada por su amplia gama de accesorios: ganchos, m\u00e9nsulas, paneles porta herramientas, canaleta el\u00e9ctrica, etc. Los pies est\u00e1n construidos con chapa de acero con orificios en la parte superior para el fijado del plano de trabajo, y en las placas de base para el fijado al piso. Un elemento importante de los bancos de trabajo es la cajonera, producida en varias medias y con diferentes soluciones ya sea por el tipo de cajones como por la subdivisi\u00f3n interna del mismo.","og_url":"https:\/\/storagecompat.com\/co\/producto\/banco-de-trabajo-fbia38401\/","og_site_name":"Storage Compat Colombia","article_modified_time":"2024-05-16T21:06:51+00:00","author":"admin","twitter_card":"summary_large_image","schema":{"@context":"https:\/\/schema.org","@graph":[{"@type":"WebSite","@id":"https:\/\/storagecompat.com\/co\/#website","url":"https:\/\/storagecompat.com\/co\/","name":"Storage Compat Colombia","description":"Bienvenido!","potentialAction":[{"@type":"SearchAction","target":{"@type":"EntryPoint","urlTemplate":"https:\/\/storagecompat.com\/co\/?s={search_term_string}"},"query-input":"required name=search_term_string"}],"inLanguage":"es"},{"@type":"ImageObject","inLanguage":"es","@id":"https:\/\/storagecompat.com\/co\/producto\/banco-de-trabajo-fbia38401\/#primaryimage","url":"https:\/\/storagecompat.com\/co\/wp-content\/uploads\/sites\/25\/2024\/05\/FBIA38401.png","contentUrl":"https:\/\/storagecompat.com\/co\/wp-content\/uploads\/sites\/25\/2024\/05\/FBIA38401.png","width":1080,"height":1080},{"@type":"WebPage","@id":"https:\/\/storagecompat.com\/co\/producto\/banco-de-trabajo-fbia38401\/#webpage","url":"https:\/\/storagecompat.com\/co\/producto\/banco-de-trabajo-fbia38401\/","name":"Banco de Trabajo FBIA38401 - Storage Compat Colombia","isPartOf":{"@id":"https:\/\/storagecompat.com\/co\/#website"},"primaryImageOfPage":{"@id":"https:\/\/storagecompat.com\/co\/producto\/banco-de-trabajo-fbia38401\/#primaryimage"},"datePublished":"2024-05-16T21:05:32+00:00","dateModified":"2024-05-16T21:06:51+00:00","breadcrumb":{"@id":"https:\/\/storagecompat.com\/co\/producto\/banco-de-trabajo-fbia38401\/#breadcrumb"},"inLanguage":"es","potentialAction":[{"@type":"ReadAction","target":["https:\/\/storagecompat.com\/co\/producto\/banco-de-trabajo-fbia38401\/"]}]},{"@type":"BreadcrumbList","@id":"https:\/\/storagecompat.com\/co\/producto\/banco-de-trabajo-fbia38401\/#breadcrumb","itemListElement":[{"@type":"ListItem","position":1,"name":"Portada","item":"https:\/\/storagecompat.com\/co\/"},{"@type":"ListItem","position":2,"name":"Productos","item":"https:\/\/storagecompat.com\/co\/productos\/"},{"@type":"ListItem","position":3,"name":"Banco de Trabajo FBIA38401"}]}]}},"_links":{"self":[{"href":"https:\/\/storagecompat.com\/co\/wp-json\/wp\/v2\/product\/6825"}],"collection":[{"href":"https:\/\/storagecompat.com\/co\/wp-json\/wp\/v2\/product"}],"about":[{"href":"https:\/\/storagecompat.com\/co\/wp-json\/wp\/v2\/types\/product"}],"replies":[{"embeddable":true,"href":"https:\/\/storagecompat.com\/co\/wp-json\/wp\/v2\/comments?post=6825"}],"wp:featuredmedia":[{"embeddable":true,"href":"https:\/\/storagecompat.com\/co\/wp-json\/wp\/v2\/media\/6872"}],"wp:attachment":[{"href":"https:\/\/storagecompat.com\/co\/wp-json\/wp\/v2\/media?parent=6825"}],"wp:term":[{"taxonomy":"product_cat","embeddable":true,"href":"https:\/\/storagecompat.com\/co\/wp-json\/wp\/v2\/product_cat?post=6825"},{"taxonomy":"product_tag","embeddable":true,"href":"https:\/\/storagecompat.com\/co\/wp-json\/wp\/v2\/product_tag?post=6825"}],"curies":[{"name":"wp","href":"https:\/\/api.w.org\/{rel}","templated":true}]}}