{"id":6799,"date":"2024-05-16T16:04:44","date_gmt":"2024-05-16T21:04:44","guid":{"rendered":"https:\/\/storagecompat.com\/co\/?post_type=product&#038;p=6799"},"modified":"2024-05-16T16:06:21","modified_gmt":"2024-05-16T21:06:21","slug":"armario-metalico-faa140360","status":"publish","type":"product","link":"https:\/\/storagecompat.com\/co\/producto\/armario-metalico-faa140360\/","title":{"rendered":"Armario Met\u00e1lico FAA140360"},"content":{"rendered":"<table style=\"border-collapse: collapse;width: 100%;border-color: #000000;border-style: solid\" border=\"1\">\n<tbody>\n<tr style=\"background-color: #e6e6e6\">\n<td style=\"width: 48.0458%;text-align: center\"><span style=\"color: #000000\"><strong>C\u00f3digo<\/strong><\/span><\/td>\n<td style=\"width: 48.0458%;text-align: center\"><span style=\"color: #000000\"><strong>Dimensiones en cm<\/strong><\/span><\/td>\n<\/tr>\n<tr>\n<td style=\"width: 48.0458%;text-align: center\"><strong>FAA140360\u00a0<\/strong><\/td>\n<td style=\"width: 48.0458%;text-align: center\">102.3 x 55.5 x 200 h<\/td>\n<\/tr>\n<\/tbody>\n<\/table>\n<p>&nbsp;<\/p>\n<table style=\"border-collapse: collapse;width: 100.034%;border-color: #000000;border-style: solid\" border=\"1\">\n<tbody>\n<tr style=\"background-color: #e6e6e6\">\n<td style=\"width: 49.9479%;text-align: center\"><span style=\"color: #000000\"><strong>Caracter\u00edsticas T\u00e9cnicas<\/strong><\/span><\/td>\n<td style=\"width: 49.9479%;text-align: center\"><span style=\"color: #000000\"><strong>Qty<\/strong><\/span><\/td>\n<\/tr>\n<tr>\n<td style=\"width: 49.9479%;text-align: center\">Armario met\u00e1lico.<\/td>\n<td style=\"width: 49.9479%;text-align: center\">1<\/td>\n<\/tr>\n<tr>\n<td style=\"width: 49.9479%;text-align: center\">Puertas batientes met\u00e1licas con paneles perforados soldados e im\u00e1n.<\/td>\n<td style=\"width: 49.9479%;text-align: center\">2<\/td>\n<\/tr>\n<tr>\n<td style=\"width: 49.9479%;text-align: center\">Bisagras ocultas anti vand\u00e1licas.<\/td>\n<td style=\"width: 49.9479%;text-align: center\">4<\/td>\n<\/tr>\n<tr>\n<td style=\"width: 49.9479%;text-align: center\">Planos de carga (de 500 mm de profundidad), regulables en altura, sin bulones ni tornillos. (Capacidad de carga 100 kg.)<\/td>\n<td style=\"width: 49.9479%;text-align: center\">2<\/td>\n<\/tr>\n<tr>\n<td style=\"width: 49.9479%;text-align: center\">Soporte CMV10010 para Gavaetas 1PLZ.<\/td>\n<td style=\"width: 49.9479%;text-align: center\">8<\/td>\n<\/tr>\n<tr>\n<td style=\"width: 49.9479%;text-align: center\">Soporte CMV10011 para Gavaetas 2PLZ.<\/td>\n<td style=\"width: 49.9479%;text-align: center\">16<\/td>\n<\/tr>\n<tr>\n<td style=\"width: 49.9479%;text-align: center\">Gavetas pl\u00e1sticas 1PLZ.<\/td>\n<td style=\"width: 49.9479%;text-align: center\">8<\/td>\n<\/tr>\n<tr>\n<td style=\"width: 49.9479%;text-align: center\">Gavetas pl\u00e1sticas 2PLZ.<\/td>\n<td style=\"width: 49.9479%;text-align: center\">16<\/td>\n<\/tr>\n<tr>\n<td style=\"width: 49.9479%;text-align: center\">Panel perforado cod. (988x13x456 h.mm.)<\/td>\n<td style=\"width: 49.9479%;text-align: center\">2<\/td>\n<\/tr>\n<tr>\n<td style=\"width: 49.9479%;text-align: center\">Set de ganchos FULL para herramientas.<\/td>\n<td style=\"width: 49.9479%;text-align: center\">1<\/td>\n<\/tr>\n<tr>\n<td style=\"width: 49.9479%;text-align: center\">Cerradura de cierre a tres puntos, superior, inferior y central.<\/td>\n<td style=\"width: 49.9479%;text-align: center\">1<\/td>\n<\/tr>\n<tr>\n<td style=\"width: 49.9479%;text-align: center\">Llaves incluidas.<\/td>\n<td style=\"width: 49.9479%;text-align: center\">2<\/td>\n<\/tr>\n<tr>\n<td style=\"width: 49.9479%;text-align: center\">Capacidad de carga total.<\/td>\n<td style=\"width: 49.9479%;text-align: center\">800 Kg.<\/td>\n<\/tr>\n<tr>\n<td style=\"text-align: center;width: 99.8957%\" colspan=\"2\">Pintura a polvo electroest\u00e1tica en horno de 180\u00b0C, seguida de las siguientes fases: Fosfatizaci\u00f3n, enjuagado, secado, aplicaci\u00f3n del polvo electrost\u00e1tico, polimerizaci\u00f3n dentro de horno, espesor de pintura 35 a 80 micrones, tolerancia: \u03b4E 1,0 medido con espectrofot\u00f3metro a esfera 8\u00b0, formula CIE LAB, Oss.: 10\u00b0<\/td>\n<\/tr>\n<\/tbody>\n<\/table>\n<p>&nbsp;<\/p>\n","protected":false},"excerpt":{"rendered":"<p>Armario met\u00e1lico de puertas batientes, fabricado con las m\u00e1s modernas tecnolog\u00edas, empleando materiales de primera calidad. Las puertas batientes vienen con im\u00e1n para que permanezcan cerradas sin necesidad de asegurarlas con llaves. Se adaptan a cada exigencia resolviendo de forma \u00f3ptima el almacenaje de los diferentes materiales. Vers\u00e1tiles, robustos, modulares y con capacidad de incluir cajones, paneles, estantes, y muchos m\u00e1s accesorios.<\/p>\n","protected":false},"featured_media":6854,"comment_status":"open","ping_status":"closed","template":"","meta":{"_joinchat":[]},"product_cat":[120,113],"product_tag":[],"acf":[],"yoast_head":"<!-- This site is optimized with the Yoast SEO plugin v19.2 - https:\/\/yoast.com\/wordpress\/plugins\/seo\/ -->\n<title>Armario Met\u00e1lico FAA140360 - Storage Compat Colombia<\/title>\n<meta name=\"robots\" content=\"index, follow, max-snippet:-1, max-image-preview:large, max-video-preview:-1\" \/>\n<link rel=\"canonical\" href=\"https:\/\/storagecompat.com\/co\/producto\/armario-metalico-faa140360\/\" \/>\n<meta property=\"og:locale\" content=\"es_ES\" \/>\n<meta property=\"og:type\" content=\"article\" \/>\n<meta property=\"og:title\" content=\"Armario Met\u00e1lico FAA140360 - Storage Compat Colombia\" \/>\n<meta property=\"og:description\" content=\"Armario met\u00e1lico de puertas batientes, fabricado con las m\u00e1s modernas tecnolog\u00edas, empleando materiales de primera calidad. Las puertas batientes vienen con im\u00e1n para que permanezcan cerradas sin necesidad de asegurarlas con llaves. Se adaptan a cada exigencia resolviendo de forma \u00f3ptima el almacenaje de los diferentes materiales. Vers\u00e1tiles, robustos, modulares y con capacidad de incluir cajones, paneles, estantes, y muchos m\u00e1s accesorios.\" \/>\n<meta property=\"og:url\" content=\"https:\/\/storagecompat.com\/co\/producto\/armario-metalico-faa140360\/\" \/>\n<meta property=\"og:site_name\" content=\"Storage Compat Colombia\" \/>\n<meta property=\"article:modified_time\" content=\"2024-05-16T21:06:21+00:00\" \/>\n<meta name=\"author\" content=\"admin\" \/>\n<meta name=\"twitter:card\" content=\"summary_large_image\" \/>\n<meta name=\"twitter:label1\" content=\"Tiempo de lectura\" \/>\n\t<meta name=\"twitter:data1\" content=\"1 minuto\" \/>\n<script type=\"application\/ld+json\" class=\"yoast-schema-graph\">{\"@context\":\"https:\/\/schema.org\",\"@graph\":[{\"@type\":\"WebSite\",\"@id\":\"https:\/\/storagecompat.com\/co\/#website\",\"url\":\"https:\/\/storagecompat.com\/co\/\",\"name\":\"Storage Compat Colombia\",\"description\":\"Bienvenido!\",\"potentialAction\":[{\"@type\":\"SearchAction\",\"target\":{\"@type\":\"EntryPoint\",\"urlTemplate\":\"https:\/\/storagecompat.com\/co\/?s={search_term_string}\"},\"query-input\":\"required name=search_term_string\"}],\"inLanguage\":\"es\"},{\"@type\":\"ImageObject\",\"inLanguage\":\"es\",\"@id\":\"https:\/\/storagecompat.com\/co\/producto\/armario-metalico-faa140360\/#primaryimage\",\"url\":\"https:\/\/storagecompat.com\/co\/wp-content\/uploads\/sites\/25\/2024\/05\/FAA140360-web.png\",\"contentUrl\":\"https:\/\/storagecompat.com\/co\/wp-content\/uploads\/sites\/25\/2024\/05\/FAA140360-web.png\",\"width\":1000,\"height\":1000},{\"@type\":\"WebPage\",\"@id\":\"https:\/\/storagecompat.com\/co\/producto\/armario-metalico-faa140360\/#webpage\",\"url\":\"https:\/\/storagecompat.com\/co\/producto\/armario-metalico-faa140360\/\",\"name\":\"Armario Met\u00e1lico FAA140360 - Storage Compat Colombia\",\"isPartOf\":{\"@id\":\"https:\/\/storagecompat.com\/co\/#website\"},\"primaryImageOfPage\":{\"@id\":\"https:\/\/storagecompat.com\/co\/producto\/armario-metalico-faa140360\/#primaryimage\"},\"datePublished\":\"2024-05-16T21:04:44+00:00\",\"dateModified\":\"2024-05-16T21:06:21+00:00\",\"breadcrumb\":{\"@id\":\"https:\/\/storagecompat.com\/co\/producto\/armario-metalico-faa140360\/#breadcrumb\"},\"inLanguage\":\"es\",\"potentialAction\":[{\"@type\":\"ReadAction\",\"target\":[\"https:\/\/storagecompat.com\/co\/producto\/armario-metalico-faa140360\/\"]}]},{\"@type\":\"BreadcrumbList\",\"@id\":\"https:\/\/storagecompat.com\/co\/producto\/armario-metalico-faa140360\/#breadcrumb\",\"itemListElement\":[{\"@type\":\"ListItem\",\"position\":1,\"name\":\"Portada\",\"item\":\"https:\/\/storagecompat.com\/co\/\"},{\"@type\":\"ListItem\",\"position\":2,\"name\":\"Productos\",\"item\":\"https:\/\/storagecompat.com\/co\/productos\/\"},{\"@type\":\"ListItem\",\"position\":3,\"name\":\"Armario Met\u00e1lico FAA140360\"}]}]}<\/script>\n<!-- \/ Yoast SEO plugin. -->","yoast_head_json":{"title":"Armario Met\u00e1lico FAA140360 - Storage Compat Colombia","robots":{"index":"index","follow":"follow","max-snippet":"max-snippet:-1","max-image-preview":"max-image-preview:large","max-video-preview":"max-video-preview:-1"},"canonical":"https:\/\/storagecompat.com\/co\/producto\/armario-metalico-faa140360\/","og_locale":"es_ES","og_type":"article","og_title":"Armario Met\u00e1lico FAA140360 - Storage Compat Colombia","og_description":"Armario met\u00e1lico de puertas batientes, fabricado con las m\u00e1s modernas tecnolog\u00edas, empleando materiales de primera calidad. Las puertas batientes vienen con im\u00e1n para que permanezcan cerradas sin necesidad de asegurarlas con llaves. Se adaptan a cada exigencia resolviendo de forma \u00f3ptima el almacenaje de los diferentes materiales. Vers\u00e1tiles, robustos, modulares y con capacidad de incluir cajones, paneles, estantes, y muchos m\u00e1s accesorios.","og_url":"https:\/\/storagecompat.com\/co\/producto\/armario-metalico-faa140360\/","og_site_name":"Storage Compat Colombia","article_modified_time":"2024-05-16T21:06:21+00:00","author":"admin","twitter_card":"summary_large_image","twitter_misc":{"Tiempo de lectura":"1 minuto"},"schema":{"@context":"https:\/\/schema.org","@graph":[{"@type":"WebSite","@id":"https:\/\/storagecompat.com\/co\/#website","url":"https:\/\/storagecompat.com\/co\/","name":"Storage Compat Colombia","description":"Bienvenido!","potentialAction":[{"@type":"SearchAction","target":{"@type":"EntryPoint","urlTemplate":"https:\/\/storagecompat.com\/co\/?s={search_term_string}"},"query-input":"required name=search_term_string"}],"inLanguage":"es"},{"@type":"ImageObject","inLanguage":"es","@id":"https:\/\/storagecompat.com\/co\/producto\/armario-metalico-faa140360\/#primaryimage","url":"https:\/\/storagecompat.com\/co\/wp-content\/uploads\/sites\/25\/2024\/05\/FAA140360-web.png","contentUrl":"https:\/\/storagecompat.com\/co\/wp-content\/uploads\/sites\/25\/2024\/05\/FAA140360-web.png","width":1000,"height":1000},{"@type":"WebPage","@id":"https:\/\/storagecompat.com\/co\/producto\/armario-metalico-faa140360\/#webpage","url":"https:\/\/storagecompat.com\/co\/producto\/armario-metalico-faa140360\/","name":"Armario Met\u00e1lico FAA140360 - Storage Compat Colombia","isPartOf":{"@id":"https:\/\/storagecompat.com\/co\/#website"},"primaryImageOfPage":{"@id":"https:\/\/storagecompat.com\/co\/producto\/armario-metalico-faa140360\/#primaryimage"},"datePublished":"2024-05-16T21:04:44+00:00","dateModified":"2024-05-16T21:06:21+00:00","breadcrumb":{"@id":"https:\/\/storagecompat.com\/co\/producto\/armario-metalico-faa140360\/#breadcrumb"},"inLanguage":"es","potentialAction":[{"@type":"ReadAction","target":["https:\/\/storagecompat.com\/co\/producto\/armario-metalico-faa140360\/"]}]},{"@type":"BreadcrumbList","@id":"https:\/\/storagecompat.com\/co\/producto\/armario-metalico-faa140360\/#breadcrumb","itemListElement":[{"@type":"ListItem","position":1,"name":"Portada","item":"https:\/\/storagecompat.com\/co\/"},{"@type":"ListItem","position":2,"name":"Productos","item":"https:\/\/storagecompat.com\/co\/productos\/"},{"@type":"ListItem","position":3,"name":"Armario Met\u00e1lico FAA140360"}]}]}},"_links":{"self":[{"href":"https:\/\/storagecompat.com\/co\/wp-json\/wp\/v2\/product\/6799"}],"collection":[{"href":"https:\/\/storagecompat.com\/co\/wp-json\/wp\/v2\/product"}],"about":[{"href":"https:\/\/storagecompat.com\/co\/wp-json\/wp\/v2\/types\/product"}],"replies":[{"embeddable":true,"href":"https:\/\/storagecompat.com\/co\/wp-json\/wp\/v2\/comments?post=6799"}],"wp:featuredmedia":[{"embeddable":true,"href":"https:\/\/storagecompat.com\/co\/wp-json\/wp\/v2\/media\/6854"}],"wp:attachment":[{"href":"https:\/\/storagecompat.com\/co\/wp-json\/wp\/v2\/media?parent=6799"}],"wp:term":[{"taxonomy":"product_cat","embeddable":true,"href":"https:\/\/storagecompat.com\/co\/wp-json\/wp\/v2\/product_cat?post=6799"},{"taxonomy":"product_tag","embeddable":true,"href":"https:\/\/storagecompat.com\/co\/wp-json\/wp\/v2\/product_tag?post=6799"}],"curies":[{"name":"wp","href":"https:\/\/api.w.org\/{rel}","templated":true}]}}