{"id":6696,"date":"2024-05-16T16:02:30","date_gmt":"2024-05-16T21:02:30","guid":{"rendered":"https:\/\/storagecompat.com\/co\/?post_type=product&#038;p=6696"},"modified":"2024-05-16T16:03:33","modified_gmt":"2024-05-16T21:03:33","slug":"estanteria-para-banco-flcc10052","status":"publish","type":"product","link":"https:\/\/storagecompat.com\/co\/producto\/estanteria-para-banco-flcc10052\/","title":{"rendered":"Estanteria para banco FLCC10052"},"content":{"rendered":"<table style=\"border-collapse: collapse;width: 100%;border-color: #000000;border-style: solid\" border=\"1\">\n<tbody>\n<tr style=\"background-color: #e6e6e6\">\n<td style=\"width: 48.0458%;text-align: center\"><strong>C\u00f3digo<\/strong><\/td>\n<td style=\"width: 48.0458%;text-align: center\"><strong>Dimensiones en cm<\/strong><\/td>\n<\/tr>\n<tr>\n<td style=\"width: 48.0458%;text-align: center\"><strong>FLCC10052<\/strong><\/td>\n<td style=\"width: 48.0458%;text-align: center\"><strong>642 x 225 x 452 h mm\u00a0<\/strong><\/td>\n<\/tr>\n<\/tbody>\n<\/table>\n<p>&nbsp;<\/p>\n<table style=\"border-collapse: collapse;width: 100.034%;border-color: #000000;border-style: solid\" border=\"1\">\n<tbody>\n<tr style=\"background-color: #e6e6e6\">\n<td style=\"width: 49.9479%;text-align: center\"><span style=\"color: #000000\"><strong>Caracter\u00edsticas T\u00e9cnicas<\/strong><\/span><\/td>\n<td style=\"width: 49.9479%;text-align: center\"><span style=\"color: #000000\"><strong>Info. \/ Cant.<\/strong><\/span><\/td>\n<\/tr>\n<tr>\n<td style=\"width: 49.9479%;text-align: center\"><span style=\"color: #34495e\">Dim. externas mm<\/span><\/td>\n<td style=\"width: 49.9479%;text-align: center\">642 x 225 x 452 h mm<\/td>\n<\/tr>\n<tr>\n<td style=\"width: 49.9479%;text-align: center\">Laterales de estanter\u00eda &lt;C\u00f3d. FLCC10001&gt; (452 x 225 x 0.7 mm).<\/td>\n<td style=\"width: 49.9479%;text-align: center\">2<\/td>\n<\/tr>\n<tr>\n<td style=\"width: 49.9479%;text-align: center\"><span style=\"text-align: center\">Planos de chapa met\u00e1lica para estanter\u00eda 1plz (640 x 170 x 15 h mm).<\/span><\/td>\n<td style=\"width: 49.9479%;text-align: center\">4<\/td>\n<\/tr>\n<tr>\n<td style=\"width: 49.9479%;text-align: center\"><span style=\"text-align: center\">Tornillos M6.<\/span><\/td>\n<td style=\"width: 49.9479%;text-align: center\">16<\/td>\n<\/tr>\n<tr>\n<td style=\"width: 49.9479%;text-align: center\">Tuercas remache 6 mm.<\/td>\n<td style=\"width: 49.9479%;text-align: center\">16<\/td>\n<\/tr>\n<tr>\n<td style=\"width: 49.9479%;text-align: center\"><span style=\"text-align: center\">Gavetas pl\u00e1sticas &lt;ZEUS 1plz&gt; (160 \/ 140 x 95 x 75 mm).<\/span><\/td>\n<td style=\"width: 49.9479%;text-align: center\">24<\/td>\n<\/tr>\n<tr>\n<td style=\"width: 49.9479%;text-align: center\"><span style=\"text-align: center\">Ganchos de pl\u00e1stico &lt;RHINO&gt;.<\/span><\/td>\n<td style=\"width: 49.9479%;text-align: center\">8<\/td>\n<\/tr>\n<tr>\n<td style=\"width: 49.9479%;text-align: center\"><span style=\"text-align: center\">Capacidad de carga total apoyado en banco.<\/span><\/td>\n<td style=\"width: 49.9479%;text-align: center\">75 Kg.<\/td>\n<\/tr>\n<tr>\n<td style=\"width: 49.9479%;text-align: center\"><span style=\"text-align: center\">Capacidad de carga total en pared.<\/span><\/td>\n<td style=\"width: 49.9479%;text-align: center\"><span>40 Kg.<\/span><\/td>\n<\/tr>\n<\/tbody>\n<\/table>\n<p>&nbsp;<\/p>\n","protected":false},"excerpt":{"rendered":"<p>Transforma tu \u00e1rea de trabajo con nuestra Estanter\u00eda para Banco, dise\u00f1ada para maximizar el espacio en ambientes reducidos. Equipada con dos laterales robustos, cuatro planos de chapa met\u00e1lica y 24 gavetas pl\u00e1sticas Zeus, esta estanter\u00eda ofrece una soluci\u00f3n inteligente para organizar herramientas y suministros.<\/p>\n<p>Con una capacidad de carga de 75 kg apoyada en el banco y 40 kg colgada en la pared, esta estanter\u00eda es vers\u00e1til y resistente. Permite mantener tus herramientas, materiales y suministros al alcance de la mano, facilitando la optimizaci\u00f3n de cada cent\u00edmetro de tu espacio de trabajo.<\/p>\n<p>Descubre c\u00f3mo nuestra Estanter\u00eda para Banco puede ayudarte a mantener tus herramientas y materiales organizados y listos para usar, mientras transformas tu \u00e1rea de trabajo en un espacio funcional y eficiente.<\/p>\n","protected":false},"featured_media":6742,"comment_status":"open","ping_status":"closed","template":"","meta":{"_joinchat":[]},"product_cat":[117,136],"product_tag":[],"acf":[],"yoast_head":"<!-- This site is optimized with the Yoast SEO plugin v19.2 - https:\/\/yoast.com\/wordpress\/plugins\/seo\/ -->\n<title>Estanteria para banco FLCC10052 - Storage Compat Colombia<\/title>\n<meta name=\"robots\" content=\"index, follow, max-snippet:-1, max-image-preview:large, max-video-preview:-1\" \/>\n<link rel=\"canonical\" href=\"https:\/\/storagecompat.com\/co\/producto\/estanteria-para-banco-flcc10052\/\" \/>\n<meta property=\"og:locale\" content=\"es_ES\" \/>\n<meta property=\"og:type\" content=\"article\" \/>\n<meta property=\"og:title\" content=\"Estanteria para banco FLCC10052 - Storage Compat Colombia\" \/>\n<meta property=\"og:description\" content=\"Transforma tu \u00e1rea de trabajo con nuestra Estanter\u00eda para Banco, dise\u00f1ada para maximizar el espacio en ambientes reducidos. Equipada con dos laterales robustos, cuatro planos de chapa met\u00e1lica y 24 gavetas pl\u00e1sticas Zeus, esta estanter\u00eda ofrece una soluci\u00f3n inteligente para organizar herramientas y suministros.  Con una capacidad de carga de 75 kg apoyada en el banco y 40 kg colgada en la pared, esta estanter\u00eda es vers\u00e1til y resistente. Permite mantener tus herramientas, materiales y suministros al alcance de la mano, facilitando la optimizaci\u00f3n de cada cent\u00edmetro de tu espacio de trabajo.  Descubre c\u00f3mo nuestra Estanter\u00eda para Banco puede ayudarte a mantener tus herramientas y materiales organizados y listos para usar, mientras transformas tu \u00e1rea de trabajo en un espacio funcional y eficiente.\" \/>\n<meta property=\"og:url\" content=\"https:\/\/storagecompat.com\/co\/producto\/estanteria-para-banco-flcc10052\/\" \/>\n<meta property=\"og:site_name\" content=\"Storage Compat Colombia\" \/>\n<meta property=\"article:modified_time\" content=\"2024-05-16T21:03:33+00:00\" \/>\n<meta name=\"author\" content=\"admin\" \/>\n<meta name=\"twitter:card\" content=\"summary_large_image\" \/>\n<meta name=\"twitter:label1\" content=\"Tiempo de lectura\" \/>\n\t<meta name=\"twitter:data1\" content=\"1 minuto\" \/>\n<script type=\"application\/ld+json\" class=\"yoast-schema-graph\">{\"@context\":\"https:\/\/schema.org\",\"@graph\":[{\"@type\":\"WebSite\",\"@id\":\"https:\/\/storagecompat.com\/co\/#website\",\"url\":\"https:\/\/storagecompat.com\/co\/\",\"name\":\"Storage Compat Colombia\",\"description\":\"Bienvenido!\",\"potentialAction\":[{\"@type\":\"SearchAction\",\"target\":{\"@type\":\"EntryPoint\",\"urlTemplate\":\"https:\/\/storagecompat.com\/co\/?s={search_term_string}\"},\"query-input\":\"required name=search_term_string\"}],\"inLanguage\":\"es\"},{\"@type\":\"ImageObject\",\"inLanguage\":\"es\",\"@id\":\"https:\/\/storagecompat.com\/co\/producto\/estanteria-para-banco-flcc10052\/#primaryimage\",\"url\":\"https:\/\/storagecompat.com\/co\/wp-content\/uploads\/sites\/25\/2024\/05\/1.png\",\"contentUrl\":\"https:\/\/storagecompat.com\/co\/wp-content\/uploads\/sites\/25\/2024\/05\/1.png\",\"width\":1000,\"height\":1000},{\"@type\":\"WebPage\",\"@id\":\"https:\/\/storagecompat.com\/co\/producto\/estanteria-para-banco-flcc10052\/#webpage\",\"url\":\"https:\/\/storagecompat.com\/co\/producto\/estanteria-para-banco-flcc10052\/\",\"name\":\"Estanteria para banco FLCC10052 - Storage Compat Colombia\",\"isPartOf\":{\"@id\":\"https:\/\/storagecompat.com\/co\/#website\"},\"primaryImageOfPage\":{\"@id\":\"https:\/\/storagecompat.com\/co\/producto\/estanteria-para-banco-flcc10052\/#primaryimage\"},\"datePublished\":\"2024-05-16T21:02:30+00:00\",\"dateModified\":\"2024-05-16T21:03:33+00:00\",\"breadcrumb\":{\"@id\":\"https:\/\/storagecompat.com\/co\/producto\/estanteria-para-banco-flcc10052\/#breadcrumb\"},\"inLanguage\":\"es\",\"potentialAction\":[{\"@type\":\"ReadAction\",\"target\":[\"https:\/\/storagecompat.com\/co\/producto\/estanteria-para-banco-flcc10052\/\"]}]},{\"@type\":\"BreadcrumbList\",\"@id\":\"https:\/\/storagecompat.com\/co\/producto\/estanteria-para-banco-flcc10052\/#breadcrumb\",\"itemListElement\":[{\"@type\":\"ListItem\",\"position\":1,\"name\":\"Portada\",\"item\":\"https:\/\/storagecompat.com\/co\/\"},{\"@type\":\"ListItem\",\"position\":2,\"name\":\"Productos\",\"item\":\"https:\/\/storagecompat.com\/co\/productos\/\"},{\"@type\":\"ListItem\",\"position\":3,\"name\":\"Estanteria para banco FLCC10052\"}]}]}<\/script>\n<!-- \/ Yoast SEO plugin. -->","yoast_head_json":{"title":"Estanteria para banco FLCC10052 - Storage Compat Colombia","robots":{"index":"index","follow":"follow","max-snippet":"max-snippet:-1","max-image-preview":"max-image-preview:large","max-video-preview":"max-video-preview:-1"},"canonical":"https:\/\/storagecompat.com\/co\/producto\/estanteria-para-banco-flcc10052\/","og_locale":"es_ES","og_type":"article","og_title":"Estanteria para banco FLCC10052 - Storage Compat Colombia","og_description":"Transforma tu \u00e1rea de trabajo con nuestra Estanter\u00eda para Banco, dise\u00f1ada para maximizar el espacio en ambientes reducidos. Equipada con dos laterales robustos, cuatro planos de chapa met\u00e1lica y 24 gavetas pl\u00e1sticas Zeus, esta estanter\u00eda ofrece una soluci\u00f3n inteligente para organizar herramientas y suministros.  Con una capacidad de carga de 75 kg apoyada en el banco y 40 kg colgada en la pared, esta estanter\u00eda es vers\u00e1til y resistente. Permite mantener tus herramientas, materiales y suministros al alcance de la mano, facilitando la optimizaci\u00f3n de cada cent\u00edmetro de tu espacio de trabajo.  Descubre c\u00f3mo nuestra Estanter\u00eda para Banco puede ayudarte a mantener tus herramientas y materiales organizados y listos para usar, mientras transformas tu \u00e1rea de trabajo en un espacio funcional y eficiente.","og_url":"https:\/\/storagecompat.com\/co\/producto\/estanteria-para-banco-flcc10052\/","og_site_name":"Storage Compat Colombia","article_modified_time":"2024-05-16T21:03:33+00:00","author":"admin","twitter_card":"summary_large_image","twitter_misc":{"Tiempo de lectura":"1 minuto"},"schema":{"@context":"https:\/\/schema.org","@graph":[{"@type":"WebSite","@id":"https:\/\/storagecompat.com\/co\/#website","url":"https:\/\/storagecompat.com\/co\/","name":"Storage Compat Colombia","description":"Bienvenido!","potentialAction":[{"@type":"SearchAction","target":{"@type":"EntryPoint","urlTemplate":"https:\/\/storagecompat.com\/co\/?s={search_term_string}"},"query-input":"required name=search_term_string"}],"inLanguage":"es"},{"@type":"ImageObject","inLanguage":"es","@id":"https:\/\/storagecompat.com\/co\/producto\/estanteria-para-banco-flcc10052\/#primaryimage","url":"https:\/\/storagecompat.com\/co\/wp-content\/uploads\/sites\/25\/2024\/05\/1.png","contentUrl":"https:\/\/storagecompat.com\/co\/wp-content\/uploads\/sites\/25\/2024\/05\/1.png","width":1000,"height":1000},{"@type":"WebPage","@id":"https:\/\/storagecompat.com\/co\/producto\/estanteria-para-banco-flcc10052\/#webpage","url":"https:\/\/storagecompat.com\/co\/producto\/estanteria-para-banco-flcc10052\/","name":"Estanteria para banco FLCC10052 - Storage Compat Colombia","isPartOf":{"@id":"https:\/\/storagecompat.com\/co\/#website"},"primaryImageOfPage":{"@id":"https:\/\/storagecompat.com\/co\/producto\/estanteria-para-banco-flcc10052\/#primaryimage"},"datePublished":"2024-05-16T21:02:30+00:00","dateModified":"2024-05-16T21:03:33+00:00","breadcrumb":{"@id":"https:\/\/storagecompat.com\/co\/producto\/estanteria-para-banco-flcc10052\/#breadcrumb"},"inLanguage":"es","potentialAction":[{"@type":"ReadAction","target":["https:\/\/storagecompat.com\/co\/producto\/estanteria-para-banco-flcc10052\/"]}]},{"@type":"BreadcrumbList","@id":"https:\/\/storagecompat.com\/co\/producto\/estanteria-para-banco-flcc10052\/#breadcrumb","itemListElement":[{"@type":"ListItem","position":1,"name":"Portada","item":"https:\/\/storagecompat.com\/co\/"},{"@type":"ListItem","position":2,"name":"Productos","item":"https:\/\/storagecompat.com\/co\/productos\/"},{"@type":"ListItem","position":3,"name":"Estanteria para banco FLCC10052"}]}]}},"_links":{"self":[{"href":"https:\/\/storagecompat.com\/co\/wp-json\/wp\/v2\/product\/6696"}],"collection":[{"href":"https:\/\/storagecompat.com\/co\/wp-json\/wp\/v2\/product"}],"about":[{"href":"https:\/\/storagecompat.com\/co\/wp-json\/wp\/v2\/types\/product"}],"replies":[{"embeddable":true,"href":"https:\/\/storagecompat.com\/co\/wp-json\/wp\/v2\/comments?post=6696"}],"wp:featuredmedia":[{"embeddable":true,"href":"https:\/\/storagecompat.com\/co\/wp-json\/wp\/v2\/media\/6742"}],"wp:attachment":[{"href":"https:\/\/storagecompat.com\/co\/wp-json\/wp\/v2\/media?parent=6696"}],"wp:term":[{"taxonomy":"product_cat","embeddable":true,"href":"https:\/\/storagecompat.com\/co\/wp-json\/wp\/v2\/product_cat?post=6696"},{"taxonomy":"product_tag","embeddable":true,"href":"https:\/\/storagecompat.com\/co\/wp-json\/wp\/v2\/product_tag?post=6696"}],"curies":[{"name":"wp","href":"https:\/\/api.w.org\/{rel}","templated":true}]}}