{"id":6661,"date":"2024-05-16T16:01:45","date_gmt":"2024-05-16T21:01:45","guid":{"rendered":"https:\/\/storagecompat.com\/co\/?post_type=product&#038;p=6661"},"modified":"2024-05-16T16:02:54","modified_gmt":"2024-05-16T21:02:54","slug":"estanteria-industrial-uninorm","status":"publish","type":"product","link":"https:\/\/storagecompat.com\/co\/producto\/estanteria-industrial-uninorm\/","title":{"rendered":"Estanter\u00eda Industrial Uninorm"},"content":{"rendered":"<p>El sistema de estanter\u00edas a encastre ha sido dise\u00f1ado con el prop\u00f3sito de generar ahorros tanto en la implementaci\u00f3n como en el traslado de las instalaciones.<\/p>\n<p>En una industria moderna, vers\u00e1til y siempre din\u00e1mica, los cambios de ubicaci\u00f3n son comunes, y las inversiones en equipamiento deben contemplar la posibilidad de ser trasladadas con rapidez y eficiencia, manteniendo la operatividad y protegiendo las inversiones.<\/p>\n<p>Nuestro sistema, que funciona al 100% a encastre sin necesidad de tornillos ni operaciones costosas para su montaje y desmontaje, permite economizar costos ocultos, mantener una imagen moderna y almacenar de manera eficiente las series de contenedores pl\u00e1sticos ZEUS, ATHENA y otros medios de almacenamiento normalizados. Con opciones de cerramientos, puertas o entrepisos, estas estanter\u00edas son aut\u00e9nticos almacenes ajustables y adaptados a cada requisito.<\/p>\n<p>El ahorro de espacio, tiempo y la seguridad son los principios fundamentales de nuestro equipamiento.<\/p>\n<p>El desarrollo realizado con acero plegado y soldado, junto con chapa galvanizada del tipo utilizada en automotores, otorga mayor resistencia y vida \u00fatil a nuestras estanter\u00edas. Se les aplica un tratamiento de previo lavado y fosfatizado, seguido de pintado posteriormente a polvo electrost\u00e1tico. La pintura poliuret\u00e1nica aplicada las hace aptas para uso exterior. Adem\u00e1s, est\u00e1n certificadas por los principales productores de pintura, garantizando su calidad y durabilidad.<\/p>\n","protected":false},"excerpt":{"rendered":"<p>El sistema de estanter\u00edas a encastre ha sido dise\u00f1ado con [&hellip;]<\/p>\n","protected":false},"featured_media":6719,"comment_status":"open","ping_status":"closed","template":"","meta":{"_joinchat":[]},"product_cat":[117,134],"product_tag":[],"acf":[],"yoast_head":"<!-- This site is optimized with the Yoast SEO plugin v19.2 - https:\/\/yoast.com\/wordpress\/plugins\/seo\/ -->\n<title>Estanter\u00eda Industrial Uninorm - Storage Compat Colombia<\/title>\n<meta name=\"robots\" content=\"index, follow, max-snippet:-1, max-image-preview:large, max-video-preview:-1\" \/>\n<link rel=\"canonical\" href=\"https:\/\/storagecompat.com\/co\/producto\/estanteria-industrial-uninorm\/\" \/>\n<meta property=\"og:locale\" content=\"es_ES\" \/>\n<meta property=\"og:type\" content=\"article\" \/>\n<meta property=\"og:title\" content=\"Estanter\u00eda Industrial Uninorm - Storage Compat Colombia\" \/>\n<meta property=\"og:description\" content=\"El sistema de estanter\u00edas a encastre ha sido dise\u00f1ado con [&hellip;]\" \/>\n<meta property=\"og:url\" content=\"https:\/\/storagecompat.com\/co\/producto\/estanteria-industrial-uninorm\/\" \/>\n<meta property=\"og:site_name\" content=\"Storage Compat Colombia\" \/>\n<meta property=\"article:modified_time\" content=\"2024-05-16T21:02:54+00:00\" \/>\n<meta name=\"author\" content=\"admin\" \/>\n<meta name=\"twitter:card\" content=\"summary_large_image\" \/>\n<meta name=\"twitter:label1\" content=\"Tiempo de lectura\" \/>\n\t<meta name=\"twitter:data1\" content=\"1 minuto\" \/>\n<script type=\"application\/ld+json\" class=\"yoast-schema-graph\">{\"@context\":\"https:\/\/schema.org\",\"@graph\":[{\"@type\":\"WebSite\",\"@id\":\"https:\/\/storagecompat.com\/co\/#website\",\"url\":\"https:\/\/storagecompat.com\/co\/\",\"name\":\"Storage Compat Colombia\",\"description\":\"Bienvenido!\",\"potentialAction\":[{\"@type\":\"SearchAction\",\"target\":{\"@type\":\"EntryPoint\",\"urlTemplate\":\"https:\/\/storagecompat.com\/co\/?s={search_term_string}\"},\"query-input\":\"required name=search_term_string\"}],\"inLanguage\":\"es\"},{\"@type\":\"ImageObject\",\"inLanguage\":\"es\",\"@id\":\"https:\/\/storagecompat.com\/co\/producto\/estanteria-industrial-uninorm\/#primaryimage\",\"url\":\"https:\/\/storagecompat.com\/co\/wp-content\/uploads\/sites\/25\/2024\/05\/uninorm-web.png\",\"contentUrl\":\"https:\/\/storagecompat.com\/co\/wp-content\/uploads\/sites\/25\/2024\/05\/uninorm-web.png\",\"width\":1080,\"height\":1080},{\"@type\":\"WebPage\",\"@id\":\"https:\/\/storagecompat.com\/co\/producto\/estanteria-industrial-uninorm\/#webpage\",\"url\":\"https:\/\/storagecompat.com\/co\/producto\/estanteria-industrial-uninorm\/\",\"name\":\"Estanter\u00eda Industrial Uninorm - Storage Compat Colombia\",\"isPartOf\":{\"@id\":\"https:\/\/storagecompat.com\/co\/#website\"},\"primaryImageOfPage\":{\"@id\":\"https:\/\/storagecompat.com\/co\/producto\/estanteria-industrial-uninorm\/#primaryimage\"},\"datePublished\":\"2024-05-16T21:01:45+00:00\",\"dateModified\":\"2024-05-16T21:02:54+00:00\",\"breadcrumb\":{\"@id\":\"https:\/\/storagecompat.com\/co\/producto\/estanteria-industrial-uninorm\/#breadcrumb\"},\"inLanguage\":\"es\",\"potentialAction\":[{\"@type\":\"ReadAction\",\"target\":[\"https:\/\/storagecompat.com\/co\/producto\/estanteria-industrial-uninorm\/\"]}]},{\"@type\":\"BreadcrumbList\",\"@id\":\"https:\/\/storagecompat.com\/co\/producto\/estanteria-industrial-uninorm\/#breadcrumb\",\"itemListElement\":[{\"@type\":\"ListItem\",\"position\":1,\"name\":\"Portada\",\"item\":\"https:\/\/storagecompat.com\/co\/\"},{\"@type\":\"ListItem\",\"position\":2,\"name\":\"Productos\",\"item\":\"https:\/\/storagecompat.com\/co\/productos\/\"},{\"@type\":\"ListItem\",\"position\":3,\"name\":\"Estanter\u00eda Industrial Uninorm\"}]}]}<\/script>\n<!-- \/ Yoast SEO plugin. -->","yoast_head_json":{"title":"Estanter\u00eda Industrial Uninorm - Storage Compat Colombia","robots":{"index":"index","follow":"follow","max-snippet":"max-snippet:-1","max-image-preview":"max-image-preview:large","max-video-preview":"max-video-preview:-1"},"canonical":"https:\/\/storagecompat.com\/co\/producto\/estanteria-industrial-uninorm\/","og_locale":"es_ES","og_type":"article","og_title":"Estanter\u00eda Industrial Uninorm - Storage Compat Colombia","og_description":"El sistema de estanter\u00edas a encastre ha sido dise\u00f1ado con [&hellip;]","og_url":"https:\/\/storagecompat.com\/co\/producto\/estanteria-industrial-uninorm\/","og_site_name":"Storage Compat Colombia","article_modified_time":"2024-05-16T21:02:54+00:00","author":"admin","twitter_card":"summary_large_image","twitter_misc":{"Tiempo de lectura":"1 minuto"},"schema":{"@context":"https:\/\/schema.org","@graph":[{"@type":"WebSite","@id":"https:\/\/storagecompat.com\/co\/#website","url":"https:\/\/storagecompat.com\/co\/","name":"Storage Compat Colombia","description":"Bienvenido!","potentialAction":[{"@type":"SearchAction","target":{"@type":"EntryPoint","urlTemplate":"https:\/\/storagecompat.com\/co\/?s={search_term_string}"},"query-input":"required name=search_term_string"}],"inLanguage":"es"},{"@type":"ImageObject","inLanguage":"es","@id":"https:\/\/storagecompat.com\/co\/producto\/estanteria-industrial-uninorm\/#primaryimage","url":"https:\/\/storagecompat.com\/co\/wp-content\/uploads\/sites\/25\/2024\/05\/uninorm-web.png","contentUrl":"https:\/\/storagecompat.com\/co\/wp-content\/uploads\/sites\/25\/2024\/05\/uninorm-web.png","width":1080,"height":1080},{"@type":"WebPage","@id":"https:\/\/storagecompat.com\/co\/producto\/estanteria-industrial-uninorm\/#webpage","url":"https:\/\/storagecompat.com\/co\/producto\/estanteria-industrial-uninorm\/","name":"Estanter\u00eda Industrial Uninorm - Storage Compat Colombia","isPartOf":{"@id":"https:\/\/storagecompat.com\/co\/#website"},"primaryImageOfPage":{"@id":"https:\/\/storagecompat.com\/co\/producto\/estanteria-industrial-uninorm\/#primaryimage"},"datePublished":"2024-05-16T21:01:45+00:00","dateModified":"2024-05-16T21:02:54+00:00","breadcrumb":{"@id":"https:\/\/storagecompat.com\/co\/producto\/estanteria-industrial-uninorm\/#breadcrumb"},"inLanguage":"es","potentialAction":[{"@type":"ReadAction","target":["https:\/\/storagecompat.com\/co\/producto\/estanteria-industrial-uninorm\/"]}]},{"@type":"BreadcrumbList","@id":"https:\/\/storagecompat.com\/co\/producto\/estanteria-industrial-uninorm\/#breadcrumb","itemListElement":[{"@type":"ListItem","position":1,"name":"Portada","item":"https:\/\/storagecompat.com\/co\/"},{"@type":"ListItem","position":2,"name":"Productos","item":"https:\/\/storagecompat.com\/co\/productos\/"},{"@type":"ListItem","position":3,"name":"Estanter\u00eda Industrial Uninorm"}]}]}},"_links":{"self":[{"href":"https:\/\/storagecompat.com\/co\/wp-json\/wp\/v2\/product\/6661"}],"collection":[{"href":"https:\/\/storagecompat.com\/co\/wp-json\/wp\/v2\/product"}],"about":[{"href":"https:\/\/storagecompat.com\/co\/wp-json\/wp\/v2\/types\/product"}],"replies":[{"embeddable":true,"href":"https:\/\/storagecompat.com\/co\/wp-json\/wp\/v2\/comments?post=6661"}],"wp:featuredmedia":[{"embeddable":true,"href":"https:\/\/storagecompat.com\/co\/wp-json\/wp\/v2\/media\/6719"}],"wp:attachment":[{"href":"https:\/\/storagecompat.com\/co\/wp-json\/wp\/v2\/media?parent=6661"}],"wp:term":[{"taxonomy":"product_cat","embeddable":true,"href":"https:\/\/storagecompat.com\/co\/wp-json\/wp\/v2\/product_cat?post=6661"},{"taxonomy":"product_tag","embeddable":true,"href":"https:\/\/storagecompat.com\/co\/wp-json\/wp\/v2\/product_tag?post=6661"}],"curies":[{"name":"wp","href":"https:\/\/api.w.org\/{rel}","templated":true}]}}