{"id":6659,"date":"2024-05-16T16:01:45","date_gmt":"2024-05-16T21:01:45","guid":{"rendered":"https:\/\/storagecompat.com\/co\/?post_type=product&#038;p=6659"},"modified":"2024-05-16T16:02:47","modified_gmt":"2024-05-16T21:02:47","slug":"carro-modular-con-contenedores-flbb1035352","status":"publish","type":"product","link":"https:\/\/storagecompat.com\/co\/producto\/carro-modular-con-contenedores-flbb1035352\/","title":{"rendered":"Carro Modular Con contenedores FLBB1035352"},"content":{"rendered":"<table style=\"border-collapse: collapse;width: 100%;border-color: #000000;border-style: solid\" border=\"1\">\n<tbody>\n<tr style=\"background-color: #e6e6e6\">\n<td style=\"width: 48.0458%;text-align: center\"><span style=\"color: #000000\"><strong>C\u00f3digo<\/strong><\/span><\/td>\n<td style=\"width: 48.0458%;text-align: center\"><span style=\"color: #000000\"><strong>Dimensiones en cm<\/strong><\/span><\/td>\n<\/tr>\n<tr>\n<td style=\"width: 48.0458%;text-align: center\"><strong>FLBB1035352<\/strong><\/td>\n<td style=\"width: 48.0458%;text-align: center\">102.3 x 61.3 x 143 h<\/td>\n<\/tr>\n<\/tbody>\n<\/table>\n<p>&nbsp;<\/p>\n<table style=\"border-collapse: collapse;width: 100%;border-color: #000000;border-style: solid;margin-left: auto;margin-right: auto\" border=\"1\" cellspacing=\"2\">\n<tbody>\n<tr style=\"background-color: #e6e6e6\">\n<td style=\"width: 49.9479%;text-align: center\"><span style=\"color: #000000\"><strong>Caracter\u00edsticas T\u00e9cnicas<\/strong><\/span><\/td>\n<td style=\"width: 49.9479%;text-align: center\"><span style=\"color: #000000\"><strong>Qty<\/strong><\/span><\/td>\n<\/tr>\n<tr>\n<td style=\"width: 49.9479%;text-align: center\">Carro met\u00e1lico FLB B103 0352<\/td>\n<td style=\"width: 49.9479%;text-align: center\">1<\/td>\n<\/tr>\n<tr>\n<td style=\"width: 49.9479%;text-align: center\">Ruedas giratorias con freno \u00d8 125 mm. goma standard.<\/td>\n<td style=\"width: 49.9479%;text-align: center\">2<\/td>\n<\/tr>\n<tr>\n<td style=\"width: 49.9479%;text-align: center\">Ruedas fijas \u00d8 125 mm. goma standard.<\/td>\n<td style=\"width: 49.9479%;text-align: center\">2<\/td>\n<\/tr>\n<tr>\n<td style=\"width: 49.9479%;text-align: center\">M\u00e9nsula inclinable FBL776000 (Dim. 955&#215;420 h. mm.) Cap. de carga de 50 Kg.<\/td>\n<td style=\"width: 49.9479%;text-align: center\">3<\/td>\n<\/tr>\n<tr>\n<td style=\"width: 49.9479%;text-align: center\">Contenedor pl\u00e1stico Serie Athena 4317A (Dim. 400x300x170 h.mm. Cap. 15 Lts)<\/td>\n<td style=\"width: 49.9479%;text-align: center\">5<\/td>\n<\/tr>\n<tr>\n<td style=\"width: 49.9479%;text-align: center\">Contenedor pl\u00e1stico Serie Athena 6417A (Dim. 600x400x170 h.mm. Cap. 30 Lts)<\/td>\n<td style=\"width: 49.9479%;text-align: center\">2<\/td>\n<\/tr>\n<tr>\n<td style=\"width: 49.9479%;text-align: center\">Contenedor pl\u00e1stico Serie Athena 6422A (Dim. 600x400x220 h.mm. Cap. 40 Lts)<\/td>\n<td style=\"width: 49.9479%;text-align: center\">2<\/td>\n<\/tr>\n<tr>\n<td style=\"width: 49.9479%;text-align: center\">Manija pl\u00e1stica para carros UNIMOD FBL4415<\/td>\n<td style=\"width: 49.9479%;text-align: center\">1<\/td>\n<\/tr>\n<tr>\n<td style=\"width: 49.9479%;text-align: center\">Capacidad de carga total (150Kg. por lado)<\/td>\n<td style=\"width: 49.9479%;text-align: center\">300 Kg.<\/td>\n<\/tr>\n<tr>\n<td style=\"text-align: center;width: 99.8957%\" colspan=\"2\">Pintura a polvo electroest\u00e1tica en horno de 180\u00b0C, seguida de las siguientes fases: Fosfatizaci\u00f3n, enjuagado, secado, aplicaci\u00f3n del polvo electrost\u00e1tico, polimerizaci\u00f3n dentro de horno, espesor de pintura 35 a 80 micrones, tolerancia: \u03b4E 1,0 medido con espectrofot\u00f3metro a esfera 8\u00b0, formula CIE LAB, Oss.: 10\u00b0<\/td>\n<\/tr>\n<\/tbody>\n<\/table>\n<p>&nbsp;<\/p>\n","protected":false},"excerpt":{"rendered":"<p>Con sus m\u00faltiples combinaciones constituyen un peque\u00f1o almac\u00e9n m\u00f3vil. El aprovechamiento del espacio es \u00f3ptimo. Su estructura es de perfil de acero de alta resistencia. Los estantes est\u00e1n elaborados en chapa met\u00e1lica para cargas de 25kg (fijos) y 50kg (inclinables). Su estructura es desmontable para transporte y almacenamiento del carro consiguiendo m\u00faltiples configuraciones de estantes y cajas. Viene equipado con ruedas con recubrimiento de goma dura y sistema de giro con rodamientos. Estructura de acero galvanizado. Dispone de 2 ruedas fijas y 2 giratorias con freno de pie que bloquea a su vez el giro.<\/p>\n","protected":false},"featured_media":6709,"comment_status":"open","ping_status":"closed","template":"","meta":{"_joinchat":[]},"product_cat":[116],"product_tag":[],"acf":[],"yoast_head":"<!-- This site is optimized with the Yoast SEO plugin v19.2 - https:\/\/yoast.com\/wordpress\/plugins\/seo\/ -->\n<title>Carro Modular Con contenedores FLBB1035352 - Storage Compat Colombia<\/title>\n<meta name=\"robots\" content=\"index, follow, max-snippet:-1, max-image-preview:large, max-video-preview:-1\" \/>\n<link rel=\"canonical\" href=\"https:\/\/storagecompat.com\/co\/producto\/carro-modular-con-contenedores-flbb1035352\/\" \/>\n<meta property=\"og:locale\" content=\"es_ES\" \/>\n<meta property=\"og:type\" content=\"article\" \/>\n<meta property=\"og:title\" content=\"Carro Modular Con contenedores FLBB1035352 - Storage Compat Colombia\" \/>\n<meta property=\"og:description\" content=\"Con sus m\u00faltiples combinaciones constituyen un peque\u00f1o almac\u00e9n m\u00f3vil. El aprovechamiento del espacio es \u00f3ptimo. Su estructura es de perfil de acero de alta resistencia. Los estantes est\u00e1n elaborados en chapa met\u00e1lica para cargas de 25kg (fijos) y 50kg (inclinables). Su estructura es desmontable para transporte y almacenamiento del carro consiguiendo m\u00faltiples configuraciones de estantes y cajas. Viene equipado con ruedas con recubrimiento de goma dura y sistema de giro con rodamientos. Estructura de acero galvanizado. Dispone de 2 ruedas fijas y 2 giratorias con freno de pie que bloquea a su vez el giro.\" \/>\n<meta property=\"og:url\" content=\"https:\/\/storagecompat.com\/co\/producto\/carro-modular-con-contenedores-flbb1035352\/\" \/>\n<meta property=\"og:site_name\" content=\"Storage Compat Colombia\" \/>\n<meta property=\"article:modified_time\" content=\"2024-05-16T21:02:47+00:00\" \/>\n<meta name=\"author\" content=\"admin\" \/>\n<meta name=\"twitter:card\" content=\"summary_large_image\" \/>\n<meta name=\"twitter:label1\" content=\"Tiempo de lectura\" \/>\n\t<meta name=\"twitter:data1\" content=\"1 minuto\" \/>\n<script type=\"application\/ld+json\" class=\"yoast-schema-graph\">{\"@context\":\"https:\/\/schema.org\",\"@graph\":[{\"@type\":\"WebSite\",\"@id\":\"https:\/\/storagecompat.com\/co\/#website\",\"url\":\"https:\/\/storagecompat.com\/co\/\",\"name\":\"Storage Compat Colombia\",\"description\":\"Bienvenido!\",\"potentialAction\":[{\"@type\":\"SearchAction\",\"target\":{\"@type\":\"EntryPoint\",\"urlTemplate\":\"https:\/\/storagecompat.com\/co\/?s={search_term_string}\"},\"query-input\":\"required name=search_term_string\"}],\"inLanguage\":\"es\"},{\"@type\":\"ImageObject\",\"inLanguage\":\"es\",\"@id\":\"https:\/\/storagecompat.com\/co\/producto\/carro-modular-con-contenedores-flbb1035352\/#primaryimage\",\"url\":\"https:\/\/storagecompat.com\/co\/wp-content\/uploads\/sites\/25\/2024\/05\/FLBB1035352-web.png\",\"contentUrl\":\"https:\/\/storagecompat.com\/co\/wp-content\/uploads\/sites\/25\/2024\/05\/FLBB1035352-web.png\",\"width\":640,\"height\":640},{\"@type\":\"WebPage\",\"@id\":\"https:\/\/storagecompat.com\/co\/producto\/carro-modular-con-contenedores-flbb1035352\/#webpage\",\"url\":\"https:\/\/storagecompat.com\/co\/producto\/carro-modular-con-contenedores-flbb1035352\/\",\"name\":\"Carro Modular Con contenedores FLBB1035352 - Storage Compat Colombia\",\"isPartOf\":{\"@id\":\"https:\/\/storagecompat.com\/co\/#website\"},\"primaryImageOfPage\":{\"@id\":\"https:\/\/storagecompat.com\/co\/producto\/carro-modular-con-contenedores-flbb1035352\/#primaryimage\"},\"datePublished\":\"2024-05-16T21:01:45+00:00\",\"dateModified\":\"2024-05-16T21:02:47+00:00\",\"breadcrumb\":{\"@id\":\"https:\/\/storagecompat.com\/co\/producto\/carro-modular-con-contenedores-flbb1035352\/#breadcrumb\"},\"inLanguage\":\"es\",\"potentialAction\":[{\"@type\":\"ReadAction\",\"target\":[\"https:\/\/storagecompat.com\/co\/producto\/carro-modular-con-contenedores-flbb1035352\/\"]}]},{\"@type\":\"BreadcrumbList\",\"@id\":\"https:\/\/storagecompat.com\/co\/producto\/carro-modular-con-contenedores-flbb1035352\/#breadcrumb\",\"itemListElement\":[{\"@type\":\"ListItem\",\"position\":1,\"name\":\"Portada\",\"item\":\"https:\/\/storagecompat.com\/co\/\"},{\"@type\":\"ListItem\",\"position\":2,\"name\":\"Productos\",\"item\":\"https:\/\/storagecompat.com\/co\/productos\/\"},{\"@type\":\"ListItem\",\"position\":3,\"name\":\"Carro Modular Con contenedores FLBB1035352\"}]}]}<\/script>\n<!-- \/ Yoast SEO plugin. -->","yoast_head_json":{"title":"Carro Modular Con contenedores FLBB1035352 - Storage Compat Colombia","robots":{"index":"index","follow":"follow","max-snippet":"max-snippet:-1","max-image-preview":"max-image-preview:large","max-video-preview":"max-video-preview:-1"},"canonical":"https:\/\/storagecompat.com\/co\/producto\/carro-modular-con-contenedores-flbb1035352\/","og_locale":"es_ES","og_type":"article","og_title":"Carro Modular Con contenedores FLBB1035352 - Storage Compat Colombia","og_description":"Con sus m\u00faltiples combinaciones constituyen un peque\u00f1o almac\u00e9n m\u00f3vil. El aprovechamiento del espacio es \u00f3ptimo. Su estructura es de perfil de acero de alta resistencia. Los estantes est\u00e1n elaborados en chapa met\u00e1lica para cargas de 25kg (fijos) y 50kg (inclinables). Su estructura es desmontable para transporte y almacenamiento del carro consiguiendo m\u00faltiples configuraciones de estantes y cajas. Viene equipado con ruedas con recubrimiento de goma dura y sistema de giro con rodamientos. Estructura de acero galvanizado. Dispone de 2 ruedas fijas y 2 giratorias con freno de pie que bloquea a su vez el giro.","og_url":"https:\/\/storagecompat.com\/co\/producto\/carro-modular-con-contenedores-flbb1035352\/","og_site_name":"Storage Compat Colombia","article_modified_time":"2024-05-16T21:02:47+00:00","author":"admin","twitter_card":"summary_large_image","twitter_misc":{"Tiempo de lectura":"1 minuto"},"schema":{"@context":"https:\/\/schema.org","@graph":[{"@type":"WebSite","@id":"https:\/\/storagecompat.com\/co\/#website","url":"https:\/\/storagecompat.com\/co\/","name":"Storage Compat Colombia","description":"Bienvenido!","potentialAction":[{"@type":"SearchAction","target":{"@type":"EntryPoint","urlTemplate":"https:\/\/storagecompat.com\/co\/?s={search_term_string}"},"query-input":"required name=search_term_string"}],"inLanguage":"es"},{"@type":"ImageObject","inLanguage":"es","@id":"https:\/\/storagecompat.com\/co\/producto\/carro-modular-con-contenedores-flbb1035352\/#primaryimage","url":"https:\/\/storagecompat.com\/co\/wp-content\/uploads\/sites\/25\/2024\/05\/FLBB1035352-web.png","contentUrl":"https:\/\/storagecompat.com\/co\/wp-content\/uploads\/sites\/25\/2024\/05\/FLBB1035352-web.png","width":640,"height":640},{"@type":"WebPage","@id":"https:\/\/storagecompat.com\/co\/producto\/carro-modular-con-contenedores-flbb1035352\/#webpage","url":"https:\/\/storagecompat.com\/co\/producto\/carro-modular-con-contenedores-flbb1035352\/","name":"Carro Modular Con contenedores FLBB1035352 - Storage Compat Colombia","isPartOf":{"@id":"https:\/\/storagecompat.com\/co\/#website"},"primaryImageOfPage":{"@id":"https:\/\/storagecompat.com\/co\/producto\/carro-modular-con-contenedores-flbb1035352\/#primaryimage"},"datePublished":"2024-05-16T21:01:45+00:00","dateModified":"2024-05-16T21:02:47+00:00","breadcrumb":{"@id":"https:\/\/storagecompat.com\/co\/producto\/carro-modular-con-contenedores-flbb1035352\/#breadcrumb"},"inLanguage":"es","potentialAction":[{"@type":"ReadAction","target":["https:\/\/storagecompat.com\/co\/producto\/carro-modular-con-contenedores-flbb1035352\/"]}]},{"@type":"BreadcrumbList","@id":"https:\/\/storagecompat.com\/co\/producto\/carro-modular-con-contenedores-flbb1035352\/#breadcrumb","itemListElement":[{"@type":"ListItem","position":1,"name":"Portada","item":"https:\/\/storagecompat.com\/co\/"},{"@type":"ListItem","position":2,"name":"Productos","item":"https:\/\/storagecompat.com\/co\/productos\/"},{"@type":"ListItem","position":3,"name":"Carro Modular Con contenedores FLBB1035352"}]}]}},"_links":{"self":[{"href":"https:\/\/storagecompat.com\/co\/wp-json\/wp\/v2\/product\/6659"}],"collection":[{"href":"https:\/\/storagecompat.com\/co\/wp-json\/wp\/v2\/product"}],"about":[{"href":"https:\/\/storagecompat.com\/co\/wp-json\/wp\/v2\/types\/product"}],"replies":[{"embeddable":true,"href":"https:\/\/storagecompat.com\/co\/wp-json\/wp\/v2\/comments?post=6659"}],"wp:featuredmedia":[{"embeddable":true,"href":"https:\/\/storagecompat.com\/co\/wp-json\/wp\/v2\/media\/6709"}],"wp:attachment":[{"href":"https:\/\/storagecompat.com\/co\/wp-json\/wp\/v2\/media?parent=6659"}],"wp:term":[{"taxonomy":"product_cat","embeddable":true,"href":"https:\/\/storagecompat.com\/co\/wp-json\/wp\/v2\/product_cat?post=6659"},{"taxonomy":"product_tag","embeddable":true,"href":"https:\/\/storagecompat.com\/co\/wp-json\/wp\/v2\/product_tag?post=6659"}],"curies":[{"name":"wp","href":"https:\/\/api.w.org\/{rel}","templated":true}]}}