{"id":6581,"date":"2024-05-16T15:59:45","date_gmt":"2024-05-16T20:59:45","guid":{"rendered":"https:\/\/storagecompat.com\/co\/?post_type=product&#038;p=6581"},"modified":"2024-05-16T16:01:47","modified_gmt":"2024-05-16T21:01:47","slug":"contenedores-de-5-gavetas-basculantes-fpg207101","status":"publish","type":"product","link":"https:\/\/storagecompat.com\/co\/producto\/contenedores-de-5-gavetas-basculantes-fpg207101\/","title":{"rendered":"Contenedores de 5 gavetas basculantes FPG207101"},"content":{"rendered":"<table style=\"border-collapse: collapse;width: 100%;border-color: #000000;border-style: solid\" border=\"1\">\n<tbody>\n<tr style=\"background-color: #e6e6e6\">\n<td style=\"width: 48.0458%;text-align: center\"><span style=\"color: #000000\"><strong>C\u00f3digo<\/strong><\/span><\/td>\n<td style=\"width: 48.0458%;text-align: center\"><span style=\"color: #000000\"><strong>Dimensiones en cm<\/strong><\/span><\/td>\n<\/tr>\n<tr>\n<td style=\"width: 48.0458%;text-align: center\"><strong>FPG207101<\/strong><\/td>\n<td style=\"width: 48.0458%;text-align: center\"><strong>60 x 14.1 x 16.4 h.<\/strong><\/td>\n<\/tr>\n<\/tbody>\n<\/table>\n<p>&nbsp;<\/p>\n<table style=\"border-collapse: collapse;width: 100.034%;border-color: #000000;border-style: solid\" border=\"1\">\n<tbody>\n<tr style=\"background-color: #e6e6e6\">\n<td style=\"width: 49.9479%;text-align: center\"><span style=\"color: #000000\"><strong>Caracter\u00edsticas T\u00e9cnicas<\/strong><\/span><\/td>\n<td style=\"width: 49.9479%;text-align: center\"><span style=\"color: #000000\"><strong>Qty<\/strong><\/span><\/td>\n<\/tr>\n<tr>\n<td style=\"width: 49.9479%;text-align: center\">Dimensiones en cm.<\/td>\n<td style=\"width: 49.9479%;text-align: center\">60 x 14.1 x 16.4 h.<\/td>\n<\/tr>\n<tr>\n<td style=\"width: 49.9479%;text-align: center\">Dimensiones internas.<\/td>\n<td style=\"width: 49.9479%;text-align: center\">99&#215;100 mm<\/td>\n<\/tr>\n<tr>\n<td style=\"width: 49.9479%;text-align: center\">Peso.<\/td>\n<td style=\"width: 49.9479%;text-align: center\">1,82 kg<\/td>\n<\/tr>\n<tr>\n<td style=\"width: 49.9479%;text-align: center\">Capacidad.<\/td>\n<td style=\"width: 49.9479%;text-align: center\">5<\/td>\n<\/tr>\n<tr>\n<td style=\"width: 49.9479%;text-align: center\">Contenedores totales de cajones inclinables.<\/td>\n<td style=\"width: 49.9479%;text-align: center\">5<\/td>\n<\/tr>\n<tr>\n<td style=\"width: 49.9479%;text-align: center\">Incluye hojas de etiquetas.<\/td>\n<td style=\"width: 49.9479%;text-align: center\">&#8211;<\/td>\n<\/tr>\n<tr>\n<td style=\"width: 49.9479%;text-align: center\">Material.<\/td>\n<td style=\"width: 49.9479%;text-align: center\">Plastico<\/td>\n<\/tr>\n<tr>\n<td style=\"text-align: center;width: 99.8957%\" colspan=\"2\"><\/td>\n<\/tr>\n<\/tbody>\n<\/table>\n<p>&nbsp;<\/p>\n","protected":false},"excerpt":{"rendered":"<p>PRACTIBOX es un sistema de organizaci\u00f3n y almacenamiento, que combina materia prima pl\u00e1stica y met\u00e1lica de alta calidad, dise\u00f1ado para ser duradero y resistente a roturas. Est\u00e1 fabricado en poliestireno de alto impacto, con gabinetes y contenedores transparentes que permiten una f\u00e1cil visibilidad del contenido de un vistazo. Es ideal para almacenar y organizar una amplia variedad de art\u00edculos de diversos rubros. Adem\u00e1s, su dise\u00f1o apilable permite la creaci\u00f3n de un atractivo expositor minorista o ayuda a mantener la despensa bien organizada. Los contenedores PRACTIBOX se abren y son completamente extra\u00edbles, lo que facilita el acceso, el llenado, la limpieza o el traslado a una estaci\u00f3n de trabajo. Los contenedores cuentan con un asa grande con ranura para colocar etiquetas de rotulaci\u00f3n y\/o c\u00f3digos de barra. Existen una extensa cantidad de opciones de estanter\u00edas, carros y armarios modulares completos con el sistema PRACTIBOX, solicite asistencia para encontrar su modelo ideal!<\/p>\n","protected":false},"featured_media":6663,"comment_status":"open","ping_status":"closed","template":"","meta":{"_joinchat":[]},"product_cat":[109,144],"product_tag":[],"acf":[],"yoast_head":"<!-- This site is optimized with the Yoast SEO plugin v19.2 - https:\/\/yoast.com\/wordpress\/plugins\/seo\/ -->\n<title>Contenedores de 5 gavetas basculantes FPG207101 - Storage Compat Colombia<\/title>\n<meta name=\"robots\" content=\"index, follow, max-snippet:-1, max-image-preview:large, max-video-preview:-1\" \/>\n<link rel=\"canonical\" href=\"https:\/\/storagecompat.com\/co\/producto\/contenedores-de-5-gavetas-basculantes-fpg207101\/\" \/>\n<meta property=\"og:locale\" content=\"es_ES\" \/>\n<meta property=\"og:type\" content=\"article\" \/>\n<meta property=\"og:title\" content=\"Contenedores de 5 gavetas basculantes FPG207101 - Storage Compat Colombia\" \/>\n<meta property=\"og:description\" content=\"PRACTIBOX es un sistema de organizaci\u00f3n y almacenamiento, que combina materia prima pl\u00e1stica y met\u00e1lica de alta calidad, dise\u00f1ado para ser duradero y resistente a roturas. Est\u00e1 fabricado en poliestireno de alto impacto, con gabinetes y contenedores transparentes que permiten una f\u00e1cil visibilidad del contenido de un vistazo. Es ideal para almacenar y organizar una amplia variedad de art\u00edculos de diversos rubros. Adem\u00e1s, su dise\u00f1o apilable permite la creaci\u00f3n de un atractivo expositor minorista o ayuda a mantener la despensa bien organizada. Los contenedores PRACTIBOX se abren y son completamente extra\u00edbles, lo que facilita el acceso, el llenado, la limpieza o el traslado a una estaci\u00f3n de trabajo. Los contenedores cuentan con un asa grande con ranura para colocar etiquetas de rotulaci\u00f3n y\/o c\u00f3digos de barra. Existen una extensa cantidad de opciones de estanter\u00edas, carros y armarios modulares completos con el sistema PRACTIBOX, solicite asistencia para encontrar su modelo ideal!\" \/>\n<meta property=\"og:url\" content=\"https:\/\/storagecompat.com\/co\/producto\/contenedores-de-5-gavetas-basculantes-fpg207101\/\" \/>\n<meta property=\"og:site_name\" content=\"Storage Compat Colombia\" \/>\n<meta property=\"article:modified_time\" content=\"2024-05-16T21:01:47+00:00\" \/>\n<meta name=\"author\" content=\"admin\" \/>\n<meta name=\"twitter:card\" content=\"summary_large_image\" \/>\n<meta name=\"twitter:label1\" content=\"Tiempo de lectura\" \/>\n\t<meta name=\"twitter:data1\" content=\"1 minuto\" \/>\n<script type=\"application\/ld+json\" class=\"yoast-schema-graph\">{\"@context\":\"https:\/\/schema.org\",\"@graph\":[{\"@type\":\"WebSite\",\"@id\":\"https:\/\/storagecompat.com\/co\/#website\",\"url\":\"https:\/\/storagecompat.com\/co\/\",\"name\":\"Storage Compat Colombia\",\"description\":\"Bienvenido!\",\"potentialAction\":[{\"@type\":\"SearchAction\",\"target\":{\"@type\":\"EntryPoint\",\"urlTemplate\":\"https:\/\/storagecompat.com\/co\/?s={search_term_string}\"},\"query-input\":\"required name=search_term_string\"}],\"inLanguage\":\"es\"},{\"@type\":\"ImageObject\",\"inLanguage\":\"es\",\"@id\":\"https:\/\/storagecompat.com\/co\/producto\/contenedores-de-5-gavetas-basculantes-fpg207101\/#primaryimage\",\"url\":\"https:\/\/storagecompat.com\/co\/wp-content\/uploads\/sites\/25\/2024\/05\/practibox-5-gavetas.jpg.png\",\"contentUrl\":\"https:\/\/storagecompat.com\/co\/wp-content\/uploads\/sites\/25\/2024\/05\/practibox-5-gavetas.jpg.png\",\"width\":1000,\"height\":1000},{\"@type\":\"WebPage\",\"@id\":\"https:\/\/storagecompat.com\/co\/producto\/contenedores-de-5-gavetas-basculantes-fpg207101\/#webpage\",\"url\":\"https:\/\/storagecompat.com\/co\/producto\/contenedores-de-5-gavetas-basculantes-fpg207101\/\",\"name\":\"Contenedores de 5 gavetas basculantes FPG207101 - Storage Compat Colombia\",\"isPartOf\":{\"@id\":\"https:\/\/storagecompat.com\/co\/#website\"},\"primaryImageOfPage\":{\"@id\":\"https:\/\/storagecompat.com\/co\/producto\/contenedores-de-5-gavetas-basculantes-fpg207101\/#primaryimage\"},\"datePublished\":\"2024-05-16T20:59:45+00:00\",\"dateModified\":\"2024-05-16T21:01:47+00:00\",\"breadcrumb\":{\"@id\":\"https:\/\/storagecompat.com\/co\/producto\/contenedores-de-5-gavetas-basculantes-fpg207101\/#breadcrumb\"},\"inLanguage\":\"es\",\"potentialAction\":[{\"@type\":\"ReadAction\",\"target\":[\"https:\/\/storagecompat.com\/co\/producto\/contenedores-de-5-gavetas-basculantes-fpg207101\/\"]}]},{\"@type\":\"BreadcrumbList\",\"@id\":\"https:\/\/storagecompat.com\/co\/producto\/contenedores-de-5-gavetas-basculantes-fpg207101\/#breadcrumb\",\"itemListElement\":[{\"@type\":\"ListItem\",\"position\":1,\"name\":\"Portada\",\"item\":\"https:\/\/storagecompat.com\/co\/\"},{\"@type\":\"ListItem\",\"position\":2,\"name\":\"Productos\",\"item\":\"https:\/\/storagecompat.com\/co\/productos\/\"},{\"@type\":\"ListItem\",\"position\":3,\"name\":\"Contenedores de 5 gavetas basculantes FPG207101\"}]}]}<\/script>\n<!-- \/ Yoast SEO plugin. -->","yoast_head_json":{"title":"Contenedores de 5 gavetas basculantes FPG207101 - Storage Compat Colombia","robots":{"index":"index","follow":"follow","max-snippet":"max-snippet:-1","max-image-preview":"max-image-preview:large","max-video-preview":"max-video-preview:-1"},"canonical":"https:\/\/storagecompat.com\/co\/producto\/contenedores-de-5-gavetas-basculantes-fpg207101\/","og_locale":"es_ES","og_type":"article","og_title":"Contenedores de 5 gavetas basculantes FPG207101 - Storage Compat Colombia","og_description":"PRACTIBOX es un sistema de organizaci\u00f3n y almacenamiento, que combina materia prima pl\u00e1stica y met\u00e1lica de alta calidad, dise\u00f1ado para ser duradero y resistente a roturas. Est\u00e1 fabricado en poliestireno de alto impacto, con gabinetes y contenedores transparentes que permiten una f\u00e1cil visibilidad del contenido de un vistazo. Es ideal para almacenar y organizar una amplia variedad de art\u00edculos de diversos rubros. Adem\u00e1s, su dise\u00f1o apilable permite la creaci\u00f3n de un atractivo expositor minorista o ayuda a mantener la despensa bien organizada. Los contenedores PRACTIBOX se abren y son completamente extra\u00edbles, lo que facilita el acceso, el llenado, la limpieza o el traslado a una estaci\u00f3n de trabajo. Los contenedores cuentan con un asa grande con ranura para colocar etiquetas de rotulaci\u00f3n y\/o c\u00f3digos de barra. Existen una extensa cantidad de opciones de estanter\u00edas, carros y armarios modulares completos con el sistema PRACTIBOX, solicite asistencia para encontrar su modelo ideal!","og_url":"https:\/\/storagecompat.com\/co\/producto\/contenedores-de-5-gavetas-basculantes-fpg207101\/","og_site_name":"Storage Compat Colombia","article_modified_time":"2024-05-16T21:01:47+00:00","author":"admin","twitter_card":"summary_large_image","twitter_misc":{"Tiempo de lectura":"1 minuto"},"schema":{"@context":"https:\/\/schema.org","@graph":[{"@type":"WebSite","@id":"https:\/\/storagecompat.com\/co\/#website","url":"https:\/\/storagecompat.com\/co\/","name":"Storage Compat Colombia","description":"Bienvenido!","potentialAction":[{"@type":"SearchAction","target":{"@type":"EntryPoint","urlTemplate":"https:\/\/storagecompat.com\/co\/?s={search_term_string}"},"query-input":"required name=search_term_string"}],"inLanguage":"es"},{"@type":"ImageObject","inLanguage":"es","@id":"https:\/\/storagecompat.com\/co\/producto\/contenedores-de-5-gavetas-basculantes-fpg207101\/#primaryimage","url":"https:\/\/storagecompat.com\/co\/wp-content\/uploads\/sites\/25\/2024\/05\/practibox-5-gavetas.jpg.png","contentUrl":"https:\/\/storagecompat.com\/co\/wp-content\/uploads\/sites\/25\/2024\/05\/practibox-5-gavetas.jpg.png","width":1000,"height":1000},{"@type":"WebPage","@id":"https:\/\/storagecompat.com\/co\/producto\/contenedores-de-5-gavetas-basculantes-fpg207101\/#webpage","url":"https:\/\/storagecompat.com\/co\/producto\/contenedores-de-5-gavetas-basculantes-fpg207101\/","name":"Contenedores de 5 gavetas basculantes FPG207101 - Storage Compat Colombia","isPartOf":{"@id":"https:\/\/storagecompat.com\/co\/#website"},"primaryImageOfPage":{"@id":"https:\/\/storagecompat.com\/co\/producto\/contenedores-de-5-gavetas-basculantes-fpg207101\/#primaryimage"},"datePublished":"2024-05-16T20:59:45+00:00","dateModified":"2024-05-16T21:01:47+00:00","breadcrumb":{"@id":"https:\/\/storagecompat.com\/co\/producto\/contenedores-de-5-gavetas-basculantes-fpg207101\/#breadcrumb"},"inLanguage":"es","potentialAction":[{"@type":"ReadAction","target":["https:\/\/storagecompat.com\/co\/producto\/contenedores-de-5-gavetas-basculantes-fpg207101\/"]}]},{"@type":"BreadcrumbList","@id":"https:\/\/storagecompat.com\/co\/producto\/contenedores-de-5-gavetas-basculantes-fpg207101\/#breadcrumb","itemListElement":[{"@type":"ListItem","position":1,"name":"Portada","item":"https:\/\/storagecompat.com\/co\/"},{"@type":"ListItem","position":2,"name":"Productos","item":"https:\/\/storagecompat.com\/co\/productos\/"},{"@type":"ListItem","position":3,"name":"Contenedores de 5 gavetas basculantes FPG207101"}]}]}},"_links":{"self":[{"href":"https:\/\/storagecompat.com\/co\/wp-json\/wp\/v2\/product\/6581"}],"collection":[{"href":"https:\/\/storagecompat.com\/co\/wp-json\/wp\/v2\/product"}],"about":[{"href":"https:\/\/storagecompat.com\/co\/wp-json\/wp\/v2\/types\/product"}],"replies":[{"embeddable":true,"href":"https:\/\/storagecompat.com\/co\/wp-json\/wp\/v2\/comments?post=6581"}],"wp:featuredmedia":[{"embeddable":true,"href":"https:\/\/storagecompat.com\/co\/wp-json\/wp\/v2\/media\/6663"}],"wp:attachment":[{"href":"https:\/\/storagecompat.com\/co\/wp-json\/wp\/v2\/media?parent=6581"}],"wp:term":[{"taxonomy":"product_cat","embeddable":true,"href":"https:\/\/storagecompat.com\/co\/wp-json\/wp\/v2\/product_cat?post=6581"},{"taxonomy":"product_tag","embeddable":true,"href":"https:\/\/storagecompat.com\/co\/wp-json\/wp\/v2\/product_tag?post=6581"}],"curies":[{"name":"wp","href":"https:\/\/api.w.org\/{rel}","templated":true}]}}