{"id":6540,"date":"2024-05-16T15:58:53","date_gmt":"2024-05-16T20:58:53","guid":{"rendered":"https:\/\/storagecompat.com\/co\/?post_type=product&#038;p=6540"},"modified":"2024-05-16T16:01:07","modified_gmt":"2024-05-16T21:01:07","slug":"tapa-con-bisagra-para-contenedor-athena-tp6400-60x40-cm","status":"publish","type":"product","link":"https:\/\/storagecompat.com\/co\/producto\/tapa-con-bisagra-para-contenedor-athena-tp6400-60x40-cm\/","title":{"rendered":"Tapa Con Bisagra Para Contenedor ATHENA TP6400 60&#215;40 cm"},"content":{"rendered":"<table style=\"border-collapse: collapse;width: 100%;border-color: #000000;border-style: solid\" border=\"1\">\n<tbody>\n<tr style=\"background-color: #e6e6e6\">\n<td style=\"width: 48.0458%;text-align: center\"><strong>C\u00f3digo<\/strong><\/td>\n<td style=\"width: 48.0458%;text-align: center\"><strong>Dimensiones en cm<\/strong><\/td>\n<\/tr>\n<tr>\n<td style=\"width: 48.0458%;text-align: center\"><span style=\"color: #34495e\"><strong>TP6400<\/strong><\/span><\/td>\n<td style=\"width: 48.0458%;text-align: center\"><strong>60 x 40 cm<\/strong><\/td>\n<\/tr>\n<\/tbody>\n<\/table>\n<p>&nbsp;<\/p>\n<table style=\"border-collapse: collapse;width: 100.034%;border-color: #000000;border-style: solid\" border=\"1\">\n<tbody>\n<tr style=\"background-color: #e6e6e6\">\n<td style=\"width: 49.9479%;text-align: center\"><span style=\"color: #000000\"><strong>Caracter\u00edsticas T\u00e9cnicas<\/strong><\/span><\/td>\n<td style=\"width: 49.9479%;text-align: center\"><span style=\"color: #000000\"><strong>Info. \/ Cant.<\/strong><\/span><\/td>\n<\/tr>\n<tr>\n<td style=\"width: 49.9479%;text-align: center\">Peso<\/td>\n<td style=\"width: 49.9479%;text-align: center\">500 gr<\/td>\n<\/tr>\n<tr>\n<td style=\"width: 49.9479%;text-align: center\">Amplitud t\u00e9rmica<\/td>\n<td style=\"width: 49.9479%;text-align: center\">-20\u00b0C a +70\u00b0C<\/td>\n<\/tr>\n<tr>\n<td style=\"width: 49.9479%;text-align: center\">Materia prima<\/td>\n<td style=\"width: 49.9479%;text-align: center\">Polipropileno Copolimero \u267b<\/td>\n<\/tr>\n<tr>\n<td style=\"width: 49.9479%;text-align: center\">Color de serie<\/td>\n<td style=\"width: 49.9479%;text-align: center\">Negro<\/td>\n<\/tr>\n<\/tbody>\n<\/table>\n<pre><\/pre>\n","protected":false},"excerpt":{"rendered":"<p>Los contenedores de la Serie Athena han sido desarrollados y estudiados para soportar pesadas cargas y asistir a l\u00edneas de producci\u00f3n, manuales, automatizadas y sobre Flow Racks (rodillos). Especialmente dise\u00f1adas para el sector automotriz son hoy un referente mundial por su modularidad sobre pallets standard y su transporte en cami\u00f3n. Los Bordes gruesos y paredes con nervaduras han sido estudiados para soportar pesadas cargas, promediando 50 Kg. en cada uno de su modo est\u00e1tico y 400 Kg. en apilado manteniendo estos valores para el transporte, sobre todo en la regi\u00f3n Sudamericana, con caminos muchas veces en condiciones de deterioro. Apoyando lo expuesto, la serie Athena ha superado diferentes Crash Test, que la habilitan como la serie de contenedores normalizada m\u00e1s resistente de la regi\u00f3n Mercosur. Las manijas, fondos o paredes pueden configurarse en modo cerrado o abiertos (Perforados), dando lugar a 6 (seis) configuraciones diferentes en cada medida disponible (ver ilustraci\u00f3n de la p\u00e1gina Actual) Color de serie: Negro. Buena resistencia a las grasas y aceites. Robustos y resistentes a altas y bajas temperaturas, dependiendo de su condici\u00f3n de uso, la amplitud t\u00e9rmica m\u00e1xima ser\u00e1 de -20\u00b0C hasta + 70\u00b0C. Particular serie adapta da para contacto con alimentos (Color virgen).<\/p>\n","protected":false},"featured_media":6632,"comment_status":"open","ping_status":"closed","template":"","meta":{"_joinchat":[]},"product_cat":[109,110],"product_tag":[],"acf":[],"yoast_head":"<!-- This site is optimized with the Yoast SEO plugin v19.2 - https:\/\/yoast.com\/wordpress\/plugins\/seo\/ -->\n<title>Tapa Con Bisagra Para Contenedor ATHENA TP6400 60x40 cm - Storage Compat Colombia<\/title>\n<meta name=\"robots\" content=\"index, follow, max-snippet:-1, max-image-preview:large, max-video-preview:-1\" \/>\n<link rel=\"canonical\" href=\"https:\/\/storagecompat.com\/co\/producto\/tapa-con-bisagra-para-contenedor-athena-tp6400-60x40-cm\/\" \/>\n<meta property=\"og:locale\" content=\"es_ES\" \/>\n<meta property=\"og:type\" content=\"article\" \/>\n<meta property=\"og:title\" content=\"Tapa Con Bisagra Para Contenedor ATHENA TP6400 60x40 cm - Storage Compat Colombia\" \/>\n<meta property=\"og:description\" content=\"Los contenedores de la Serie Athena han sido desarrollados y estudiados para soportar pesadas cargas y asistir a l\u00edneas de producci\u00f3n, manuales, automatizadas y sobre Flow Racks (rodillos). Especialmente dise\u00f1adas para el sector automotriz son hoy un referente mundial por su modularidad sobre pallets standard y su transporte en cami\u00f3n. Los Bordes gruesos y paredes con nervaduras han sido estudiados para soportar pesadas cargas, promediando 50 Kg. en cada uno de su modo est\u00e1tico y 400 Kg. en apilado manteniendo estos valores para el transporte, sobre todo en la regi\u00f3n Sudamericana, con caminos muchas veces en condiciones de deterioro. Apoyando lo expuesto, la serie Athena ha superado diferentes Crash Test, que la habilitan como la serie de contenedores normalizada m\u00e1s resistente de la regi\u00f3n Mercosur. Las manijas, fondos o paredes pueden configurarse en modo cerrado o abiertos (Perforados), dando lugar a 6 (seis) configuraciones diferentes en cada medida disponible (ver ilustraci\u00f3n de la p\u00e1gina Actual) Color de serie: Negro. Buena resistencia a las grasas y aceites. Robustos y resistentes a altas y bajas temperaturas, dependiendo de su condici\u00f3n de uso, la amplitud t\u00e9rmica m\u00e1xima ser\u00e1 de -20\u00b0C hasta + 70\u00b0C. Particular serie adapta da para contacto con alimentos (Color virgen).\" \/>\n<meta property=\"og:url\" content=\"https:\/\/storagecompat.com\/co\/producto\/tapa-con-bisagra-para-contenedor-athena-tp6400-60x40-cm\/\" \/>\n<meta property=\"og:site_name\" content=\"Storage Compat Colombia\" \/>\n<meta property=\"article:modified_time\" content=\"2024-05-16T21:01:07+00:00\" \/>\n<meta name=\"author\" content=\"admin\" \/>\n<meta name=\"twitter:card\" content=\"summary_large_image\" \/>\n<meta name=\"twitter:label1\" content=\"Tiempo de lectura\" \/>\n\t<meta name=\"twitter:data1\" content=\"1 minuto\" \/>\n<script type=\"application\/ld+json\" class=\"yoast-schema-graph\">{\"@context\":\"https:\/\/schema.org\",\"@graph\":[{\"@type\":\"WebSite\",\"@id\":\"https:\/\/storagecompat.com\/co\/#website\",\"url\":\"https:\/\/storagecompat.com\/co\/\",\"name\":\"Storage Compat Colombia\",\"description\":\"Bienvenido!\",\"potentialAction\":[{\"@type\":\"SearchAction\",\"target\":{\"@type\":\"EntryPoint\",\"urlTemplate\":\"https:\/\/storagecompat.com\/co\/?s={search_term_string}\"},\"query-input\":\"required name=search_term_string\"}],\"inLanguage\":\"es\"},{\"@type\":\"ImageObject\",\"inLanguage\":\"es\",\"@id\":\"https:\/\/storagecompat.com\/co\/producto\/tapa-con-bisagra-para-contenedor-athena-tp6400-60x40-cm\/#primaryimage\",\"url\":\"https:\/\/storagecompat.com\/co\/wp-content\/uploads\/sites\/25\/2024\/05\/TP4300.png\",\"contentUrl\":\"https:\/\/storagecompat.com\/co\/wp-content\/uploads\/sites\/25\/2024\/05\/TP4300.png\",\"width\":1000,\"height\":1000},{\"@type\":\"WebPage\",\"@id\":\"https:\/\/storagecompat.com\/co\/producto\/tapa-con-bisagra-para-contenedor-athena-tp6400-60x40-cm\/#webpage\",\"url\":\"https:\/\/storagecompat.com\/co\/producto\/tapa-con-bisagra-para-contenedor-athena-tp6400-60x40-cm\/\",\"name\":\"Tapa Con Bisagra Para Contenedor ATHENA TP6400 60x40 cm - Storage Compat Colombia\",\"isPartOf\":{\"@id\":\"https:\/\/storagecompat.com\/co\/#website\"},\"primaryImageOfPage\":{\"@id\":\"https:\/\/storagecompat.com\/co\/producto\/tapa-con-bisagra-para-contenedor-athena-tp6400-60x40-cm\/#primaryimage\"},\"datePublished\":\"2024-05-16T20:58:53+00:00\",\"dateModified\":\"2024-05-16T21:01:07+00:00\",\"breadcrumb\":{\"@id\":\"https:\/\/storagecompat.com\/co\/producto\/tapa-con-bisagra-para-contenedor-athena-tp6400-60x40-cm\/#breadcrumb\"},\"inLanguage\":\"es\",\"potentialAction\":[{\"@type\":\"ReadAction\",\"target\":[\"https:\/\/storagecompat.com\/co\/producto\/tapa-con-bisagra-para-contenedor-athena-tp6400-60x40-cm\/\"]}]},{\"@type\":\"BreadcrumbList\",\"@id\":\"https:\/\/storagecompat.com\/co\/producto\/tapa-con-bisagra-para-contenedor-athena-tp6400-60x40-cm\/#breadcrumb\",\"itemListElement\":[{\"@type\":\"ListItem\",\"position\":1,\"name\":\"Portada\",\"item\":\"https:\/\/storagecompat.com\/co\/\"},{\"@type\":\"ListItem\",\"position\":2,\"name\":\"Productos\",\"item\":\"https:\/\/storagecompat.com\/co\/productos\/\"},{\"@type\":\"ListItem\",\"position\":3,\"name\":\"Tapa Con Bisagra Para Contenedor ATHENA TP6400 60&#215;40 cm\"}]}]}<\/script>\n<!-- \/ Yoast SEO plugin. -->","yoast_head_json":{"title":"Tapa Con Bisagra Para Contenedor ATHENA TP6400 60x40 cm - Storage Compat Colombia","robots":{"index":"index","follow":"follow","max-snippet":"max-snippet:-1","max-image-preview":"max-image-preview:large","max-video-preview":"max-video-preview:-1"},"canonical":"https:\/\/storagecompat.com\/co\/producto\/tapa-con-bisagra-para-contenedor-athena-tp6400-60x40-cm\/","og_locale":"es_ES","og_type":"article","og_title":"Tapa Con Bisagra Para Contenedor ATHENA TP6400 60x40 cm - Storage Compat Colombia","og_description":"Los contenedores de la Serie Athena han sido desarrollados y estudiados para soportar pesadas cargas y asistir a l\u00edneas de producci\u00f3n, manuales, automatizadas y sobre Flow Racks (rodillos). Especialmente dise\u00f1adas para el sector automotriz son hoy un referente mundial por su modularidad sobre pallets standard y su transporte en cami\u00f3n. Los Bordes gruesos y paredes con nervaduras han sido estudiados para soportar pesadas cargas, promediando 50 Kg. en cada uno de su modo est\u00e1tico y 400 Kg. en apilado manteniendo estos valores para el transporte, sobre todo en la regi\u00f3n Sudamericana, con caminos muchas veces en condiciones de deterioro. Apoyando lo expuesto, la serie Athena ha superado diferentes Crash Test, que la habilitan como la serie de contenedores normalizada m\u00e1s resistente de la regi\u00f3n Mercosur. Las manijas, fondos o paredes pueden configurarse en modo cerrado o abiertos (Perforados), dando lugar a 6 (seis) configuraciones diferentes en cada medida disponible (ver ilustraci\u00f3n de la p\u00e1gina Actual) Color de serie: Negro. Buena resistencia a las grasas y aceites. Robustos y resistentes a altas y bajas temperaturas, dependiendo de su condici\u00f3n de uso, la amplitud t\u00e9rmica m\u00e1xima ser\u00e1 de -20\u00b0C hasta + 70\u00b0C. Particular serie adapta da para contacto con alimentos (Color virgen).","og_url":"https:\/\/storagecompat.com\/co\/producto\/tapa-con-bisagra-para-contenedor-athena-tp6400-60x40-cm\/","og_site_name":"Storage Compat Colombia","article_modified_time":"2024-05-16T21:01:07+00:00","author":"admin","twitter_card":"summary_large_image","twitter_misc":{"Tiempo de lectura":"1 minuto"},"schema":{"@context":"https:\/\/schema.org","@graph":[{"@type":"WebSite","@id":"https:\/\/storagecompat.com\/co\/#website","url":"https:\/\/storagecompat.com\/co\/","name":"Storage Compat Colombia","description":"Bienvenido!","potentialAction":[{"@type":"SearchAction","target":{"@type":"EntryPoint","urlTemplate":"https:\/\/storagecompat.com\/co\/?s={search_term_string}"},"query-input":"required name=search_term_string"}],"inLanguage":"es"},{"@type":"ImageObject","inLanguage":"es","@id":"https:\/\/storagecompat.com\/co\/producto\/tapa-con-bisagra-para-contenedor-athena-tp6400-60x40-cm\/#primaryimage","url":"https:\/\/storagecompat.com\/co\/wp-content\/uploads\/sites\/25\/2024\/05\/TP4300.png","contentUrl":"https:\/\/storagecompat.com\/co\/wp-content\/uploads\/sites\/25\/2024\/05\/TP4300.png","width":1000,"height":1000},{"@type":"WebPage","@id":"https:\/\/storagecompat.com\/co\/producto\/tapa-con-bisagra-para-contenedor-athena-tp6400-60x40-cm\/#webpage","url":"https:\/\/storagecompat.com\/co\/producto\/tapa-con-bisagra-para-contenedor-athena-tp6400-60x40-cm\/","name":"Tapa Con Bisagra Para Contenedor ATHENA TP6400 60x40 cm - Storage Compat Colombia","isPartOf":{"@id":"https:\/\/storagecompat.com\/co\/#website"},"primaryImageOfPage":{"@id":"https:\/\/storagecompat.com\/co\/producto\/tapa-con-bisagra-para-contenedor-athena-tp6400-60x40-cm\/#primaryimage"},"datePublished":"2024-05-16T20:58:53+00:00","dateModified":"2024-05-16T21:01:07+00:00","breadcrumb":{"@id":"https:\/\/storagecompat.com\/co\/producto\/tapa-con-bisagra-para-contenedor-athena-tp6400-60x40-cm\/#breadcrumb"},"inLanguage":"es","potentialAction":[{"@type":"ReadAction","target":["https:\/\/storagecompat.com\/co\/producto\/tapa-con-bisagra-para-contenedor-athena-tp6400-60x40-cm\/"]}]},{"@type":"BreadcrumbList","@id":"https:\/\/storagecompat.com\/co\/producto\/tapa-con-bisagra-para-contenedor-athena-tp6400-60x40-cm\/#breadcrumb","itemListElement":[{"@type":"ListItem","position":1,"name":"Portada","item":"https:\/\/storagecompat.com\/co\/"},{"@type":"ListItem","position":2,"name":"Productos","item":"https:\/\/storagecompat.com\/co\/productos\/"},{"@type":"ListItem","position":3,"name":"Tapa Con Bisagra Para Contenedor ATHENA TP6400 60&#215;40 cm"}]}]}},"_links":{"self":[{"href":"https:\/\/storagecompat.com\/co\/wp-json\/wp\/v2\/product\/6540"}],"collection":[{"href":"https:\/\/storagecompat.com\/co\/wp-json\/wp\/v2\/product"}],"about":[{"href":"https:\/\/storagecompat.com\/co\/wp-json\/wp\/v2\/types\/product"}],"replies":[{"embeddable":true,"href":"https:\/\/storagecompat.com\/co\/wp-json\/wp\/v2\/comments?post=6540"}],"wp:featuredmedia":[{"embeddable":true,"href":"https:\/\/storagecompat.com\/co\/wp-json\/wp\/v2\/media\/6632"}],"wp:attachment":[{"href":"https:\/\/storagecompat.com\/co\/wp-json\/wp\/v2\/media?parent=6540"}],"wp:term":[{"taxonomy":"product_cat","embeddable":true,"href":"https:\/\/storagecompat.com\/co\/wp-json\/wp\/v2\/product_cat?post=6540"},{"taxonomy":"product_tag","embeddable":true,"href":"https:\/\/storagecompat.com\/co\/wp-json\/wp\/v2\/product_tag?post=6540"}],"curies":[{"name":"wp","href":"https:\/\/api.w.org\/{rel}","templated":true}]}}