{"id":6531,"date":"2024-05-16T15:58:53","date_gmt":"2024-05-16T20:58:53","guid":{"rendered":"https:\/\/storagecompat.com\/co\/?post_type=product&#038;p=6531"},"modified":"2024-05-16T16:00:43","modified_gmt":"2024-05-16T21:00:43","slug":"contenedor-plegable-nettuno-6423b","status":"publish","type":"product","link":"https:\/\/storagecompat.com\/co\/producto\/contenedor-plegable-nettuno-6423b\/","title":{"rendered":"Contenedor Plegable NETTUNO 6423B"},"content":{"rendered":"<table style=\"border-collapse: collapse;width: 100%;border-color: #000000;border-style: solid\" border=\"1\">\n<tbody>\n<tr style=\"background-color: #e6e6e6\">\n<td style=\"width: 48.0458%;text-align: center\"><strong>C\u00f3digo<\/strong><\/td>\n<td style=\"width: 48.0458%;text-align: center\"><strong>Dimensiones en cm<\/strong><\/td>\n<\/tr>\n<tr>\n<td style=\"width: 48.0458%;text-align: center\">6433B<\/td>\n<td style=\"width: 48.0458%;text-align: center\">600 x 400 x 320 h<\/td>\n<\/tr>\n<\/tbody>\n<\/table>\n<p>&nbsp;<\/p>\n<table style=\"border-collapse: collapse;width: 100.034%;border-color: #000000;border-style: hidden\" border=\"1\">\n<tbody>\n<tr style=\"background-color: #e6e6e6\">\n<td style=\"width: 49.9479%;text-align: center\"><span style=\"color: #000000\"><strong>Caracter\u00edsticas T\u00e9cnicas<\/strong><\/span><\/td>\n<td style=\"width: 49.9479%;text-align: center\"><span style=\"color: #000000\"><strong>Info. \/ Cant.<\/strong><\/span><\/td>\n<\/tr>\n<tr>\n<td style=\"width: 49.9479%;text-align: center\"><span style=\"color: #34495e\">Color de serie<\/span><\/td>\n<td style=\"width: 49.9479%;text-align: center\"><span style=\"color: #34495e\">Negro<\/span><\/td>\n<\/tr>\n<tr>\n<td style=\"width: 49.9479%;text-align: center\"><span style=\"color: #34495e\">Dimensiones externas en cm.<\/span><\/td>\n<td style=\"width: 49.9479%;text-align: center\">600 x 400 x 320 h<\/td>\n<\/tr>\n<tr>\n<td style=\"width: 49.9479%;text-align: center\"><span style=\"color: #34495e\">Dim. Interna en cm.<\/span><\/td>\n<td style=\"width: 49.9479%;text-align: center\">551 x 355 x 304 h<\/td>\n<\/tr>\n<tr>\n<td style=\"width: 49.9479%;text-align: center\"><span style=\"color: #34495e\"><span style=\"color: #34495e\">Dim. externas plegado mm.<\/span><\/span><\/td>\n<td style=\"width: 49.9479%;text-align: center\">600 x 400 x 70<\/td>\n<\/tr>\n<tr>\n<td style=\"width: 49.9479%;text-align: center\"><span style=\"color: #34495e\">Capacidad en litros.<\/span><\/td>\n<td style=\"width: 49.9479%;text-align: center\">65<\/td>\n<\/tr>\n<tr>\n<td style=\"width: 49.9479%;text-align: center\"><span style=\"color: #34495e\">Peso gr.<\/span><\/td>\n<td style=\"width: 49.9479%;text-align: center\">2642<\/td>\n<\/tr>\n<tr>\n<td style=\"width: 49.9479%;text-align: center\"><span style=\"color: #34495e\">Fondo<\/span><\/td>\n<td style=\"width: 49.9479%;text-align: center\">Cerrado<\/td>\n<\/tr>\n<tr>\n<td style=\"width: 49.9479%;text-align: center\"><span style=\"color: #34495e\">Pared larga<\/span><\/td>\n<td style=\"width: 49.9479%;text-align: center\">Cerrada<\/td>\n<\/tr>\n<tr>\n<td style=\"width: 49.9479%;text-align: center\"><span style=\"color: #34495e\">Pared corta<\/span><\/td>\n<td style=\"width: 49.9479%;text-align: center\">Cerrada<\/td>\n<\/tr>\n<tr>\n<td style=\"width: 49.9479%;text-align: center\"><span style=\"color: #34495e\">Manija<\/span><\/td>\n<td style=\"width: 49.9479%;text-align: center\">Abierta<\/td>\n<\/tr>\n<tr>\n<td style=\"width: 49.9479%;text-align: center\"><span style=\"color: #34495e\">Amplitud t\u00e9rmica.<\/span><\/td>\n<td style=\"width: 49.9479%;text-align: center\">+60 -20 \u00b0C<\/td>\n<\/tr>\n<tr>\n<td style=\"width: 49.9479%;text-align: center\"><span style=\"color: #34495e\">Materia prima<\/span><\/td>\n<td style=\"width: 49.9479%;text-align: center\">Polipropileno Copol\u00edmero reciclado \u267b<\/td>\n<\/tr>\n<\/tbody>\n<\/table>\n<pre><\/pre>\n","protected":false},"excerpt":{"rendered":"<p>Las Cajas de pl\u00e1stico se utilizan en m\u00faltiples rubros comerciales como librer\u00edas, autopartistas, farmac\u00e9utica, automotriz, pero igualmente son v\u00e1lidas para otros sectores de la industria. Ahorran espacio, son econ\u00f3micas y compatibles con otros sistemas de almacenaje reutilizables. El ahorro de transporte con las cajas de la serie NETTUNO es de 6 a 1, es decir, se env\u00edan 6 camiones con mercader\u00eda se trae uno con las cajas vac\u00edas plegadas. Amortigua ruidos durante el transporte y es reciclable despu\u00e9s de un largo tiempo de uso. Asas ergon\u00f3micas que protegen las manos durante la manipulaci\u00f3n. Dise\u00f1o robusto, con base preparada para usar en v\u00eda de rodillos. Nuestras cajas plegables son ligeras en peso, pero al mismo tiempo muy resistente. Son apilables y se pueden plegar y desplegar con total facilidad y seguridad. Est\u00e1n fabricadas en polipropileno virgen resistente a roturas y a la mayor\u00eda de aceites, \u00e1cidos y lej\u00edas. Sus Tapas son precintable con bisagras, tienen la Posibilidad de serigrafiado y termo grabado con el logotipo de su empresa gracias a sus paredes exteriores lisas y vienen provistas de un Espacio para etiqueta y c\u00f3digo de barras.<\/p>\n","protected":false},"featured_media":6615,"comment_status":"open","ping_status":"closed","template":"","meta":{"_joinchat":[]},"product_cat":[109,145],"product_tag":[],"acf":[],"yoast_head":"<!-- This site is optimized with the Yoast SEO plugin v19.2 - https:\/\/yoast.com\/wordpress\/plugins\/seo\/ -->\n<title>Contenedor Plegable NETTUNO 6423B - Storage Compat Colombia<\/title>\n<meta name=\"robots\" content=\"index, follow, max-snippet:-1, max-image-preview:large, max-video-preview:-1\" \/>\n<link rel=\"canonical\" href=\"https:\/\/storagecompat.com\/co\/producto\/contenedor-plegable-nettuno-6423b\/\" \/>\n<meta property=\"og:locale\" content=\"es_ES\" \/>\n<meta property=\"og:type\" content=\"article\" \/>\n<meta property=\"og:title\" content=\"Contenedor Plegable NETTUNO 6423B - Storage Compat Colombia\" \/>\n<meta property=\"og:description\" content=\"Las Cajas de pl\u00e1stico se utilizan en m\u00faltiples rubros comerciales como librer\u00edas, autopartistas, farmac\u00e9utica, automotriz, pero igualmente son v\u00e1lidas para otros sectores de la industria. Ahorran espacio, son econ\u00f3micas y compatibles con otros sistemas de almacenaje reutilizables. El ahorro de transporte con las cajas de la serie NETTUNO es de 6 a 1, es decir, se env\u00edan 6 camiones con mercader\u00eda se trae uno con las cajas vac\u00edas plegadas. Amortigua ruidos durante el transporte y es reciclable despu\u00e9s de un largo tiempo de uso. Asas ergon\u00f3micas que protegen las manos durante la manipulaci\u00f3n. Dise\u00f1o robusto, con base preparada para usar en v\u00eda de rodillos. Nuestras cajas plegables son ligeras en peso, pero al mismo tiempo muy resistente. Son apilables y se pueden plegar y desplegar con total facilidad y seguridad. Est\u00e1n fabricadas en polipropileno virgen resistente a roturas y a la mayor\u00eda de aceites, \u00e1cidos y lej\u00edas. Sus Tapas son precintable con bisagras, tienen la Posibilidad de serigrafiado y termo grabado con el logotipo de su empresa gracias a sus paredes exteriores lisas y vienen provistas de un Espacio para etiqueta y c\u00f3digo de barras.\" \/>\n<meta property=\"og:url\" content=\"https:\/\/storagecompat.com\/co\/producto\/contenedor-plegable-nettuno-6423b\/\" \/>\n<meta property=\"og:site_name\" content=\"Storage Compat Colombia\" \/>\n<meta property=\"article:modified_time\" content=\"2024-05-16T21:00:43+00:00\" \/>\n<meta name=\"author\" content=\"admin\" \/>\n<meta name=\"twitter:card\" content=\"summary_large_image\" \/>\n<meta name=\"twitter:label1\" content=\"Tiempo de lectura\" \/>\n\t<meta name=\"twitter:data1\" content=\"1 minuto\" \/>\n<script type=\"application\/ld+json\" class=\"yoast-schema-graph\">{\"@context\":\"https:\/\/schema.org\",\"@graph\":[{\"@type\":\"WebSite\",\"@id\":\"https:\/\/storagecompat.com\/co\/#website\",\"url\":\"https:\/\/storagecompat.com\/co\/\",\"name\":\"Storage Compat Colombia\",\"description\":\"Bienvenido!\",\"potentialAction\":[{\"@type\":\"SearchAction\",\"target\":{\"@type\":\"EntryPoint\",\"urlTemplate\":\"https:\/\/storagecompat.com\/co\/?s={search_term_string}\"},\"query-input\":\"required name=search_term_string\"}],\"inLanguage\":\"es\"},{\"@type\":\"ImageObject\",\"inLanguage\":\"es\",\"@id\":\"https:\/\/storagecompat.com\/co\/producto\/contenedor-plegable-nettuno-6423b\/#primaryimage\",\"url\":\"https:\/\/storagecompat.com\/co\/wp-content\/uploads\/sites\/25\/2024\/05\/Nettuno-6433-9.jpg\",\"contentUrl\":\"https:\/\/storagecompat.com\/co\/wp-content\/uploads\/sites\/25\/2024\/05\/Nettuno-6433-9.jpg\",\"width\":2048,\"height\":1366},{\"@type\":\"WebPage\",\"@id\":\"https:\/\/storagecompat.com\/co\/producto\/contenedor-plegable-nettuno-6423b\/#webpage\",\"url\":\"https:\/\/storagecompat.com\/co\/producto\/contenedor-plegable-nettuno-6423b\/\",\"name\":\"Contenedor Plegable NETTUNO 6423B - Storage Compat Colombia\",\"isPartOf\":{\"@id\":\"https:\/\/storagecompat.com\/co\/#website\"},\"primaryImageOfPage\":{\"@id\":\"https:\/\/storagecompat.com\/co\/producto\/contenedor-plegable-nettuno-6423b\/#primaryimage\"},\"datePublished\":\"2024-05-16T20:58:53+00:00\",\"dateModified\":\"2024-05-16T21:00:43+00:00\",\"breadcrumb\":{\"@id\":\"https:\/\/storagecompat.com\/co\/producto\/contenedor-plegable-nettuno-6423b\/#breadcrumb\"},\"inLanguage\":\"es\",\"potentialAction\":[{\"@type\":\"ReadAction\",\"target\":[\"https:\/\/storagecompat.com\/co\/producto\/contenedor-plegable-nettuno-6423b\/\"]}]},{\"@type\":\"BreadcrumbList\",\"@id\":\"https:\/\/storagecompat.com\/co\/producto\/contenedor-plegable-nettuno-6423b\/#breadcrumb\",\"itemListElement\":[{\"@type\":\"ListItem\",\"position\":1,\"name\":\"Portada\",\"item\":\"https:\/\/storagecompat.com\/co\/\"},{\"@type\":\"ListItem\",\"position\":2,\"name\":\"Productos\",\"item\":\"https:\/\/storagecompat.com\/co\/productos\/\"},{\"@type\":\"ListItem\",\"position\":3,\"name\":\"Contenedor Plegable NETTUNO 6423B\"}]}]}<\/script>\n<!-- \/ Yoast SEO plugin. -->","yoast_head_json":{"title":"Contenedor Plegable NETTUNO 6423B - Storage Compat Colombia","robots":{"index":"index","follow":"follow","max-snippet":"max-snippet:-1","max-image-preview":"max-image-preview:large","max-video-preview":"max-video-preview:-1"},"canonical":"https:\/\/storagecompat.com\/co\/producto\/contenedor-plegable-nettuno-6423b\/","og_locale":"es_ES","og_type":"article","og_title":"Contenedor Plegable NETTUNO 6423B - Storage Compat Colombia","og_description":"Las Cajas de pl\u00e1stico se utilizan en m\u00faltiples rubros comerciales como librer\u00edas, autopartistas, farmac\u00e9utica, automotriz, pero igualmente son v\u00e1lidas para otros sectores de la industria. Ahorran espacio, son econ\u00f3micas y compatibles con otros sistemas de almacenaje reutilizables. El ahorro de transporte con las cajas de la serie NETTUNO es de 6 a 1, es decir, se env\u00edan 6 camiones con mercader\u00eda se trae uno con las cajas vac\u00edas plegadas. Amortigua ruidos durante el transporte y es reciclable despu\u00e9s de un largo tiempo de uso. Asas ergon\u00f3micas que protegen las manos durante la manipulaci\u00f3n. Dise\u00f1o robusto, con base preparada para usar en v\u00eda de rodillos. Nuestras cajas plegables son ligeras en peso, pero al mismo tiempo muy resistente. Son apilables y se pueden plegar y desplegar con total facilidad y seguridad. Est\u00e1n fabricadas en polipropileno virgen resistente a roturas y a la mayor\u00eda de aceites, \u00e1cidos y lej\u00edas. Sus Tapas son precintable con bisagras, tienen la Posibilidad de serigrafiado y termo grabado con el logotipo de su empresa gracias a sus paredes exteriores lisas y vienen provistas de un Espacio para etiqueta y c\u00f3digo de barras.","og_url":"https:\/\/storagecompat.com\/co\/producto\/contenedor-plegable-nettuno-6423b\/","og_site_name":"Storage Compat Colombia","article_modified_time":"2024-05-16T21:00:43+00:00","author":"admin","twitter_card":"summary_large_image","twitter_misc":{"Tiempo de lectura":"1 minuto"},"schema":{"@context":"https:\/\/schema.org","@graph":[{"@type":"WebSite","@id":"https:\/\/storagecompat.com\/co\/#website","url":"https:\/\/storagecompat.com\/co\/","name":"Storage Compat Colombia","description":"Bienvenido!","potentialAction":[{"@type":"SearchAction","target":{"@type":"EntryPoint","urlTemplate":"https:\/\/storagecompat.com\/co\/?s={search_term_string}"},"query-input":"required name=search_term_string"}],"inLanguage":"es"},{"@type":"ImageObject","inLanguage":"es","@id":"https:\/\/storagecompat.com\/co\/producto\/contenedor-plegable-nettuno-6423b\/#primaryimage","url":"https:\/\/storagecompat.com\/co\/wp-content\/uploads\/sites\/25\/2024\/05\/Nettuno-6433-9.jpg","contentUrl":"https:\/\/storagecompat.com\/co\/wp-content\/uploads\/sites\/25\/2024\/05\/Nettuno-6433-9.jpg","width":2048,"height":1366},{"@type":"WebPage","@id":"https:\/\/storagecompat.com\/co\/producto\/contenedor-plegable-nettuno-6423b\/#webpage","url":"https:\/\/storagecompat.com\/co\/producto\/contenedor-plegable-nettuno-6423b\/","name":"Contenedor Plegable NETTUNO 6423B - Storage Compat Colombia","isPartOf":{"@id":"https:\/\/storagecompat.com\/co\/#website"},"primaryImageOfPage":{"@id":"https:\/\/storagecompat.com\/co\/producto\/contenedor-plegable-nettuno-6423b\/#primaryimage"},"datePublished":"2024-05-16T20:58:53+00:00","dateModified":"2024-05-16T21:00:43+00:00","breadcrumb":{"@id":"https:\/\/storagecompat.com\/co\/producto\/contenedor-plegable-nettuno-6423b\/#breadcrumb"},"inLanguage":"es","potentialAction":[{"@type":"ReadAction","target":["https:\/\/storagecompat.com\/co\/producto\/contenedor-plegable-nettuno-6423b\/"]}]},{"@type":"BreadcrumbList","@id":"https:\/\/storagecompat.com\/co\/producto\/contenedor-plegable-nettuno-6423b\/#breadcrumb","itemListElement":[{"@type":"ListItem","position":1,"name":"Portada","item":"https:\/\/storagecompat.com\/co\/"},{"@type":"ListItem","position":2,"name":"Productos","item":"https:\/\/storagecompat.com\/co\/productos\/"},{"@type":"ListItem","position":3,"name":"Contenedor Plegable NETTUNO 6423B"}]}]}},"_links":{"self":[{"href":"https:\/\/storagecompat.com\/co\/wp-json\/wp\/v2\/product\/6531"}],"collection":[{"href":"https:\/\/storagecompat.com\/co\/wp-json\/wp\/v2\/product"}],"about":[{"href":"https:\/\/storagecompat.com\/co\/wp-json\/wp\/v2\/types\/product"}],"replies":[{"embeddable":true,"href":"https:\/\/storagecompat.com\/co\/wp-json\/wp\/v2\/comments?post=6531"}],"wp:featuredmedia":[{"embeddable":true,"href":"https:\/\/storagecompat.com\/co\/wp-json\/wp\/v2\/media\/6615"}],"wp:attachment":[{"href":"https:\/\/storagecompat.com\/co\/wp-json\/wp\/v2\/media?parent=6531"}],"wp:term":[{"taxonomy":"product_cat","embeddable":true,"href":"https:\/\/storagecompat.com\/co\/wp-json\/wp\/v2\/product_cat?post=6531"},{"taxonomy":"product_tag","embeddable":true,"href":"https:\/\/storagecompat.com\/co\/wp-json\/wp\/v2\/product_tag?post=6531"}],"curies":[{"name":"wp","href":"https:\/\/api.w.org\/{rel}","templated":true}]}}