{"id":6528,"date":"2024-05-16T15:58:52","date_gmt":"2024-05-16T20:58:52","guid":{"rendered":"https:\/\/storagecompat.com\/co\/?post_type=product&#038;p=6528"},"modified":"2024-05-16T16:00:16","modified_gmt":"2024-05-16T21:00:16","slug":"gavetas-plasticas-serie-zeus-4plz","status":"publish","type":"product","link":"https:\/\/storagecompat.com\/co\/producto\/gavetas-plasticas-serie-zeus-4plz\/","title":{"rendered":"Gavetas pl\u00e1sticas Serie Zeus 4PLZ"},"content":{"rendered":"<table style=\"border-collapse: collapse;width: 100%;border-color: #000000;border-style: solid\" border=\"1\">\n<tbody>\n<tr style=\"background-color: #e6e6e6\">\n<td style=\"width: 48.0458%;text-align: center\"><strong>C\u00f3digo<\/strong><\/td>\n<td style=\"width: 48.0458%;text-align: center\"><strong>Dimensiones en cm<\/strong><\/td>\n<\/tr>\n<tr>\n<td style=\"width: 48.0458%;text-align: center\">4 PLZ<\/td>\n<td style=\"width: 48.0458%;text-align: center\">500\/450 x 300 x 200 h<\/td>\n<\/tr>\n<\/tbody>\n<\/table>\n<p>&nbsp;<\/p>\n<table style=\"border-collapse: collapse;width: 100.034%;border-color: #000000;border-style: hidden\" border=\"1\">\n<tbody>\n<tr style=\"background-color: #e6e6e6\">\n<td style=\"width: 49.9479%;text-align: center\"><span style=\"color: #000000\"><strong>Caracter\u00edsticas T\u00e9cnicas<\/strong><\/span><\/td>\n<td style=\"width: 49.9479%;text-align: center\"><span style=\"color: #000000\"><strong>Info. \/ Cant.<\/strong><\/span><\/td>\n<\/tr>\n<tr>\n<td style=\"width: 49.9479%;text-align: center\">Color de serie<\/td>\n<td style=\"width: 49.9479%;text-align: center\">Negro, Gris, Rojo, Verde, Azul, Blanco, Amarillo.<\/td>\n<\/tr>\n<tr>\n<td style=\"width: 49.9479%;text-align: center\">Dimensiones externas en cm.<\/td>\n<td style=\"width: 49.9479%;text-align: center\">500\/450x300x200 h<\/td>\n<\/tr>\n<tr>\n<td style=\"width: 49.9479%;text-align: center\">Dim. Interna en cm.<\/td>\n<td style=\"width: 49.9479%;text-align: center\">435x280x182 h<\/td>\n<\/tr>\n<tr>\n<td style=\"width: 49.9479%;text-align: center\">Altura \u00fatil interna en cm.<\/td>\n<td style=\"width: 49.9479%;text-align: center\">194<\/td>\n<\/tr>\n<tr>\n<td style=\"width: 49.9479%;text-align: center\">Altura \u00fatil apilada en cm.<\/td>\n<td style=\"width: 49.9479%;text-align: center\">182<\/td>\n<\/tr>\n<tr>\n<td style=\"width: 49.9479%;text-align: center\">Capacidad en litros.<\/td>\n<td style=\"width: 49.9479%;text-align: center\">28<\/td>\n<\/tr>\n<tr>\n<td style=\"width: 49.9479%;text-align: center\">Cap. de carga Kg.<\/td>\n<td style=\"width: 49.9479%;text-align: center\">35<\/td>\n<\/tr>\n<tr>\n<td style=\"width: 49.9479%;text-align: center\">Peso gr.<\/td>\n<td style=\"width: 49.9479%;text-align: center\">1355<\/td>\n<\/tr>\n<tr>\n<td style=\"width: 49.9479%;text-align: center\">Amplitud t\u00e9rmica.<\/td>\n<td style=\"width: 49.9479%;text-align: center\">+60 -20 \u00b0C<\/td>\n<\/tr>\n<tr>\n<td style=\"width: 49.9479%;text-align: center\">Materia prima<\/td>\n<td style=\"width: 49.9479%;text-align: center\">Polipropileno Copol\u00edmero<\/td>\n<\/tr>\n<\/tbody>\n<\/table>\n<p>&nbsp;<\/p>\n","protected":false},"excerpt":{"rendered":"<p>La serie de contenedores serie ZEUS est\u00e1n fabricados en polipropileno copol\u00edmero. Es la soluci\u00f3n ideal para diferentes problemas de almacenaje, sea en dep\u00f3sitos, l\u00edneas de montaje o talleres. Otorgan la posibilidad de mantener todo ordenado, etiquetado y al alcance de la mano, consiguiendo ahorro en horas hombre de trabajo y por consiguiente competitividad, logrando baja de costos de inventarios.<\/p>\n","protected":false},"featured_media":6596,"comment_status":"open","ping_status":"closed","template":"","meta":{"_joinchat":[]},"product_cat":[118,109,138,146,132],"product_tag":[],"acf":[],"yoast_head":"<!-- This site is optimized with the Yoast SEO plugin v19.2 - https:\/\/yoast.com\/wordpress\/plugins\/seo\/ -->\n<title>Gavetas pl\u00e1sticas Serie Zeus 4PLZ - Storage Compat Colombia<\/title>\n<meta name=\"robots\" content=\"index, follow, max-snippet:-1, max-image-preview:large, max-video-preview:-1\" \/>\n<link rel=\"canonical\" href=\"https:\/\/storagecompat.com\/co\/producto\/gavetas-plasticas-serie-zeus-4plz\/\" \/>\n<meta property=\"og:locale\" content=\"es_ES\" \/>\n<meta property=\"og:type\" content=\"article\" \/>\n<meta property=\"og:title\" content=\"Gavetas pl\u00e1sticas Serie Zeus 4PLZ - Storage Compat Colombia\" \/>\n<meta property=\"og:description\" content=\"La serie de contenedores serie ZEUS est\u00e1n fabricados en polipropileno copol\u00edmero. Es la soluci\u00f3n ideal para diferentes problemas de almacenaje, sea en dep\u00f3sitos, l\u00edneas de montaje o talleres. Otorgan la posibilidad de mantener todo ordenado, etiquetado y al alcance de la mano, consiguiendo ahorro en horas hombre de trabajo y por consiguiente competitividad, logrando baja de costos de inventarios.\" \/>\n<meta property=\"og:url\" content=\"https:\/\/storagecompat.com\/co\/producto\/gavetas-plasticas-serie-zeus-4plz\/\" \/>\n<meta property=\"og:site_name\" content=\"Storage Compat Colombia\" \/>\n<meta property=\"article:modified_time\" content=\"2024-05-16T21:00:16+00:00\" \/>\n<meta name=\"author\" content=\"admin\" \/>\n<meta name=\"twitter:card\" content=\"summary_large_image\" \/>\n<script type=\"application\/ld+json\" class=\"yoast-schema-graph\">{\"@context\":\"https:\/\/schema.org\",\"@graph\":[{\"@type\":\"WebSite\",\"@id\":\"https:\/\/storagecompat.com\/co\/#website\",\"url\":\"https:\/\/storagecompat.com\/co\/\",\"name\":\"Storage Compat Colombia\",\"description\":\"Bienvenido!\",\"potentialAction\":[{\"@type\":\"SearchAction\",\"target\":{\"@type\":\"EntryPoint\",\"urlTemplate\":\"https:\/\/storagecompat.com\/co\/?s={search_term_string}\"},\"query-input\":\"required name=search_term_string\"}],\"inLanguage\":\"es\"},{\"@type\":\"ImageObject\",\"inLanguage\":\"es\",\"@id\":\"https:\/\/storagecompat.com\/co\/producto\/gavetas-plasticas-serie-zeus-4plz\/#primaryimage\",\"url\":\"https:\/\/storagecompat.com\/co\/wp-content\/uploads\/sites\/25\/2024\/05\/4plz-Negro.jpg\",\"contentUrl\":\"https:\/\/storagecompat.com\/co\/wp-content\/uploads\/sites\/25\/2024\/05\/4plz-Negro.jpg\",\"width\":1024,\"height\":1024},{\"@type\":\"WebPage\",\"@id\":\"https:\/\/storagecompat.com\/co\/producto\/gavetas-plasticas-serie-zeus-4plz\/#webpage\",\"url\":\"https:\/\/storagecompat.com\/co\/producto\/gavetas-plasticas-serie-zeus-4plz\/\",\"name\":\"Gavetas pl\u00e1sticas Serie Zeus 4PLZ - Storage Compat Colombia\",\"isPartOf\":{\"@id\":\"https:\/\/storagecompat.com\/co\/#website\"},\"primaryImageOfPage\":{\"@id\":\"https:\/\/storagecompat.com\/co\/producto\/gavetas-plasticas-serie-zeus-4plz\/#primaryimage\"},\"datePublished\":\"2024-05-16T20:58:52+00:00\",\"dateModified\":\"2024-05-16T21:00:16+00:00\",\"breadcrumb\":{\"@id\":\"https:\/\/storagecompat.com\/co\/producto\/gavetas-plasticas-serie-zeus-4plz\/#breadcrumb\"},\"inLanguage\":\"es\",\"potentialAction\":[{\"@type\":\"ReadAction\",\"target\":[\"https:\/\/storagecompat.com\/co\/producto\/gavetas-plasticas-serie-zeus-4plz\/\"]}]},{\"@type\":\"BreadcrumbList\",\"@id\":\"https:\/\/storagecompat.com\/co\/producto\/gavetas-plasticas-serie-zeus-4plz\/#breadcrumb\",\"itemListElement\":[{\"@type\":\"ListItem\",\"position\":1,\"name\":\"Portada\",\"item\":\"https:\/\/storagecompat.com\/co\/\"},{\"@type\":\"ListItem\",\"position\":2,\"name\":\"Productos\",\"item\":\"https:\/\/storagecompat.com\/co\/productos\/\"},{\"@type\":\"ListItem\",\"position\":3,\"name\":\"Gavetas pl\u00e1sticas Serie Zeus 4PLZ\"}]}]}<\/script>\n<!-- \/ Yoast SEO plugin. -->","yoast_head_json":{"title":"Gavetas pl\u00e1sticas Serie Zeus 4PLZ - Storage Compat Colombia","robots":{"index":"index","follow":"follow","max-snippet":"max-snippet:-1","max-image-preview":"max-image-preview:large","max-video-preview":"max-video-preview:-1"},"canonical":"https:\/\/storagecompat.com\/co\/producto\/gavetas-plasticas-serie-zeus-4plz\/","og_locale":"es_ES","og_type":"article","og_title":"Gavetas pl\u00e1sticas Serie Zeus 4PLZ - Storage Compat Colombia","og_description":"La serie de contenedores serie ZEUS est\u00e1n fabricados en polipropileno copol\u00edmero. Es la soluci\u00f3n ideal para diferentes problemas de almacenaje, sea en dep\u00f3sitos, l\u00edneas de montaje o talleres. Otorgan la posibilidad de mantener todo ordenado, etiquetado y al alcance de la mano, consiguiendo ahorro en horas hombre de trabajo y por consiguiente competitividad, logrando baja de costos de inventarios.","og_url":"https:\/\/storagecompat.com\/co\/producto\/gavetas-plasticas-serie-zeus-4plz\/","og_site_name":"Storage Compat Colombia","article_modified_time":"2024-05-16T21:00:16+00:00","author":"admin","twitter_card":"summary_large_image","schema":{"@context":"https:\/\/schema.org","@graph":[{"@type":"WebSite","@id":"https:\/\/storagecompat.com\/co\/#website","url":"https:\/\/storagecompat.com\/co\/","name":"Storage Compat Colombia","description":"Bienvenido!","potentialAction":[{"@type":"SearchAction","target":{"@type":"EntryPoint","urlTemplate":"https:\/\/storagecompat.com\/co\/?s={search_term_string}"},"query-input":"required name=search_term_string"}],"inLanguage":"es"},{"@type":"ImageObject","inLanguage":"es","@id":"https:\/\/storagecompat.com\/co\/producto\/gavetas-plasticas-serie-zeus-4plz\/#primaryimage","url":"https:\/\/storagecompat.com\/co\/wp-content\/uploads\/sites\/25\/2024\/05\/4plz-Negro.jpg","contentUrl":"https:\/\/storagecompat.com\/co\/wp-content\/uploads\/sites\/25\/2024\/05\/4plz-Negro.jpg","width":1024,"height":1024},{"@type":"WebPage","@id":"https:\/\/storagecompat.com\/co\/producto\/gavetas-plasticas-serie-zeus-4plz\/#webpage","url":"https:\/\/storagecompat.com\/co\/producto\/gavetas-plasticas-serie-zeus-4plz\/","name":"Gavetas pl\u00e1sticas Serie Zeus 4PLZ - Storage Compat Colombia","isPartOf":{"@id":"https:\/\/storagecompat.com\/co\/#website"},"primaryImageOfPage":{"@id":"https:\/\/storagecompat.com\/co\/producto\/gavetas-plasticas-serie-zeus-4plz\/#primaryimage"},"datePublished":"2024-05-16T20:58:52+00:00","dateModified":"2024-05-16T21:00:16+00:00","breadcrumb":{"@id":"https:\/\/storagecompat.com\/co\/producto\/gavetas-plasticas-serie-zeus-4plz\/#breadcrumb"},"inLanguage":"es","potentialAction":[{"@type":"ReadAction","target":["https:\/\/storagecompat.com\/co\/producto\/gavetas-plasticas-serie-zeus-4plz\/"]}]},{"@type":"BreadcrumbList","@id":"https:\/\/storagecompat.com\/co\/producto\/gavetas-plasticas-serie-zeus-4plz\/#breadcrumb","itemListElement":[{"@type":"ListItem","position":1,"name":"Portada","item":"https:\/\/storagecompat.com\/co\/"},{"@type":"ListItem","position":2,"name":"Productos","item":"https:\/\/storagecompat.com\/co\/productos\/"},{"@type":"ListItem","position":3,"name":"Gavetas pl\u00e1sticas Serie Zeus 4PLZ"}]}]}},"_links":{"self":[{"href":"https:\/\/storagecompat.com\/co\/wp-json\/wp\/v2\/product\/6528"}],"collection":[{"href":"https:\/\/storagecompat.com\/co\/wp-json\/wp\/v2\/product"}],"about":[{"href":"https:\/\/storagecompat.com\/co\/wp-json\/wp\/v2\/types\/product"}],"replies":[{"embeddable":true,"href":"https:\/\/storagecompat.com\/co\/wp-json\/wp\/v2\/comments?post=6528"}],"wp:featuredmedia":[{"embeddable":true,"href":"https:\/\/storagecompat.com\/co\/wp-json\/wp\/v2\/media\/6596"}],"wp:attachment":[{"href":"https:\/\/storagecompat.com\/co\/wp-json\/wp\/v2\/media?parent=6528"}],"wp:term":[{"taxonomy":"product_cat","embeddable":true,"href":"https:\/\/storagecompat.com\/co\/wp-json\/wp\/v2\/product_cat?post=6528"},{"taxonomy":"product_tag","embeddable":true,"href":"https:\/\/storagecompat.com\/co\/wp-json\/wp\/v2\/product_tag?post=6528"}],"curies":[{"name":"wp","href":"https:\/\/api.w.org\/{rel}","templated":true}]}}