{"id":6729,"date":"2024-05-16T19:22:13","date_gmt":"2024-05-16T22:22:13","guid":{"rendered":"https:\/\/storagecompat.com\/br\/?post_type=product&#038;p=6729"},"modified":"2024-05-16T19:23:30","modified_gmt":"2024-05-16T22:23:30","slug":"armario-metalico-con-gavetas-practibox-fak108058","status":"publish","type":"product","link":"https:\/\/storagecompat.com\/br\/producto\/armario-metalico-con-gavetas-practibox-fak108058\/","title":{"rendered":"Armario Met\u00e1lico con Gavetas Practibox FAK108058"},"content":{"rendered":"<table style=\"border-collapse: collapse;width: 100%;border-color: #000000;border-style: solid\" border=\"1\">\n<tbody>\n<tr style=\"background-color: #e6e6e6\">\n<td style=\"width: 48.0458%;text-align: center\"><span style=\"color: #000000\"><strong>C\u00f3digo<\/strong><\/span><\/td>\n<td style=\"width: 48.0458%;text-align: center\"><span style=\"color: #000000\"><strong>Dimensiones en cm<\/strong><\/span><\/td>\n<\/tr>\n<tr>\n<td style=\"width: 48.0458%;text-align: center\"><strong>FAK108058<\/strong><\/td>\n<td style=\"width: 48.0458%;text-align: center\">70 x 27 x 203 h<\/td>\n<\/tr>\n<\/tbody>\n<\/table>\n<p>&nbsp;<\/p>\n<table style=\"border-collapse: collapse;width: 100.034%;border-color: #000000;border-style: solid\" border=\"1\">\n<tbody>\n<tr style=\"background-color: #e6e6e6\">\n<td style=\"width: 49.9479%;text-align: center\"><span style=\"color: #000000\"><strong>Caracter\u00edsticas T\u00e9cnicas<\/strong><\/span><\/td>\n<td style=\"width: 49.9479%;text-align: center\"><span style=\"color: #000000\"><strong>Qty<\/strong><\/span><\/td>\n<\/tr>\n<tr>\n<td style=\"width: 49.9479%;text-align: center\">Armario Metalico F AK 1080<\/td>\n<td style=\"width: 49.9479%;text-align: center\">1<\/td>\n<\/tr>\n<tr>\n<td style=\"width: 49.9479%;text-align: center\">Puertas met\u00e1licas batientes con im\u00e1n y bisagras ocultas antivand\u00e1licas<\/td>\n<td style=\"width: 49.9479%;text-align: center\">2<\/td>\n<\/tr>\n<tr>\n<td style=\"width: 49.9479%;text-align: center\">Bisagras ocultas anti vand\u00e1licas<\/td>\n<td style=\"width: 49.9479%;text-align: center\">4<\/td>\n<\/tr>\n<tr>\n<td style=\"width: 49.9479%;text-align: center\">Contenedores de 9 gavetas basculante\u00a0 (Dimensiones 600x69x77 h.mm.)<\/td>\n<td style=\"width: 49.9479%;text-align: center\">1<\/td>\n<\/tr>\n<tr>\n<td style=\"width: 49.9479%;text-align: center\">Contenedores de 6 gavetas basculante (Dimensiones 600x98x112 h.mm.)<\/td>\n<td style=\"width: 49.9479%;text-align: center\">6<\/td>\n<\/tr>\n<tr>\n<td style=\"width: 49.9479%;text-align: center\">Contenedores de 5 gavetas basculante (Dimensiones 600x141x164 h.mm.)<\/td>\n<td style=\"width: 49.9479%;text-align: center\">2<\/td>\n<\/tr>\n<tr>\n<td style=\"width: 49.9479%;text-align: center\">Contenedores de 4 gavetas basculante (Dimensiones 600x174x206 h.mm.)<\/td>\n<td style=\"width: 49.9479%;text-align: center\">2<\/td>\n<\/tr>\n<tr>\n<td style=\"width: 49.9479%;text-align: center\">Contenedores de 3 gavetas basculante (Dimensiones 600x209x240 h.mm.)<\/td>\n<td style=\"width: 49.9479%;text-align: center\">1<\/td>\n<\/tr>\n<tr>\n<td style=\"width: 49.9479%;text-align: center\">Cerradura de cierre a tres puntos, superior, inferior y central.<\/td>\n<td style=\"width: 49.9479%;text-align: center\">1<\/td>\n<\/tr>\n<tr>\n<td style=\"width: 49.9479%;text-align: center\">Llaves incluidas (pueden solicitarse m\u00e1s unidades de llaves maestra aparte)<\/td>\n<td style=\"width: 49.9479%;text-align: center\">2<\/td>\n<\/tr>\n<tr>\n<td style=\"width: 49.9479%;text-align: center\">Peso total aproximado del Armario<\/td>\n<td style=\"width: 49.9479%;text-align: center\">58.79 Kg.<\/td>\n<\/tr>\n<tr>\n<td style=\"width: 49.9479%;text-align: center\">Capacidad de Carga total<\/td>\n<td style=\"width: 49.9479%;text-align: center\">500 Kg.<\/td>\n<\/tr>\n<tr>\n<td style=\"text-align: center;width: 99.8957%\" colspan=\"2\">Pintura a polvo electroest\u00e1tica en horno de 180\u00b0C, seguida de las siguientes fases: Fosfatizaci\u00f3n, enjuagado, secado, aplicaci\u00f3n del polvo electrost\u00e1tico, polimerizaci\u00f3n dentro de horno, espesor de pintura 35 a 80 micrones, tolerancia: \u03b4E 1,0 medido con espectrofot\u00f3metro a esfera 8\u00b0, formula CIE LAB, Oss.: 10\u00b0<\/td>\n<\/tr>\n<\/tbody>\n<\/table>\n","protected":false},"excerpt":{"rendered":"<p>Los armarios porta gavetas constituyen la soluci\u00f3n id\u00f3nea para el ordenado almacenamiento de los m\u00e1s diversos objetos, siendo indispensable en la instalaci\u00f3n de f\u00e1bricas, oficinas, almacenes y laboratorios. Est\u00e1n compuestos por un armaz\u00f3n met\u00e1lico que puede alojar un n\u00famero variable de estantes (planos) de carga en funci\u00f3n de la distribuci\u00f3n de contenedores requerida. Los armarios pueden ser provistos de puertas batientes con im\u00e1n para que permanezcan cerradas sin necesidad de asegurarlas con llaves. La cerradura es de triple falleba enumerada y con disponibilidad de llave master, doble en rotaci\u00f3n y cierre en tres puntos.<\/p>\n","protected":false},"featured_media":6786,"comment_status":"open","ping_status":"closed","template":"","meta":{"_joinchat":[]},"product_cat":[133,113],"product_tag":[],"acf":[],"yoast_head":"<!-- This site is optimized with the Yoast SEO plugin v19.2 - https:\/\/yoast.com\/wordpress\/plugins\/seo\/ -->\n<title>Armario Met\u00e1lico con Gavetas Practibox FAK108058 - Storage Compat Brasil<\/title>\n<meta name=\"robots\" content=\"index, follow, max-snippet:-1, max-image-preview:large, max-video-preview:-1\" \/>\n<link rel=\"canonical\" href=\"https:\/\/storagecompat.com\/br\/producto\/armario-metalico-con-gavetas-practibox-fak108058\/\" \/>\n<meta property=\"og:locale\" content=\"es_ES\" \/>\n<meta property=\"og:type\" content=\"article\" \/>\n<meta property=\"og:title\" content=\"Armario Met\u00e1lico con Gavetas Practibox FAK108058 - Storage Compat Brasil\" \/>\n<meta property=\"og:description\" content=\"Los armarios porta gavetas constituyen la soluci\u00f3n id\u00f3nea para el ordenado almacenamiento de los m\u00e1s diversos objetos, siendo indispensable en la instalaci\u00f3n de f\u00e1bricas, oficinas, almacenes y laboratorios. Est\u00e1n compuestos por un armaz\u00f3n met\u00e1lico que puede alojar un n\u00famero variable de estantes (planos) de carga en funci\u00f3n de la distribuci\u00f3n de contenedores requerida. Los armarios pueden ser provistos de puertas batientes con im\u00e1n para que permanezcan cerradas sin necesidad de asegurarlas con llaves. La cerradura es de triple falleba enumerada y con disponibilidad de llave master, doble en rotaci\u00f3n y cierre en tres puntos.\" \/>\n<meta property=\"og:url\" content=\"https:\/\/storagecompat.com\/br\/producto\/armario-metalico-con-gavetas-practibox-fak108058\/\" \/>\n<meta property=\"og:site_name\" content=\"Storage Compat Brasil\" \/>\n<meta property=\"article:modified_time\" content=\"2024-05-16T22:23:30+00:00\" \/>\n<meta name=\"author\" content=\"admin\" \/>\n<meta name=\"twitter:card\" content=\"summary_large_image\" \/>\n<meta name=\"twitter:label1\" content=\"Est. reading time\" \/>\n\t<meta name=\"twitter:data1\" content=\"1 minuto\" \/>\n<script type=\"application\/ld+json\" class=\"yoast-schema-graph\">{\"@context\":\"https:\/\/schema.org\",\"@graph\":[{\"@type\":\"WebSite\",\"@id\":\"https:\/\/storagecompat.com\/br\/#website\",\"url\":\"https:\/\/storagecompat.com\/br\/\",\"name\":\"Storage Compat Brasil\",\"description\":\"Bienvenido!\",\"potentialAction\":[{\"@type\":\"SearchAction\",\"target\":{\"@type\":\"EntryPoint\",\"urlTemplate\":\"https:\/\/storagecompat.com\/br\/?s={search_term_string}\"},\"query-input\":\"required name=search_term_string\"}],\"inLanguage\":\"es-UY\"},{\"@type\":\"ImageObject\",\"inLanguage\":\"es-UY\",\"@id\":\"https:\/\/storagecompat.com\/br\/producto\/armario-metalico-con-gavetas-practibox-fak108058\/#primaryimage\",\"url\":\"https:\/\/storagecompat.com\/br\/wp-content\/uploads\/sites\/26\/2024\/05\/FAK-108058.png\",\"contentUrl\":\"https:\/\/storagecompat.com\/br\/wp-content\/uploads\/sites\/26\/2024\/05\/FAK-108058.png\",\"width\":1024,\"height\":1024},{\"@type\":\"WebPage\",\"@id\":\"https:\/\/storagecompat.com\/br\/producto\/armario-metalico-con-gavetas-practibox-fak108058\/#webpage\",\"url\":\"https:\/\/storagecompat.com\/br\/producto\/armario-metalico-con-gavetas-practibox-fak108058\/\",\"name\":\"Armario Met\u00e1lico con Gavetas Practibox FAK108058 - Storage Compat Brasil\",\"isPartOf\":{\"@id\":\"https:\/\/storagecompat.com\/br\/#website\"},\"primaryImageOfPage\":{\"@id\":\"https:\/\/storagecompat.com\/br\/producto\/armario-metalico-con-gavetas-practibox-fak108058\/#primaryimage\"},\"datePublished\":\"2024-05-16T22:22:13+00:00\",\"dateModified\":\"2024-05-16T22:23:30+00:00\",\"breadcrumb\":{\"@id\":\"https:\/\/storagecompat.com\/br\/producto\/armario-metalico-con-gavetas-practibox-fak108058\/#breadcrumb\"},\"inLanguage\":\"es-UY\",\"potentialAction\":[{\"@type\":\"ReadAction\",\"target\":[\"https:\/\/storagecompat.com\/br\/producto\/armario-metalico-con-gavetas-practibox-fak108058\/\"]}]},{\"@type\":\"BreadcrumbList\",\"@id\":\"https:\/\/storagecompat.com\/br\/producto\/armario-metalico-con-gavetas-practibox-fak108058\/#breadcrumb\",\"itemListElement\":[{\"@type\":\"ListItem\",\"position\":1,\"name\":\"Portada\",\"item\":\"https:\/\/storagecompat.com\/br\/\"},{\"@type\":\"ListItem\",\"position\":2,\"name\":\"Productos\",\"item\":\"https:\/\/storagecompat.com\/br\/productos\/\"},{\"@type\":\"ListItem\",\"position\":3,\"name\":\"Armario Met\u00e1lico con Gavetas Practibox FAK108058\"}]}]}<\/script>\n<!-- \/ Yoast SEO plugin. -->","yoast_head_json":{"title":"Armario Met\u00e1lico con Gavetas Practibox FAK108058 - Storage Compat Brasil","robots":{"index":"index","follow":"follow","max-snippet":"max-snippet:-1","max-image-preview":"max-image-preview:large","max-video-preview":"max-video-preview:-1"},"canonical":"https:\/\/storagecompat.com\/br\/producto\/armario-metalico-con-gavetas-practibox-fak108058\/","og_locale":"es_ES","og_type":"article","og_title":"Armario Met\u00e1lico con Gavetas Practibox FAK108058 - Storage Compat Brasil","og_description":"Los armarios porta gavetas constituyen la soluci\u00f3n id\u00f3nea para el ordenado almacenamiento de los m\u00e1s diversos objetos, siendo indispensable en la instalaci\u00f3n de f\u00e1bricas, oficinas, almacenes y laboratorios. Est\u00e1n compuestos por un armaz\u00f3n met\u00e1lico que puede alojar un n\u00famero variable de estantes (planos) de carga en funci\u00f3n de la distribuci\u00f3n de contenedores requerida. Los armarios pueden ser provistos de puertas batientes con im\u00e1n para que permanezcan cerradas sin necesidad de asegurarlas con llaves. La cerradura es de triple falleba enumerada y con disponibilidad de llave master, doble en rotaci\u00f3n y cierre en tres puntos.","og_url":"https:\/\/storagecompat.com\/br\/producto\/armario-metalico-con-gavetas-practibox-fak108058\/","og_site_name":"Storage Compat Brasil","article_modified_time":"2024-05-16T22:23:30+00:00","author":"admin","twitter_card":"summary_large_image","twitter_misc":{"Est. reading time":"1 minuto"},"schema":{"@context":"https:\/\/schema.org","@graph":[{"@type":"WebSite","@id":"https:\/\/storagecompat.com\/br\/#website","url":"https:\/\/storagecompat.com\/br\/","name":"Storage Compat Brasil","description":"Bienvenido!","potentialAction":[{"@type":"SearchAction","target":{"@type":"EntryPoint","urlTemplate":"https:\/\/storagecompat.com\/br\/?s={search_term_string}"},"query-input":"required name=search_term_string"}],"inLanguage":"es-UY"},{"@type":"ImageObject","inLanguage":"es-UY","@id":"https:\/\/storagecompat.com\/br\/producto\/armario-metalico-con-gavetas-practibox-fak108058\/#primaryimage","url":"https:\/\/storagecompat.com\/br\/wp-content\/uploads\/sites\/26\/2024\/05\/FAK-108058.png","contentUrl":"https:\/\/storagecompat.com\/br\/wp-content\/uploads\/sites\/26\/2024\/05\/FAK-108058.png","width":1024,"height":1024},{"@type":"WebPage","@id":"https:\/\/storagecompat.com\/br\/producto\/armario-metalico-con-gavetas-practibox-fak108058\/#webpage","url":"https:\/\/storagecompat.com\/br\/producto\/armario-metalico-con-gavetas-practibox-fak108058\/","name":"Armario Met\u00e1lico con Gavetas Practibox FAK108058 - Storage Compat Brasil","isPartOf":{"@id":"https:\/\/storagecompat.com\/br\/#website"},"primaryImageOfPage":{"@id":"https:\/\/storagecompat.com\/br\/producto\/armario-metalico-con-gavetas-practibox-fak108058\/#primaryimage"},"datePublished":"2024-05-16T22:22:13+00:00","dateModified":"2024-05-16T22:23:30+00:00","breadcrumb":{"@id":"https:\/\/storagecompat.com\/br\/producto\/armario-metalico-con-gavetas-practibox-fak108058\/#breadcrumb"},"inLanguage":"es-UY","potentialAction":[{"@type":"ReadAction","target":["https:\/\/storagecompat.com\/br\/producto\/armario-metalico-con-gavetas-practibox-fak108058\/"]}]},{"@type":"BreadcrumbList","@id":"https:\/\/storagecompat.com\/br\/producto\/armario-metalico-con-gavetas-practibox-fak108058\/#breadcrumb","itemListElement":[{"@type":"ListItem","position":1,"name":"Portada","item":"https:\/\/storagecompat.com\/br\/"},{"@type":"ListItem","position":2,"name":"Productos","item":"https:\/\/storagecompat.com\/br\/productos\/"},{"@type":"ListItem","position":3,"name":"Armario Met\u00e1lico con Gavetas Practibox FAK108058"}]}]}},"_links":{"self":[{"href":"https:\/\/storagecompat.com\/br\/wp-json\/wp\/v2\/product\/6729"}],"collection":[{"href":"https:\/\/storagecompat.com\/br\/wp-json\/wp\/v2\/product"}],"about":[{"href":"https:\/\/storagecompat.com\/br\/wp-json\/wp\/v2\/types\/product"}],"replies":[{"embeddable":true,"href":"https:\/\/storagecompat.com\/br\/wp-json\/wp\/v2\/comments?post=6729"}],"wp:featuredmedia":[{"embeddable":true,"href":"https:\/\/storagecompat.com\/br\/wp-json\/wp\/v2\/media\/6786"}],"wp:attachment":[{"href":"https:\/\/storagecompat.com\/br\/wp-json\/wp\/v2\/media?parent=6729"}],"wp:term":[{"taxonomy":"product_cat","embeddable":true,"href":"https:\/\/storagecompat.com\/br\/wp-json\/wp\/v2\/product_cat?post=6729"},{"taxonomy":"product_tag","embeddable":true,"href":"https:\/\/storagecompat.com\/br\/wp-json\/wp\/v2\/product_tag?post=6729"}],"curies":[{"name":"wp","href":"https:\/\/api.w.org\/{rel}","templated":true}]}}