{"id":6711,"date":"2024-05-16T19:21:49","date_gmt":"2024-05-16T22:21:49","guid":{"rendered":"https:\/\/storagecompat.com\/br\/?post_type=product&#038;p=6711"},"modified":"2024-05-16T19:22:56","modified_gmt":"2024-05-16T22:22:56","slug":"armario-metalico-para-fitosanitarios-faa16220102","status":"publish","type":"product","link":"https:\/\/storagecompat.com\/br\/producto\/armario-metalico-para-fitosanitarios-faa16220102\/","title":{"rendered":"Armario Met\u00e1lico Para Fitosanitarios FAA16220102"},"content":{"rendered":"<table style=\"border-collapse: collapse;width: 100%;border-color: #000000;border-style: solid\" border=\"1\">\n<tbody>\n<tr style=\"background-color: #e6e6e6\">\n<td style=\"width: 48.0458%;text-align: center\"><span style=\"color: #000000\"><strong>C\u00f3digo<\/strong><\/span><\/td>\n<td style=\"width: 48.0458%;text-align: center\"><span style=\"color: #000000\"><strong>Dimensiones en cm<\/strong><\/span><\/td>\n<\/tr>\n<tr>\n<td style=\"width: 48.0458%;text-align: center\"><strong>FAA 1622 01 02<\/strong><\/td>\n<td style=\"width: 48.0458%;text-align: center\">102.3 x 55.5 x 200 h<\/td>\n<\/tr>\n<\/tbody>\n<\/table>\n<p>&nbsp;<\/p>\n<table style=\"border-collapse: collapse;width: 100.034%;border-color: #000000;border-style: solid\" border=\"1\">\n<tbody>\n<tr style=\"background-color: #e6e6e6\">\n<td style=\"width: 49.9479%;text-align: center\"><span style=\"color: #000000\"><strong>Caracter\u00edsticas T\u00e9cnicas<\/strong><\/span><\/td>\n<td style=\"width: 49.9479%;text-align: center\"><span style=\"color: #000000\"><strong>Info. \/ Cant.<\/strong><\/span><\/td>\n<\/tr>\n<tr>\n<td style=\"width: 49.9479%;text-align: center\">Armario met\u00e1lico<\/td>\n<td style=\"width: 49.9479%;text-align: center\">1<\/td>\n<\/tr>\n<tr>\n<td style=\"width: 49.9479%;text-align: center\">Puertas batientes met\u00e1licas (1 con im\u00e1n).<\/td>\n<td style=\"width: 49.9479%;text-align: center\">2<\/td>\n<\/tr>\n<tr>\n<td style=\"width: 49.9479%;text-align: center\">Bisagras ocultas anti vand\u00e1licas.<\/td>\n<td style=\"width: 49.9479%;text-align: center\">4<\/td>\n<\/tr>\n<tr>\n<td style=\"width: 49.9479%;text-align: center\">Bandeja anti derrame.<\/td>\n<td style=\"width: 49.9479%;text-align: center\">1<\/td>\n<\/tr>\n<tr>\n<td style=\"width: 49.9479%;text-align: center\">Planos de carga regulables en altura, sin bulones ni tornillos.<\/td>\n<td style=\"width: 49.9479%;text-align: center\">4<\/td>\n<\/tr>\n<tr>\n<td style=\"width: 49.9479%;text-align: center\">Etiqueta para armario Fito-sanitario<\/td>\n<td style=\"width: 49.9479%;text-align: center\">1<\/td>\n<\/tr>\n<tr>\n<td style=\"width: 49.9479%;text-align: center\">Cerradura de cierre a tres puntos, superior, inferior y central.<\/td>\n<td style=\"width: 49.9479%;text-align: center\">1<\/td>\n<\/tr>\n<tr>\n<td style=\"width: 49.9479%;text-align: center\">Llaves incluidas<\/td>\n<td style=\"width: 49.9479%;text-align: center\">2<\/td>\n<\/tr>\n<tr>\n<td style=\"width: 49.9479%;text-align: center\">Peso total aproximado del Armario.<\/td>\n<td style=\"width: 49.9479%;text-align: center\">95 Kg.<\/td>\n<\/tr>\n<tr>\n<td style=\"width: 49.9479%;text-align: center\">Capacidad de carga total<\/td>\n<td style=\"width: 49.9479%;text-align: center\">800 Kg.<\/td>\n<\/tr>\n<tr>\n<td style=\"width: 49.9479%;text-align: center\">Material de elaboraci\u00f3n<\/td>\n<td style=\"width: 49.9479%;text-align: center\">Chapa de acero 0,7\/0,10 mm<\/td>\n<\/tr>\n<tr>\n<td style=\"text-align: center;width: 99.8957%\" colspan=\"2\">Pintura a polvo electroest\u00e1tica en horno de 180\u00b0C, seguida de las siguientes fases: Fosfatizaci\u00f3n, enjuagado, secado, aplicaci\u00f3n del polvo electrost\u00e1tico, polimerizaci\u00f3n dentro de horno, espesor de pintura 35 a 80 micrones, tolerancia: \u03b4E 1,0 medido con espectrofot\u00f3metro a esfera 8\u00b0, formula CIE LAB, Oss.: 10\u00b0<\/td>\n<\/tr>\n<\/tbody>\n<\/table>\n<p>&nbsp;<\/p>\n","protected":false},"excerpt":{"rendered":"<p>Armario met\u00e1lico de puertas batientes para el almacenaje de substancias fito-sanitarios y pesticidas. Las puertas batientes vienen con im\u00e1n para que permanezcan cerradas sin necesidad de asegurarlas con llaves. Construido con chapa de acero 7 \/ 10 mm, con todos los rebordes expuestos doblados. Est\u00e1 equipado con estantes perforados, su inserci\u00f3n y disposici\u00f3n en el interior de los armarios es f\u00e1cil de hacer y de usar, como en las paredes interiores del armario hay cuatro montantes verticales perforados con paso de 25 mm. En la base del armario un cubeto de recogida estanco hecho de chapa con capacidad para 47 litros. La cerradura es cil\u00edndrica con llave enumerada y posibilidad de llave maestra, llave doble en dotaci\u00f3n y cierre en tres puntos.<\/p>\n","protected":false},"featured_media":6758,"comment_status":"open","ping_status":"closed","template":"","meta":{"_joinchat":[]},"product_cat":[123,113],"product_tag":[],"acf":[],"yoast_head":"<!-- This site is optimized with the Yoast SEO plugin v19.2 - https:\/\/yoast.com\/wordpress\/plugins\/seo\/ -->\n<title>Armario Met\u00e1lico Para Fitosanitarios FAA16220102 - Storage Compat Brasil<\/title>\n<meta name=\"robots\" content=\"index, follow, max-snippet:-1, max-image-preview:large, max-video-preview:-1\" \/>\n<link rel=\"canonical\" href=\"https:\/\/storagecompat.com\/br\/producto\/armario-metalico-para-fitosanitarios-faa16220102\/\" \/>\n<meta property=\"og:locale\" content=\"es_ES\" \/>\n<meta property=\"og:type\" content=\"article\" \/>\n<meta property=\"og:title\" content=\"Armario Met\u00e1lico Para Fitosanitarios FAA16220102 - Storage Compat Brasil\" \/>\n<meta property=\"og:description\" content=\"Armario met\u00e1lico de puertas batientes para el almacenaje de substancias fito-sanitarios y pesticidas. Las puertas batientes vienen con im\u00e1n para que permanezcan cerradas sin necesidad de asegurarlas con llaves. Construido con chapa de acero 7 \/ 10 mm, con todos los rebordes expuestos doblados. Est\u00e1 equipado con estantes perforados, su inserci\u00f3n y disposici\u00f3n en el interior de los armarios es f\u00e1cil de hacer y de usar, como en las paredes interiores del armario hay cuatro montantes verticales perforados con paso de 25 mm. En la base del armario un cubeto de recogida estanco hecho de chapa con capacidad para 47 litros. La cerradura es cil\u00edndrica con llave enumerada y posibilidad de llave maestra, llave doble en dotaci\u00f3n y cierre en tres puntos.\" \/>\n<meta property=\"og:url\" content=\"https:\/\/storagecompat.com\/br\/producto\/armario-metalico-para-fitosanitarios-faa16220102\/\" \/>\n<meta property=\"og:site_name\" content=\"Storage Compat Brasil\" \/>\n<meta property=\"article:modified_time\" content=\"2024-05-16T22:22:56+00:00\" \/>\n<meta name=\"author\" content=\"admin\" \/>\n<meta name=\"twitter:card\" content=\"summary_large_image\" \/>\n<meta name=\"twitter:label1\" content=\"Est. reading time\" \/>\n\t<meta name=\"twitter:data1\" content=\"1 minuto\" \/>\n<script type=\"application\/ld+json\" class=\"yoast-schema-graph\">{\"@context\":\"https:\/\/schema.org\",\"@graph\":[{\"@type\":\"WebSite\",\"@id\":\"https:\/\/storagecompat.com\/br\/#website\",\"url\":\"https:\/\/storagecompat.com\/br\/\",\"name\":\"Storage Compat Brasil\",\"description\":\"Bienvenido!\",\"potentialAction\":[{\"@type\":\"SearchAction\",\"target\":{\"@type\":\"EntryPoint\",\"urlTemplate\":\"https:\/\/storagecompat.com\/br\/?s={search_term_string}\"},\"query-input\":\"required name=search_term_string\"}],\"inLanguage\":\"es-UY\"},{\"@type\":\"ImageObject\",\"inLanguage\":\"es-UY\",\"@id\":\"https:\/\/storagecompat.com\/br\/producto\/armario-metalico-para-fitosanitarios-faa16220102\/#primaryimage\",\"url\":\"https:\/\/storagecompat.com\/br\/wp-content\/uploads\/sites\/26\/2024\/05\/fitosanitario-grande.png\",\"contentUrl\":\"https:\/\/storagecompat.com\/br\/wp-content\/uploads\/sites\/26\/2024\/05\/fitosanitario-grande.png\",\"width\":1024,\"height\":1024},{\"@type\":\"WebPage\",\"@id\":\"https:\/\/storagecompat.com\/br\/producto\/armario-metalico-para-fitosanitarios-faa16220102\/#webpage\",\"url\":\"https:\/\/storagecompat.com\/br\/producto\/armario-metalico-para-fitosanitarios-faa16220102\/\",\"name\":\"Armario Met\u00e1lico Para Fitosanitarios FAA16220102 - Storage Compat Brasil\",\"isPartOf\":{\"@id\":\"https:\/\/storagecompat.com\/br\/#website\"},\"primaryImageOfPage\":{\"@id\":\"https:\/\/storagecompat.com\/br\/producto\/armario-metalico-para-fitosanitarios-faa16220102\/#primaryimage\"},\"datePublished\":\"2024-05-16T22:21:49+00:00\",\"dateModified\":\"2024-05-16T22:22:56+00:00\",\"breadcrumb\":{\"@id\":\"https:\/\/storagecompat.com\/br\/producto\/armario-metalico-para-fitosanitarios-faa16220102\/#breadcrumb\"},\"inLanguage\":\"es-UY\",\"potentialAction\":[{\"@type\":\"ReadAction\",\"target\":[\"https:\/\/storagecompat.com\/br\/producto\/armario-metalico-para-fitosanitarios-faa16220102\/\"]}]},{\"@type\":\"BreadcrumbList\",\"@id\":\"https:\/\/storagecompat.com\/br\/producto\/armario-metalico-para-fitosanitarios-faa16220102\/#breadcrumb\",\"itemListElement\":[{\"@type\":\"ListItem\",\"position\":1,\"name\":\"Portada\",\"item\":\"https:\/\/storagecompat.com\/br\/\"},{\"@type\":\"ListItem\",\"position\":2,\"name\":\"Productos\",\"item\":\"https:\/\/storagecompat.com\/br\/productos\/\"},{\"@type\":\"ListItem\",\"position\":3,\"name\":\"Armario Met\u00e1lico Para Fitosanitarios FAA16220102\"}]}]}<\/script>\n<!-- \/ Yoast SEO plugin. -->","yoast_head_json":{"title":"Armario Met\u00e1lico Para Fitosanitarios FAA16220102 - Storage Compat Brasil","robots":{"index":"index","follow":"follow","max-snippet":"max-snippet:-1","max-image-preview":"max-image-preview:large","max-video-preview":"max-video-preview:-1"},"canonical":"https:\/\/storagecompat.com\/br\/producto\/armario-metalico-para-fitosanitarios-faa16220102\/","og_locale":"es_ES","og_type":"article","og_title":"Armario Met\u00e1lico Para Fitosanitarios FAA16220102 - Storage Compat Brasil","og_description":"Armario met\u00e1lico de puertas batientes para el almacenaje de substancias fito-sanitarios y pesticidas. Las puertas batientes vienen con im\u00e1n para que permanezcan cerradas sin necesidad de asegurarlas con llaves. Construido con chapa de acero 7 \/ 10 mm, con todos los rebordes expuestos doblados. Est\u00e1 equipado con estantes perforados, su inserci\u00f3n y disposici\u00f3n en el interior de los armarios es f\u00e1cil de hacer y de usar, como en las paredes interiores del armario hay cuatro montantes verticales perforados con paso de 25 mm. En la base del armario un cubeto de recogida estanco hecho de chapa con capacidad para 47 litros. La cerradura es cil\u00edndrica con llave enumerada y posibilidad de llave maestra, llave doble en dotaci\u00f3n y cierre en tres puntos.","og_url":"https:\/\/storagecompat.com\/br\/producto\/armario-metalico-para-fitosanitarios-faa16220102\/","og_site_name":"Storage Compat Brasil","article_modified_time":"2024-05-16T22:22:56+00:00","author":"admin","twitter_card":"summary_large_image","twitter_misc":{"Est. reading time":"1 minuto"},"schema":{"@context":"https:\/\/schema.org","@graph":[{"@type":"WebSite","@id":"https:\/\/storagecompat.com\/br\/#website","url":"https:\/\/storagecompat.com\/br\/","name":"Storage Compat Brasil","description":"Bienvenido!","potentialAction":[{"@type":"SearchAction","target":{"@type":"EntryPoint","urlTemplate":"https:\/\/storagecompat.com\/br\/?s={search_term_string}"},"query-input":"required name=search_term_string"}],"inLanguage":"es-UY"},{"@type":"ImageObject","inLanguage":"es-UY","@id":"https:\/\/storagecompat.com\/br\/producto\/armario-metalico-para-fitosanitarios-faa16220102\/#primaryimage","url":"https:\/\/storagecompat.com\/br\/wp-content\/uploads\/sites\/26\/2024\/05\/fitosanitario-grande.png","contentUrl":"https:\/\/storagecompat.com\/br\/wp-content\/uploads\/sites\/26\/2024\/05\/fitosanitario-grande.png","width":1024,"height":1024},{"@type":"WebPage","@id":"https:\/\/storagecompat.com\/br\/producto\/armario-metalico-para-fitosanitarios-faa16220102\/#webpage","url":"https:\/\/storagecompat.com\/br\/producto\/armario-metalico-para-fitosanitarios-faa16220102\/","name":"Armario Met\u00e1lico Para Fitosanitarios FAA16220102 - Storage Compat Brasil","isPartOf":{"@id":"https:\/\/storagecompat.com\/br\/#website"},"primaryImageOfPage":{"@id":"https:\/\/storagecompat.com\/br\/producto\/armario-metalico-para-fitosanitarios-faa16220102\/#primaryimage"},"datePublished":"2024-05-16T22:21:49+00:00","dateModified":"2024-05-16T22:22:56+00:00","breadcrumb":{"@id":"https:\/\/storagecompat.com\/br\/producto\/armario-metalico-para-fitosanitarios-faa16220102\/#breadcrumb"},"inLanguage":"es-UY","potentialAction":[{"@type":"ReadAction","target":["https:\/\/storagecompat.com\/br\/producto\/armario-metalico-para-fitosanitarios-faa16220102\/"]}]},{"@type":"BreadcrumbList","@id":"https:\/\/storagecompat.com\/br\/producto\/armario-metalico-para-fitosanitarios-faa16220102\/#breadcrumb","itemListElement":[{"@type":"ListItem","position":1,"name":"Portada","item":"https:\/\/storagecompat.com\/br\/"},{"@type":"ListItem","position":2,"name":"Productos","item":"https:\/\/storagecompat.com\/br\/productos\/"},{"@type":"ListItem","position":3,"name":"Armario Met\u00e1lico Para Fitosanitarios FAA16220102"}]}]}},"_links":{"self":[{"href":"https:\/\/storagecompat.com\/br\/wp-json\/wp\/v2\/product\/6711"}],"collection":[{"href":"https:\/\/storagecompat.com\/br\/wp-json\/wp\/v2\/product"}],"about":[{"href":"https:\/\/storagecompat.com\/br\/wp-json\/wp\/v2\/types\/product"}],"replies":[{"embeddable":true,"href":"https:\/\/storagecompat.com\/br\/wp-json\/wp\/v2\/comments?post=6711"}],"wp:featuredmedia":[{"embeddable":true,"href":"https:\/\/storagecompat.com\/br\/wp-json\/wp\/v2\/media\/6758"}],"wp:attachment":[{"href":"https:\/\/storagecompat.com\/br\/wp-json\/wp\/v2\/media?parent=6711"}],"wp:term":[{"taxonomy":"product_cat","embeddable":true,"href":"https:\/\/storagecompat.com\/br\/wp-json\/wp\/v2\/product_cat?post=6711"},{"taxonomy":"product_tag","embeddable":true,"href":"https:\/\/storagecompat.com\/br\/wp-json\/wp\/v2\/product_tag?post=6711"}],"curies":[{"name":"wp","href":"https:\/\/api.w.org\/{rel}","templated":true}]}}