{"id":6683,"date":"2024-05-16T19:21:04","date_gmt":"2024-05-16T22:21:04","guid":{"rendered":"https:\/\/storagecompat.com\/br\/?post_type=product&#038;p=6683"},"modified":"2024-05-16T19:22:25","modified_gmt":"2024-05-16T22:22:25","slug":"estanteria-con-gavetas-fed3044","status":"publish","type":"product","link":"https:\/\/storagecompat.com\/br\/producto\/estanteria-con-gavetas-fed3044\/","title":{"rendered":"Estanteria con gavetas FED3044"},"content":{"rendered":"<table style=\"border-collapse: collapse;width: 100%;border-color: #000000;border-style: solid\" border=\"1\">\n<tbody>\n<tr style=\"background-color: #e6e6e6\">\n<td style=\"width: 48.0458%;text-align: center\"><span style=\"color: #000000\"><strong>C\u00f3digo<\/strong><\/span><\/td>\n<td style=\"width: 48.0458%;text-align: center\"><span style=\"color: #000000\"><strong>Dimensiones en cm<\/strong><\/span><\/td>\n<\/tr>\n<tr>\n<td style=\"width: 48.0458%;text-align: center\"><strong>FED 3044 06<\/strong><\/td>\n<td style=\"width: 48.0458%;text-align: center\"><strong>102.5 x 31 x 88.5 h\u00a0 cm<\/strong><\/td>\n<\/tr>\n<\/tbody>\n<\/table>\n<p>&nbsp;<\/p>\n<table style=\"border-collapse: collapse;width: 100.034%;border-color: #000000;border-style: solid\" border=\"1\">\n<tbody>\n<tr style=\"background-color: #e6e6e6\">\n<td style=\"width: 49.9479%;text-align: center\"><span style=\"color: #000000\"><strong>Caracter\u00edsticas T\u00e9cnicas<\/strong><\/span><\/td>\n<td style=\"width: 49.9479%;text-align: center\"><span style=\"color: #000000\"><strong>Info. \/ Cant.<\/strong><\/span><\/td>\n<\/tr>\n<tr>\n<td style=\"width: 49.9479%;text-align: center\">Estanteria Modular FED3044<\/td>\n<td style=\"width: 49.9479%;text-align: center\">1<\/td>\n<\/tr>\n<tr>\n<td style=\"width: 49.9479%;text-align: center\">Apilabilidad m\u00e1xima de m\u00f3dulos.<\/td>\n<td style=\"width: 49.9479%;text-align: center\">3<\/td>\n<\/tr>\n<tr>\n<td style=\"width: 49.9479%;text-align: center\">Contenedores pl\u00e1sticos Serie Zeus 3PLZ (Dim. 350\/300x200x200 h.mm. cap. 12.5 litros)<\/td>\n<td style=\"width: 49.9479%;text-align: center\">16<\/td>\n<\/tr>\n<tr>\n<td style=\"width: 49.9479%;text-align: center\">Materia Prima del Bastidor.<\/td>\n<td style=\"width: 49.9479%;text-align: center\">Chapa Met\u00e1lica<\/td>\n<\/tr>\n<tr>\n<td style=\"width: 49.9479%;text-align: center\">Capacidad de carga maxima de cada contenedor.<\/td>\n<td style=\"width: 49.9479%;text-align: center\">40 Kg.<\/td>\n<\/tr>\n<tr>\n<td style=\"width: 49.9479%;text-align: center\">Capacidad de carga m\u00e1xima de cada bastidor.<\/td>\n<td style=\"width: 49.9479%;text-align: center\">640 Kg.<\/td>\n<\/tr>\n<tr>\n<td style=\"width: 49.9479%;text-align: center\">Bastidores superpuestos<\/td>\n<td style=\"width: 49.9479%;text-align: center\">2 (Max. 3)<\/td>\n<\/tr>\n<tr>\n<td style=\"text-align: center;width: 99.8957%\" colspan=\"2\">Pintura a polvo electroest\u00e1tica en horno de 180\u00b0C, seguida de las siguientes fases: Fosfatizaci\u00f3n, enjuagado, secado, aplicaci\u00f3n del polvo electrost\u00e1tico, polimerizaci\u00f3n dentro de horno, espesor de pintura 35 a 80 micrones, tolerancia: \u03b4E 1,0 medido con espectrofot\u00f3metro a esfera 8\u00b0, formula CIE LAB, Oss.: 10\u00b0<\/td>\n<\/tr>\n<\/tbody>\n<\/table>\n<p>&nbsp;<\/p>\n","protected":false},"excerpt":{"rendered":"<p>M\u00f3dulos de estanter\u00edas Domino con estructura y gu\u00edas met\u00e1licas configurables con cajas pl\u00e1sticas. Fabricadas con chapa de acero perfilada y pintada en color gris RAL7000. Gran resistencia incluso a plena carga. La superposici\u00f3n de las estanter\u00edas y su modularidad permiten una estabilidad de apilado excelente permitiendo la creaci\u00f3n de almacenes de altura o mostradores bajos que se pueden modificar tanto a lo largo como a lo alto en cualquier momento seg\u00fan sus necesidades. Este sistema permite organizar su almac\u00e9n con soluciones personalizadas. El apilado entre ellas a un m\u00e1ximo de 3 m\u00f3dulos de altura. Las cajas pueden ir con etiquetas para asegurar una clasificaci\u00f3n r\u00e1pida y eficaz.<\/p>\n","protected":false},"featured_media":6736,"comment_status":"open","ping_status":"closed","template":"","meta":{"_joinchat":[]},"product_cat":[117,141],"product_tag":[],"acf":[],"yoast_head":"<!-- This site is optimized with the Yoast SEO plugin v19.2 - https:\/\/yoast.com\/wordpress\/plugins\/seo\/ -->\n<title>Estanteria con gavetas FED3044 - Storage Compat Brasil<\/title>\n<meta name=\"robots\" content=\"index, follow, max-snippet:-1, max-image-preview:large, max-video-preview:-1\" \/>\n<link rel=\"canonical\" href=\"https:\/\/storagecompat.com\/br\/producto\/estanteria-con-gavetas-fed3044\/\" \/>\n<meta property=\"og:locale\" content=\"es_ES\" \/>\n<meta property=\"og:type\" content=\"article\" \/>\n<meta property=\"og:title\" content=\"Estanteria con gavetas FED3044 - Storage Compat Brasil\" \/>\n<meta property=\"og:description\" content=\"M\u00f3dulos de estanter\u00edas Domino con estructura y gu\u00edas met\u00e1licas configurables con cajas pl\u00e1sticas. Fabricadas con chapa de acero perfilada y pintada en color gris RAL7000. Gran resistencia incluso a plena carga. La superposici\u00f3n de las estanter\u00edas y su modularidad permiten una estabilidad de apilado excelente permitiendo la creaci\u00f3n de almacenes de altura o mostradores bajos que se pueden modificar tanto a lo largo como a lo alto en cualquier momento seg\u00fan sus necesidades. Este sistema permite organizar su almac\u00e9n con soluciones personalizadas. El apilado entre ellas a un m\u00e1ximo de 3 m\u00f3dulos de altura. Las cajas pueden ir con etiquetas para asegurar una clasificaci\u00f3n r\u00e1pida y eficaz.\" \/>\n<meta property=\"og:url\" content=\"https:\/\/storagecompat.com\/br\/producto\/estanteria-con-gavetas-fed3044\/\" \/>\n<meta property=\"og:site_name\" content=\"Storage Compat Brasil\" \/>\n<meta property=\"article:modified_time\" content=\"2024-05-16T22:22:25+00:00\" \/>\n<meta name=\"author\" content=\"admin\" \/>\n<meta name=\"twitter:card\" content=\"summary_large_image\" \/>\n<meta name=\"twitter:label1\" content=\"Est. reading time\" \/>\n\t<meta name=\"twitter:data1\" content=\"1 minuto\" \/>\n<script type=\"application\/ld+json\" class=\"yoast-schema-graph\">{\"@context\":\"https:\/\/schema.org\",\"@graph\":[{\"@type\":\"WebSite\",\"@id\":\"https:\/\/storagecompat.com\/br\/#website\",\"url\":\"https:\/\/storagecompat.com\/br\/\",\"name\":\"Storage Compat Brasil\",\"description\":\"Bienvenido!\",\"potentialAction\":[{\"@type\":\"SearchAction\",\"target\":{\"@type\":\"EntryPoint\",\"urlTemplate\":\"https:\/\/storagecompat.com\/br\/?s={search_term_string}\"},\"query-input\":\"required name=search_term_string\"}],\"inLanguage\":\"es-UY\"},{\"@type\":\"ImageObject\",\"inLanguage\":\"es-UY\",\"@id\":\"https:\/\/storagecompat.com\/br\/producto\/estanteria-con-gavetas-fed3044\/#primaryimage\",\"url\":\"https:\/\/storagecompat.com\/br\/wp-content\/uploads\/sites\/26\/2024\/05\/FED30440601.png\",\"contentUrl\":\"https:\/\/storagecompat.com\/br\/wp-content\/uploads\/sites\/26\/2024\/05\/FED30440601.png\",\"width\":1024,\"height\":1024},{\"@type\":\"WebPage\",\"@id\":\"https:\/\/storagecompat.com\/br\/producto\/estanteria-con-gavetas-fed3044\/#webpage\",\"url\":\"https:\/\/storagecompat.com\/br\/producto\/estanteria-con-gavetas-fed3044\/\",\"name\":\"Estanteria con gavetas FED3044 - Storage Compat Brasil\",\"isPartOf\":{\"@id\":\"https:\/\/storagecompat.com\/br\/#website\"},\"primaryImageOfPage\":{\"@id\":\"https:\/\/storagecompat.com\/br\/producto\/estanteria-con-gavetas-fed3044\/#primaryimage\"},\"datePublished\":\"2024-05-16T22:21:04+00:00\",\"dateModified\":\"2024-05-16T22:22:25+00:00\",\"breadcrumb\":{\"@id\":\"https:\/\/storagecompat.com\/br\/producto\/estanteria-con-gavetas-fed3044\/#breadcrumb\"},\"inLanguage\":\"es-UY\",\"potentialAction\":[{\"@type\":\"ReadAction\",\"target\":[\"https:\/\/storagecompat.com\/br\/producto\/estanteria-con-gavetas-fed3044\/\"]}]},{\"@type\":\"BreadcrumbList\",\"@id\":\"https:\/\/storagecompat.com\/br\/producto\/estanteria-con-gavetas-fed3044\/#breadcrumb\",\"itemListElement\":[{\"@type\":\"ListItem\",\"position\":1,\"name\":\"Portada\",\"item\":\"https:\/\/storagecompat.com\/br\/\"},{\"@type\":\"ListItem\",\"position\":2,\"name\":\"Productos\",\"item\":\"https:\/\/storagecompat.com\/br\/productos\/\"},{\"@type\":\"ListItem\",\"position\":3,\"name\":\"Estanteria con gavetas FED3044\"}]}]}<\/script>\n<!-- \/ Yoast SEO plugin. -->","yoast_head_json":{"title":"Estanteria con gavetas FED3044 - Storage Compat Brasil","robots":{"index":"index","follow":"follow","max-snippet":"max-snippet:-1","max-image-preview":"max-image-preview:large","max-video-preview":"max-video-preview:-1"},"canonical":"https:\/\/storagecompat.com\/br\/producto\/estanteria-con-gavetas-fed3044\/","og_locale":"es_ES","og_type":"article","og_title":"Estanteria con gavetas FED3044 - Storage Compat Brasil","og_description":"M\u00f3dulos de estanter\u00edas Domino con estructura y gu\u00edas met\u00e1licas configurables con cajas pl\u00e1sticas. Fabricadas con chapa de acero perfilada y pintada en color gris RAL7000. Gran resistencia incluso a plena carga. La superposici\u00f3n de las estanter\u00edas y su modularidad permiten una estabilidad de apilado excelente permitiendo la creaci\u00f3n de almacenes de altura o mostradores bajos que se pueden modificar tanto a lo largo como a lo alto en cualquier momento seg\u00fan sus necesidades. Este sistema permite organizar su almac\u00e9n con soluciones personalizadas. El apilado entre ellas a un m\u00e1ximo de 3 m\u00f3dulos de altura. Las cajas pueden ir con etiquetas para asegurar una clasificaci\u00f3n r\u00e1pida y eficaz.","og_url":"https:\/\/storagecompat.com\/br\/producto\/estanteria-con-gavetas-fed3044\/","og_site_name":"Storage Compat Brasil","article_modified_time":"2024-05-16T22:22:25+00:00","author":"admin","twitter_card":"summary_large_image","twitter_misc":{"Est. reading time":"1 minuto"},"schema":{"@context":"https:\/\/schema.org","@graph":[{"@type":"WebSite","@id":"https:\/\/storagecompat.com\/br\/#website","url":"https:\/\/storagecompat.com\/br\/","name":"Storage Compat Brasil","description":"Bienvenido!","potentialAction":[{"@type":"SearchAction","target":{"@type":"EntryPoint","urlTemplate":"https:\/\/storagecompat.com\/br\/?s={search_term_string}"},"query-input":"required name=search_term_string"}],"inLanguage":"es-UY"},{"@type":"ImageObject","inLanguage":"es-UY","@id":"https:\/\/storagecompat.com\/br\/producto\/estanteria-con-gavetas-fed3044\/#primaryimage","url":"https:\/\/storagecompat.com\/br\/wp-content\/uploads\/sites\/26\/2024\/05\/FED30440601.png","contentUrl":"https:\/\/storagecompat.com\/br\/wp-content\/uploads\/sites\/26\/2024\/05\/FED30440601.png","width":1024,"height":1024},{"@type":"WebPage","@id":"https:\/\/storagecompat.com\/br\/producto\/estanteria-con-gavetas-fed3044\/#webpage","url":"https:\/\/storagecompat.com\/br\/producto\/estanteria-con-gavetas-fed3044\/","name":"Estanteria con gavetas FED3044 - Storage Compat Brasil","isPartOf":{"@id":"https:\/\/storagecompat.com\/br\/#website"},"primaryImageOfPage":{"@id":"https:\/\/storagecompat.com\/br\/producto\/estanteria-con-gavetas-fed3044\/#primaryimage"},"datePublished":"2024-05-16T22:21:04+00:00","dateModified":"2024-05-16T22:22:25+00:00","breadcrumb":{"@id":"https:\/\/storagecompat.com\/br\/producto\/estanteria-con-gavetas-fed3044\/#breadcrumb"},"inLanguage":"es-UY","potentialAction":[{"@type":"ReadAction","target":["https:\/\/storagecompat.com\/br\/producto\/estanteria-con-gavetas-fed3044\/"]}]},{"@type":"BreadcrumbList","@id":"https:\/\/storagecompat.com\/br\/producto\/estanteria-con-gavetas-fed3044\/#breadcrumb","itemListElement":[{"@type":"ListItem","position":1,"name":"Portada","item":"https:\/\/storagecompat.com\/br\/"},{"@type":"ListItem","position":2,"name":"Productos","item":"https:\/\/storagecompat.com\/br\/productos\/"},{"@type":"ListItem","position":3,"name":"Estanteria con gavetas FED3044"}]}]}},"_links":{"self":[{"href":"https:\/\/storagecompat.com\/br\/wp-json\/wp\/v2\/product\/6683"}],"collection":[{"href":"https:\/\/storagecompat.com\/br\/wp-json\/wp\/v2\/product"}],"about":[{"href":"https:\/\/storagecompat.com\/br\/wp-json\/wp\/v2\/types\/product"}],"replies":[{"embeddable":true,"href":"https:\/\/storagecompat.com\/br\/wp-json\/wp\/v2\/comments?post=6683"}],"wp:featuredmedia":[{"embeddable":true,"href":"https:\/\/storagecompat.com\/br\/wp-json\/wp\/v2\/media\/6736"}],"wp:attachment":[{"href":"https:\/\/storagecompat.com\/br\/wp-json\/wp\/v2\/media?parent=6683"}],"wp:term":[{"taxonomy":"product_cat","embeddable":true,"href":"https:\/\/storagecompat.com\/br\/wp-json\/wp\/v2\/product_cat?post=6683"},{"taxonomy":"product_tag","embeddable":true,"href":"https:\/\/storagecompat.com\/br\/wp-json\/wp\/v2\/product_tag?post=6683"}],"curies":[{"name":"wp","href":"https:\/\/api.w.org\/{rel}","templated":true}]}}