{"id":6611,"date":"2024-05-16T19:19:33","date_gmt":"2024-05-16T22:19:33","guid":{"rendered":"https:\/\/storagecompat.com\/br\/?post_type=product&#038;p=6611"},"modified":"2024-05-16T19:20:47","modified_gmt":"2024-05-16T22:20:47","slug":"contenedores-plasticos-serie-r-klt-4329","status":"publish","type":"product","link":"https:\/\/storagecompat.com\/br\/producto\/contenedores-plasticos-serie-r-klt-4329\/","title":{"rendered":"Contenedores pl\u00e1sticos Serie R-KLT 4329"},"content":{"rendered":"<table style=\"border-collapse: collapse;width: 100%;border-color: #000000;border-style: solid\" border=\"1\">\n<tbody>\n<tr style=\"background-color: #e6e6e6\">\n<td style=\"width: 48.0458%;text-align: center\"><strong>C\u00f3digo<\/strong><\/td>\n<td style=\"width: 48.0458%;text-align: center\"><strong>Dimensiones en cm<\/strong><\/td>\n<\/tr>\n<tr>\n<td style=\"width: 48.0458%;text-align: center\"><strong>R-KLT 4329<\/strong><\/td>\n<td style=\"width: 48.0458%;text-align: center\"><strong>40x30x28 cm<\/strong><\/td>\n<\/tr>\n<\/tbody>\n<\/table>\n<p>&nbsp;<\/p>\n<table style=\"border-collapse: collapse;width: 100.034%;border-color: #000000;border-style: hidden\" border=\"1\">\n<tbody>\n<tr style=\"background-color: #e6e6e6\">\n<td style=\"width: 49.9479%;text-align: center\"><span style=\"color: #000000\"><strong>Caracter\u00edsticas T\u00e9cnicas<\/strong><\/span><\/td>\n<td style=\"width: 49.9479%;text-align: center\"><span style=\"color: #000000\"><strong>Info. \/ Cant.<\/strong><\/span><\/td>\n<\/tr>\n<tr>\n<td style=\"width: 49.9479%;text-align: center\"><span style=\"color: #34495e\">Color de serie<\/span><\/td>\n<td style=\"width: 49.9479%;text-align: center\"><span style=\"color: #34495e\">Negro<\/span><\/td>\n<\/tr>\n<tr>\n<td style=\"width: 49.9479%;text-align: center\"><span style=\"color: #34495e\">Dimensiones externas en cm.<\/span><\/td>\n<td style=\"width: 49.9479%;text-align: center\"><span style=\"color: #34495e\">40 x 30 x 28 h<\/span><\/td>\n<\/tr>\n<tr>\n<td style=\"width: 49.9479%;text-align: center\"><span style=\"color: #34495e\">Dim. externas plegado mm.<\/span><\/td>\n<td style=\"width: 49.9479%;text-align: center\"><span style=\"color: #34495e\">34.6 x 26 x 26.2 h cm.<\/span><\/td>\n<\/tr>\n<tr>\n<td style=\"width: 49.9479%;text-align: center\"><span style=\"color: #34495e\">Capacidad en litros.<\/span><\/td>\n<td style=\"width: 49.9479%;text-align: center\"><span style=\"color: #34495e\">24.1<\/span><\/td>\n<\/tr>\n<tr>\n<td style=\"width: 49.9479%;text-align: center\"><span style=\"color: #34495e\">Cap. de carga dinamica<\/span><\/td>\n<td style=\"width: 49.9479%;text-align: center\"><span style=\"color: #34495e\">20 kgs<\/span><\/td>\n<\/tr>\n<tr>\n<td style=\"width: 49.9479%;text-align: center\"><span style=\"color: #34495e\">Cap. de carga en apilado<\/span><\/td>\n<td style=\"width: 49.9479%;text-align: center\"><span style=\"color: #34495e\">300 Kg<\/span><\/td>\n<\/tr>\n<tr>\n<td style=\"width: 49.9479%;text-align: center\"><span style=\"color: #34495e\">Peso gr.<\/span><\/td>\n<td style=\"width: 49.9479%;text-align: center\"><span style=\"color: #34495e\">1700<\/span><\/td>\n<\/tr>\n<tr>\n<td style=\"width: 49.9479%;text-align: center\"><span style=\"color: #34495e\">Fondo interno<\/span><\/td>\n<td style=\"width: 49.9479%;text-align: center\"><span style=\"color: #34495e\">Liso<\/span><\/td>\n<\/tr>\n<tr>\n<td style=\"width: 49.9479%;text-align: center\"><span style=\"color: #34495e\">Fondo Externo<\/span><\/td>\n<td style=\"width: 49.9479%;text-align: center\"><span style=\"color: #34495e\">Reforzado<\/span><\/td>\n<\/tr>\n<tr>\n<td style=\"width: 49.9479%;text-align: center\"><span style=\"color: #34495e\">Pared ext. larga\/corta<\/span><\/td>\n<td style=\"width: 49.9479%;text-align: center\"><span style=\"color: #34495e\">Reforzada<\/span><\/td>\n<\/tr>\n<tr>\n<td style=\"width: 49.9479%;text-align: center\"><span style=\"color: #34495e\">Pared int. larga\/corta<\/span><\/td>\n<td style=\"width: 49.9479%;text-align: center\"><span style=\"color: #34495e\">Lisa<\/span><\/td>\n<\/tr>\n<tr>\n<td style=\"width: 49.9479%;text-align: center\"><span style=\"color: #34495e\">Manija<\/span><\/td>\n<td style=\"width: 49.9479%;text-align: center\"><span style=\"color: #34495e\">Cerrada<\/span><\/td>\n<\/tr>\n<tr>\n<td style=\"width: 49.9479%;text-align: center\"><span style=\"color: #34495e\">Amplitud t\u00e9rmica.<\/span><\/td>\n<td style=\"width: 49.9479%;text-align: center\"><span style=\"color: #34495e\">+60 -20 \u00b0C<\/span><\/td>\n<\/tr>\n<tr>\n<td style=\"width: 49.9479%;text-align: center\"><span style=\"color: #34495e\">Materia prima<\/span><\/td>\n<td style=\"width: 49.9479%;text-align: center\"><span style=\"color: #34495e\">Polipropileno Copol\u00edmero ?<\/span><\/td>\n<\/tr>\n<\/tbody>\n<\/table>\n<pre><\/pre>\n","protected":false},"excerpt":{"rendered":"<p>Los contenedores pl\u00e1sticos serie KLT son extra fuertes con paredes reforzadas y fondo cerrado con patas peque\u00f1as. Estas cajas tienen una estructura robusta que hace que estos contenedores sean m\u00e1s fuertes que otros contenedores. Debido a las paredes extra fuertes, este contenedor es muy adecuado para la industria m\u00e1s pesada El contenedor es apilable y tambi\u00e9n tiene un fondo liso. Esta caja est\u00e1 provisto de un portaetiquetas en un lado corto. La forma m\u00e1s eficiente de transporte y almacenamiento. Todos los contenedores est\u00e1n dise\u00f1ados para ser apilables en pallets de 1200 x 1000 mm. y 1200 x 800 mm.<\/p>\n<p>La base de las nervaduras y los pies de apilamiento garantizan la estabilidad del contenedor y evitan que el mismo se vuelque en el traslado. M\u00e1s all\u00e1 de eso, ofrecen condiciones favorables para la limpieza y el fuego, y son Resistentes debido a su construcci\u00f3n de doble pared.<\/p>\n<p>El R -, RL-. La serie KLT est\u00e1 disponible opcionalmente con orificios de drenaje de agua en la base. Deben ser utilizados conforme a la norma VDA 4500 en la industria del autom\u00f3vil, para el transporte de componentes entre fabricantes de autom\u00f3viles y proveedores.<\/p>\n<p>Los contenedores KLT son especialmente adecuados para:<\/p>\n<p>I. Recogida autom\u00e1tica de piezas del contenedor y colocaci\u00f3n de pilas vac\u00edas.<br \/>\nII. Manejo horizontal y vertical mediante ranuras y ranuras KLT,<br \/>\nIII. Tecnolog\u00eda de agarre facilitada por 2 ranuras en los lados longitudinales,<br \/>\nIV. Uso en sistemas de mini carga, gracias a las ranuras de agarre en la parte frontal y en los laterales.<\/p>\n","protected":false},"featured_media":6666,"comment_status":"open","ping_status":"closed","template":"","meta":{"_joinchat":[]},"product_cat":[109,150],"product_tag":[],"acf":[],"yoast_head":"<!-- This site is optimized with the Yoast SEO plugin v19.2 - https:\/\/yoast.com\/wordpress\/plugins\/seo\/ -->\n<title>Contenedores pl\u00e1sticos Serie R-KLT 4329 - Storage Compat Brasil<\/title>\n<meta name=\"robots\" content=\"index, follow, max-snippet:-1, max-image-preview:large, max-video-preview:-1\" \/>\n<link rel=\"canonical\" href=\"https:\/\/storagecompat.com\/br\/producto\/contenedores-plasticos-serie-r-klt-4329\/\" \/>\n<meta property=\"og:locale\" content=\"es_ES\" \/>\n<meta property=\"og:type\" content=\"article\" \/>\n<meta property=\"og:title\" content=\"Contenedores pl\u00e1sticos Serie R-KLT 4329 - Storage Compat Brasil\" \/>\n<meta property=\"og:description\" content=\"Los contenedores pl\u00e1sticos serie KLT son extra fuertes con paredes reforzadas y fondo cerrado con patas peque\u00f1as. Estas cajas tienen una estructura robusta que hace que estos contenedores sean m\u00e1s fuertes que otros contenedores. Debido a las paredes extra fuertes, este contenedor es muy adecuado para la industria m\u00e1s pesada El contenedor es apilable y tambi\u00e9n tiene un fondo liso. Esta caja est\u00e1 provisto de un portaetiquetas en un lado corto. La forma m\u00e1s eficiente de transporte y almacenamiento. Todos los contenedores est\u00e1n dise\u00f1ados para ser apilables en pallets de 1200 x 1000 mm. y 1200 x 800 mm.  La base de las nervaduras y los pies de apilamiento garantizan la estabilidad del contenedor y evitan que el mismo se vuelque en el traslado. M\u00e1s all\u00e1 de eso, ofrecen condiciones favorables para la limpieza y el fuego, y son Resistentes debido a su construcci\u00f3n de doble pared.  El R -, RL-. La serie KLT est\u00e1 disponible opcionalmente con orificios de drenaje de agua en la base. Deben ser utilizados conforme a la norma VDA 4500 en la industria del autom\u00f3vil, para el transporte de componentes entre fabricantes de autom\u00f3viles y proveedores.  Los contenedores KLT son especialmente adecuados para:  I. Recogida autom\u00e1tica de piezas del contenedor y colocaci\u00f3n de pilas vac\u00edas. II. Manejo horizontal y vertical mediante ranuras y ranuras KLT, III. Tecnolog\u00eda de agarre facilitada por 2 ranuras en los lados longitudinales, IV. Uso en sistemas de mini carga, gracias a las ranuras de agarre en la parte frontal y en los laterales.\" \/>\n<meta property=\"og:url\" content=\"https:\/\/storagecompat.com\/br\/producto\/contenedores-plasticos-serie-r-klt-4329\/\" \/>\n<meta property=\"og:site_name\" content=\"Storage Compat Brasil\" \/>\n<meta property=\"article:modified_time\" content=\"2024-05-16T22:20:47+00:00\" \/>\n<meta name=\"author\" content=\"admin\" \/>\n<meta name=\"twitter:card\" content=\"summary_large_image\" \/>\n<meta name=\"twitter:label1\" content=\"Est. reading time\" \/>\n\t<meta name=\"twitter:data1\" content=\"1 minuto\" \/>\n<script type=\"application\/ld+json\" class=\"yoast-schema-graph\">{\"@context\":\"https:\/\/schema.org\",\"@graph\":[{\"@type\":\"WebSite\",\"@id\":\"https:\/\/storagecompat.com\/br\/#website\",\"url\":\"https:\/\/storagecompat.com\/br\/\",\"name\":\"Storage Compat Brasil\",\"description\":\"Bienvenido!\",\"potentialAction\":[{\"@type\":\"SearchAction\",\"target\":{\"@type\":\"EntryPoint\",\"urlTemplate\":\"https:\/\/storagecompat.com\/br\/?s={search_term_string}\"},\"query-input\":\"required name=search_term_string\"}],\"inLanguage\":\"es-UY\"},{\"@type\":\"ImageObject\",\"inLanguage\":\"es-UY\",\"@id\":\"https:\/\/storagecompat.com\/br\/producto\/contenedores-plasticos-serie-r-klt-4329\/#primaryimage\",\"url\":\"https:\/\/storagecompat.com\/br\/wp-content\/uploads\/sites\/26\/2024\/05\/liso-2.jpg\",\"contentUrl\":\"https:\/\/storagecompat.com\/br\/wp-content\/uploads\/sites\/26\/2024\/05\/liso-2.jpg\",\"width\":1024,\"height\":1024},{\"@type\":\"WebPage\",\"@id\":\"https:\/\/storagecompat.com\/br\/producto\/contenedores-plasticos-serie-r-klt-4329\/#webpage\",\"url\":\"https:\/\/storagecompat.com\/br\/producto\/contenedores-plasticos-serie-r-klt-4329\/\",\"name\":\"Contenedores pl\u00e1sticos Serie R-KLT 4329 - Storage Compat Brasil\",\"isPartOf\":{\"@id\":\"https:\/\/storagecompat.com\/br\/#website\"},\"primaryImageOfPage\":{\"@id\":\"https:\/\/storagecompat.com\/br\/producto\/contenedores-plasticos-serie-r-klt-4329\/#primaryimage\"},\"datePublished\":\"2024-05-16T22:19:33+00:00\",\"dateModified\":\"2024-05-16T22:20:47+00:00\",\"breadcrumb\":{\"@id\":\"https:\/\/storagecompat.com\/br\/producto\/contenedores-plasticos-serie-r-klt-4329\/#breadcrumb\"},\"inLanguage\":\"es-UY\",\"potentialAction\":[{\"@type\":\"ReadAction\",\"target\":[\"https:\/\/storagecompat.com\/br\/producto\/contenedores-plasticos-serie-r-klt-4329\/\"]}]},{\"@type\":\"BreadcrumbList\",\"@id\":\"https:\/\/storagecompat.com\/br\/producto\/contenedores-plasticos-serie-r-klt-4329\/#breadcrumb\",\"itemListElement\":[{\"@type\":\"ListItem\",\"position\":1,\"name\":\"Portada\",\"item\":\"https:\/\/storagecompat.com\/br\/\"},{\"@type\":\"ListItem\",\"position\":2,\"name\":\"Productos\",\"item\":\"https:\/\/storagecompat.com\/br\/productos\/\"},{\"@type\":\"ListItem\",\"position\":3,\"name\":\"Contenedores pl\u00e1sticos Serie R-KLT 4329\"}]}]}<\/script>\n<!-- \/ Yoast SEO plugin. -->","yoast_head_json":{"title":"Contenedores pl\u00e1sticos Serie R-KLT 4329 - Storage Compat Brasil","robots":{"index":"index","follow":"follow","max-snippet":"max-snippet:-1","max-image-preview":"max-image-preview:large","max-video-preview":"max-video-preview:-1"},"canonical":"https:\/\/storagecompat.com\/br\/producto\/contenedores-plasticos-serie-r-klt-4329\/","og_locale":"es_ES","og_type":"article","og_title":"Contenedores pl\u00e1sticos Serie R-KLT 4329 - Storage Compat Brasil","og_description":"Los contenedores pl\u00e1sticos serie KLT son extra fuertes con paredes reforzadas y fondo cerrado con patas peque\u00f1as. Estas cajas tienen una estructura robusta que hace que estos contenedores sean m\u00e1s fuertes que otros contenedores. Debido a las paredes extra fuertes, este contenedor es muy adecuado para la industria m\u00e1s pesada El contenedor es apilable y tambi\u00e9n tiene un fondo liso. Esta caja est\u00e1 provisto de un portaetiquetas en un lado corto. La forma m\u00e1s eficiente de transporte y almacenamiento. Todos los contenedores est\u00e1n dise\u00f1ados para ser apilables en pallets de 1200 x 1000 mm. y 1200 x 800 mm.  La base de las nervaduras y los pies de apilamiento garantizan la estabilidad del contenedor y evitan que el mismo se vuelque en el traslado. M\u00e1s all\u00e1 de eso, ofrecen condiciones favorables para la limpieza y el fuego, y son Resistentes debido a su construcci\u00f3n de doble pared.  El R -, RL-. La serie KLT est\u00e1 disponible opcionalmente con orificios de drenaje de agua en la base. Deben ser utilizados conforme a la norma VDA 4500 en la industria del autom\u00f3vil, para el transporte de componentes entre fabricantes de autom\u00f3viles y proveedores.  Los contenedores KLT son especialmente adecuados para:  I. Recogida autom\u00e1tica de piezas del contenedor y colocaci\u00f3n de pilas vac\u00edas. II. Manejo horizontal y vertical mediante ranuras y ranuras KLT, III. Tecnolog\u00eda de agarre facilitada por 2 ranuras en los lados longitudinales, IV. Uso en sistemas de mini carga, gracias a las ranuras de agarre en la parte frontal y en los laterales.","og_url":"https:\/\/storagecompat.com\/br\/producto\/contenedores-plasticos-serie-r-klt-4329\/","og_site_name":"Storage Compat Brasil","article_modified_time":"2024-05-16T22:20:47+00:00","author":"admin","twitter_card":"summary_large_image","twitter_misc":{"Est. reading time":"1 minuto"},"schema":{"@context":"https:\/\/schema.org","@graph":[{"@type":"WebSite","@id":"https:\/\/storagecompat.com\/br\/#website","url":"https:\/\/storagecompat.com\/br\/","name":"Storage Compat Brasil","description":"Bienvenido!","potentialAction":[{"@type":"SearchAction","target":{"@type":"EntryPoint","urlTemplate":"https:\/\/storagecompat.com\/br\/?s={search_term_string}"},"query-input":"required name=search_term_string"}],"inLanguage":"es-UY"},{"@type":"ImageObject","inLanguage":"es-UY","@id":"https:\/\/storagecompat.com\/br\/producto\/contenedores-plasticos-serie-r-klt-4329\/#primaryimage","url":"https:\/\/storagecompat.com\/br\/wp-content\/uploads\/sites\/26\/2024\/05\/liso-2.jpg","contentUrl":"https:\/\/storagecompat.com\/br\/wp-content\/uploads\/sites\/26\/2024\/05\/liso-2.jpg","width":1024,"height":1024},{"@type":"WebPage","@id":"https:\/\/storagecompat.com\/br\/producto\/contenedores-plasticos-serie-r-klt-4329\/#webpage","url":"https:\/\/storagecompat.com\/br\/producto\/contenedores-plasticos-serie-r-klt-4329\/","name":"Contenedores pl\u00e1sticos Serie R-KLT 4329 - Storage Compat Brasil","isPartOf":{"@id":"https:\/\/storagecompat.com\/br\/#website"},"primaryImageOfPage":{"@id":"https:\/\/storagecompat.com\/br\/producto\/contenedores-plasticos-serie-r-klt-4329\/#primaryimage"},"datePublished":"2024-05-16T22:19:33+00:00","dateModified":"2024-05-16T22:20:47+00:00","breadcrumb":{"@id":"https:\/\/storagecompat.com\/br\/producto\/contenedores-plasticos-serie-r-klt-4329\/#breadcrumb"},"inLanguage":"es-UY","potentialAction":[{"@type":"ReadAction","target":["https:\/\/storagecompat.com\/br\/producto\/contenedores-plasticos-serie-r-klt-4329\/"]}]},{"@type":"BreadcrumbList","@id":"https:\/\/storagecompat.com\/br\/producto\/contenedores-plasticos-serie-r-klt-4329\/#breadcrumb","itemListElement":[{"@type":"ListItem","position":1,"name":"Portada","item":"https:\/\/storagecompat.com\/br\/"},{"@type":"ListItem","position":2,"name":"Productos","item":"https:\/\/storagecompat.com\/br\/productos\/"},{"@type":"ListItem","position":3,"name":"Contenedores pl\u00e1sticos Serie R-KLT 4329"}]}]}},"_links":{"self":[{"href":"https:\/\/storagecompat.com\/br\/wp-json\/wp\/v2\/product\/6611"}],"collection":[{"href":"https:\/\/storagecompat.com\/br\/wp-json\/wp\/v2\/product"}],"about":[{"href":"https:\/\/storagecompat.com\/br\/wp-json\/wp\/v2\/types\/product"}],"replies":[{"embeddable":true,"href":"https:\/\/storagecompat.com\/br\/wp-json\/wp\/v2\/comments?post=6611"}],"wp:featuredmedia":[{"embeddable":true,"href":"https:\/\/storagecompat.com\/br\/wp-json\/wp\/v2\/media\/6666"}],"wp:attachment":[{"href":"https:\/\/storagecompat.com\/br\/wp-json\/wp\/v2\/media?parent=6611"}],"wp:term":[{"taxonomy":"product_cat","embeddable":true,"href":"https:\/\/storagecompat.com\/br\/wp-json\/wp\/v2\/product_cat?post=6611"},{"taxonomy":"product_tag","embeddable":true,"href":"https:\/\/storagecompat.com\/br\/wp-json\/wp\/v2\/product_tag?post=6611"}],"curies":[{"name":"wp","href":"https:\/\/api.w.org\/{rel}","templated":true}]}}