{"id":6614,"date":"2024-05-16T17:18:11","date_gmt":"2024-05-16T21:18:11","guid":{"rendered":"https:\/\/storagecompat.com\/bo\/?post_type=product&#038;p=6614"},"modified":"2024-05-16T17:19:15","modified_gmt":"2024-05-16T21:19:15","slug":"carro-modular-con-contenedores-flbb1025952","status":"publish","type":"product","link":"https:\/\/storagecompat.com\/bo\/producto\/carro-modular-con-contenedores-flbb1025952\/","title":{"rendered":"Carro Modular con Contenedores FLBB1025952"},"content":{"rendered":"<table style=\"border-collapse: collapse;width: 100%;border-color: #000000;border-style: solid\" border=\"1\">\n<tbody>\n<tr style=\"background-color: #e6e6e6\">\n<td style=\"width: 48.0458%;text-align: center\"><span style=\"color: #000000\"><strong>C\u00f3digo<\/strong><\/span><\/td>\n<td style=\"width: 48.0458%;text-align: center\"><span style=\"color: #000000\"><strong>Dimensiones en cm<\/strong><\/span><\/td>\n<\/tr>\n<tr>\n<td style=\"width: 48.0458%;text-align: center\"><strong>FLBB1025952\u00a0<\/strong><\/td>\n<td style=\"width: 48.0458%;text-align: center\"><strong>102.3 x 61.3 x 143 h<\/strong><\/td>\n<\/tr>\n<\/tbody>\n<\/table>\n<p>&nbsp;<\/p>\n<table style=\"border-collapse: collapse;width: 100%;border-color: #000000;border-style: solid;margin-left: auto;margin-right: auto\" border=\"1\" cellspacing=\"2\">\n<tbody>\n<tr style=\"background-color: #e6e6e6\">\n<td style=\"width: 49.9479%;text-align: center\"><span style=\"color: #000000\"><strong>Caracter\u00edsticas T\u00e9cnicas<\/strong><\/span><\/td>\n<td style=\"width: 49.9479%;text-align: center\"><span style=\"color: #000000\"><strong>Qty<\/strong><\/span><\/td>\n<\/tr>\n<tr>\n<td style=\"width: 49.9479%;text-align: center\">Carro met\u00e1lico.<\/td>\n<td style=\"width: 49.9479%;text-align: center\">1<\/td>\n<\/tr>\n<tr>\n<td style=\"width: 49.9479%;text-align: center\">Ruedas giratorias con freno \u00d8 125 mm. goma standard.<\/td>\n<td style=\"width: 49.9479%;text-align: center\">2<\/td>\n<\/tr>\n<tr>\n<td style=\"width: 49.9479%;text-align: center\">Ruedas fijas \u00d8 125 mm. goma standard.<\/td>\n<td style=\"width: 49.9479%;text-align: center\">2<\/td>\n<\/tr>\n<tr>\n<td style=\"width: 49.9479%;text-align: center\">M\u00e9nsula inclinable (Dim. 955&#215;220 h. mm.) Cap. de carga de 50 Kg.<\/td>\n<td style=\"width: 49.9479%;text-align: center\">6<\/td>\n<\/tr>\n<tr>\n<td style=\"width: 49.9479%;text-align: center\">Contenedor pl\u00e1stico Serie Athena 3215A (Dim. 300x200x150 h.mm. Cap. 6 Lts)<\/td>\n<td style=\"width: 49.9479%;text-align: center\">24<\/td>\n<\/tr>\n<tr>\n<td style=\"width: 49.9479%;text-align: center\">Panel perforado para armario persiana (Dim. 973&#215;304 h.mm. Cap. 25 Kg.)<\/td>\n<td style=\"width: 49.9479%;text-align: center\">4<\/td>\n<\/tr>\n<tr>\n<td style=\"width: 49.9479%;text-align: center\">Set de ganchos FULL para 66 herramientas.<\/td>\n<td style=\"width: 49.9479%;text-align: center\">1<\/td>\n<\/tr>\n<tr>\n<td style=\"width: 49.9479%;text-align: center\">Manija pl\u00e1stica.<\/td>\n<td style=\"width: 49.9479%;text-align: center\">1<\/td>\n<\/tr>\n<tr>\n<td style=\"width: 49.9479%;text-align: center\">Capacidad de carga total (150Kg. por lado)<\/td>\n<td style=\"width: 49.9479%;text-align: center\">300 Kg.<\/td>\n<\/tr>\n<tr>\n<td style=\"text-align: center;width: 99.8957%\" colspan=\"2\">Pintura a polvo electroest\u00e1tica en horno de 180\u00b0C, seguida de las siguientes fases: Fosfatizaci\u00f3n, enjuagado, secado, aplicaci\u00f3n del polvo electrost\u00e1tico, polimerizaci\u00f3n dentro de horno, espesor de pintura 35 a 80 micrones, tolerancia: \u03b4E 1,0 medido con espectrofot\u00f3metro a esfera 8\u00b0, formula CIE LAB, Oss.: 10\u00b0<\/td>\n<\/tr>\n<\/tbody>\n<\/table>\n<p>&nbsp;<\/p>\n","protected":false},"excerpt":{"rendered":"<p>Con sus m\u00faltiples combinaciones constituyen un peque\u00f1o almac\u00e9n m\u00f3vil. El aprovechamiento del espacio es \u00f3ptimo. Su estructura es de perfil de acero de alta resistencia. Los estantes est\u00e1n elaborados en chapa met\u00e1lica para cargas de 25kg (fijos) y 50kg (inclinables). Su estructura es desmontable para transporte y almacenamiento del carro consiguiendo m\u00faltiples configuraciones de estantes y cajas. Viene equipado con ruedas con recubrimiento de goma dura y sistema de giro con rodamientos. Estructura de acero galvanizado. Dispone de 2 ruedas fijas y 2 giratorias con freno de pie que bloquea a su vez el giro.<\/p>\n","protected":false},"featured_media":6662,"comment_status":"open","ping_status":"closed","template":"","meta":{"_joinchat":[]},"product_cat":[116],"product_tag":[],"acf":[],"yoast_head":"<!-- This site is optimized with the Yoast SEO plugin v19.2 - https:\/\/yoast.com\/wordpress\/plugins\/seo\/ -->\n<title>Carro Modular con Contenedores FLBB1025952 - Storage Compat Bolivia<\/title>\n<meta name=\"robots\" content=\"index, follow, max-snippet:-1, max-image-preview:large, max-video-preview:-1\" \/>\n<link rel=\"canonical\" href=\"https:\/\/storagecompat.com\/bo\/producto\/carro-modular-con-contenedores-flbb1025952\/\" \/>\n<meta property=\"og:locale\" content=\"es_ES\" \/>\n<meta property=\"og:type\" content=\"article\" \/>\n<meta property=\"og:title\" content=\"Carro Modular con Contenedores FLBB1025952 - Storage Compat Bolivia\" \/>\n<meta property=\"og:description\" content=\"Con sus m\u00faltiples combinaciones constituyen un peque\u00f1o almac\u00e9n m\u00f3vil. El aprovechamiento del espacio es \u00f3ptimo. Su estructura es de perfil de acero de alta resistencia. Los estantes est\u00e1n elaborados en chapa met\u00e1lica para cargas de 25kg (fijos) y 50kg (inclinables). Su estructura es desmontable para transporte y almacenamiento del carro consiguiendo m\u00faltiples configuraciones de estantes y cajas. Viene equipado con ruedas con recubrimiento de goma dura y sistema de giro con rodamientos. Estructura de acero galvanizado. Dispone de 2 ruedas fijas y 2 giratorias con freno de pie que bloquea a su vez el giro.\" \/>\n<meta property=\"og:url\" content=\"https:\/\/storagecompat.com\/bo\/producto\/carro-modular-con-contenedores-flbb1025952\/\" \/>\n<meta property=\"og:site_name\" content=\"Storage Compat Bolivia\" \/>\n<meta property=\"article:modified_time\" content=\"2024-05-16T21:19:15+00:00\" \/>\n<meta name=\"author\" content=\"admin\" \/>\n<meta name=\"twitter:card\" content=\"summary_large_image\" \/>\n<meta name=\"twitter:label1\" content=\"Tiempo de lectura\" \/>\n\t<meta name=\"twitter:data1\" content=\"1 minuto\" \/>\n<script type=\"application\/ld+json\" class=\"yoast-schema-graph\">{\"@context\":\"https:\/\/schema.org\",\"@graph\":[{\"@type\":\"WebSite\",\"@id\":\"https:\/\/storagecompat.com\/bo\/#website\",\"url\":\"https:\/\/storagecompat.com\/bo\/\",\"name\":\"Storage Compat Bolivia\",\"description\":\"Bienvenido!\",\"potentialAction\":[{\"@type\":\"SearchAction\",\"target\":{\"@type\":\"EntryPoint\",\"urlTemplate\":\"https:\/\/storagecompat.com\/bo\/?s={search_term_string}\"},\"query-input\":\"required name=search_term_string\"}],\"inLanguage\":\"es-AR\"},{\"@type\":\"ImageObject\",\"inLanguage\":\"es-AR\",\"@id\":\"https:\/\/storagecompat.com\/bo\/producto\/carro-modular-con-contenedores-flbb1025952\/#primaryimage\",\"url\":\"https:\/\/storagecompat.com\/bo\/wp-content\/uploads\/sites\/23\/2024\/05\/FLBB1025952-web.png\",\"contentUrl\":\"https:\/\/storagecompat.com\/bo\/wp-content\/uploads\/sites\/23\/2024\/05\/FLBB1025952-web.png\",\"width\":1080,\"height\":1080},{\"@type\":\"WebPage\",\"@id\":\"https:\/\/storagecompat.com\/bo\/producto\/carro-modular-con-contenedores-flbb1025952\/#webpage\",\"url\":\"https:\/\/storagecompat.com\/bo\/producto\/carro-modular-con-contenedores-flbb1025952\/\",\"name\":\"Carro Modular con Contenedores FLBB1025952 - Storage Compat Bolivia\",\"isPartOf\":{\"@id\":\"https:\/\/storagecompat.com\/bo\/#website\"},\"primaryImageOfPage\":{\"@id\":\"https:\/\/storagecompat.com\/bo\/producto\/carro-modular-con-contenedores-flbb1025952\/#primaryimage\"},\"datePublished\":\"2024-05-16T21:18:11+00:00\",\"dateModified\":\"2024-05-16T21:19:15+00:00\",\"breadcrumb\":{\"@id\":\"https:\/\/storagecompat.com\/bo\/producto\/carro-modular-con-contenedores-flbb1025952\/#breadcrumb\"},\"inLanguage\":\"es-AR\",\"potentialAction\":[{\"@type\":\"ReadAction\",\"target\":[\"https:\/\/storagecompat.com\/bo\/producto\/carro-modular-con-contenedores-flbb1025952\/\"]}]},{\"@type\":\"BreadcrumbList\",\"@id\":\"https:\/\/storagecompat.com\/bo\/producto\/carro-modular-con-contenedores-flbb1025952\/#breadcrumb\",\"itemListElement\":[{\"@type\":\"ListItem\",\"position\":1,\"name\":\"Portada\",\"item\":\"https:\/\/storagecompat.com\/bo\/\"},{\"@type\":\"ListItem\",\"position\":2,\"name\":\"Productos\",\"item\":\"https:\/\/storagecompat.com\/bo\/productos\/\"},{\"@type\":\"ListItem\",\"position\":3,\"name\":\"Carro Modular con Contenedores FLBB1025952\"}]}]}<\/script>\n<!-- \/ Yoast SEO plugin. -->","yoast_head_json":{"title":"Carro Modular con Contenedores FLBB1025952 - Storage Compat Bolivia","robots":{"index":"index","follow":"follow","max-snippet":"max-snippet:-1","max-image-preview":"max-image-preview:large","max-video-preview":"max-video-preview:-1"},"canonical":"https:\/\/storagecompat.com\/bo\/producto\/carro-modular-con-contenedores-flbb1025952\/","og_locale":"es_ES","og_type":"article","og_title":"Carro Modular con Contenedores FLBB1025952 - Storage Compat Bolivia","og_description":"Con sus m\u00faltiples combinaciones constituyen un peque\u00f1o almac\u00e9n m\u00f3vil. El aprovechamiento del espacio es \u00f3ptimo. Su estructura es de perfil de acero de alta resistencia. Los estantes est\u00e1n elaborados en chapa met\u00e1lica para cargas de 25kg (fijos) y 50kg (inclinables). Su estructura es desmontable para transporte y almacenamiento del carro consiguiendo m\u00faltiples configuraciones de estantes y cajas. Viene equipado con ruedas con recubrimiento de goma dura y sistema de giro con rodamientos. Estructura de acero galvanizado. Dispone de 2 ruedas fijas y 2 giratorias con freno de pie que bloquea a su vez el giro.","og_url":"https:\/\/storagecompat.com\/bo\/producto\/carro-modular-con-contenedores-flbb1025952\/","og_site_name":"Storage Compat Bolivia","article_modified_time":"2024-05-16T21:19:15+00:00","author":"admin","twitter_card":"summary_large_image","twitter_misc":{"Tiempo de lectura":"1 minuto"},"schema":{"@context":"https:\/\/schema.org","@graph":[{"@type":"WebSite","@id":"https:\/\/storagecompat.com\/bo\/#website","url":"https:\/\/storagecompat.com\/bo\/","name":"Storage Compat Bolivia","description":"Bienvenido!","potentialAction":[{"@type":"SearchAction","target":{"@type":"EntryPoint","urlTemplate":"https:\/\/storagecompat.com\/bo\/?s={search_term_string}"},"query-input":"required name=search_term_string"}],"inLanguage":"es-AR"},{"@type":"ImageObject","inLanguage":"es-AR","@id":"https:\/\/storagecompat.com\/bo\/producto\/carro-modular-con-contenedores-flbb1025952\/#primaryimage","url":"https:\/\/storagecompat.com\/bo\/wp-content\/uploads\/sites\/23\/2024\/05\/FLBB1025952-web.png","contentUrl":"https:\/\/storagecompat.com\/bo\/wp-content\/uploads\/sites\/23\/2024\/05\/FLBB1025952-web.png","width":1080,"height":1080},{"@type":"WebPage","@id":"https:\/\/storagecompat.com\/bo\/producto\/carro-modular-con-contenedores-flbb1025952\/#webpage","url":"https:\/\/storagecompat.com\/bo\/producto\/carro-modular-con-contenedores-flbb1025952\/","name":"Carro Modular con Contenedores FLBB1025952 - Storage Compat Bolivia","isPartOf":{"@id":"https:\/\/storagecompat.com\/bo\/#website"},"primaryImageOfPage":{"@id":"https:\/\/storagecompat.com\/bo\/producto\/carro-modular-con-contenedores-flbb1025952\/#primaryimage"},"datePublished":"2024-05-16T21:18:11+00:00","dateModified":"2024-05-16T21:19:15+00:00","breadcrumb":{"@id":"https:\/\/storagecompat.com\/bo\/producto\/carro-modular-con-contenedores-flbb1025952\/#breadcrumb"},"inLanguage":"es-AR","potentialAction":[{"@type":"ReadAction","target":["https:\/\/storagecompat.com\/bo\/producto\/carro-modular-con-contenedores-flbb1025952\/"]}]},{"@type":"BreadcrumbList","@id":"https:\/\/storagecompat.com\/bo\/producto\/carro-modular-con-contenedores-flbb1025952\/#breadcrumb","itemListElement":[{"@type":"ListItem","position":1,"name":"Portada","item":"https:\/\/storagecompat.com\/bo\/"},{"@type":"ListItem","position":2,"name":"Productos","item":"https:\/\/storagecompat.com\/bo\/productos\/"},{"@type":"ListItem","position":3,"name":"Carro Modular con Contenedores FLBB1025952"}]}]}},"_links":{"self":[{"href":"https:\/\/storagecompat.com\/bo\/wp-json\/wp\/v2\/product\/6614"}],"collection":[{"href":"https:\/\/storagecompat.com\/bo\/wp-json\/wp\/v2\/product"}],"about":[{"href":"https:\/\/storagecompat.com\/bo\/wp-json\/wp\/v2\/types\/product"}],"replies":[{"embeddable":true,"href":"https:\/\/storagecompat.com\/bo\/wp-json\/wp\/v2\/comments?post=6614"}],"wp:featuredmedia":[{"embeddable":true,"href":"https:\/\/storagecompat.com\/bo\/wp-json\/wp\/v2\/media\/6662"}],"wp:attachment":[{"href":"https:\/\/storagecompat.com\/bo\/wp-json\/wp\/v2\/media?parent=6614"}],"wp:term":[{"taxonomy":"product_cat","embeddable":true,"href":"https:\/\/storagecompat.com\/bo\/wp-json\/wp\/v2\/product_cat?post=6614"},{"taxonomy":"product_tag","embeddable":true,"href":"https:\/\/storagecompat.com\/bo\/wp-json\/wp\/v2\/product_tag?post=6614"}],"curies":[{"name":"wp","href":"https:\/\/api.w.org\/{rel}","templated":true}]}}