{"id":6598,"date":"2024-05-16T17:17:50","date_gmt":"2024-05-16T21:17:50","guid":{"rendered":"https:\/\/storagecompat.com\/bo\/?post_type=product&#038;p=6598"},"modified":"2024-05-16T17:18:50","modified_gmt":"2024-05-16T21:18:50","slug":"contenedores-de-gran-volumen-fpt104000","status":"publish","type":"product","link":"https:\/\/storagecompat.com\/bo\/producto\/contenedores-de-gran-volumen-fpt104000\/","title":{"rendered":"CONTENEDORES DE GRAN VOLUMEN FPT104000"},"content":{"rendered":"<table style=\"border-collapse: collapse;width: 100%;border-color: #000000;border-style: solid\" border=\"1\">\n<tbody>\n<tr style=\"background-color: #e6e6e6\">\n<td style=\"width: 48.0458%;text-align: center\"><strong>C\u00f3digo<\/strong><\/td>\n<td style=\"width: 48.0458%;text-align: center\"><strong>Dimensiones en mm<\/strong><\/td>\n<\/tr>\n<tr>\n<td style=\"width: 48.0458%;text-align: center\"><span style=\"color: #34495e\"><strong><span style=\"color: #34495e\">FPT104000<\/span><\/strong><\/span><\/td>\n<td style=\"width: 48.0458%;text-align: center\">1000 x 640 x 655 h<\/td>\n<\/tr>\n<\/tbody>\n<\/table>\n<p>&nbsp;<\/p>\n<table style=\"border-collapse: collapse;width: 100.034%;border-color: #000000;border-style: solid\" border=\"1\">\n<tbody>\n<tr style=\"background-color: #e6e6e6\">\n<td style=\"width: 49.9479%;text-align: center\"><span style=\"color: #000000\"><strong>Caracter\u00edsticas T\u00e9cnicas<\/strong><\/span><\/td>\n<td style=\"width: 49.9479%;text-align: center\"><span style=\"color: #000000\"><strong>Info. \/ Cant.<\/strong><\/span><\/td>\n<\/tr>\n<tr>\n<td style=\"width: 49.9479%;text-align: center\"><span style=\"color: #34495e\">Dim. externas mm<\/span><\/td>\n<td style=\"width: 49.9479%;text-align: center\">1000 x 640 x 655 h<\/td>\n<\/tr>\n<tr>\n<td style=\"width: 49.9479%;text-align: center\"><span style=\"color: #34495e\">Dim. internas mm<\/span><\/td>\n<td style=\"width: 49.9479%;text-align: center\">925 x 580 mm<\/td>\n<\/tr>\n<tr>\n<td style=\"width: 49.9479%;text-align: center\"><span style=\"color: #34495e\">Cap. Litros<\/span><\/td>\n<td style=\"width: 49.9479%;text-align: center\">280<\/td>\n<\/tr>\n<tr>\n<td style=\"width: 49.9479%;text-align: center\"><span style=\"color: #34495e\">Peso Kg.<\/span><\/td>\n<td style=\"width: 49.9479%;text-align: center\">14,3<\/td>\n<\/tr>\n<tr>\n<td style=\"width: 49.9479%;text-align: center\"><span style=\"color: #34495e\">Altura \u00fatil interna<\/span><\/td>\n<td style=\"width: 49.9479%;text-align: center\">515 mm<\/td>\n<\/tr>\n<tr>\n<td style=\"width: 49.9479%;text-align: center\"><span style=\"color: #34495e\">Altura \u00fatil apilada<\/span><\/td>\n<td style=\"width: 49.9479%;text-align: center\">505 mm<\/td>\n<\/tr>\n<tr>\n<td style=\"width: 49.9479%;text-align: center\"><span style=\"color: #34495e\">Altura con tapa<\/span><\/td>\n<td style=\"width: 49.9479%;text-align: center\">495 mm<\/td>\n<\/tr>\n<tr>\n<td style=\"width: 49.9479%;text-align: center\"><span style=\"color: #34495e\">Amplitud termica<\/span><\/td>\n<td style=\"width: 49.9479%;text-align: center\">+40 -20 \u00b0C<\/td>\n<\/tr>\n<tr>\n<td style=\"width: 49.9479%;text-align: center\"><span style=\"color: #34495e\">Materia prima<\/span><\/td>\n<td style=\"width: 49.9479%;text-align: center\"><span style=\"color: #34495e\">Polipropileno Copolimero<\/span><\/td>\n<\/tr>\n<\/tbody>\n<\/table>\n<pre><\/pre>\n","protected":false},"excerpt":{"rendered":"<p>CONTENEDORES moldeados y fabricados por inyecci\u00f3n en Polietileno de Alta Densidad (PEHD). Material completamente reciclable. F\u00e1cilmente lavable y inoxidable; insensible a Cambios de peso en contacto con el agua. Particularmente resistente a los rayos UV. e infrarrojos, a altas y bajas temperaturas, a \u00e1cidos y \u00e1lcalis. Estructurado de tal manera que Ser apilable, para facilitar las operaciones. almacenamiento y manipulaci\u00f3n.<\/p>\n","protected":false},"featured_media":6641,"comment_status":"open","ping_status":"closed","template":"","meta":{"_joinchat":[]},"product_cat":[140,119,109],"product_tag":[],"acf":[],"yoast_head":"<!-- This site is optimized with the Yoast SEO plugin v19.2 - https:\/\/yoast.com\/wordpress\/plugins\/seo\/ -->\n<title>CONTENEDORES DE GRAN VOLUMEN FPT104000 - Storage Compat Bolivia<\/title>\n<meta name=\"robots\" content=\"index, follow, max-snippet:-1, max-image-preview:large, max-video-preview:-1\" \/>\n<link rel=\"canonical\" href=\"https:\/\/storagecompat.com\/bo\/producto\/contenedores-de-gran-volumen-fpt104000\/\" \/>\n<meta property=\"og:locale\" content=\"es_ES\" \/>\n<meta property=\"og:type\" content=\"article\" \/>\n<meta property=\"og:title\" content=\"CONTENEDORES DE GRAN VOLUMEN FPT104000 - Storage Compat Bolivia\" \/>\n<meta property=\"og:description\" content=\"CONTENEDORES moldeados y fabricados por inyecci\u00f3n en Polietileno de Alta Densidad (PEHD). Material completamente reciclable. F\u00e1cilmente lavable y inoxidable; insensible a Cambios de peso en contacto con el agua. Particularmente resistente a los rayos UV. e infrarrojos, a altas y bajas temperaturas, a \u00e1cidos y \u00e1lcalis. Estructurado de tal manera que Ser apilable, para facilitar las operaciones. almacenamiento y manipulaci\u00f3n.\" \/>\n<meta property=\"og:url\" content=\"https:\/\/storagecompat.com\/bo\/producto\/contenedores-de-gran-volumen-fpt104000\/\" \/>\n<meta property=\"og:site_name\" content=\"Storage Compat Bolivia\" \/>\n<meta property=\"article:modified_time\" content=\"2024-05-16T21:18:50+00:00\" \/>\n<meta name=\"author\" content=\"admin\" \/>\n<meta name=\"twitter:card\" content=\"summary_large_image\" \/>\n<meta name=\"twitter:label1\" content=\"Tiempo de lectura\" \/>\n\t<meta name=\"twitter:data1\" content=\"1 minuto\" \/>\n<script type=\"application\/ld+json\" class=\"yoast-schema-graph\">{\"@context\":\"https:\/\/schema.org\",\"@graph\":[{\"@type\":\"WebSite\",\"@id\":\"https:\/\/storagecompat.com\/bo\/#website\",\"url\":\"https:\/\/storagecompat.com\/bo\/\",\"name\":\"Storage Compat Bolivia\",\"description\":\"Bienvenido!\",\"potentialAction\":[{\"@type\":\"SearchAction\",\"target\":{\"@type\":\"EntryPoint\",\"urlTemplate\":\"https:\/\/storagecompat.com\/bo\/?s={search_term_string}\"},\"query-input\":\"required name=search_term_string\"}],\"inLanguage\":\"es-AR\"},{\"@type\":\"ImageObject\",\"inLanguage\":\"es-AR\",\"@id\":\"https:\/\/storagecompat.com\/bo\/producto\/contenedores-de-gran-volumen-fpt104000\/#primaryimage\",\"url\":\"https:\/\/storagecompat.com\/bo\/wp-content\/uploads\/sites\/23\/2024\/05\/FPT104000-negro.jpg\",\"contentUrl\":\"https:\/\/storagecompat.com\/bo\/wp-content\/uploads\/sites\/23\/2024\/05\/FPT104000-negro.jpg\",\"width\":640,\"height\":800},{\"@type\":\"WebPage\",\"@id\":\"https:\/\/storagecompat.com\/bo\/producto\/contenedores-de-gran-volumen-fpt104000\/#webpage\",\"url\":\"https:\/\/storagecompat.com\/bo\/producto\/contenedores-de-gran-volumen-fpt104000\/\",\"name\":\"CONTENEDORES DE GRAN VOLUMEN FPT104000 - Storage Compat Bolivia\",\"isPartOf\":{\"@id\":\"https:\/\/storagecompat.com\/bo\/#website\"},\"primaryImageOfPage\":{\"@id\":\"https:\/\/storagecompat.com\/bo\/producto\/contenedores-de-gran-volumen-fpt104000\/#primaryimage\"},\"datePublished\":\"2024-05-16T21:17:50+00:00\",\"dateModified\":\"2024-05-16T21:18:50+00:00\",\"breadcrumb\":{\"@id\":\"https:\/\/storagecompat.com\/bo\/producto\/contenedores-de-gran-volumen-fpt104000\/#breadcrumb\"},\"inLanguage\":\"es-AR\",\"potentialAction\":[{\"@type\":\"ReadAction\",\"target\":[\"https:\/\/storagecompat.com\/bo\/producto\/contenedores-de-gran-volumen-fpt104000\/\"]}]},{\"@type\":\"BreadcrumbList\",\"@id\":\"https:\/\/storagecompat.com\/bo\/producto\/contenedores-de-gran-volumen-fpt104000\/#breadcrumb\",\"itemListElement\":[{\"@type\":\"ListItem\",\"position\":1,\"name\":\"Portada\",\"item\":\"https:\/\/storagecompat.com\/bo\/\"},{\"@type\":\"ListItem\",\"position\":2,\"name\":\"Productos\",\"item\":\"https:\/\/storagecompat.com\/bo\/productos\/\"},{\"@type\":\"ListItem\",\"position\":3,\"name\":\"CONTENEDORES DE GRAN VOLUMEN FPT104000\"}]}]}<\/script>\n<!-- \/ Yoast SEO plugin. -->","yoast_head_json":{"title":"CONTENEDORES DE GRAN VOLUMEN FPT104000 - Storage Compat Bolivia","robots":{"index":"index","follow":"follow","max-snippet":"max-snippet:-1","max-image-preview":"max-image-preview:large","max-video-preview":"max-video-preview:-1"},"canonical":"https:\/\/storagecompat.com\/bo\/producto\/contenedores-de-gran-volumen-fpt104000\/","og_locale":"es_ES","og_type":"article","og_title":"CONTENEDORES DE GRAN VOLUMEN FPT104000 - Storage Compat Bolivia","og_description":"CONTENEDORES moldeados y fabricados por inyecci\u00f3n en Polietileno de Alta Densidad (PEHD). Material completamente reciclable. F\u00e1cilmente lavable y inoxidable; insensible a Cambios de peso en contacto con el agua. Particularmente resistente a los rayos UV. e infrarrojos, a altas y bajas temperaturas, a \u00e1cidos y \u00e1lcalis. Estructurado de tal manera que Ser apilable, para facilitar las operaciones. almacenamiento y manipulaci\u00f3n.","og_url":"https:\/\/storagecompat.com\/bo\/producto\/contenedores-de-gran-volumen-fpt104000\/","og_site_name":"Storage Compat Bolivia","article_modified_time":"2024-05-16T21:18:50+00:00","author":"admin","twitter_card":"summary_large_image","twitter_misc":{"Tiempo de lectura":"1 minuto"},"schema":{"@context":"https:\/\/schema.org","@graph":[{"@type":"WebSite","@id":"https:\/\/storagecompat.com\/bo\/#website","url":"https:\/\/storagecompat.com\/bo\/","name":"Storage Compat Bolivia","description":"Bienvenido!","potentialAction":[{"@type":"SearchAction","target":{"@type":"EntryPoint","urlTemplate":"https:\/\/storagecompat.com\/bo\/?s={search_term_string}"},"query-input":"required name=search_term_string"}],"inLanguage":"es-AR"},{"@type":"ImageObject","inLanguage":"es-AR","@id":"https:\/\/storagecompat.com\/bo\/producto\/contenedores-de-gran-volumen-fpt104000\/#primaryimage","url":"https:\/\/storagecompat.com\/bo\/wp-content\/uploads\/sites\/23\/2024\/05\/FPT104000-negro.jpg","contentUrl":"https:\/\/storagecompat.com\/bo\/wp-content\/uploads\/sites\/23\/2024\/05\/FPT104000-negro.jpg","width":640,"height":800},{"@type":"WebPage","@id":"https:\/\/storagecompat.com\/bo\/producto\/contenedores-de-gran-volumen-fpt104000\/#webpage","url":"https:\/\/storagecompat.com\/bo\/producto\/contenedores-de-gran-volumen-fpt104000\/","name":"CONTENEDORES DE GRAN VOLUMEN FPT104000 - Storage Compat Bolivia","isPartOf":{"@id":"https:\/\/storagecompat.com\/bo\/#website"},"primaryImageOfPage":{"@id":"https:\/\/storagecompat.com\/bo\/producto\/contenedores-de-gran-volumen-fpt104000\/#primaryimage"},"datePublished":"2024-05-16T21:17:50+00:00","dateModified":"2024-05-16T21:18:50+00:00","breadcrumb":{"@id":"https:\/\/storagecompat.com\/bo\/producto\/contenedores-de-gran-volumen-fpt104000\/#breadcrumb"},"inLanguage":"es-AR","potentialAction":[{"@type":"ReadAction","target":["https:\/\/storagecompat.com\/bo\/producto\/contenedores-de-gran-volumen-fpt104000\/"]}]},{"@type":"BreadcrumbList","@id":"https:\/\/storagecompat.com\/bo\/producto\/contenedores-de-gran-volumen-fpt104000\/#breadcrumb","itemListElement":[{"@type":"ListItem","position":1,"name":"Portada","item":"https:\/\/storagecompat.com\/bo\/"},{"@type":"ListItem","position":2,"name":"Productos","item":"https:\/\/storagecompat.com\/bo\/productos\/"},{"@type":"ListItem","position":3,"name":"CONTENEDORES DE GRAN VOLUMEN FPT104000"}]}]}},"_links":{"self":[{"href":"https:\/\/storagecompat.com\/bo\/wp-json\/wp\/v2\/product\/6598"}],"collection":[{"href":"https:\/\/storagecompat.com\/bo\/wp-json\/wp\/v2\/product"}],"about":[{"href":"https:\/\/storagecompat.com\/bo\/wp-json\/wp\/v2\/types\/product"}],"replies":[{"embeddable":true,"href":"https:\/\/storagecompat.com\/bo\/wp-json\/wp\/v2\/comments?post=6598"}],"wp:featuredmedia":[{"embeddable":true,"href":"https:\/\/storagecompat.com\/bo\/wp-json\/wp\/v2\/media\/6641"}],"wp:attachment":[{"href":"https:\/\/storagecompat.com\/bo\/wp-json\/wp\/v2\/media?parent=6598"}],"wp:term":[{"taxonomy":"product_cat","embeddable":true,"href":"https:\/\/storagecompat.com\/bo\/wp-json\/wp\/v2\/product_cat?post=6598"},{"taxonomy":"product_tag","embeddable":true,"href":"https:\/\/storagecompat.com\/bo\/wp-json\/wp\/v2\/product_tag?post=6598"}],"curies":[{"name":"wp","href":"https:\/\/api.w.org\/{rel}","templated":true}]}}